{"id":9933,"date":"2022-06-21T12:28:45","date_gmt":"2022-06-21T10:28:45","guid":{"rendered":"https:\/\/gaelle-cueff-art.com\/?page_id=9933"},"modified":"2022-06-21T12:29:37","modified_gmt":"2022-06-21T10:29:37","slug":"les-vibrations-de-la-vigne","status":"publish","type":"page","link":"https:\/\/gaelle-cueff-art.com\/en\/photos-peintes\/les-vibrations-de-la-vigne\/","title":{"rendered":"Les Vibrations de la vigne"},"content":{"rendered":"<p>[et_pb_section fb_built=&#8221;1&#8243; _builder_version=&#8221;3.22&#8243;][et_pb_row column_structure=&#8221;1_3,2_3&#8243; _builder_version=&#8221;4.6.1&#8243; background_size=&#8221;initial&#8221; background_position=&#8221;top_left&#8221; background_repeat=&#8221;repeat&#8221; width=&#8221;100%&#8221; max_width=&#8221;2560px&#8221;][et_pb_column type=&#8221;1_3&#8243; _builder_version=&#8221;3.25&#8243; custom_padding=&#8221;|||&#8221; custom_padding__hover=&#8221;|||&#8221;][et_pb_text _builder_version=&#8221;4.6.1&#8243; custom_margin=&#8221;|||11px|false|false&#8221;]<\/p>\n<h1>Les Vibrations de la vigne<\/h1>\n<p><em>Les Vibrations de la vigne<\/em>\u00a0est une variante de la s\u00e9rie <em>Les Vibrations de la for\u00eat<\/em>\u00a0r\u00e9alis\u00e9e en 2022<em>. <\/em>Fruit d&#8217;une commande dans le cadre du festival litt\u00e9raire et artistique &#8220;Des lignes entre les vignes&#8221; (15-16 octobre 2022), elle est produite \u00e0 partir de photographies prises dans les vignobles corses de Sart\u00e8ne et Figari.<\/p>\n<p>Chaque oeuvre est scann\u00e9e en haute r\u00e9solution avant d&#8217;\u00eatre imprim\u00e9e sur papier fine art Hahnem\u00fchle en 7 exemplaires tous formats confondus.<\/p>\n<p><strong>Cliquer sur les vignettes pour les agrandir et obtenir des renseignements compl\u00e9mentaires sur chaque \u0153uvre.<\/strong><\/p>\n<p>Pour tout renseignement : <strong>gaelle.cueff@orange.fr<\/strong><\/p>\n<h1><\/h1>\n<p>[\/et_pb_text][\/et_pb_column][et_pb_column type=&#8221;2_3&#8243; _builder_version=&#8221;3.25&#8243; custom_padding=&#8221;|||&#8221; custom_padding__hover=&#8221;|||&#8221;][et_pb_shop type=&#8221;product_category&#8221; posts_number=&#8221;100&#8243; include_categories=&#8221;105&#8243; columns_number=&#8221;3&#8243; orderby=&#8221;date-desc&#8221; _builder_version=&#8221;4.6.1&#8243; title_font_size=&#8221;15px&#8221; price_text_color=&#8221;#7a7a7a&#8221; custom_margin=&#8221;|11px||11px|false|false&#8221; hover_enabled=&#8221;0&#8243; sticky_enabled=&#8221;0&#8243;]&nbsp;[\/et_pb_shop][\/et_pb_column][\/et_pb_row][\/et_pb_section]<\/p>\n","protected":false},"excerpt":{"rendered":"<p>Les Vibrations de la vigne Les Vibrations de la vigne\u00a0est une variante de la s\u00e9rie Les Vibrations de la for\u00eat\u00a0r\u00e9alis\u00e9e en 2022. Fruit d&#8217;une commande dans le cadre du festival litt\u00e9raire et artistique &#8220;Des lignes entre les vignes&#8221; (15-16 octobre 2022), elle est produite \u00e0 partir de photographies prises dans les vignobles corses de Sart\u00e8ne [&hellip;]<\/p>\n","protected":false},"author":208,"featured_media":0,"parent":7332,"menu_order":0,"comment_status":"closed","ping_status":"closed","template":"","meta":{"_et_pb_use_builder":"on","_et_pb_old_content":"","_et_gb_content_width":"","om_disable_all_campaigns":false,"_monsterinsights_skip_tracking":false,"_monsterinsights_sitenote_active":false,"_monsterinsights_sitenote_note":"","_monsterinsights_sitenote_category":0,"_uf_show_specific_survey":0,"_uf_disable_surveys":false,"jetpack_post_was_ever_published":false,"footnotes":""},"class_list":["post-9933","page","type-page","status-publish","hentry"],"aioseo_notices":[],"yoast_head":"<!-- This site is optimized with the Yoast SEO plugin v27.0 - https:\/\/yoast.com\/product\/yoast-seo-wordpress\/ -->\n<title>Les Vibrations de la vigne - Ga\u00eblle Cueff Art<\/title>\n<meta name=\"robots\" content=\"index, follow, max-snippet:-1, max-image-preview:large, max-video-preview:-1\" \/>\n<link rel=\"canonical\" href=\"https:\/\/gaelle-cueff-art.com\/photos-peintes\/les-vibrations-de-la-vigne\/\" \/>\n<meta property=\"og:locale\" content=\"en_US\" \/>\n<meta property=\"og:type\" content=\"article\" \/>\n<meta property=\"og:title\" content=\"Les Vibrations de la vigne - Ga\u00eblle Cueff Art\" \/>\n<meta property=\"og:description\" content=\"Les Vibrations de la vigne Les Vibrations de la vigne\u00a0est une variante de la s\u00e9rie Les Vibrations de la for\u00eat\u00a0r\u00e9alis\u00e9e en 2022. Fruit d&#039;une commande dans le cadre du festival litt\u00e9raire et artistique &quot;Des lignes entre les vignes&quot; (15-16 octobre 2022), elle est produite \u00e0 partir de photographies prises dans les vignobles corses de Sart\u00e8ne [&hellip;]\" \/>\n<meta property=\"og:url\" content=\"https:\/\/gaelle-cueff-art.com\/photos-peintes\/les-vibrations-de-la-vigne\/\" \/>\n<meta property=\"og:site_name\" content=\"Ga\u00eblle Cueff Art\" \/>\n<meta property=\"article:modified_time\" content=\"2022-06-21T10:29:37+00:00\" \/>\n<meta name=\"twitter:card\" content=\"summary_large_image\" \/>\n<meta name=\"twitter:label1\" content=\"Est. reading time\" \/>\n\t<meta name=\"twitter:data1\" content=\"1 minute\" \/>\n<script type=\"application\/ld+json\" class=\"yoast-schema-graph\">{\"@context\":\"https:\/\/schema.org\",\"@graph\":[{\"@type\":\"WebPage\",\"@id\":\"https:\/\/gaelle-cueff-art.com\/photos-peintes\/les-vibrations-de-la-vigne\/\",\"url\":\"https:\/\/gaelle-cueff-art.com\/photos-peintes\/les-vibrations-de-la-vigne\/\",\"name\":\"Les Vibrations de la vigne - Ga\u00eblle Cueff Art\",\"isPartOf\":{\"@id\":\"https:\/\/gaelle-cueff-art.com\/#website\"},\"datePublished\":\"2022-06-21T10:28:45+00:00\",\"dateModified\":\"2022-06-21T10:29:37+00:00\",\"breadcrumb\":{\"@id\":\"https:\/\/gaelle-cueff-art.com\/photos-peintes\/les-vibrations-de-la-vigne\/#breadcrumb\"},\"inLanguage\":\"en-US\",\"potentialAction\":[{\"@type\":\"ReadAction\",\"target\":[\"https:\/\/gaelle-cueff-art.com\/photos-peintes\/les-vibrations-de-la-vigne\/\"]}]},{\"@type\":\"BreadcrumbList\",\"@id\":\"https:\/\/gaelle-cueff-art.com\/photos-peintes\/les-vibrations-de-la-vigne\/#breadcrumb\",\"itemListElement\":[{\"@type\":\"ListItem\",\"position\":1,\"name\":\"Home\",\"item\":\"https:\/\/gaelle-cueff-art.com\/\"},{\"@type\":\"ListItem\",\"position\":2,\"name\":\"Photos peintes\",\"item\":\"https:\/\/gaelle-cueff-art.com\/photos-peintes\/\"},{\"@type\":\"ListItem\",\"position\":3,\"name\":\"Les Vibrations de la vigne\"}]},{\"@type\":\"WebSite\",\"@id\":\"https:\/\/gaelle-cueff-art.com\/#website\",\"url\":\"https:\/\/gaelle-cueff-art.com\/\",\"name\":\"Ga\u00eblle Cueff Art\",\"description\":\"\",\"potentialAction\":[{\"@type\":\"SearchAction\",\"target\":{\"@type\":\"EntryPoint\",\"urlTemplate\":\"https:\/\/gaelle-cueff-art.com\/?s={search_term_string}\"},\"query-input\":{\"@type\":\"PropertyValueSpecification\",\"valueRequired\":true,\"valueName\":\"search_term_string\"}}],\"inLanguage\":\"en-US\"}]}<\/script>\n<!-- \/ Yoast SEO plugin. -->","yoast_head_json":{"title":"Les Vibrations de la vigne - Ga\u00eblle Cueff Art","robots":{"index":"index","follow":"follow","max-snippet":"max-snippet:-1","max-image-preview":"max-image-preview:large","max-video-preview":"max-video-preview:-1"},"canonical":"https:\/\/gaelle-cueff-art.com\/photos-peintes\/les-vibrations-de-la-vigne\/","og_locale":"en_US","og_type":"article","og_title":"Les Vibrations de la vigne - Ga\u00eblle Cueff Art","og_description":"Les Vibrations de la vigne Les Vibrations de la vigne\u00a0est une variante de la s\u00e9rie Les Vibrations de la for\u00eat\u00a0r\u00e9alis\u00e9e en 2022. Fruit d'une commande dans le cadre du festival litt\u00e9raire et artistique \"Des lignes entre les vignes\" (15-16 octobre 2022), elle est produite \u00e0 partir de photographies prises dans les vignobles corses de Sart\u00e8ne [&hellip;]","og_url":"https:\/\/gaelle-cueff-art.com\/photos-peintes\/les-vibrations-de-la-vigne\/","og_site_name":"Ga\u00eblle Cueff Art","article_modified_time":"2022-06-21T10:29:37+00:00","twitter_card":"summary_large_image","twitter_misc":{"Est. reading time":"1 minute"},"schema":{"@context":"https:\/\/schema.org","@graph":[{"@type":"WebPage","@id":"https:\/\/gaelle-cueff-art.com\/photos-peintes\/les-vibrations-de-la-vigne\/","url":"https:\/\/gaelle-cueff-art.com\/photos-peintes\/les-vibrations-de-la-vigne\/","name":"Les Vibrations de la vigne - Ga\u00eblle Cueff Art","isPartOf":{"@id":"https:\/\/gaelle-cueff-art.com\/#website"},"datePublished":"2022-06-21T10:28:45+00:00","dateModified":"2022-06-21T10:29:37+00:00","breadcrumb":{"@id":"https:\/\/gaelle-cueff-art.com\/photos-peintes\/les-vibrations-de-la-vigne\/#breadcrumb"},"inLanguage":"en-US","potentialAction":[{"@type":"ReadAction","target":["https:\/\/gaelle-cueff-art.com\/photos-peintes\/les-vibrations-de-la-vigne\/"]}]},{"@type":"BreadcrumbList","@id":"https:\/\/gaelle-cueff-art.com\/photos-peintes\/les-vibrations-de-la-vigne\/#breadcrumb","itemListElement":[{"@type":"ListItem","position":1,"name":"Home","item":"https:\/\/gaelle-cueff-art.com\/"},{"@type":"ListItem","position":2,"name":"Photos peintes","item":"https:\/\/gaelle-cueff-art.com\/photos-peintes\/"},{"@type":"ListItem","position":3,"name":"Les Vibrations de la vigne"}]},{"@type":"WebSite","@id":"https:\/\/gaelle-cueff-art.com\/#website","url":"https:\/\/gaelle-cueff-art.com\/","name":"Ga\u00eblle Cueff Art","description":"","potentialAction":[{"@type":"SearchAction","target":{"@type":"EntryPoint","urlTemplate":"https:\/\/gaelle-cueff-art.com\/?s={search_term_string}"},"query-input":{"@type":"PropertyValueSpecification","valueRequired":true,"valueName":"search_term_string"}}],"inLanguage":"en-US"}]}},"jetpack_sharing_enabled":true,"jetpack_shortlink":"https:\/\/wp.me\/P9YwYR-2Ad","jetpack-related-posts":[{"id":10375,"url":"https:\/\/gaelle-cueff-art.com\/en\/collages-menu-2\/les-ephemerides\/","url_meta":{"origin":9933,"position":0},"title":"Les \u00c9ph\u00e9m\u00e9rides","author":"Ga\u00eblle Cueff","date":"07\/01\/2023","format":false,"excerpt":"","rel":"","context":"Similar post","block_context":{"text":"Similar post","link":""},"img":{"alt_text":"","src":"","width":0,"height":0},"classes":[]},{"id":7227,"url":"https:\/\/gaelle-cueff-art.com\/en\/les-vibrations-de-la-foret\/","url_meta":{"origin":9933,"position":1},"title":"Les Vibrations de la for\u00eat","author":"Ga\u00eblle Cueff","date":"25\/10\/2020","format":false,"excerpt":"","rel":"","context":"Similar post","block_context":{"text":"Similar post","link":""},"img":{"alt_text":"","src":"","width":0,"height":0},"classes":[]},{"id":7332,"url":"https:\/\/gaelle-cueff-art.com\/en\/photos-peintes\/","url_meta":{"origin":9933,"position":2},"title":"Photos peintes","author":"Ga\u00eblle Cueff","date":"25\/10\/2020","format":false,"excerpt":"","rel":"","context":"Similar post","block_context":{"text":"Similar post","link":""},"img":{"alt_text":"","src":"","width":0,"height":0},"classes":[]},{"id":7322,"url":"https:\/\/gaelle-cueff-art.com\/en\/encaustiques-menu\/","url_meta":{"origin":9933,"position":3},"title":"Encaustiques","author":"Ga\u00eblle Cueff","date":"25\/10\/2020","format":false,"excerpt":"","rel":"","context":"Similar post","block_context":{"text":"Similar post","link":""},"img":{"alt_text":"","src":"","width":0,"height":0},"classes":[]},{"id":5361,"url":"https:\/\/gaelle-cueff-art.com\/en\/collages\/","url_meta":{"origin":9933,"position":4},"title":"Collages","author":"lesmotspourleweb","date":"01\/04\/2019","format":false,"excerpt":"","rel":"","context":"Similar post","block_context":{"text":"Similar post","link":""},"img":{"alt_text":"","src":"","width":0,"height":0},"classes":[]},{"id":7378,"url":"https:\/\/gaelle-cueff-art.com\/en\/","url_meta":{"origin":9933,"position":5},"title":"page d&#8217;accueil","author":"Ga\u00eblle Cueff","date":"28\/10\/2020","format":false,"excerpt":"","rel":"","context":"Similar post","block_context":{"text":"Similar post","link":""},"img":{"alt_text":"","src":"","width":0,"height":0},"classes":[]}],"_links":{"self":[{"href":"https:\/\/gaelle-cueff-art.com\/en\/wp-json\/wp\/v2\/pages\/9933","targetHints":{"allow":["GET"]}}],"collection":[{"href":"https:\/\/gaelle-cueff-art.com\/en\/wp-json\/wp\/v2\/pages"}],"about":[{"href":"https:\/\/gaelle-cueff-art.com\/en\/wp-json\/wp\/v2\/types\/page"}],"author":[{"embeddable":true,"href":"https:\/\/gaelle-cueff-art.com\/en\/wp-json\/wp\/v2\/users\/208"}],"replies":[{"embeddable":true,"href":"https:\/\/gaelle-cueff-art.com\/en\/wp-json\/wp\/v2\/comments?post=9933"}],"version-history":[{"count":5,"href":"https:\/\/gaelle-cueff-art.com\/en\/wp-json\/wp\/v2\/pages\/9933\/revisions"}],"predecessor-version":[{"id":9954,"href":"https:\/\/gaelle-cueff-art.com\/en\/wp-json\/wp\/v2\/pages\/9933\/revisions\/9954"}],"up":[{"embeddable":true,"href":"https:\/\/gaelle-cueff-art.com\/en\/wp-json\/wp\/v2\/pages\/7332"}],"wp:attachment":[{"href":"https:\/\/gaelle-cueff-art.com\/en\/wp-json\/wp\/v2\/media?parent=9933"}],"curies":[{"name":"wp","href":"https:\/\/api.w.org\/{rel}","templated":true}]}}