{"id":9783,"date":"2022-03-10T18:50:38","date_gmt":"2022-03-10T16:50:38","guid":{"rendered":"https:\/\/gaelle-cueff-art.com\/?page_id=9783"},"modified":"2022-03-10T18:50:53","modified_gmt":"2022-03-10T16:50:53","slug":"tranches-de-ville","status":"publish","type":"page","link":"https:\/\/gaelle-cueff-art.com\/en\/encaustiques-menu\/tranches-de-ville\/","title":{"rendered":"Tranches de ville"},"content":{"rendered":"<p>[et_pb_section fb_built=&#8221;1&#8243; _builder_version=&#8221;4.6.1&#8243; _module_preset=&#8221;default&#8221;][\/et_pb_section][et_pb_section fb_built=&#8221;1&#8243; _builder_version=&#8221;3.22&#8243; locked=&#8221;off&#8221;][et_pb_row column_structure=&#8221;1_3,2_3&#8243; _builder_version=&#8221;4.6.1&#8243; background_size=&#8221;initial&#8221; background_position=&#8221;top_left&#8221; background_repeat=&#8221;repeat&#8221; width=&#8221;100%&#8221; max_width=&#8221;2560px&#8221;][et_pb_column type=&#8221;1_3&#8243; _builder_version=&#8221;3.25&#8243; custom_padding=&#8221;|||&#8221; custom_padding__hover=&#8221;|||&#8221;][et_pb_text _builder_version=&#8221;4.6.1&#8243; custom_margin=&#8221;|||11px|false|false&#8221;]<\/p>\n<h1>Tranches de ville<\/h1>\n<div>Les<em>Tranches de ville<\/em>\u00a0sont des ambiances urbaines r\u00e9alis\u00e9es \u00e0 l\u2019encaustique, \u00e0 partir d\u2019une photographie prise dans divers quartiers. Sur le velout\u00e9 soyeux et translucide de la cire travaill\u00e9e de mani\u00e8re \u00e0 offrir une surface lisse et polie viennent se s\u00e9dimenter photographie, encres, pastels et pigments\u2026 Ce travail sur la transparence et la profondeur m\u00eale peinture et photographie dans une tentative de restitution des diverses sensibilit\u00e9s citadines.<\/div>\n<div><\/div>\n<div><\/div>\n<p><span style=\"font-size: 14px;\">Les formats des oeuvres sont g\u00e9n\u00e9ralement de 20 x 20 cm, et elles sont pr\u00e9sent\u00e9es sous forme de bloc de medium ou de bois en \u00e9cho \u00e0 la g\u00e9om\u00e9trie de la cit\u00e9.<\/span><span style=\"font-size: 14px;\"><\/span><\/p>\n<p><strong>Cliquer sur les vignettes pour les agrandir et obtenir des renseignements compl\u00e9mentaires sur chaque \u0153uvre.<\/strong><\/p>\n<p>Pour tout renseignement : <strong>gaelle.cueff@orange.fr<\/strong><\/p>\n<h1><\/h1>\n<p>[\/et_pb_text][\/et_pb_column][et_pb_column type=&#8221;2_3&#8243; _builder_version=&#8221;3.25&#8243; custom_padding=&#8221;|||&#8221; custom_padding__hover=&#8221;|||&#8221;][et_pb_shop type=&#8221;product_category&#8221; posts_number=&#8221;100&#8243; include_categories=&#8221;104&#8243; columns_number=&#8221;3&#8243; orderby=&#8221;date-desc&#8221; _builder_version=&#8221;4.6.1&#8243; title_font_size=&#8221;15px&#8221; price_text_color=&#8221;#7a7a7a&#8221; custom_margin=&#8221;|11px||11px|false|false&#8221; hover_enabled=&#8221;0&#8243; sticky_enabled=&#8221;0&#8243;]&nbsp;[\/et_pb_shop][\/et_pb_column][\/et_pb_row][\/et_pb_section]<\/p>\n","protected":false},"excerpt":{"rendered":"<p>Tranches de ville LesTranches de ville\u00a0sont des ambiances urbaines r\u00e9alis\u00e9es \u00e0 l\u2019encaustique, \u00e0 partir d\u2019une photographie prise dans divers quartiers. Sur le velout\u00e9 soyeux et translucide de la cire travaill\u00e9e de mani\u00e8re \u00e0 offrir une surface lisse et polie viennent se s\u00e9dimenter photographie, encres, pastels et pigments\u2026 Ce travail sur la transparence et la profondeur [&hellip;]<\/p>\n","protected":false},"author":208,"featured_media":0,"parent":7322,"menu_order":0,"comment_status":"closed","ping_status":"closed","template":"","meta":{"_et_pb_use_builder":"on","_et_pb_old_content":"[et_pb_section fb_built=\"1\" _builder_version=\"4.6.1\" _module_preset=\"default\"][\/et_pb_section][et_pb_section fb_built=\"1\" _builder_version=\"3.22\" locked=\"off\"][et_pb_row column_structure=\"1_3,2_3\" _builder_version=\"4.6.1\" background_size=\"initial\" background_position=\"top_left\" background_repeat=\"repeat\" width=\"100%\" max_width=\"2560px\"][et_pb_column type=\"1_3\" _builder_version=\"3.25\" custom_padding=\"|||\" custom_padding__hover=\"|||\"][et_pb_text _builder_version=\"4.6.1\" custom_margin=\"|||11px|false|false\"]\n<h1>Empreintes<\/h1>\n<div>Les&nbsp;<em>Empreintes<\/em> sont de petits portraits d'arbres r\u00e9alis\u00e9s \u00e0 l\u2019encaustique, \u00e0 partir d\u2019une photographie prise dans divers lieux arbor\u00e9s. Sur le velout\u00e9 soyeux et translucide de la cire travaill\u00e9e de mani\u00e8re \u00e0 offrir une surface lisse et polie viennent se s\u00e9dimenter photographie, encres et pigments, feuille d\u2019or et pastels\u2026 Ce travail sur la transparence et la profondeur m\u00eale peinture et photographie dans une tentative de restitution du potentiel po\u00e9tique de la for\u00eat.<\/div>\n<div><\/div>\n<div><\/div>\n<span style=\"font-size: 14px;\">Les formats vont de 10 x 10 cm \u00e0 50x 50 cm, pr\u00e9sent\u00e9es sous caisse am\u00e9ricaine ou sous forme de bloc de medium pour les plus petites.<\/span><span style=\"font-size: 14px;\"><\/span>\n\n<strong>Cliquer sur les vignettes pour les agrandir et obtenir des renseignements compl\u00e9mentaires sur chaque \u0153uvre.<\/strong>\n\nPour tout renseignement : <strong>gaelle.cueff@orange.fr<\/strong>\n<h1><\/h1>\n[\/et_pb_text][\/et_pb_column][et_pb_column type=\"2_3\" _builder_version=\"3.25\" custom_padding=\"|||\" custom_padding__hover=\"|||\"][et_pb_shop type=\"product_category\" posts_number=\"100\" include_categories=\"78\" columns_number=\"3\" orderby=\"date-desc\" _builder_version=\"4.6.1\" title_font_size=\"15px\" price_text_color=\"#7a7a7a\" custom_margin=\"|11px||11px|false|false\"]&nbsp;\n[\/et_pb_shop][\/et_pb_column][\/et_pb_row][\/et_pb_section]","_et_gb_content_width":"","om_disable_all_campaigns":false,"_monsterinsights_skip_tracking":false,"_monsterinsights_sitenote_active":false,"_monsterinsights_sitenote_note":"","_monsterinsights_sitenote_category":0,"_uf_show_specific_survey":0,"_uf_disable_surveys":false,"jetpack_post_was_ever_published":false,"footnotes":""},"class_list":["post-9783","page","type-page","status-publish","hentry"],"aioseo_notices":[],"yoast_head":"<!-- This site is optimized with the Yoast SEO plugin v27.0 - https:\/\/yoast.com\/product\/yoast-seo-wordpress\/ -->\n<title>Tranches de ville - Ga\u00eblle Cueff Art<\/title>\n<meta name=\"robots\" content=\"index, follow, max-snippet:-1, max-image-preview:large, max-video-preview:-1\" \/>\n<link rel=\"canonical\" href=\"https:\/\/gaelle-cueff-art.com\/encaustiques-menu\/tranches-de-ville\/\" \/>\n<meta property=\"og:locale\" content=\"en_US\" \/>\n<meta property=\"og:type\" content=\"article\" \/>\n<meta property=\"og:title\" content=\"Tranches de ville - Ga\u00eblle Cueff Art\" \/>\n<meta property=\"og:description\" content=\"Tranches de ville LesTranches de ville\u00a0sont des ambiances urbaines r\u00e9alis\u00e9es \u00e0 l\u2019encaustique, \u00e0 partir d\u2019une photographie prise dans divers quartiers. Sur le velout\u00e9 soyeux et translucide de la cire travaill\u00e9e de mani\u00e8re \u00e0 offrir une surface lisse et polie viennent se s\u00e9dimenter photographie, encres, pastels et pigments\u2026 Ce travail sur la transparence et la profondeur [&hellip;]\" \/>\n<meta property=\"og:url\" content=\"https:\/\/gaelle-cueff-art.com\/encaustiques-menu\/tranches-de-ville\/\" \/>\n<meta property=\"og:site_name\" content=\"Ga\u00eblle Cueff Art\" \/>\n<meta property=\"article:modified_time\" content=\"2022-03-10T16:50:53+00:00\" \/>\n<meta name=\"twitter:card\" content=\"summary_large_image\" \/>\n<meta name=\"twitter:label1\" content=\"Est. reading time\" \/>\n\t<meta name=\"twitter:data1\" content=\"1 minute\" \/>\n<script type=\"application\/ld+json\" class=\"yoast-schema-graph\">{\"@context\":\"https:\/\/schema.org\",\"@graph\":[{\"@type\":\"WebPage\",\"@id\":\"https:\/\/gaelle-cueff-art.com\/encaustiques-menu\/tranches-de-ville\/\",\"url\":\"https:\/\/gaelle-cueff-art.com\/encaustiques-menu\/tranches-de-ville\/\",\"name\":\"Tranches de ville - Ga\u00eblle Cueff Art\",\"isPartOf\":{\"@id\":\"https:\/\/gaelle-cueff-art.com\/#website\"},\"datePublished\":\"2022-03-10T16:50:38+00:00\",\"dateModified\":\"2022-03-10T16:50:53+00:00\",\"breadcrumb\":{\"@id\":\"https:\/\/gaelle-cueff-art.com\/encaustiques-menu\/tranches-de-ville\/#breadcrumb\"},\"inLanguage\":\"en-US\",\"potentialAction\":[{\"@type\":\"ReadAction\",\"target\":[\"https:\/\/gaelle-cueff-art.com\/encaustiques-menu\/tranches-de-ville\/\"]}]},{\"@type\":\"BreadcrumbList\",\"@id\":\"https:\/\/gaelle-cueff-art.com\/encaustiques-menu\/tranches-de-ville\/#breadcrumb\",\"itemListElement\":[{\"@type\":\"ListItem\",\"position\":1,\"name\":\"Home\",\"item\":\"https:\/\/gaelle-cueff-art.com\/\"},{\"@type\":\"ListItem\",\"position\":2,\"name\":\"Encaustiques\",\"item\":\"https:\/\/gaelle-cueff-art.com\/encaustiques-menu\/\"},{\"@type\":\"ListItem\",\"position\":3,\"name\":\"Tranches de ville\"}]},{\"@type\":\"WebSite\",\"@id\":\"https:\/\/gaelle-cueff-art.com\/#website\",\"url\":\"https:\/\/gaelle-cueff-art.com\/\",\"name\":\"Ga\u00eblle Cueff Art\",\"description\":\"\",\"potentialAction\":[{\"@type\":\"SearchAction\",\"target\":{\"@type\":\"EntryPoint\",\"urlTemplate\":\"https:\/\/gaelle-cueff-art.com\/?s={search_term_string}\"},\"query-input\":{\"@type\":\"PropertyValueSpecification\",\"valueRequired\":true,\"valueName\":\"search_term_string\"}}],\"inLanguage\":\"en-US\"}]}<\/script>\n<!-- \/ Yoast SEO plugin. -->","yoast_head_json":{"title":"Tranches de ville - Ga\u00eblle Cueff Art","robots":{"index":"index","follow":"follow","max-snippet":"max-snippet:-1","max-image-preview":"max-image-preview:large","max-video-preview":"max-video-preview:-1"},"canonical":"https:\/\/gaelle-cueff-art.com\/encaustiques-menu\/tranches-de-ville\/","og_locale":"en_US","og_type":"article","og_title":"Tranches de ville - Ga\u00eblle Cueff Art","og_description":"Tranches de ville LesTranches de ville\u00a0sont des ambiances urbaines r\u00e9alis\u00e9es \u00e0 l\u2019encaustique, \u00e0 partir d\u2019une photographie prise dans divers quartiers. Sur le velout\u00e9 soyeux et translucide de la cire travaill\u00e9e de mani\u00e8re \u00e0 offrir une surface lisse et polie viennent se s\u00e9dimenter photographie, encres, pastels et pigments\u2026 Ce travail sur la transparence et la profondeur [&hellip;]","og_url":"https:\/\/gaelle-cueff-art.com\/encaustiques-menu\/tranches-de-ville\/","og_site_name":"Ga\u00eblle Cueff Art","article_modified_time":"2022-03-10T16:50:53+00:00","twitter_card":"summary_large_image","twitter_misc":{"Est. reading time":"1 minute"},"schema":{"@context":"https:\/\/schema.org","@graph":[{"@type":"WebPage","@id":"https:\/\/gaelle-cueff-art.com\/encaustiques-menu\/tranches-de-ville\/","url":"https:\/\/gaelle-cueff-art.com\/encaustiques-menu\/tranches-de-ville\/","name":"Tranches de ville - Ga\u00eblle Cueff Art","isPartOf":{"@id":"https:\/\/gaelle-cueff-art.com\/#website"},"datePublished":"2022-03-10T16:50:38+00:00","dateModified":"2022-03-10T16:50:53+00:00","breadcrumb":{"@id":"https:\/\/gaelle-cueff-art.com\/encaustiques-menu\/tranches-de-ville\/#breadcrumb"},"inLanguage":"en-US","potentialAction":[{"@type":"ReadAction","target":["https:\/\/gaelle-cueff-art.com\/encaustiques-menu\/tranches-de-ville\/"]}]},{"@type":"BreadcrumbList","@id":"https:\/\/gaelle-cueff-art.com\/encaustiques-menu\/tranches-de-ville\/#breadcrumb","itemListElement":[{"@type":"ListItem","position":1,"name":"Home","item":"https:\/\/gaelle-cueff-art.com\/"},{"@type":"ListItem","position":2,"name":"Encaustiques","item":"https:\/\/gaelle-cueff-art.com\/encaustiques-menu\/"},{"@type":"ListItem","position":3,"name":"Tranches de ville"}]},{"@type":"WebSite","@id":"https:\/\/gaelle-cueff-art.com\/#website","url":"https:\/\/gaelle-cueff-art.com\/","name":"Ga\u00eblle Cueff Art","description":"","potentialAction":[{"@type":"SearchAction","target":{"@type":"EntryPoint","urlTemplate":"https:\/\/gaelle-cueff-art.com\/?s={search_term_string}"},"query-input":{"@type":"PropertyValueSpecification","valueRequired":true,"valueName":"search_term_string"}}],"inLanguage":"en-US"}]}},"jetpack_sharing_enabled":true,"jetpack_shortlink":"https:\/\/wp.me\/P9YwYR-2xN","jetpack-related-posts":[{"id":5361,"url":"https:\/\/gaelle-cueff-art.com\/en\/collages\/","url_meta":{"origin":9783,"position":0},"title":"Collages","author":"lesmotspourleweb","date":"01\/04\/2019","format":false,"excerpt":"","rel":"","context":"Similar post","block_context":{"text":"Similar post","link":""},"img":{"alt_text":"","src":"","width":0,"height":0},"classes":[]},{"id":5363,"url":"https:\/\/gaelle-cueff-art.com\/en\/collages-osculptes-genius-loci-hippocampes\/","url_meta":{"origin":9783,"position":1},"title":"COLLAGES &#8211; OSCULPT\u00c9S &#8211; GENIUS LOCI &amp; HIPPOCAMPES","author":"Ga\u00eblle Cueff","date":"01\/04\/2019","format":false,"excerpt":"","rel":"","context":"Similar post","block_context":{"text":"Similar post","link":""},"img":{"alt_text":"","src":"","width":0,"height":0},"classes":[]}],"_links":{"self":[{"href":"https:\/\/gaelle-cueff-art.com\/en\/wp-json\/wp\/v2\/pages\/9783","targetHints":{"allow":["GET"]}}],"collection":[{"href":"https:\/\/gaelle-cueff-art.com\/en\/wp-json\/wp\/v2\/pages"}],"about":[{"href":"https:\/\/gaelle-cueff-art.com\/en\/wp-json\/wp\/v2\/types\/page"}],"author":[{"embeddable":true,"href":"https:\/\/gaelle-cueff-art.com\/en\/wp-json\/wp\/v2\/users\/208"}],"replies":[{"embeddable":true,"href":"https:\/\/gaelle-cueff-art.com\/en\/wp-json\/wp\/v2\/comments?post=9783"}],"version-history":[{"count":6,"href":"https:\/\/gaelle-cueff-art.com\/en\/wp-json\/wp\/v2\/pages\/9783\/revisions"}],"predecessor-version":[{"id":9793,"href":"https:\/\/gaelle-cueff-art.com\/en\/wp-json\/wp\/v2\/pages\/9783\/revisions\/9793"}],"up":[{"embeddable":true,"href":"https:\/\/gaelle-cueff-art.com\/en\/wp-json\/wp\/v2\/pages\/7322"}],"wp:attachment":[{"href":"https:\/\/gaelle-cueff-art.com\/en\/wp-json\/wp\/v2\/media?parent=9783"}],"curies":[{"name":"wp","href":"https:\/\/api.w.org\/{rel}","templated":true}]}}