{"id":9221,"date":"2021-08-26T18:21:53","date_gmt":"2021-08-26T16:21:53","guid":{"rendered":"https:\/\/gaelle-cueff-art.com\/?page_id=9221"},"modified":"2023-10-31T18:41:40","modified_gmt":"2023-10-31T16:41:40","slug":"empreintes","status":"publish","type":"page","link":"https:\/\/gaelle-cueff-art.com\/en\/encaustiques-menu\/empreintes\/","title":{"rendered":"Empreintes"},"content":{"rendered":"<p>[et_pb_section fb_built=&#8221;1&#8243; _builder_version=&#8221;4.16&#8243; locked=&#8221;off&#8221; global_colors_info=&#8221;{}&#8221;][et_pb_row column_structure=&#8221;1_3,2_3&#8243; _builder_version=&#8221;4.16&#8243; background_size=&#8221;initial&#8221; background_position=&#8221;top_left&#8221; background_repeat=&#8221;repeat&#8221; width=&#8221;100%&#8221; max_width=&#8221;2560px&#8221; global_colors_info=&#8221;{}&#8221;][et_pb_column type=&#8221;1_3&#8243; _builder_version=&#8221;4.16&#8243; custom_padding=&#8221;|||&#8221; global_colors_info=&#8221;{}&#8221; custom_padding__hover=&#8221;|||&#8221;][et_pb_text _builder_version=&#8221;4.19.1&#8243; custom_margin=&#8221;|||11px|false|false&#8221; global_colors_info=&#8221;{}&#8221;]<\/p>\n<h1>Empreintes &amp; autres encaustiques<\/h1>\n<div>L&#8217;encaustique est un m\u00e9lange de cire d&#8217;abeille et de gomme dammar, transparente lorsqu&#8217;elle est \u00e0 son point de fusion (aux alentours de 75\u00b0C) et d&#8217;aspect laiteux en refroidissant. Fondue et appliqu\u00e9e au pinceau sur un fond uni ou une photographie, l&#8217;encaustique refroidie est \u00f4t\u00e9e en copeaux \u00e0 la mirette jusqu&#8217;\u00e0 ce qu&#8217;une couche extr\u00eamement fine permette de retrouver une transparence l\u00e9g\u00e8rement floue. Des couches successives entre lesquelles alternent transfert de photographie, encres, pigments, feuille d\u2019or, pastels, gomme laque composent l&#8217;oeuvre finale, dont la surface satin\u00e9e et facett\u00e9e porte la trace de la mirette pour former une sorte de &#8220;mati\u00e8re sculpt\u00e9e sans volume&#8221;.<br \/>\u00c0 la crois\u00e9e de la photographie (qui est la base premi\u00e8re de l&#8217;oeuvre), de la peinture (les couleurs et la composition de la photographie sont retravaill\u00e9es par diverses interventions plastiques et pigmentaires) et de la sculpture (chaque oeuvre n\u00e9cessite des milliers de pr\u00e9cautionneux coups de mirette pour retirer l&#8217;encaustique sans \u00f4ter les pigments qu&#8217;elle recouvre), ces encaustiques sont rassembl\u00e9es sous le nom g\u00e9n\u00e9rique d'&#8221;Empreintes&#8221;. La nature et les paysages, parfois urbains, y sont omnipr\u00e9sents, comme en \u00e9cho \u00e0 ce lent travail quasi m\u00e9ditatif d&#8217;ajout et de retrait de mati\u00e8re et de pigments.<\/div>\n<div><\/div>\n<p><span style=\"font-size: 14px;\">Les formats vont de 10 x 10 cm \u00e0 60 x 60 cm, pr\u00e9sent\u00e9es sous caisse am\u00e9ricaine ou sous forme de bloc de medium pour les plus petites.\u00a0<\/span><span style=\"font-size: 14px;\"><\/span><\/p>\n<p><strong>Cliquer sur les vignettes pour les agrandir et obtenir des renseignements compl\u00e9mentaires sur chaque \u0153uvre.<\/strong><\/p>\n<p>Pour tout renseignement : <strong>gaelle.cueff@orange.fr<\/strong><\/p>\n<h1><\/h1>\n<p>[\/et_pb_text][\/et_pb_column][et_pb_column type=&#8221;2_3&#8243; _builder_version=&#8221;4.16&#8243; custom_padding=&#8221;|||&#8221; global_colors_info=&#8221;{}&#8221; custom_padding__hover=&#8221;|||&#8221;][et_pb_shop type=&#8221;product_category&#8221; posts_number=&#8221;150&#8243; include_categories=&#8221;78&#8243; columns_number=&#8221;3&#8243; orderby=&#8221;date-desc&#8221; _builder_version=&#8221;4.21.0&#8243; title_font_size=&#8221;15px&#8221; price_text_color=&#8221;#7a7a7a&#8221; custom_margin=&#8221;|11px||11px|false|false&#8221; hover_enabled=&#8221;0&#8243; global_colors_info=&#8221;{}&#8221; sticky_enabled=&#8221;0&#8243;]&nbsp;<br \/>\n[\/et_pb_shop][\/et_pb_column][\/et_pb_row][\/et_pb_section]<\/p>\n","protected":false},"excerpt":{"rendered":"<p>Empreintes &amp; autres encaustiques L&#8217;encaustique est un m\u00e9lange de cire d&#8217;abeille et de gomme dammar, transparente lorsqu&#8217;elle est \u00e0 son point de fusion (aux alentours de 75\u00b0C) et d&#8217;aspect laiteux en refroidissant. Fondue et appliqu\u00e9e au pinceau sur un fond uni ou une photographie, l&#8217;encaustique refroidie est \u00f4t\u00e9e en copeaux \u00e0 la mirette jusqu&#8217;\u00e0 ce [&hellip;]<\/p>\n","protected":false},"author":208,"featured_media":0,"parent":7322,"menu_order":0,"comment_status":"closed","ping_status":"closed","template":"","meta":{"_et_pb_use_builder":"on","_et_pb_old_content":"","_et_gb_content_width":"","om_disable_all_campaigns":false,"_monsterinsights_skip_tracking":false,"_monsterinsights_sitenote_active":false,"_monsterinsights_sitenote_note":"","_monsterinsights_sitenote_category":0,"_uf_show_specific_survey":0,"_uf_disable_surveys":false,"jetpack_post_was_ever_published":false,"footnotes":""},"class_list":["post-9221","page","type-page","status-publish","hentry"],"aioseo_notices":[],"yoast_head":"<!-- This site is optimized with the Yoast SEO plugin v27.0 - https:\/\/yoast.com\/product\/yoast-seo-wordpress\/ -->\n<title>Empreintes - Ga\u00eblle Cueff Art<\/title>\n<meta name=\"robots\" content=\"index, follow, max-snippet:-1, max-image-preview:large, max-video-preview:-1\" \/>\n<link rel=\"canonical\" href=\"https:\/\/gaelle-cueff-art.com\/encaustiques-menu\/empreintes\/\" \/>\n<meta property=\"og:locale\" content=\"en_US\" \/>\n<meta property=\"og:type\" content=\"article\" \/>\n<meta property=\"og:title\" content=\"Empreintes - Ga\u00eblle Cueff Art\" \/>\n<meta property=\"og:description\" content=\"Empreintes &amp; autres encaustiques L&#039;encaustique est un m\u00e9lange de cire d&#039;abeille et de gomme dammar, transparente lorsqu&#039;elle est \u00e0 son point de fusion (aux alentours de 75\u00b0C) et d&#039;aspect laiteux en refroidissant. Fondue et appliqu\u00e9e au pinceau sur un fond uni ou une photographie, l&#039;encaustique refroidie est \u00f4t\u00e9e en copeaux \u00e0 la mirette jusqu&#039;\u00e0 ce [&hellip;]\" \/>\n<meta property=\"og:url\" content=\"https:\/\/gaelle-cueff-art.com\/encaustiques-menu\/empreintes\/\" \/>\n<meta property=\"og:site_name\" content=\"Ga\u00eblle Cueff Art\" \/>\n<meta property=\"article:modified_time\" content=\"2023-10-31T16:41:40+00:00\" \/>\n<meta name=\"twitter:card\" content=\"summary_large_image\" \/>\n<meta name=\"twitter:label1\" content=\"Est. reading time\" \/>\n\t<meta name=\"twitter:data1\" content=\"1 minute\" \/>\n<script type=\"application\/ld+json\" class=\"yoast-schema-graph\">{\"@context\":\"https:\/\/schema.org\",\"@graph\":[{\"@type\":\"WebPage\",\"@id\":\"https:\/\/gaelle-cueff-art.com\/encaustiques-menu\/empreintes\/\",\"url\":\"https:\/\/gaelle-cueff-art.com\/encaustiques-menu\/empreintes\/\",\"name\":\"Empreintes - Ga\u00eblle Cueff Art\",\"isPartOf\":{\"@id\":\"https:\/\/gaelle-cueff-art.com\/#website\"},\"datePublished\":\"2021-08-26T16:21:53+00:00\",\"dateModified\":\"2023-10-31T16:41:40+00:00\",\"breadcrumb\":{\"@id\":\"https:\/\/gaelle-cueff-art.com\/encaustiques-menu\/empreintes\/#breadcrumb\"},\"inLanguage\":\"en-US\",\"potentialAction\":[{\"@type\":\"ReadAction\",\"target\":[\"https:\/\/gaelle-cueff-art.com\/encaustiques-menu\/empreintes\/\"]}]},{\"@type\":\"BreadcrumbList\",\"@id\":\"https:\/\/gaelle-cueff-art.com\/encaustiques-menu\/empreintes\/#breadcrumb\",\"itemListElement\":[{\"@type\":\"ListItem\",\"position\":1,\"name\":\"Home\",\"item\":\"https:\/\/gaelle-cueff-art.com\/\"},{\"@type\":\"ListItem\",\"position\":2,\"name\":\"Encaustiques\",\"item\":\"https:\/\/gaelle-cueff-art.com\/encaustiques-menu\/\"},{\"@type\":\"ListItem\",\"position\":3,\"name\":\"Empreintes\"}]},{\"@type\":\"WebSite\",\"@id\":\"https:\/\/gaelle-cueff-art.com\/#website\",\"url\":\"https:\/\/gaelle-cueff-art.com\/\",\"name\":\"Ga\u00eblle Cueff Art\",\"description\":\"\",\"potentialAction\":[{\"@type\":\"SearchAction\",\"target\":{\"@type\":\"EntryPoint\",\"urlTemplate\":\"https:\/\/gaelle-cueff-art.com\/?s={search_term_string}\"},\"query-input\":{\"@type\":\"PropertyValueSpecification\",\"valueRequired\":true,\"valueName\":\"search_term_string\"}}],\"inLanguage\":\"en-US\"}]}<\/script>\n<!-- \/ Yoast SEO plugin. -->","yoast_head_json":{"title":"Empreintes - Ga\u00eblle Cueff Art","robots":{"index":"index","follow":"follow","max-snippet":"max-snippet:-1","max-image-preview":"max-image-preview:large","max-video-preview":"max-video-preview:-1"},"canonical":"https:\/\/gaelle-cueff-art.com\/encaustiques-menu\/empreintes\/","og_locale":"en_US","og_type":"article","og_title":"Empreintes - Ga\u00eblle Cueff Art","og_description":"Empreintes &amp; autres encaustiques L'encaustique est un m\u00e9lange de cire d'abeille et de gomme dammar, transparente lorsqu'elle est \u00e0 son point de fusion (aux alentours de 75\u00b0C) et d'aspect laiteux en refroidissant. Fondue et appliqu\u00e9e au pinceau sur un fond uni ou une photographie, l'encaustique refroidie est \u00f4t\u00e9e en copeaux \u00e0 la mirette jusqu'\u00e0 ce [&hellip;]","og_url":"https:\/\/gaelle-cueff-art.com\/encaustiques-menu\/empreintes\/","og_site_name":"Ga\u00eblle Cueff Art","article_modified_time":"2023-10-31T16:41:40+00:00","twitter_card":"summary_large_image","twitter_misc":{"Est. reading time":"1 minute"},"schema":{"@context":"https:\/\/schema.org","@graph":[{"@type":"WebPage","@id":"https:\/\/gaelle-cueff-art.com\/encaustiques-menu\/empreintes\/","url":"https:\/\/gaelle-cueff-art.com\/encaustiques-menu\/empreintes\/","name":"Empreintes - Ga\u00eblle Cueff Art","isPartOf":{"@id":"https:\/\/gaelle-cueff-art.com\/#website"},"datePublished":"2021-08-26T16:21:53+00:00","dateModified":"2023-10-31T16:41:40+00:00","breadcrumb":{"@id":"https:\/\/gaelle-cueff-art.com\/encaustiques-menu\/empreintes\/#breadcrumb"},"inLanguage":"en-US","potentialAction":[{"@type":"ReadAction","target":["https:\/\/gaelle-cueff-art.com\/encaustiques-menu\/empreintes\/"]}]},{"@type":"BreadcrumbList","@id":"https:\/\/gaelle-cueff-art.com\/encaustiques-menu\/empreintes\/#breadcrumb","itemListElement":[{"@type":"ListItem","position":1,"name":"Home","item":"https:\/\/gaelle-cueff-art.com\/"},{"@type":"ListItem","position":2,"name":"Encaustiques","item":"https:\/\/gaelle-cueff-art.com\/encaustiques-menu\/"},{"@type":"ListItem","position":3,"name":"Empreintes"}]},{"@type":"WebSite","@id":"https:\/\/gaelle-cueff-art.com\/#website","url":"https:\/\/gaelle-cueff-art.com\/","name":"Ga\u00eblle Cueff Art","description":"","potentialAction":[{"@type":"SearchAction","target":{"@type":"EntryPoint","urlTemplate":"https:\/\/gaelle-cueff-art.com\/?s={search_term_string}"},"query-input":{"@type":"PropertyValueSpecification","valueRequired":true,"valueName":"search_term_string"}}],"inLanguage":"en-US"}]}},"jetpack_sharing_enabled":true,"jetpack_shortlink":"https:\/\/wp.me\/P9YwYR-2oJ","jetpack-related-posts":[{"id":5361,"url":"https:\/\/gaelle-cueff-art.com\/en\/collages\/","url_meta":{"origin":9221,"position":0},"title":"Collages","author":"lesmotspourleweb","date":"01\/04\/2019","format":false,"excerpt":"","rel":"","context":"Similar post","block_context":{"text":"Similar post","link":""},"img":{"alt_text":"","src":"","width":0,"height":0},"classes":[]}],"_links":{"self":[{"href":"https:\/\/gaelle-cueff-art.com\/en\/wp-json\/wp\/v2\/pages\/9221","targetHints":{"allow":["GET"]}}],"collection":[{"href":"https:\/\/gaelle-cueff-art.com\/en\/wp-json\/wp\/v2\/pages"}],"about":[{"href":"https:\/\/gaelle-cueff-art.com\/en\/wp-json\/wp\/v2\/types\/page"}],"author":[{"embeddable":true,"href":"https:\/\/gaelle-cueff-art.com\/en\/wp-json\/wp\/v2\/users\/208"}],"replies":[{"embeddable":true,"href":"https:\/\/gaelle-cueff-art.com\/en\/wp-json\/wp\/v2\/comments?post=9221"}],"version-history":[{"count":17,"href":"https:\/\/gaelle-cueff-art.com\/en\/wp-json\/wp\/v2\/pages\/9221\/revisions"}],"predecessor-version":[{"id":11307,"href":"https:\/\/gaelle-cueff-art.com\/en\/wp-json\/wp\/v2\/pages\/9221\/revisions\/11307"}],"up":[{"embeddable":true,"href":"https:\/\/gaelle-cueff-art.com\/en\/wp-json\/wp\/v2\/pages\/7322"}],"wp:attachment":[{"href":"https:\/\/gaelle-cueff-art.com\/en\/wp-json\/wp\/v2\/media?parent=9221"}],"curies":[{"name":"wp","href":"https:\/\/api.w.org\/{rel}","templated":true}]}}