{"id":9079,"date":"2021-07-24T08:59:19","date_gmt":"2021-07-24T08:59:19","guid":{"rendered":"https:\/\/gaelle-cueff-art.com\/?page_id=9079"},"modified":"2021-11-12T20:01:55","modified_gmt":"2021-11-12T18:01:55","slug":"les-telluriques","status":"publish","type":"page","link":"https:\/\/gaelle-cueff-art.com\/en\/encaustiques-menu\/les-telluriques\/","title":{"rendered":"Les Telluriques"},"content":{"rendered":"<p>[et_pb_section fb_built=&#8221;1&#8243; _builder_version=&#8221;4.6.1&#8243; _module_preset=&#8221;default&#8221;][\/et_pb_section][et_pb_section fb_built=&#8221;1&#8243; _builder_version=&#8221;3.22&#8243; locked=&#8221;off&#8221;][et_pb_row column_structure=&#8221;1_3,2_3&#8243; _builder_version=&#8221;4.6.1&#8243; background_size=&#8221;initial&#8221; background_position=&#8221;top_left&#8221; background_repeat=&#8221;repeat&#8221; width=&#8221;100%&#8221; max_width=&#8221;2560px&#8221; custom_padding=&#8221;|||11px|false|false&#8221;][et_pb_column type=&#8221;1_3&#8243; _builder_version=&#8221;3.25&#8243; custom_padding=&#8221;|||&#8221; custom_padding__hover=&#8221;|||&#8221;][et_pb_text _builder_version=&#8221;4.6.1&#8243; custom_margin=&#8221;|||11px|false|false&#8221;]<\/p>\n<h1>Les Telluriques<\/h1>\n<p>Les <em>Telluriques<\/em> sont une s\u00e9rie \u00e0 base d&#8217;encaustique, de pigments, d&#8217;encres et de gomme laque commenc\u00e9e \u00e0 l&#8217;\u00e9t\u00e9 2021.<br \/> Ces \u0153uvres uniques sont de format variable, entre 20 x 20 cm et 50 x 50 cm.<\/p>\n<p>Elles proc\u00e8dent par recouvrement, un fond initial d&#8217;encaustique \u00e9tant peu \u00e0 peu enseveli sous diverses couches color\u00e9es g\u00e9n\u00e9rant un effet de transparence et de couleurs m\u00eal\u00e9es. Une encre noire recouvre progressivement ces \u00e9clats lumineux \u00e9mergeant de l&#8217;obscurit\u00e9 tels des vitraux. La surface est ensuite liss\u00e9e jusqu&#8217;\u00e0 produire un effet satin\u00e9 et laisser appara\u00eetre au plus pr\u00e8s les pigments sous la tr\u00e8s mince couche de cire.\u00a0<\/p>\n<p>Les pi\u00e8ces sont encadr\u00e9es sous caisse am\u00e9ricaine noire.<\/p>\n<p><strong>Cliquer sur les vignettes pour les agrandir et obtenir des renseignements compl\u00e9mentaires sur chaque \u0153uvre.<\/strong><\/p>\n<p>Pour tout renseignement : <strong>gaelle.cueff@orange.fr<\/strong><\/p>\n<h1><\/h1>\n<p>[\/et_pb_text][\/et_pb_column][et_pb_column type=&#8221;2_3&#8243; _builder_version=&#8221;3.25&#8243; custom_padding=&#8221;|||&#8221; custom_padding__hover=&#8221;|||&#8221;][et_pb_shop type=&#8221;product_category&#8221; posts_number=&#8221;100&#8243; include_categories=&#8221;103&#8243; columns_number=&#8221;3&#8243; orderby=&#8221;date-desc&#8221; _builder_version=&#8221;4.6.1&#8243; title_font_size=&#8221;15px&#8221; price_text_color=&#8221;#7a7a7a&#8221; custom_margin=&#8221;|11px||11px|false|false&#8221;]&nbsp;<br \/>\n[\/et_pb_shop][\/et_pb_column][\/et_pb_row][\/et_pb_section]<\/p>\n","protected":false},"excerpt":{"rendered":"<p>Les Telluriques Les Telluriques sont une s\u00e9rie \u00e0 base d&#8217;encaustique, de pigments, d&#8217;encres et de gomme laque commenc\u00e9e \u00e0 l&#8217;\u00e9t\u00e9 2021. Ces \u0153uvres uniques sont de format variable, entre 20 x 20 cm et 50 x 50 cm. Elles proc\u00e8dent par recouvrement, un fond initial d&#8217;encaustique \u00e9tant peu \u00e0 peu enseveli sous diverses couches color\u00e9es [&hellip;]<\/p>\n","protected":false},"author":208,"featured_media":0,"parent":7322,"menu_order":0,"comment_status":"closed","ping_status":"closed","template":"","meta":{"_et_pb_use_builder":"on","_et_pb_old_content":"","_et_gb_content_width":"","om_disable_all_campaigns":false,"_monsterinsights_skip_tracking":false,"_monsterinsights_sitenote_active":false,"_monsterinsights_sitenote_note":"","_monsterinsights_sitenote_category":0,"_uf_show_specific_survey":0,"_uf_disable_surveys":false,"jetpack_post_was_ever_published":false,"footnotes":""},"class_list":["post-9079","page","type-page","status-publish","hentry"],"aioseo_notices":[],"yoast_head":"<!-- This site is optimized with the Yoast SEO plugin v27.0 - https:\/\/yoast.com\/product\/yoast-seo-wordpress\/ -->\n<title>Les Telluriques - Ga\u00eblle Cueff Art<\/title>\n<meta name=\"robots\" content=\"index, follow, max-snippet:-1, max-image-preview:large, max-video-preview:-1\" \/>\n<link rel=\"canonical\" href=\"https:\/\/gaelle-cueff-art.com\/encaustiques-menu\/les-telluriques\/\" \/>\n<meta property=\"og:locale\" content=\"en_US\" \/>\n<meta property=\"og:type\" content=\"article\" \/>\n<meta property=\"og:title\" content=\"Les Telluriques - Ga\u00eblle Cueff Art\" \/>\n<meta property=\"og:description\" content=\"Les Telluriques Les Telluriques sont une s\u00e9rie \u00e0 base d&#039;encaustique, de pigments, d&#039;encres et de gomme laque commenc\u00e9e \u00e0 l&#039;\u00e9t\u00e9 2021. Ces \u0153uvres uniques sont de format variable, entre 20 x 20 cm et 50 x 50 cm. Elles proc\u00e8dent par recouvrement, un fond initial d&#039;encaustique \u00e9tant peu \u00e0 peu enseveli sous diverses couches color\u00e9es [&hellip;]\" \/>\n<meta property=\"og:url\" content=\"https:\/\/gaelle-cueff-art.com\/encaustiques-menu\/les-telluriques\/\" \/>\n<meta property=\"og:site_name\" content=\"Ga\u00eblle Cueff Art\" \/>\n<meta property=\"article:modified_time\" content=\"2021-11-12T18:01:55+00:00\" \/>\n<meta name=\"twitter:card\" content=\"summary_large_image\" \/>\n<meta name=\"twitter:label1\" content=\"Est. reading time\" \/>\n\t<meta name=\"twitter:data1\" content=\"1 minute\" \/>\n<script type=\"application\/ld+json\" class=\"yoast-schema-graph\">{\"@context\":\"https:\/\/schema.org\",\"@graph\":[{\"@type\":\"WebPage\",\"@id\":\"https:\/\/gaelle-cueff-art.com\/encaustiques-menu\/les-telluriques\/\",\"url\":\"https:\/\/gaelle-cueff-art.com\/encaustiques-menu\/les-telluriques\/\",\"name\":\"Les Telluriques - Ga\u00eblle Cueff Art\",\"isPartOf\":{\"@id\":\"https:\/\/gaelle-cueff-art.com\/#website\"},\"datePublished\":\"2021-07-24T08:59:19+00:00\",\"dateModified\":\"2021-11-12T18:01:55+00:00\",\"breadcrumb\":{\"@id\":\"https:\/\/gaelle-cueff-art.com\/encaustiques-menu\/les-telluriques\/#breadcrumb\"},\"inLanguage\":\"en-US\",\"potentialAction\":[{\"@type\":\"ReadAction\",\"target\":[\"https:\/\/gaelle-cueff-art.com\/encaustiques-menu\/les-telluriques\/\"]}]},{\"@type\":\"BreadcrumbList\",\"@id\":\"https:\/\/gaelle-cueff-art.com\/encaustiques-menu\/les-telluriques\/#breadcrumb\",\"itemListElement\":[{\"@type\":\"ListItem\",\"position\":1,\"name\":\"Home\",\"item\":\"https:\/\/gaelle-cueff-art.com\/\"},{\"@type\":\"ListItem\",\"position\":2,\"name\":\"Encaustiques\",\"item\":\"https:\/\/gaelle-cueff-art.com\/encaustiques-menu\/\"},{\"@type\":\"ListItem\",\"position\":3,\"name\":\"Les Telluriques\"}]},{\"@type\":\"WebSite\",\"@id\":\"https:\/\/gaelle-cueff-art.com\/#website\",\"url\":\"https:\/\/gaelle-cueff-art.com\/\",\"name\":\"Ga\u00eblle Cueff Art\",\"description\":\"\",\"potentialAction\":[{\"@type\":\"SearchAction\",\"target\":{\"@type\":\"EntryPoint\",\"urlTemplate\":\"https:\/\/gaelle-cueff-art.com\/?s={search_term_string}\"},\"query-input\":{\"@type\":\"PropertyValueSpecification\",\"valueRequired\":true,\"valueName\":\"search_term_string\"}}],\"inLanguage\":\"en-US\"}]}<\/script>\n<!-- \/ Yoast SEO plugin. -->","yoast_head_json":{"title":"Les Telluriques - Ga\u00eblle Cueff Art","robots":{"index":"index","follow":"follow","max-snippet":"max-snippet:-1","max-image-preview":"max-image-preview:large","max-video-preview":"max-video-preview:-1"},"canonical":"https:\/\/gaelle-cueff-art.com\/encaustiques-menu\/les-telluriques\/","og_locale":"en_US","og_type":"article","og_title":"Les Telluriques - Ga\u00eblle Cueff Art","og_description":"Les Telluriques Les Telluriques sont une s\u00e9rie \u00e0 base d'encaustique, de pigments, d'encres et de gomme laque commenc\u00e9e \u00e0 l'\u00e9t\u00e9 2021. Ces \u0153uvres uniques sont de format variable, entre 20 x 20 cm et 50 x 50 cm. Elles proc\u00e8dent par recouvrement, un fond initial d'encaustique \u00e9tant peu \u00e0 peu enseveli sous diverses couches color\u00e9es [&hellip;]","og_url":"https:\/\/gaelle-cueff-art.com\/encaustiques-menu\/les-telluriques\/","og_site_name":"Ga\u00eblle Cueff Art","article_modified_time":"2021-11-12T18:01:55+00:00","twitter_card":"summary_large_image","twitter_misc":{"Est. reading time":"1 minute"},"schema":{"@context":"https:\/\/schema.org","@graph":[{"@type":"WebPage","@id":"https:\/\/gaelle-cueff-art.com\/encaustiques-menu\/les-telluriques\/","url":"https:\/\/gaelle-cueff-art.com\/encaustiques-menu\/les-telluriques\/","name":"Les Telluriques - Ga\u00eblle Cueff Art","isPartOf":{"@id":"https:\/\/gaelle-cueff-art.com\/#website"},"datePublished":"2021-07-24T08:59:19+00:00","dateModified":"2021-11-12T18:01:55+00:00","breadcrumb":{"@id":"https:\/\/gaelle-cueff-art.com\/encaustiques-menu\/les-telluriques\/#breadcrumb"},"inLanguage":"en-US","potentialAction":[{"@type":"ReadAction","target":["https:\/\/gaelle-cueff-art.com\/encaustiques-menu\/les-telluriques\/"]}]},{"@type":"BreadcrumbList","@id":"https:\/\/gaelle-cueff-art.com\/encaustiques-menu\/les-telluriques\/#breadcrumb","itemListElement":[{"@type":"ListItem","position":1,"name":"Home","item":"https:\/\/gaelle-cueff-art.com\/"},{"@type":"ListItem","position":2,"name":"Encaustiques","item":"https:\/\/gaelle-cueff-art.com\/encaustiques-menu\/"},{"@type":"ListItem","position":3,"name":"Les Telluriques"}]},{"@type":"WebSite","@id":"https:\/\/gaelle-cueff-art.com\/#website","url":"https:\/\/gaelle-cueff-art.com\/","name":"Ga\u00eblle Cueff Art","description":"","potentialAction":[{"@type":"SearchAction","target":{"@type":"EntryPoint","urlTemplate":"https:\/\/gaelle-cueff-art.com\/?s={search_term_string}"},"query-input":{"@type":"PropertyValueSpecification","valueRequired":true,"valueName":"search_term_string"}}],"inLanguage":"en-US"}]}},"jetpack_sharing_enabled":true,"jetpack_shortlink":"https:\/\/wp.me\/P9YwYR-2mr","jetpack-related-posts":[{"id":5361,"url":"https:\/\/gaelle-cueff-art.com\/en\/collages\/","url_meta":{"origin":9079,"position":0},"title":"Collages","author":"lesmotspourleweb","date":"01\/04\/2019","format":false,"excerpt":"","rel":"","context":"Similar post","block_context":{"text":"Similar post","link":""},"img":{"alt_text":"","src":"","width":0,"height":0},"classes":[]}],"_links":{"self":[{"href":"https:\/\/gaelle-cueff-art.com\/en\/wp-json\/wp\/v2\/pages\/9079","targetHints":{"allow":["GET"]}}],"collection":[{"href":"https:\/\/gaelle-cueff-art.com\/en\/wp-json\/wp\/v2\/pages"}],"about":[{"href":"https:\/\/gaelle-cueff-art.com\/en\/wp-json\/wp\/v2\/types\/page"}],"author":[{"embeddable":true,"href":"https:\/\/gaelle-cueff-art.com\/en\/wp-json\/wp\/v2\/users\/208"}],"replies":[{"embeddable":true,"href":"https:\/\/gaelle-cueff-art.com\/en\/wp-json\/wp\/v2\/comments?post=9079"}],"version-history":[{"count":7,"href":"https:\/\/gaelle-cueff-art.com\/en\/wp-json\/wp\/v2\/pages\/9079\/revisions"}],"predecessor-version":[{"id":9405,"href":"https:\/\/gaelle-cueff-art.com\/en\/wp-json\/wp\/v2\/pages\/9079\/revisions\/9405"}],"up":[{"embeddable":true,"href":"https:\/\/gaelle-cueff-art.com\/en\/wp-json\/wp\/v2\/pages\/7322"}],"wp:attachment":[{"href":"https:\/\/gaelle-cueff-art.com\/en\/wp-json\/wp\/v2\/media?parent=9079"}],"curies":[{"name":"wp","href":"https:\/\/api.w.org\/{rel}","templated":true}]}}