{"id":7829,"date":"2020-11-05T14:55:58","date_gmt":"2020-11-05T14:55:58","guid":{"rendered":"https:\/\/gaelle-cueff-art.com\/?page_id=7829"},"modified":"2020-11-10T17:26:03","modified_gmt":"2020-11-10T17:26:03","slug":"ostreides","status":"publish","type":"page","link":"https:\/\/gaelle-cueff-art.com\/en\/osculptes-menu\/ostreides\/","title":{"rendered":"Ostr\u00e9id\u00e9s"},"content":{"rendered":"<p>[et_pb_section fb_built=&#8221;1&#8243; _builder_version=&#8221;3.22&#8243;][et_pb_row column_structure=&#8221;1_3,2_3&#8243; _builder_version=&#8221;4.6.1&#8243; background_size=&#8221;initial&#8221; background_position=&#8221;top_left&#8221; background_repeat=&#8221;repeat&#8221; width=&#8221;100%&#8221; max_width=&#8221;2560px&#8221;][et_pb_column type=&#8221;1_3&#8243; _builder_version=&#8221;3.25&#8243; custom_padding=&#8221;|||&#8221; custom_padding__hover=&#8221;|||&#8221;][et_pb_text _builder_version=&#8221;4.6.1&#8243; custom_margin=&#8221;-20px|||11px|false|false&#8221; custom_padding=&#8221;|||11px|false|false&#8221; hover_enabled=&#8221;0&#8243; sticky_enabled=&#8221;0&#8243;]<\/p>\n<h1>Ostr\u00e9id\u00e9s<\/h1>\n<p>Les <em>Ostr\u00e9id\u00e9s<\/em>\u00a0sont de petits paysages r\u00e9alis\u00e9s sur des coquilles d&#8217;hu\u00eetres et autres bivalves trouv\u00e9s sur les plages normandes, et dont les m\u00e9andres et reliefs creus\u00e9s par les vagues forment des reliefs accentu\u00e9s par l&#8217;utilisation de pigments.<\/p>\n<p><span style=\"font-size: 14px;\"><strong><span style=\"color: #5e5e5e;\">Cliquer sur les vignettes pour les agrandir et obtenir des renseignements compl\u00e9mentaires sur chaque collage.<\/span><\/strong><\/span><\/p>\n<p><span style=\"font-size: 14px;\"><span style=\"color: #5e5e5e;\">Pour tout renseignement :<br \/> <strong>gaelle.cueff@orange.fr<\/strong><\/span><\/span><\/p>\n<p>[\/et_pb_text][\/et_pb_column][et_pb_column type=&#8221;2_3&#8243; _builder_version=&#8221;3.25&#8243; custom_padding=&#8221;|||&#8221; custom_padding__hover=&#8221;|||&#8221;][et_pb_shop type=&#8221;product_category&#8221; posts_number=&#8221;100&#8243; include_categories=&#8221;98&#8243; columns_number=&#8221;3&#8243; orderby=&#8221;date-desc&#8221; _builder_version=&#8221;4.6.1&#8243; title_font_size=&#8221;15px&#8221; price_text_color=&#8221;#7a7a7a&#8221; custom_margin=&#8221;-20px|11px||11px|false|false&#8221;]&nbsp;<br \/>\n[\/et_pb_shop][\/et_pb_column][\/et_pb_row][\/et_pb_section]<\/p>\n","protected":false},"excerpt":{"rendered":"<p>Ostr\u00e9id\u00e9s Les Ostr\u00e9id\u00e9s\u00a0sont de petits paysages r\u00e9alis\u00e9s sur des coquilles d&#8217;hu\u00eetres et autres bivalves trouv\u00e9s sur les plages normandes, et dont les m\u00e9andres et reliefs creus\u00e9s par les vagues forment des reliefs accentu\u00e9s par l&#8217;utilisation de pigments. Cliquer sur les vignettes pour les agrandir et obtenir des renseignements compl\u00e9mentaires sur chaque collage. Pour tout renseignement [&hellip;]<\/p>\n","protected":false},"author":208,"featured_media":0,"parent":7311,"menu_order":0,"comment_status":"closed","ping_status":"closed","template":"","meta":{"_et_pb_use_builder":"on","_et_pb_old_content":"","_et_gb_content_width":"","om_disable_all_campaigns":false,"_monsterinsights_skip_tracking":false,"_monsterinsights_sitenote_active":false,"_monsterinsights_sitenote_note":"","_monsterinsights_sitenote_category":0,"_uf_show_specific_survey":0,"_uf_disable_surveys":false,"jetpack_post_was_ever_published":false,"footnotes":""},"class_list":["post-7829","page","type-page","status-publish","hentry"],"aioseo_notices":[],"yoast_head":"<!-- This site is optimized with the Yoast SEO plugin v27.0 - https:\/\/yoast.com\/product\/yoast-seo-wordpress\/ -->\n<title>Ostr\u00e9id\u00e9s - Ga\u00eblle Cueff Art<\/title>\n<meta name=\"robots\" content=\"index, follow, max-snippet:-1, max-image-preview:large, max-video-preview:-1\" \/>\n<link rel=\"canonical\" href=\"https:\/\/gaelle-cueff-art.com\/osculptes-menu\/ostreides\/\" \/>\n<meta property=\"og:locale\" content=\"en_US\" \/>\n<meta property=\"og:type\" content=\"article\" \/>\n<meta property=\"og:title\" content=\"Ostr\u00e9id\u00e9s - Ga\u00eblle Cueff Art\" \/>\n<meta property=\"og:description\" content=\"Ostr\u00e9id\u00e9s Les Ostr\u00e9id\u00e9s\u00a0sont de petits paysages r\u00e9alis\u00e9s sur des coquilles d&#039;hu\u00eetres et autres bivalves trouv\u00e9s sur les plages normandes, et dont les m\u00e9andres et reliefs creus\u00e9s par les vagues forment des reliefs accentu\u00e9s par l&#039;utilisation de pigments. Cliquer sur les vignettes pour les agrandir et obtenir des renseignements compl\u00e9mentaires sur chaque collage. Pour tout renseignement [&hellip;]\" \/>\n<meta property=\"og:url\" content=\"https:\/\/gaelle-cueff-art.com\/osculptes-menu\/ostreides\/\" \/>\n<meta property=\"og:site_name\" content=\"Ga\u00eblle Cueff Art\" \/>\n<meta property=\"article:modified_time\" content=\"2020-11-10T17:26:03+00:00\" \/>\n<meta name=\"twitter:card\" content=\"summary_large_image\" \/>\n<meta name=\"twitter:label1\" content=\"Est. reading time\" \/>\n\t<meta name=\"twitter:data1\" content=\"1 minute\" \/>\n<script type=\"application\/ld+json\" class=\"yoast-schema-graph\">{\"@context\":\"https:\/\/schema.org\",\"@graph\":[{\"@type\":\"WebPage\",\"@id\":\"https:\/\/gaelle-cueff-art.com\/osculptes-menu\/ostreides\/\",\"url\":\"https:\/\/gaelle-cueff-art.com\/osculptes-menu\/ostreides\/\",\"name\":\"Ostr\u00e9id\u00e9s - Ga\u00eblle Cueff Art\",\"isPartOf\":{\"@id\":\"https:\/\/gaelle-cueff-art.com\/#website\"},\"datePublished\":\"2020-11-05T14:55:58+00:00\",\"dateModified\":\"2020-11-10T17:26:03+00:00\",\"breadcrumb\":{\"@id\":\"https:\/\/gaelle-cueff-art.com\/osculptes-menu\/ostreides\/#breadcrumb\"},\"inLanguage\":\"en-US\",\"potentialAction\":[{\"@type\":\"ReadAction\",\"target\":[\"https:\/\/gaelle-cueff-art.com\/osculptes-menu\/ostreides\/\"]}]},{\"@type\":\"BreadcrumbList\",\"@id\":\"https:\/\/gaelle-cueff-art.com\/osculptes-menu\/ostreides\/#breadcrumb\",\"itemListElement\":[{\"@type\":\"ListItem\",\"position\":1,\"name\":\"Home\",\"item\":\"https:\/\/gaelle-cueff-art.com\/\"},{\"@type\":\"ListItem\",\"position\":2,\"name\":\"Osculpt\u00e9s\",\"item\":\"https:\/\/gaelle-cueff-art.com\/osculptes-menu\/\"},{\"@type\":\"ListItem\",\"position\":3,\"name\":\"Ostr\u00e9id\u00e9s\"}]},{\"@type\":\"WebSite\",\"@id\":\"https:\/\/gaelle-cueff-art.com\/#website\",\"url\":\"https:\/\/gaelle-cueff-art.com\/\",\"name\":\"Ga\u00eblle Cueff Art\",\"description\":\"\",\"potentialAction\":[{\"@type\":\"SearchAction\",\"target\":{\"@type\":\"EntryPoint\",\"urlTemplate\":\"https:\/\/gaelle-cueff-art.com\/?s={search_term_string}\"},\"query-input\":{\"@type\":\"PropertyValueSpecification\",\"valueRequired\":true,\"valueName\":\"search_term_string\"}}],\"inLanguage\":\"en-US\"}]}<\/script>\n<!-- \/ Yoast SEO plugin. -->","yoast_head_json":{"title":"Ostr\u00e9id\u00e9s - Ga\u00eblle Cueff Art","robots":{"index":"index","follow":"follow","max-snippet":"max-snippet:-1","max-image-preview":"max-image-preview:large","max-video-preview":"max-video-preview:-1"},"canonical":"https:\/\/gaelle-cueff-art.com\/osculptes-menu\/ostreides\/","og_locale":"en_US","og_type":"article","og_title":"Ostr\u00e9id\u00e9s - Ga\u00eblle Cueff Art","og_description":"Ostr\u00e9id\u00e9s Les Ostr\u00e9id\u00e9s\u00a0sont de petits paysages r\u00e9alis\u00e9s sur des coquilles d'hu\u00eetres et autres bivalves trouv\u00e9s sur les plages normandes, et dont les m\u00e9andres et reliefs creus\u00e9s par les vagues forment des reliefs accentu\u00e9s par l'utilisation de pigments. Cliquer sur les vignettes pour les agrandir et obtenir des renseignements compl\u00e9mentaires sur chaque collage. Pour tout renseignement [&hellip;]","og_url":"https:\/\/gaelle-cueff-art.com\/osculptes-menu\/ostreides\/","og_site_name":"Ga\u00eblle Cueff Art","article_modified_time":"2020-11-10T17:26:03+00:00","twitter_card":"summary_large_image","twitter_misc":{"Est. reading time":"1 minute"},"schema":{"@context":"https:\/\/schema.org","@graph":[{"@type":"WebPage","@id":"https:\/\/gaelle-cueff-art.com\/osculptes-menu\/ostreides\/","url":"https:\/\/gaelle-cueff-art.com\/osculptes-menu\/ostreides\/","name":"Ostr\u00e9id\u00e9s - Ga\u00eblle Cueff Art","isPartOf":{"@id":"https:\/\/gaelle-cueff-art.com\/#website"},"datePublished":"2020-11-05T14:55:58+00:00","dateModified":"2020-11-10T17:26:03+00:00","breadcrumb":{"@id":"https:\/\/gaelle-cueff-art.com\/osculptes-menu\/ostreides\/#breadcrumb"},"inLanguage":"en-US","potentialAction":[{"@type":"ReadAction","target":["https:\/\/gaelle-cueff-art.com\/osculptes-menu\/ostreides\/"]}]},{"@type":"BreadcrumbList","@id":"https:\/\/gaelle-cueff-art.com\/osculptes-menu\/ostreides\/#breadcrumb","itemListElement":[{"@type":"ListItem","position":1,"name":"Home","item":"https:\/\/gaelle-cueff-art.com\/"},{"@type":"ListItem","position":2,"name":"Osculpt\u00e9s","item":"https:\/\/gaelle-cueff-art.com\/osculptes-menu\/"},{"@type":"ListItem","position":3,"name":"Ostr\u00e9id\u00e9s"}]},{"@type":"WebSite","@id":"https:\/\/gaelle-cueff-art.com\/#website","url":"https:\/\/gaelle-cueff-art.com\/","name":"Ga\u00eblle Cueff Art","description":"","potentialAction":[{"@type":"SearchAction","target":{"@type":"EntryPoint","urlTemplate":"https:\/\/gaelle-cueff-art.com\/?s={search_term_string}"},"query-input":{"@type":"PropertyValueSpecification","valueRequired":true,"valueName":"search_term_string"}}],"inLanguage":"en-US"}]}},"jetpack_sharing_enabled":true,"jetpack_shortlink":"https:\/\/wp.me\/P9YwYR-22h","jetpack-related-posts":[{"id":5361,"url":"https:\/\/gaelle-cueff-art.com\/en\/collages\/","url_meta":{"origin":7829,"position":0},"title":"Collages","author":"lesmotspourleweb","date":"01\/04\/2019","format":false,"excerpt":"","rel":"","context":"Similar post","block_context":{"text":"Similar post","link":""},"img":{"alt_text":"","src":"","width":0,"height":0},"classes":[]}],"_links":{"self":[{"href":"https:\/\/gaelle-cueff-art.com\/en\/wp-json\/wp\/v2\/pages\/7829","targetHints":{"allow":["GET"]}}],"collection":[{"href":"https:\/\/gaelle-cueff-art.com\/en\/wp-json\/wp\/v2\/pages"}],"about":[{"href":"https:\/\/gaelle-cueff-art.com\/en\/wp-json\/wp\/v2\/types\/page"}],"author":[{"embeddable":true,"href":"https:\/\/gaelle-cueff-art.com\/en\/wp-json\/wp\/v2\/users\/208"}],"replies":[{"embeddable":true,"href":"https:\/\/gaelle-cueff-art.com\/en\/wp-json\/wp\/v2\/comments?post=7829"}],"version-history":[{"count":4,"href":"https:\/\/gaelle-cueff-art.com\/en\/wp-json\/wp\/v2\/pages\/7829\/revisions"}],"predecessor-version":[{"id":8501,"href":"https:\/\/gaelle-cueff-art.com\/en\/wp-json\/wp\/v2\/pages\/7829\/revisions\/8501"}],"up":[{"embeddable":true,"href":"https:\/\/gaelle-cueff-art.com\/en\/wp-json\/wp\/v2\/pages\/7311"}],"wp:attachment":[{"href":"https:\/\/gaelle-cueff-art.com\/en\/wp-json\/wp\/v2\/media?parent=7829"}],"curies":[{"name":"wp","href":"https:\/\/api.w.org\/{rel}","templated":true}]}}