{"id":7821,"date":"2020-11-05T19:01:57","date_gmt":"2020-11-05T19:01:57","guid":{"rendered":"https:\/\/gaelle-cueff-art.com\/?page_id=7821"},"modified":"2020-11-09T08:52:00","modified_gmt":"2020-11-09T08:52:00","slug":"bovides","status":"publish","type":"page","link":"https:\/\/gaelle-cueff-art.com\/en\/osculptes-menu\/bovides\/","title":{"rendered":"Bovid\u00e9s"},"content":{"rendered":"<p>[et_pb_section fb_built=&#8221;1&#8243; _builder_version=&#8221;3.22&#8243;][et_pb_row column_structure=&#8221;1_3,2_3&#8243; _builder_version=&#8221;4.6.1&#8243; background_size=&#8221;initial&#8221; background_position=&#8221;top_left&#8221; background_repeat=&#8221;repeat&#8221; width=&#8221;100%&#8221; max_width=&#8221;2560px&#8221;][et_pb_column type=&#8221;1_3&#8243; _builder_version=&#8221;3.25&#8243; custom_padding=&#8221;|||&#8221; custom_padding__hover=&#8221;|||&#8221;][et_pb_text _builder_version=&#8221;4.6.1&#8243; text_text_color=&#8221;#000000&#8243; custom_margin=&#8221;-20px|||11px|false|false&#8221; custom_padding=&#8221;|||11px|false|false&#8221; hover_enabled=&#8221;0&#8243; sticky_enabled=&#8221;0&#8243;]<\/p>\n<h1>Bovid\u00e9s<\/h1>\n<p>Les\u00a0<em>Bovid\u00e9s\u00a0<\/em>sont compos\u00e9s d&#8217;\u00e9l\u00e9ments osseux de divers mammif\u00e8res (agneau, boeuf etc.) transform\u00e9s comme les autres Osculpt\u00e9s en pi\u00e8ces pr\u00e9cieuses, \u00e9voquant parfois un <em>o-yoroi<\/em> (l&#8217;armure du samoura\u00ef), parfois un masque abstrait, parfois encore un fruit.<\/p>\n<p><span style=\"font-size: 14px;\"><strong><span style=\"color: #5e5e5e;\">Cliquer sur les vignettes pour les agrandir et obtenir des renseignements compl\u00e9mentaires sur chaque oeuvre.<\/span><\/strong><\/span><\/p>\n<p><span style=\"font-size: 14px;\"><span style=\"color: #5e5e5e;\">Pour tout renseignement :<br \/><\/span><\/span><span style=\"font-size: 14px;\"><span style=\"color: #5e5e5e;\"><strong>gaelle.cueff@orange.fr<\/strong><\/span><\/span><\/p>\n<p>[\/et_pb_text][\/et_pb_column][et_pb_column type=&#8221;2_3&#8243; _builder_version=&#8221;3.25&#8243; custom_padding=&#8221;|||&#8221; custom_padding__hover=&#8221;|||&#8221;][et_pb_shop type=&#8221;product_category&#8221; posts_number=&#8221;100&#8243; include_categories=&#8221;99&#8243; columns_number=&#8221;3&#8243; orderby=&#8221;date-desc&#8221; _builder_version=&#8221;4.6.1&#8243; title_font_size=&#8221;15px&#8221; price_text_color=&#8221;#7a7a7a&#8221; custom_margin=&#8221;-20px|11px||11px|false|false&#8221;]&nbsp;<br \/>\n[\/et_pb_shop][\/et_pb_column][\/et_pb_row][\/et_pb_section]<\/p>\n","protected":false},"excerpt":{"rendered":"<p>Bovid\u00e9s Les\u00a0Bovid\u00e9s\u00a0sont compos\u00e9s d&#8217;\u00e9l\u00e9ments osseux de divers mammif\u00e8res (agneau, boeuf etc.) transform\u00e9s comme les autres Osculpt\u00e9s en pi\u00e8ces pr\u00e9cieuses, \u00e9voquant parfois un o-yoroi (l&#8217;armure du samoura\u00ef), parfois un masque abstrait, parfois encore un fruit. Cliquer sur les vignettes pour les agrandir et obtenir des renseignements compl\u00e9mentaires sur chaque oeuvre. Pour tout renseignement :gaelle.cueff@orange.fr&nbsp;<\/p>\n","protected":false},"author":208,"featured_media":0,"parent":7311,"menu_order":0,"comment_status":"closed","ping_status":"closed","template":"","meta":{"_et_pb_use_builder":"on","_et_pb_old_content":"","_et_gb_content_width":"","om_disable_all_campaigns":false,"_monsterinsights_skip_tracking":false,"_monsterinsights_sitenote_active":false,"_monsterinsights_sitenote_note":"","_monsterinsights_sitenote_category":0,"_uf_show_specific_survey":0,"_uf_disable_surveys":false,"jetpack_post_was_ever_published":false,"footnotes":""},"class_list":["post-7821","page","type-page","status-publish","hentry"],"aioseo_notices":[],"yoast_head":"<!-- This site is optimized with the Yoast SEO plugin v27.0 - https:\/\/yoast.com\/product\/yoast-seo-wordpress\/ -->\n<title>Bovid\u00e9s - Ga\u00eblle Cueff Art<\/title>\n<meta name=\"robots\" content=\"index, follow, max-snippet:-1, max-image-preview:large, max-video-preview:-1\" \/>\n<link rel=\"canonical\" href=\"https:\/\/gaelle-cueff-art.com\/osculptes-menu\/bovides\/\" \/>\n<meta property=\"og:locale\" content=\"en_US\" \/>\n<meta property=\"og:type\" content=\"article\" \/>\n<meta property=\"og:title\" content=\"Bovid\u00e9s - Ga\u00eblle Cueff Art\" \/>\n<meta property=\"og:description\" content=\"Bovid\u00e9s Les\u00a0Bovid\u00e9s\u00a0sont compos\u00e9s d&#039;\u00e9l\u00e9ments osseux de divers mammif\u00e8res (agneau, boeuf etc.) transform\u00e9s comme les autres Osculpt\u00e9s en pi\u00e8ces pr\u00e9cieuses, \u00e9voquant parfois un o-yoroi (l&#039;armure du samoura\u00ef), parfois un masque abstrait, parfois encore un fruit. Cliquer sur les vignettes pour les agrandir et obtenir des renseignements compl\u00e9mentaires sur chaque oeuvre. Pour tout renseignement :gaelle.cueff@orange.fr&nbsp;\" \/>\n<meta property=\"og:url\" content=\"https:\/\/gaelle-cueff-art.com\/osculptes-menu\/bovides\/\" \/>\n<meta property=\"og:site_name\" content=\"Ga\u00eblle Cueff Art\" \/>\n<meta property=\"article:modified_time\" content=\"2020-11-09T08:52:00+00:00\" \/>\n<meta name=\"twitter:card\" content=\"summary_large_image\" \/>\n<meta name=\"twitter:label1\" content=\"Est. reading time\" \/>\n\t<meta name=\"twitter:data1\" content=\"1 minute\" \/>\n<script type=\"application\/ld+json\" class=\"yoast-schema-graph\">{\"@context\":\"https:\/\/schema.org\",\"@graph\":[{\"@type\":\"WebPage\",\"@id\":\"https:\/\/gaelle-cueff-art.com\/osculptes-menu\/bovides\/\",\"url\":\"https:\/\/gaelle-cueff-art.com\/osculptes-menu\/bovides\/\",\"name\":\"Bovid\u00e9s - Ga\u00eblle Cueff Art\",\"isPartOf\":{\"@id\":\"https:\/\/gaelle-cueff-art.com\/#website\"},\"datePublished\":\"2020-11-05T19:01:57+00:00\",\"dateModified\":\"2020-11-09T08:52:00+00:00\",\"breadcrumb\":{\"@id\":\"https:\/\/gaelle-cueff-art.com\/osculptes-menu\/bovides\/#breadcrumb\"},\"inLanguage\":\"en-US\",\"potentialAction\":[{\"@type\":\"ReadAction\",\"target\":[\"https:\/\/gaelle-cueff-art.com\/osculptes-menu\/bovides\/\"]}]},{\"@type\":\"BreadcrumbList\",\"@id\":\"https:\/\/gaelle-cueff-art.com\/osculptes-menu\/bovides\/#breadcrumb\",\"itemListElement\":[{\"@type\":\"ListItem\",\"position\":1,\"name\":\"Home\",\"item\":\"https:\/\/gaelle-cueff-art.com\/\"},{\"@type\":\"ListItem\",\"position\":2,\"name\":\"Osculpt\u00e9s\",\"item\":\"https:\/\/gaelle-cueff-art.com\/osculptes-menu\/\"},{\"@type\":\"ListItem\",\"position\":3,\"name\":\"Bovid\u00e9s\"}]},{\"@type\":\"WebSite\",\"@id\":\"https:\/\/gaelle-cueff-art.com\/#website\",\"url\":\"https:\/\/gaelle-cueff-art.com\/\",\"name\":\"Ga\u00eblle Cueff Art\",\"description\":\"\",\"potentialAction\":[{\"@type\":\"SearchAction\",\"target\":{\"@type\":\"EntryPoint\",\"urlTemplate\":\"https:\/\/gaelle-cueff-art.com\/?s={search_term_string}\"},\"query-input\":{\"@type\":\"PropertyValueSpecification\",\"valueRequired\":true,\"valueName\":\"search_term_string\"}}],\"inLanguage\":\"en-US\"}]}<\/script>\n<!-- \/ Yoast SEO plugin. -->","yoast_head_json":{"title":"Bovid\u00e9s - Ga\u00eblle Cueff Art","robots":{"index":"index","follow":"follow","max-snippet":"max-snippet:-1","max-image-preview":"max-image-preview:large","max-video-preview":"max-video-preview:-1"},"canonical":"https:\/\/gaelle-cueff-art.com\/osculptes-menu\/bovides\/","og_locale":"en_US","og_type":"article","og_title":"Bovid\u00e9s - Ga\u00eblle Cueff Art","og_description":"Bovid\u00e9s Les\u00a0Bovid\u00e9s\u00a0sont compos\u00e9s d'\u00e9l\u00e9ments osseux de divers mammif\u00e8res (agneau, boeuf etc.) transform\u00e9s comme les autres Osculpt\u00e9s en pi\u00e8ces pr\u00e9cieuses, \u00e9voquant parfois un o-yoroi (l'armure du samoura\u00ef), parfois un masque abstrait, parfois encore un fruit. Cliquer sur les vignettes pour les agrandir et obtenir des renseignements compl\u00e9mentaires sur chaque oeuvre. Pour tout renseignement :gaelle.cueff@orange.fr&nbsp;","og_url":"https:\/\/gaelle-cueff-art.com\/osculptes-menu\/bovides\/","og_site_name":"Ga\u00eblle Cueff Art","article_modified_time":"2020-11-09T08:52:00+00:00","twitter_card":"summary_large_image","twitter_misc":{"Est. reading time":"1 minute"},"schema":{"@context":"https:\/\/schema.org","@graph":[{"@type":"WebPage","@id":"https:\/\/gaelle-cueff-art.com\/osculptes-menu\/bovides\/","url":"https:\/\/gaelle-cueff-art.com\/osculptes-menu\/bovides\/","name":"Bovid\u00e9s - Ga\u00eblle Cueff Art","isPartOf":{"@id":"https:\/\/gaelle-cueff-art.com\/#website"},"datePublished":"2020-11-05T19:01:57+00:00","dateModified":"2020-11-09T08:52:00+00:00","breadcrumb":{"@id":"https:\/\/gaelle-cueff-art.com\/osculptes-menu\/bovides\/#breadcrumb"},"inLanguage":"en-US","potentialAction":[{"@type":"ReadAction","target":["https:\/\/gaelle-cueff-art.com\/osculptes-menu\/bovides\/"]}]},{"@type":"BreadcrumbList","@id":"https:\/\/gaelle-cueff-art.com\/osculptes-menu\/bovides\/#breadcrumb","itemListElement":[{"@type":"ListItem","position":1,"name":"Home","item":"https:\/\/gaelle-cueff-art.com\/"},{"@type":"ListItem","position":2,"name":"Osculpt\u00e9s","item":"https:\/\/gaelle-cueff-art.com\/osculptes-menu\/"},{"@type":"ListItem","position":3,"name":"Bovid\u00e9s"}]},{"@type":"WebSite","@id":"https:\/\/gaelle-cueff-art.com\/#website","url":"https:\/\/gaelle-cueff-art.com\/","name":"Ga\u00eblle Cueff Art","description":"","potentialAction":[{"@type":"SearchAction","target":{"@type":"EntryPoint","urlTemplate":"https:\/\/gaelle-cueff-art.com\/?s={search_term_string}"},"query-input":{"@type":"PropertyValueSpecification","valueRequired":true,"valueName":"search_term_string"}}],"inLanguage":"en-US"}]}},"jetpack_sharing_enabled":true,"jetpack_shortlink":"https:\/\/wp.me\/P9YwYR-229","jetpack-related-posts":[{"id":7311,"url":"https:\/\/gaelle-cueff-art.com\/en\/osculptes-menu\/","url_meta":{"origin":7821,"position":0},"title":"Osculpt\u00e9s","author":"Ga\u00eblle Cueff","date":"25\/10\/2020","format":false,"excerpt":"","rel":"","context":"Similar post","block_context":{"text":"Similar post","link":""},"img":{"alt_text":"","src":"","width":0,"height":0},"classes":[]},{"id":5361,"url":"https:\/\/gaelle-cueff-art.com\/en\/collages\/","url_meta":{"origin":7821,"position":1},"title":"Collages","author":"lesmotspourleweb","date":"01\/04\/2019","format":false,"excerpt":"","rel":"","context":"Similar post","block_context":{"text":"Similar post","link":""},"img":{"alt_text":"","src":"","width":0,"height":0},"classes":[]},{"id":7332,"url":"https:\/\/gaelle-cueff-art.com\/en\/photos-peintes\/","url_meta":{"origin":7821,"position":2},"title":"Photos peintes","author":"Ga\u00eblle Cueff","date":"25\/10\/2020","format":false,"excerpt":"","rel":"","context":"Similar post","block_context":{"text":"Similar post","link":""},"img":{"alt_text":"","src":"","width":0,"height":0},"classes":[]},{"id":7378,"url":"https:\/\/gaelle-cueff-art.com\/en\/","url_meta":{"origin":7821,"position":3},"title":"page d&#8217;accueil","author":"Ga\u00eblle Cueff","date":"28\/10\/2020","format":false,"excerpt":"","rel":"","context":"Similar post","block_context":{"text":"Similar post","link":""},"img":{"alt_text":"","src":"","width":0,"height":0},"classes":[]},{"id":11798,"url":"https:\/\/gaelle-cueff-art.com\/en\/osculptes-menu\/placuna-placenta\/","url_meta":{"origin":7821,"position":4},"title":"Placuna placenta","author":"Ga\u00eblle Cueff","date":"27\/05\/2024","format":false,"excerpt":"","rel":"","context":"Similar post","block_context":{"text":"Similar post","link":""},"img":{"alt_text":"","src":"","width":0,"height":0},"classes":[]},{"id":7250,"url":"https:\/\/gaelle-cueff-art.com\/en\/encaustiques-menu\/noli-me-tangere\/","url_meta":{"origin":7821,"position":5},"title":"Noli me tangere","author":"Ga\u00eblle Cueff","date":"25\/10\/2020","format":false,"excerpt":"","rel":"","context":"Similar post","block_context":{"text":"Similar post","link":""},"img":{"alt_text":"","src":"","width":0,"height":0},"classes":[]}],"_links":{"self":[{"href":"https:\/\/gaelle-cueff-art.com\/en\/wp-json\/wp\/v2\/pages\/7821","targetHints":{"allow":["GET"]}}],"collection":[{"href":"https:\/\/gaelle-cueff-art.com\/en\/wp-json\/wp\/v2\/pages"}],"about":[{"href":"https:\/\/gaelle-cueff-art.com\/en\/wp-json\/wp\/v2\/types\/page"}],"author":[{"embeddable":true,"href":"https:\/\/gaelle-cueff-art.com\/en\/wp-json\/wp\/v2\/users\/208"}],"replies":[{"embeddable":true,"href":"https:\/\/gaelle-cueff-art.com\/en\/wp-json\/wp\/v2\/comments?post=7821"}],"version-history":[{"count":6,"href":"https:\/\/gaelle-cueff-art.com\/en\/wp-json\/wp\/v2\/pages\/7821\/revisions"}],"predecessor-version":[{"id":8226,"href":"https:\/\/gaelle-cueff-art.com\/en\/wp-json\/wp\/v2\/pages\/7821\/revisions\/8226"}],"up":[{"embeddable":true,"href":"https:\/\/gaelle-cueff-art.com\/en\/wp-json\/wp\/v2\/pages\/7311"}],"wp:attachment":[{"href":"https:\/\/gaelle-cueff-art.com\/en\/wp-json\/wp\/v2\/media?parent=7821"}],"curies":[{"name":"wp","href":"https:\/\/api.w.org\/{rel}","templated":true}]}}