{"id":7584,"date":"2020-11-03T11:33:24","date_gmt":"2020-11-03T11:33:24","guid":{"rendered":"https:\/\/gaelle-cueff-art.com\/?page_id=7584"},"modified":"2023-10-02T12:38:08","modified_gmt":"2023-10-02T10:38:08","slug":"gaelle-cueff","status":"publish","type":"page","link":"https:\/\/gaelle-cueff-art.com\/en\/gaelle-cueff\/","title":{"rendered":"Ga\u00eblle Cueff"},"content":{"rendered":"<p>[et_pb_section fb_built=&#8221;1&#8243; _builder_version=&#8221;4.16&#8243; _module_preset=&#8221;default&#8221; global_colors_info=&#8221;{}&#8221;][et_pb_row column_structure=&#8221;1_4,3_4&#8243; _builder_version=&#8221;4.16&#8243; _module_preset=&#8221;default&#8221; width=&#8221;100%&#8221; max_width=&#8221;2560px&#8221; global_colors_info=&#8221;{}&#8221;][et_pb_column type=&#8221;1_4&#8243; _builder_version=&#8221;4.16&#8243; _module_preset=&#8221;default&#8221; global_colors_info=&#8221;{}&#8221;][et_pb_image src=&#8221;https:\/\/gaelle-cueff-art.com\/wp-content\/uploads\/2022\/03\/moi-25-03-22-recadre\u0301-scaled.jpg&#8221; title_text=&#8221;moi 25-03-22 recadre\u0301&#8221; _builder_version=&#8221;4.16&#8243; _module_preset=&#8221;default&#8221; custom_margin=&#8221;|||11px|false|false&#8221; global_colors_info=&#8221;{}&#8221;][\/et_pb_image][\/et_pb_column][et_pb_column type=&#8221;3_4&#8243; _builder_version=&#8221;4.16&#8243; _module_preset=&#8221;default&#8221; global_colors_info=&#8221;{}&#8221;][et_pb_text _builder_version=&#8221;4.16&#8243; _module_preset=&#8221;default&#8221; global_colors_info=&#8221;{}&#8221;]<\/p>\n<div class=\"page\" title=\"Page 2\">\n<div class=\"section\">\n<div class=\"layoutArea\">\n<div class=\"column\">\n<div class=\"page\" title=\"Page 2\">\n<div class=\"section\">\n<div class=\"layoutArea\">\n<div class=\"column\">\n<p>Gae\u0308lle Cueff vit et travaille a\u0300 Paris ; son travail artistique, qui comporte souvent une base photographique, se d\u00e9veloppe dans des directions assez diverses (encaustiques, collages, photographies peintes, sculptures d&#8217;os animaux dans l&#8217;esprit d&#8217;un cabinet de curiosit\u00e9s, bo\u00eetes lumineuses), s\u2019organise en s\u00e9ries autour de th\u00e8mes r\u00e9currents (la nature, la m\u00e9moire, la trace, les racines, l\u2019imaginaire, l&#8217;hybridation) et se traduit par diff\u00e9rents choix plastiques (la transparence, la superposition, le d\u00e9calage, le recouvrement, la s\u00e9dimentation).<\/p>\n<p>Sa pratique actuelle est principalement tourn\u00e9e vers l&#8217;encaustique, o\u00f9 photographie et interventions graphiques et pigmentaires se m\u00ealent \u00e0 la cire d&#8217;abeille ; la plasticit\u00e9 et la soyeuse transparence de ce m\u00e9dium lui sont une source d&#8217;exp\u00e9rimentations toujours renouvel\u00e9es, et jettent un pont entre peinture et photographie, entre captation de la r\u00e9alit\u00e9 et exp\u00e9rimentations plastiques.\u00a0<\/p>\n<p>Apr\u00e8s une adolescence pass\u00e9e dans les montagnes c\u00e9venoles, Ga\u00eblle Cueff vient vivre \u00e0 Paris pour suivre des \u00e9tudes afin int\u00e9grer l\u2019\u00c9cole Normale Sup\u00e9rieure (en philosophie), compl\u00e9t\u00e9es un an apr\u00e8s sa r\u00e9ussite au concours d\u2019entr\u00e9e par un cursus au Celsa. Tout en explorant en parall\u00e8le divers chemins artistiques, elle entame \u00e0 l\u2019issue de ses \u00e9tudes une carri\u00e8re consacr\u00e9e \u00e0 la promotion d\u2019institutions culturelles, d\u2019\u00e9diteurs d\u2019art et d\u2019artistes. Elle a notamment travaille\u0301 plusieurs anne\u0301es au Muse\u0301e d\u2019Orsay puis, en free lance \u00e0 partir de 2002, pour les e\u0301ditions Taschen, ainsi que pour le salon international <em>Parcours des mondes<\/em> qui lui a ouvert l\u2019univers ine\u0301puisable de l\u2019art extra-europ\u00e9en et notamment africain. Elle d\u00e9cide \u00e0 l\u2019issue de 25 ans de carri\u00e8re dans la communication culturelle de se consacrer pleinement a\u0300 sa propre expression artistique.<\/p>\n<p>En 2018, laur\u00e9ate d\u2019un concours organise\u0301 le magazine Photo et Swatch, elle vit cinq mois \u00e0 Shangha\u00ef, en r\u00e9sidence d&#8217;artiste au Swatch Art Peace Hotel. Elle participe chaque ann\u00e9e \u00e0 plusieurs expositions notamment en France et en Belgique.<\/p>\n<p>En 2023, elle expose \u00e0 l&#8217;H\u00f4tel Solvay de Bruxelles \u00e0 l&#8217;invitation de Maison Parisienne et \u00e0 deux reprises dans les vitrines d&#8217;Artcurial.<br \/><span style=\"font-size: 14px;\">La galerie Fran\u00e7oise Livinec la pr\u00e9sente sur son stand d&#8217;Art Paris art fair (30 mars-2 avril, Grand Palais Eph\u00e9m\u00e8re), \u00e0 l&#8217;Ecole des filles en juillet (Huelgoat), sur Art on paper (5-8 novembre, Bruxelles, Tour &amp; Taxis), \u00e0 Luxembourg Art Week (10-12 novembre), \u00e0 FAB PARIS (22-26 novembre, Grand Palais Eph\u00e9m\u00e8re) et dans une exposition personnelle, &#8220;Troubler les fronti\u00e8res&#8221; (30 rue de Penthi\u00e8vre, 1er d\u00e9cembre &#8211; 27 janvier 2024).<\/span><\/p>\n<\/div>\n<\/div>\n<\/div>\n<\/div>\n<\/div>\n<\/div>\n<\/div>\n<\/div>\n<p>[\/et_pb_text][\/et_pb_column][\/et_pb_row][\/et_pb_section][et_pb_section fb_built=&#8221;1&#8243; _builder_version=&#8221;4.16&#8243; _module_preset=&#8221;default&#8221; global_colors_info=&#8221;{}&#8221;][et_pb_row _builder_version=&#8221;4.16&#8243; _module_preset=&#8221;default&#8221; global_colors_info=&#8221;{}&#8221;][et_pb_column type=&#8221;4_4&#8243; _builder_version=&#8221;4.16&#8243; _module_preset=&#8221;default&#8221; global_colors_info=&#8221;{}&#8221;][et_pb_image _builder_version=&#8221;4.16&#8243; _module_preset=&#8221;default&#8221; global_colors_info=&#8221;{}&#8221;][\/et_pb_image][\/et_pb_column][\/et_pb_row][\/et_pb_section][et_pb_section fb_built=&#8221;1&#8243; _builder_version=&#8221;4.16&#8243; _module_preset=&#8221;default&#8221; global_colors_info=&#8221;{}&#8221;][\/et_pb_section]<\/p>\n","protected":false},"excerpt":{"rendered":"<p>Gae\u0308lle Cueff vit et travaille a\u0300 Paris ; son travail artistique, qui comporte souvent une base photographique, se d\u00e9veloppe dans des directions assez diverses (encaustiques, collages, photographies peintes, sculptures d&#8217;os animaux dans l&#8217;esprit d&#8217;un cabinet de curiosit\u00e9s, bo\u00eetes lumineuses), s\u2019organise en s\u00e9ries autour de th\u00e8mes r\u00e9currents (la nature, la m\u00e9moire, la trace, les racines, l\u2019imaginaire, [&hellip;]<\/p>\n","protected":false},"author":208,"featured_media":0,"parent":0,"menu_order":0,"comment_status":"closed","ping_status":"closed","template":"","meta":{"_et_pb_use_builder":"on","_et_pb_old_content":"","_et_gb_content_width":"","om_disable_all_campaigns":false,"_monsterinsights_skip_tracking":false,"_monsterinsights_sitenote_active":false,"_monsterinsights_sitenote_note":"","_monsterinsights_sitenote_category":0,"_uf_show_specific_survey":0,"_uf_disable_surveys":false,"jetpack_post_was_ever_published":false,"footnotes":""},"class_list":["post-7584","page","type-page","status-publish","hentry"],"aioseo_notices":[],"yoast_head":"<!-- This site is optimized with the Yoast SEO plugin v27.0 - https:\/\/yoast.com\/product\/yoast-seo-wordpress\/ -->\n<title>Ga\u00eblle Cueff - Ga\u00eblle Cueff Art<\/title>\n<meta name=\"robots\" content=\"index, follow, max-snippet:-1, max-image-preview:large, max-video-preview:-1\" \/>\n<link rel=\"canonical\" href=\"https:\/\/gaelle-cueff-art.com\/gaelle-cueff\/\" \/>\n<meta property=\"og:locale\" content=\"en_US\" \/>\n<meta property=\"og:type\" content=\"article\" \/>\n<meta property=\"og:title\" content=\"Ga\u00eblle Cueff - Ga\u00eblle Cueff Art\" \/>\n<meta property=\"og:description\" content=\"Gae\u0308lle Cueff vit et travaille a\u0300 Paris ; son travail artistique, qui comporte souvent une base photographique, se d\u00e9veloppe dans des directions assez diverses (encaustiques, collages, photographies peintes, sculptures d&#039;os animaux dans l&#039;esprit d&#039;un cabinet de curiosit\u00e9s, bo\u00eetes lumineuses), s\u2019organise en s\u00e9ries autour de th\u00e8mes r\u00e9currents (la nature, la m\u00e9moire, la trace, les racines, l\u2019imaginaire, [&hellip;]\" \/>\n<meta property=\"og:url\" content=\"https:\/\/gaelle-cueff-art.com\/gaelle-cueff\/\" \/>\n<meta property=\"og:site_name\" content=\"Ga\u00eblle Cueff Art\" \/>\n<meta property=\"article:modified_time\" content=\"2023-10-02T10:38:08+00:00\" \/>\n<meta name=\"twitter:card\" content=\"summary_large_image\" \/>\n<meta name=\"twitter:label1\" content=\"Est. reading time\" \/>\n\t<meta name=\"twitter:data1\" content=\"3 minutes\" \/>\n<script type=\"application\/ld+json\" class=\"yoast-schema-graph\">{\"@context\":\"https:\/\/schema.org\",\"@graph\":[{\"@type\":\"WebPage\",\"@id\":\"https:\/\/gaelle-cueff-art.com\/gaelle-cueff\/\",\"url\":\"https:\/\/gaelle-cueff-art.com\/gaelle-cueff\/\",\"name\":\"Ga\u00eblle Cueff - Ga\u00eblle Cueff Art\",\"isPartOf\":{\"@id\":\"https:\/\/gaelle-cueff-art.com\/#website\"},\"datePublished\":\"2020-11-03T11:33:24+00:00\",\"dateModified\":\"2023-10-02T10:38:08+00:00\",\"breadcrumb\":{\"@id\":\"https:\/\/gaelle-cueff-art.com\/gaelle-cueff\/#breadcrumb\"},\"inLanguage\":\"en-US\",\"potentialAction\":[{\"@type\":\"ReadAction\",\"target\":[\"https:\/\/gaelle-cueff-art.com\/gaelle-cueff\/\"]}]},{\"@type\":\"BreadcrumbList\",\"@id\":\"https:\/\/gaelle-cueff-art.com\/gaelle-cueff\/#breadcrumb\",\"itemListElement\":[{\"@type\":\"ListItem\",\"position\":1,\"name\":\"Home\",\"item\":\"https:\/\/gaelle-cueff-art.com\/\"},{\"@type\":\"ListItem\",\"position\":2,\"name\":\"Ga\u00eblle Cueff\"}]},{\"@type\":\"WebSite\",\"@id\":\"https:\/\/gaelle-cueff-art.com\/#website\",\"url\":\"https:\/\/gaelle-cueff-art.com\/\",\"name\":\"Ga\u00eblle Cueff Art\",\"description\":\"\",\"potentialAction\":[{\"@type\":\"SearchAction\",\"target\":{\"@type\":\"EntryPoint\",\"urlTemplate\":\"https:\/\/gaelle-cueff-art.com\/?s={search_term_string}\"},\"query-input\":{\"@type\":\"PropertyValueSpecification\",\"valueRequired\":true,\"valueName\":\"search_term_string\"}}],\"inLanguage\":\"en-US\"}]}<\/script>\n<!-- \/ Yoast SEO plugin. -->","yoast_head_json":{"title":"Ga\u00eblle Cueff - Ga\u00eblle Cueff Art","robots":{"index":"index","follow":"follow","max-snippet":"max-snippet:-1","max-image-preview":"max-image-preview:large","max-video-preview":"max-video-preview:-1"},"canonical":"https:\/\/gaelle-cueff-art.com\/gaelle-cueff\/","og_locale":"en_US","og_type":"article","og_title":"Ga\u00eblle Cueff - Ga\u00eblle Cueff Art","og_description":"Gae\u0308lle Cueff vit et travaille a\u0300 Paris ; son travail artistique, qui comporte souvent une base photographique, se d\u00e9veloppe dans des directions assez diverses (encaustiques, collages, photographies peintes, sculptures d'os animaux dans l'esprit d'un cabinet de curiosit\u00e9s, bo\u00eetes lumineuses), s\u2019organise en s\u00e9ries autour de th\u00e8mes r\u00e9currents (la nature, la m\u00e9moire, la trace, les racines, l\u2019imaginaire, [&hellip;]","og_url":"https:\/\/gaelle-cueff-art.com\/gaelle-cueff\/","og_site_name":"Ga\u00eblle Cueff Art","article_modified_time":"2023-10-02T10:38:08+00:00","twitter_card":"summary_large_image","twitter_misc":{"Est. reading time":"3 minutes"},"schema":{"@context":"https:\/\/schema.org","@graph":[{"@type":"WebPage","@id":"https:\/\/gaelle-cueff-art.com\/gaelle-cueff\/","url":"https:\/\/gaelle-cueff-art.com\/gaelle-cueff\/","name":"Ga\u00eblle Cueff - Ga\u00eblle Cueff Art","isPartOf":{"@id":"https:\/\/gaelle-cueff-art.com\/#website"},"datePublished":"2020-11-03T11:33:24+00:00","dateModified":"2023-10-02T10:38:08+00:00","breadcrumb":{"@id":"https:\/\/gaelle-cueff-art.com\/gaelle-cueff\/#breadcrumb"},"inLanguage":"en-US","potentialAction":[{"@type":"ReadAction","target":["https:\/\/gaelle-cueff-art.com\/gaelle-cueff\/"]}]},{"@type":"BreadcrumbList","@id":"https:\/\/gaelle-cueff-art.com\/gaelle-cueff\/#breadcrumb","itemListElement":[{"@type":"ListItem","position":1,"name":"Home","item":"https:\/\/gaelle-cueff-art.com\/"},{"@type":"ListItem","position":2,"name":"Ga\u00eblle Cueff"}]},{"@type":"WebSite","@id":"https:\/\/gaelle-cueff-art.com\/#website","url":"https:\/\/gaelle-cueff-art.com\/","name":"Ga\u00eblle Cueff Art","description":"","potentialAction":[{"@type":"SearchAction","target":{"@type":"EntryPoint","urlTemplate":"https:\/\/gaelle-cueff-art.com\/?s={search_term_string}"},"query-input":{"@type":"PropertyValueSpecification","valueRequired":true,"valueName":"search_term_string"}}],"inLanguage":"en-US"}]}},"jetpack_sharing_enabled":true,"jetpack_shortlink":"https:\/\/wp.me\/P9YwYR-1Yk","jetpack-related-posts":[{"id":5361,"url":"https:\/\/gaelle-cueff-art.com\/en\/collages\/","url_meta":{"origin":7584,"position":0},"title":"Collages","author":"lesmotspourleweb","date":"01\/04\/2019","format":false,"excerpt":"","rel":"","context":"Similar post","block_context":{"text":"Similar post","link":""},"img":{"alt_text":"","src":"","width":0,"height":0},"classes":[]},{"id":5363,"url":"https:\/\/gaelle-cueff-art.com\/en\/collages-osculptes-genius-loci-hippocampes\/","url_meta":{"origin":7584,"position":1},"title":"COLLAGES &#8211; OSCULPT\u00c9S &#8211; GENIUS LOCI &amp; HIPPOCAMPES","author":"Ga\u00eblle Cueff","date":"01\/04\/2019","format":false,"excerpt":"","rel":"","context":"Similar post","block_context":{"text":"Similar post","link":""},"img":{"alt_text":"","src":"","width":0,"height":0},"classes":[]},{"id":10117,"url":"https:\/\/gaelle-cueff-art.com\/en\/refund_returns\/","url_meta":{"origin":7584,"position":2},"title":"Refund and Returns Policy","author":"lesmotspourleweb","date":"13\/11\/2022","format":false,"excerpt":"This is a sample page. Overview Our refund and returns policy lasts 30 days. If 30 days have passed since your purchase, we can\u2019t offer you a full refund or exchange. To be eligible for a return, your item must be unused and in the same condition that you received\u2026","rel":"","context":"Similar post","block_context":{"text":"Similar post","link":""},"img":{"alt_text":"","src":"","width":0,"height":0},"classes":[]}],"_links":{"self":[{"href":"https:\/\/gaelle-cueff-art.com\/en\/wp-json\/wp\/v2\/pages\/7584","targetHints":{"allow":["GET"]}}],"collection":[{"href":"https:\/\/gaelle-cueff-art.com\/en\/wp-json\/wp\/v2\/pages"}],"about":[{"href":"https:\/\/gaelle-cueff-art.com\/en\/wp-json\/wp\/v2\/types\/page"}],"author":[{"embeddable":true,"href":"https:\/\/gaelle-cueff-art.com\/en\/wp-json\/wp\/v2\/users\/208"}],"replies":[{"embeddable":true,"href":"https:\/\/gaelle-cueff-art.com\/en\/wp-json\/wp\/v2\/comments?post=7584"}],"version-history":[{"count":22,"href":"https:\/\/gaelle-cueff-art.com\/en\/wp-json\/wp\/v2\/pages\/7584\/revisions"}],"predecessor-version":[{"id":11241,"href":"https:\/\/gaelle-cueff-art.com\/en\/wp-json\/wp\/v2\/pages\/7584\/revisions\/11241"}],"wp:attachment":[{"href":"https:\/\/gaelle-cueff-art.com\/en\/wp-json\/wp\/v2\/media?parent=7584"}],"curies":[{"name":"wp","href":"https:\/\/api.w.org\/{rel}","templated":true}]}}