{"id":7480,"date":"2020-11-02T14:18:02","date_gmt":"2020-11-02T12:18:02","guid":{"rendered":"https:\/\/gaelle-cueff-art.com\/?page_id=7480"},"modified":"2022-07-16T13:10:55","modified_gmt":"2022-07-16T11:10:55","slug":"talismarins","status":"publish","type":"page","link":"https:\/\/gaelle-cueff-art.com\/en\/osculptes-menu\/talismarins\/","title":{"rendered":"Talismaritimes"},"content":{"rendered":"<p>[et_pb_section fb_built=&#8221;1&#8243; _builder_version=&#8221;3.22&#8243;][et_pb_row column_structure=&#8221;1_3,2_3&#8243; _builder_version=&#8221;4.6.1&#8243; background_size=&#8221;initial&#8221; background_position=&#8221;top_left&#8221; background_repeat=&#8221;repeat&#8221; width=&#8221;100%&#8221; max_width=&#8221;2560px&#8221;][et_pb_column type=&#8221;1_3&#8243; _builder_version=&#8221;3.25&#8243; custom_padding=&#8221;|||&#8221; custom_padding__hover=&#8221;|||&#8221;][et_pb_text _builder_version=&#8221;4.6.1&#8243; custom_margin=&#8221;-20px|||11px|false|false&#8221; custom_padding=&#8221;|||11px|false|false&#8221;]<\/p>\n<h1>Talismaritimes<\/h1>\n<p>Les <em>Talismaritimes<\/em> sont de petits talismans r\u00e9alis\u00e9s \u00e0 partir de glanages littoraux. Les traces r\u00e9colt\u00e9es, souvent des os de seiche, sont investis de pouvoirs po\u00e9tiques. Creus\u00e9s, peints, sculpt\u00e9s, socl\u00e9s, ils conservent leur structure initiale mais deviennent sculptures tot\u00e9miques.<span style=\"font-size: 14px; color: #5e5e5e; font-weight: 500;\"><\/span><\/p>\n<p><span style=\"font-size: 14px;\"><strong><span style=\"color: #5e5e5e;\">Cliquer sur les vignettes pour les agrandir et obtenir des renseignements compl\u00e9mentaires sur chaque oeuvre.<\/span><\/strong><\/span><\/p>\n<p><span style=\"font-size: 14px;\"><span style=\"color: #5e5e5e;\">Pour tout renseignement :\u00a0<strong>gaelle.cueff@orange.fr<\/strong><\/span><\/span><\/p>\n<p>[\/et_pb_text][\/et_pb_column][et_pb_column type=&#8221;2_3&#8243; _builder_version=&#8221;3.25&#8243; custom_padding=&#8221;|||&#8221; custom_padding__hover=&#8221;|||&#8221;][et_pb_shop type=&#8221;product_category&#8221; posts_number=&#8221;100&#8243; include_categories=&#8221;82&#8243; columns_number=&#8221;3&#8243; orderby=&#8221;date-desc&#8221; _builder_version=&#8221;4.6.1&#8243; title_font_size=&#8221;15px&#8221; price_text_color=&#8221;#7a7a7a&#8221; custom_margin=&#8221;-20px|11px||11px|false|false&#8221;]&nbsp;<br \/>\n[\/et_pb_shop][\/et_pb_column][\/et_pb_row][\/et_pb_section]<\/p>\n","protected":false},"excerpt":{"rendered":"<p>Talismaritimes Les Talismaritimes sont de petits talismans r\u00e9alis\u00e9s \u00e0 partir de glanages littoraux. Les traces r\u00e9colt\u00e9es, souvent des os de seiche, sont investis de pouvoirs po\u00e9tiques. Creus\u00e9s, peints, sculpt\u00e9s, socl\u00e9s, ils conservent leur structure initiale mais deviennent sculptures tot\u00e9miques. Cliquer sur les vignettes pour les agrandir et obtenir des renseignements compl\u00e9mentaires sur chaque oeuvre. Pour [&hellip;]<\/p>\n","protected":false},"author":208,"featured_media":0,"parent":7311,"menu_order":0,"comment_status":"closed","ping_status":"closed","template":"","meta":{"_et_pb_use_builder":"on","_et_pb_old_content":"","_et_gb_content_width":"","om_disable_all_campaigns":false,"_monsterinsights_skip_tracking":false,"_monsterinsights_sitenote_active":false,"_monsterinsights_sitenote_note":"","_monsterinsights_sitenote_category":0,"_uf_show_specific_survey":0,"_uf_disable_surveys":false,"jetpack_post_was_ever_published":false,"footnotes":""},"class_list":["post-7480","page","type-page","status-publish","hentry"],"aioseo_notices":[],"yoast_head":"<!-- This site is optimized with the Yoast SEO plugin v27.0 - https:\/\/yoast.com\/product\/yoast-seo-wordpress\/ -->\n<title>Talismaritimes - Ga\u00eblle Cueff Art<\/title>\n<meta name=\"robots\" content=\"index, follow, max-snippet:-1, max-image-preview:large, max-video-preview:-1\" \/>\n<link rel=\"canonical\" href=\"https:\/\/gaelle-cueff-art.com\/osculptes-menu\/talismarins\/\" \/>\n<meta property=\"og:locale\" content=\"en_US\" \/>\n<meta property=\"og:type\" content=\"article\" \/>\n<meta property=\"og:title\" content=\"Talismaritimes - Ga\u00eblle Cueff Art\" \/>\n<meta property=\"og:description\" content=\"Talismaritimes Les Talismaritimes sont de petits talismans r\u00e9alis\u00e9s \u00e0 partir de glanages littoraux. Les traces r\u00e9colt\u00e9es, souvent des os de seiche, sont investis de pouvoirs po\u00e9tiques. Creus\u00e9s, peints, sculpt\u00e9s, socl\u00e9s, ils conservent leur structure initiale mais deviennent sculptures tot\u00e9miques. Cliquer sur les vignettes pour les agrandir et obtenir des renseignements compl\u00e9mentaires sur chaque oeuvre. Pour [&hellip;]\" \/>\n<meta property=\"og:url\" content=\"https:\/\/gaelle-cueff-art.com\/osculptes-menu\/talismarins\/\" \/>\n<meta property=\"og:site_name\" content=\"Ga\u00eblle Cueff Art\" \/>\n<meta property=\"article:modified_time\" content=\"2022-07-16T11:10:55+00:00\" \/>\n<meta name=\"twitter:card\" content=\"summary_large_image\" \/>\n<meta name=\"twitter:label1\" content=\"Est. reading time\" \/>\n\t<meta name=\"twitter:data1\" content=\"1 minute\" \/>\n<script type=\"application\/ld+json\" class=\"yoast-schema-graph\">{\"@context\":\"https:\/\/schema.org\",\"@graph\":[{\"@type\":\"WebPage\",\"@id\":\"https:\/\/gaelle-cueff-art.com\/osculptes-menu\/talismarins\/\",\"url\":\"https:\/\/gaelle-cueff-art.com\/osculptes-menu\/talismarins\/\",\"name\":\"Talismaritimes - Ga\u00eblle Cueff Art\",\"isPartOf\":{\"@id\":\"https:\/\/gaelle-cueff-art.com\/#website\"},\"datePublished\":\"2020-11-02T12:18:02+00:00\",\"dateModified\":\"2022-07-16T11:10:55+00:00\",\"breadcrumb\":{\"@id\":\"https:\/\/gaelle-cueff-art.com\/osculptes-menu\/talismarins\/#breadcrumb\"},\"inLanguage\":\"en-US\",\"potentialAction\":[{\"@type\":\"ReadAction\",\"target\":[\"https:\/\/gaelle-cueff-art.com\/osculptes-menu\/talismarins\/\"]}]},{\"@type\":\"BreadcrumbList\",\"@id\":\"https:\/\/gaelle-cueff-art.com\/osculptes-menu\/talismarins\/#breadcrumb\",\"itemListElement\":[{\"@type\":\"ListItem\",\"position\":1,\"name\":\"Home\",\"item\":\"https:\/\/gaelle-cueff-art.com\/\"},{\"@type\":\"ListItem\",\"position\":2,\"name\":\"Osculpt\u00e9s\",\"item\":\"https:\/\/gaelle-cueff-art.com\/osculptes-menu\/\"},{\"@type\":\"ListItem\",\"position\":3,\"name\":\"Talismaritimes\"}]},{\"@type\":\"WebSite\",\"@id\":\"https:\/\/gaelle-cueff-art.com\/#website\",\"url\":\"https:\/\/gaelle-cueff-art.com\/\",\"name\":\"Ga\u00eblle Cueff Art\",\"description\":\"\",\"potentialAction\":[{\"@type\":\"SearchAction\",\"target\":{\"@type\":\"EntryPoint\",\"urlTemplate\":\"https:\/\/gaelle-cueff-art.com\/?s={search_term_string}\"},\"query-input\":{\"@type\":\"PropertyValueSpecification\",\"valueRequired\":true,\"valueName\":\"search_term_string\"}}],\"inLanguage\":\"en-US\"}]}<\/script>\n<!-- \/ Yoast SEO plugin. -->","yoast_head_json":{"title":"Talismaritimes - Ga\u00eblle Cueff Art","robots":{"index":"index","follow":"follow","max-snippet":"max-snippet:-1","max-image-preview":"max-image-preview:large","max-video-preview":"max-video-preview:-1"},"canonical":"https:\/\/gaelle-cueff-art.com\/osculptes-menu\/talismarins\/","og_locale":"en_US","og_type":"article","og_title":"Talismaritimes - Ga\u00eblle Cueff Art","og_description":"Talismaritimes Les Talismaritimes sont de petits talismans r\u00e9alis\u00e9s \u00e0 partir de glanages littoraux. Les traces r\u00e9colt\u00e9es, souvent des os de seiche, sont investis de pouvoirs po\u00e9tiques. Creus\u00e9s, peints, sculpt\u00e9s, socl\u00e9s, ils conservent leur structure initiale mais deviennent sculptures tot\u00e9miques. Cliquer sur les vignettes pour les agrandir et obtenir des renseignements compl\u00e9mentaires sur chaque oeuvre. Pour [&hellip;]","og_url":"https:\/\/gaelle-cueff-art.com\/osculptes-menu\/talismarins\/","og_site_name":"Ga\u00eblle Cueff Art","article_modified_time":"2022-07-16T11:10:55+00:00","twitter_card":"summary_large_image","twitter_misc":{"Est. reading time":"1 minute"},"schema":{"@context":"https:\/\/schema.org","@graph":[{"@type":"WebPage","@id":"https:\/\/gaelle-cueff-art.com\/osculptes-menu\/talismarins\/","url":"https:\/\/gaelle-cueff-art.com\/osculptes-menu\/talismarins\/","name":"Talismaritimes - Ga\u00eblle Cueff Art","isPartOf":{"@id":"https:\/\/gaelle-cueff-art.com\/#website"},"datePublished":"2020-11-02T12:18:02+00:00","dateModified":"2022-07-16T11:10:55+00:00","breadcrumb":{"@id":"https:\/\/gaelle-cueff-art.com\/osculptes-menu\/talismarins\/#breadcrumb"},"inLanguage":"en-US","potentialAction":[{"@type":"ReadAction","target":["https:\/\/gaelle-cueff-art.com\/osculptes-menu\/talismarins\/"]}]},{"@type":"BreadcrumbList","@id":"https:\/\/gaelle-cueff-art.com\/osculptes-menu\/talismarins\/#breadcrumb","itemListElement":[{"@type":"ListItem","position":1,"name":"Home","item":"https:\/\/gaelle-cueff-art.com\/"},{"@type":"ListItem","position":2,"name":"Osculpt\u00e9s","item":"https:\/\/gaelle-cueff-art.com\/osculptes-menu\/"},{"@type":"ListItem","position":3,"name":"Talismaritimes"}]},{"@type":"WebSite","@id":"https:\/\/gaelle-cueff-art.com\/#website","url":"https:\/\/gaelle-cueff-art.com\/","name":"Ga\u00eblle Cueff Art","description":"","potentialAction":[{"@type":"SearchAction","target":{"@type":"EntryPoint","urlTemplate":"https:\/\/gaelle-cueff-art.com\/?s={search_term_string}"},"query-input":{"@type":"PropertyValueSpecification","valueRequired":true,"valueName":"search_term_string"}}],"inLanguage":"en-US"}]}},"jetpack_sharing_enabled":true,"jetpack_shortlink":"https:\/\/wp.me\/P9YwYR-1WE","jetpack-related-posts":[{"id":7311,"url":"https:\/\/gaelle-cueff-art.com\/en\/osculptes-menu\/","url_meta":{"origin":7480,"position":0},"title":"Osculpt\u00e9s","author":"Ga\u00eblle Cueff","date":"25\/10\/2020","format":false,"excerpt":"","rel":"","context":"Similar post","block_context":{"text":"Similar post","link":""},"img":{"alt_text":"","src":"","width":0,"height":0},"classes":[]},{"id":5361,"url":"https:\/\/gaelle-cueff-art.com\/en\/collages\/","url_meta":{"origin":7480,"position":1},"title":"Collages","author":"lesmotspourleweb","date":"01\/04\/2019","format":false,"excerpt":"","rel":"","context":"Similar post","block_context":{"text":"Similar post","link":""},"img":{"alt_text":"","src":"","width":0,"height":0},"classes":[]},{"id":9079,"url":"https:\/\/gaelle-cueff-art.com\/en\/encaustiques-menu\/les-telluriques\/","url_meta":{"origin":7480,"position":2},"title":"Les Telluriques","author":"Ga\u00eblle Cueff","date":"24\/07\/2021","format":false,"excerpt":"","rel":"","context":"Similar post","block_context":{"text":"Similar post","link":""},"img":{"alt_text":"","src":"","width":0,"height":0},"classes":[]},{"id":7198,"url":"https:\/\/gaelle-cueff-art.com\/en\/collages-menu-2\/ton-visage-comme-un-paysage\/","url_meta":{"origin":7480,"position":3},"title":"Ton visage comme un paysage","author":"Ga\u00eblle Cueff","date":"24\/10\/2020","format":false,"excerpt":"","rel":"","context":"Similar post","block_context":{"text":"Similar post","link":""},"img":{"alt_text":"","src":"","width":0,"height":0},"classes":[]}],"_links":{"self":[{"href":"https:\/\/gaelle-cueff-art.com\/en\/wp-json\/wp\/v2\/pages\/7480","targetHints":{"allow":["GET"]}}],"collection":[{"href":"https:\/\/gaelle-cueff-art.com\/en\/wp-json\/wp\/v2\/pages"}],"about":[{"href":"https:\/\/gaelle-cueff-art.com\/en\/wp-json\/wp\/v2\/types\/page"}],"author":[{"embeddable":true,"href":"https:\/\/gaelle-cueff-art.com\/en\/wp-json\/wp\/v2\/users\/208"}],"replies":[{"embeddable":true,"href":"https:\/\/gaelle-cueff-art.com\/en\/wp-json\/wp\/v2\/comments?post=7480"}],"version-history":[{"count":9,"href":"https:\/\/gaelle-cueff-art.com\/en\/wp-json\/wp\/v2\/pages\/7480\/revisions"}],"predecessor-version":[{"id":9981,"href":"https:\/\/gaelle-cueff-art.com\/en\/wp-json\/wp\/v2\/pages\/7480\/revisions\/9981"}],"up":[{"embeddable":true,"href":"https:\/\/gaelle-cueff-art.com\/en\/wp-json\/wp\/v2\/pages\/7311"}],"wp:attachment":[{"href":"https:\/\/gaelle-cueff-art.com\/en\/wp-json\/wp\/v2\/media?parent=7480"}],"curies":[{"name":"wp","href":"https:\/\/api.w.org\/{rel}","templated":true}]}}