{"id":7378,"date":"2020-10-28T15:34:54","date_gmt":"2020-10-28T15:34:54","guid":{"rendered":"https:\/\/gaelle-cueff-art.com\/?page_id=7378"},"modified":"2026-04-08T18:55:02","modified_gmt":"2026-04-08T16:55:02","slug":"7378-2","status":"publish","type":"page","link":"https:\/\/gaelle-cueff-art.com\/en\/","title":{"rendered":"page d&#8217;accueil"},"content":{"rendered":"<p>[et_pb_section fb_built=&#8221;1&#8243; _builder_version=&#8221;4.16&#8243; _module_preset=&#8221;default&#8221; custom_margin=&#8221;-54px||||false|false&#8221; global_colors_info=&#8221;{}&#8221;][et_pb_row _builder_version=&#8221;4.16&#8243; _module_preset=&#8221;default&#8221; width=&#8221;auto&#8221; max_width=&#8221;2560px&#8221; custom_margin=&#8221;0px|11px|0px|11px|false|false&#8221; global_colors_info=&#8221;{}&#8221;][et_pb_column type=&#8221;4_4&#8243; _builder_version=&#8221;4.16&#8243; _module_preset=&#8221;default&#8221; background_color=&#8221;#fc9569&#8243; global_colors_info=&#8221;{}&#8221;][et_pb_text _builder_version=&#8221;4.16&#8243; _module_preset=&#8221;default&#8221; text_text_color=&#8221;#e09900&#8243; text_font_size=&#8221;15px&#8221; background_color=&#8221;#ffffff&#8221; max_width=&#8221;100%&#8221; custom_margin=&#8221;0px|||0px|false|false&#8221; custom_padding=&#8221;20px|11px|20px|11px|false|false&#8221; global_colors_info=&#8221;{}&#8221;]<\/p>\n<p><span style=\"color: #cc7700;\"><strong>Toutes les \u0153uvres, dont un petit \u00e9chantillon est propos\u00e9 dans le diaporama ci-dessous, sont pr\u00e9sent\u00e9es dans leur page d\u00e9di\u00e9e.\u00a0Pour tout contact : gaelle.cueff@orange.fr<\/strong><\/span><\/p>\n<p>[\/et_pb_text][\/et_pb_column][\/et_pb_row][et_pb_row column_structure=&#8221;2_5,3_5&#8243; _builder_version=&#8221;4.21.0&#8243; _module_preset=&#8221;default&#8221; width=&#8221;100%&#8221; max_width=&#8221;2560px&#8221; custom_padding=&#8221;6px|||18px||&#8221; border_style_all=&#8221;none&#8221; global_colors_info=&#8221;{}&#8221;][et_pb_column type=&#8221;2_5&#8243; _builder_version=&#8221;4.21.0&#8243; _module_preset=&#8221;default&#8221; global_colors_info=&#8221;{}&#8221;][et_pb_text _builder_version=&#8221;4.25.0&#8243; _module_preset=&#8221;default&#8221; custom_padding=&#8221;||12px|11px|false|false&#8221; border_style_all=&#8221;none&#8221; inline_fonts=&#8221;Abril Fatface&#8221; global_colors_info=&#8221;{}&#8221;]<\/p>\n<p><a href=\"https:\/\/gaelle-cueff-art.com\/en\/encaustiques-menu\/\"><span style=\"color: #cc7700;\"><strong>Encaustiques<\/strong><\/span><\/a><br \/>Les encaustiques sont des \u0153uvres uniques en petit format o\u00f9 de multiples couches de cire, tout comme dans les collages, marient photographie et pigments. Des s\u00e9ries comme<a href=\"https:\/\/gaelle-cueff-art.com\/en\/encaustiques-menu\/empreintes\/\"> <em>Empreintes<\/em><\/a>,<a href=\"https:\/\/gaelle-cueff-art.com\/en\/encaustiques-menu\/tranches-de-ville\/\">\u00a0<em>Tranches de ville <\/em><\/a>ou <a href=\"https:\/\/gaelle-cueff-art.com\/en\/encaustiques-menu\/noli-me-tangere\/\"><em>Noli me tangere<\/em><\/a>\u00a0ne sont pas sans rappeler le pictorialisme pour l&#8217;une, l&#8217;univers des ic\u00f4nes pour l&#8217;autre. Les <a href=\"https:\/\/gaelle-cueff-art.com\/en\/encaustiques-menu\/les-telluriques\/\"><em>Telluriques<\/em><\/a>, quant \u00e0 elles, plongent dans l&#8217;abstraction, \u00e9voquant des paysages c\u00e9lestes, marins ou terrestres.<\/p>\n<p><a href=\"https:\/\/gaelle-cueff-art.com\/en\/candela-et-orotones\/\"><span style=\"color: #cc7700;\"><strong>Candela et Orotones<\/strong><\/span><\/a><br \/><span class=\"a_GcMg font-feature-liga-off font-feature-clig-off font-feature-calt-off text-decoration-none text-strikethrough-none\">Les <em><a href=\"https:\/\/gaelle-cueff-art.com\/en\/candela-et-orotones\/candela\/\">Candela<\/a><\/em>, nom latin pour d\u00e9signer une chandelle, d\u00e9signent l\u2019unit\u00e9 de mesure de l\u2019intensit\u00e9 lumineuse d\u2019une source. Les \u0153uvres de cette s\u00e9rie se composent de photographies transf\u00e9r\u00e9es sur un support transparent, dont plusieurs fragments sont superpos\u00e9s avant d\u2019\u00eatre dispos\u00e9s entre les deux feuilles de verre d\u2019un cadre vitrine. Pos\u00e9s sur une surface plane, ces vitraux translucides captent et r\u00e9fractent la lumi\u00e8re ambiante en une multitude de variations. La superposition de plusieurs couches d\u2019une m\u00eame photographie en certaines zones leur conf\u00e8re une profondeur \u00e9voquant les dioramas, et t\u00e9moignent de l\u2019influence de la lumi\u00e8re sur la forme per\u00e7ue. <br \/><\/span><span class=\"a_GcMg font-feature-liga-off font-feature-clig-off font-feature-calt-off text-decoration-none text-strikethrough-none\">Les <a href=\"https:\/\/gaelle-cueff-art.com\/en\/candela-et-orotones\/orotones\/?et_fb=1&#038;PageSpeed=off\">Orotones<\/a> sont une variante des Candela, dans laquelle les fragments d\u2019images prennent place sur une feuille de verre elle-m\u00eame doubl\u00e9e d\u2019une deuxi\u00e8me couche recouverte de feuilles d\u2019or ou d\u2019argent qui emprisonnent et renvoient la lumi\u00e8re, et donnent une luminosit\u00e9 particuli\u00e8re et changeante \u00e0 l\u2019image travers\u00e9e par l\u2019or.<\/span><\/p>\n<p><a href=\"https:\/\/gaelle-cueff-art.com\/en\/les-hybridoides\/\"><span style=\"color: #cc7700;\"><strong>Hybrido\u00efdes<\/strong><\/span><\/a><br \/>Les<span>\u00a0<\/span><em>Hybrido\u00efdes<\/em><span>\u00a0<\/span> sont des chim\u00e8res n\u00e9es du mariage entre d\u2019anciennes planches anatomiques et des dessins extraits d\u2019ouvrages de naturalistes des XVIIIe et XIXe si\u00e8cles. Modulables \u00e0 l\u2019envi, ces propositions ludiques pr\u00e9sentent l\u2019humain comme un animal parmi d\u2019autres, inscrit dans l\u2019\u00e9volution, fa\u00e7onn\u00e9 par le vivant.<br \/><span style=\"font-size: 14px;\">Ces mariages improbables d\u00e9fient la logique du r\u00e9el, ouvrent des br\u00e8ches dans la pens\u00e9e commune, c\u00e9l\u00e8brent l\u2019accident, le r\u00eave et l\u2019impr\u00e9vu. Mais \u00e0 l\u2019\u00e8re des effondrements \u00e9cologiques, ce jeu devient aussi un outil de d\u00e9centrement : il d\u00e9fie l\u2019illusion d\u2019une humanit\u00e9 hors-sol, interroge nos repr\u00e9sentations du vivant, c\u00e9l\u00e8bre l\u2019impr\u00e9vu, la diversit\u00e9 et l\u2019interd\u00e9pendance.<br \/><\/span>Compos\u00e9es de petits cubes de 10 x 10 x 3 cm fix\u00e9es sur une planche de bois, elles sont modulables \u00e0 l\u2019envi et permettent de cr\u00e9er diverses figures hybrides m\u00ealant humain et animal.<\/p>\n<div><\/div>\n<div><\/div>\n<p>Un <a href=\"https:\/\/gaelle-cueff-art.com\/en\/2026\/04\/02\/17521\/\"><\/a> ouvrage \u00e9ponyme a \u00e9galement \u00e9t\u00e9 publi\u00e9 en janvier 2025 (voir <a href=\"https:\/\/gaelle-cueff-art.com\/en\/2026\/04\/02\/17521\/\">Publications<\/a>). Ce livre \u00e0 volets propose 270 cr\u00e9atures possibles, ainsi que 2704 po\u00e8mes.<\/p>\n<p><span style=\"color: #cc7700;\"><strong><\/strong><\/span><\/p>\n<p><a href=\"https:\/\/gaelle-cueff-art.com\/en\/collages-menu\/\"><span style=\"color: #cc7700;\"><strong>Collages<\/strong><\/span><\/a><br \/>Les collages, r\u00e9alis\u00e9s entre 2016 et 2019, sont r\u00e9alis\u00e9s \u00e0 la main \u00e0 partir d&#8217;images d\u00e9coup\u00e9es dans des magazines. D\u00e9clin\u00e9s en diverses s\u00e9ries <em>(<a href=\"https:\/\/gaelle-cueff-art.com\/en\/collages-menu-2\/la-cle-des-chants\/\">La Cl\u00e9 des chants<\/a>, <a href=\"https:\/\/gaelle-cueff-art.com\/en\/collages-menu-2\/signes\/\">Signes<\/a>, <a href=\"https:\/\/gaelle-cueff-art.com\/en\/collages-menu-2\/lost-in-translation\/\">Lost in translation<\/a>, <a href=\"https:\/\/gaelle-cueff-art.com\/en\/collages-menu-2\/ton-visage-comme-un-paysage\/\">Ton visage comme un paysage<\/a>,<\/em> <a href=\"https:\/\/gaelle-cueff-art.com\/en\/collages-menu-2\/transparitions\/\"><em>Transparitions<\/em><\/a>\u00a0et <a href=\"https:\/\/gaelle-cueff-art.com\/en\/collages-photos-hors-serie\/\">hors-s\u00e9rie<\/a>)<em>,<\/em>\u00a0ils portent souvent la marque d&#8217;une influence surr\u00e9aliste, et sont parfois enrichis de pigments. Une fois compos\u00e9s, ils sont scann\u00e9s en haute r\u00e9solution et imprim\u00e9s dans diff\u00e9rents formats, et dans une limite de sept exemplaires, sur papier fine art.<br \/><em>La Cl\u00e9 des chants<\/em>, s\u00e9rie inaugurale de 73 \u0153uvres,\u00a0a fait l&#8217;objet d&#8217;une publication \u00e9ponyme \u00e0 tirage limit\u00e9 (200 exemplaires) et accompagn\u00e9e d&#8217;une photographie sign\u00e9e (voir <a href=\"https:\/\/gaelle-cueff-art.com\/en\/publications\/\">Publications<\/a>).<a href=\"https:\/\/gaelle-cueff-art.com\/en\/gaelle-cueff\/\"><span style=\"color: #cc7700;\"><strong><\/strong><\/span><\/a><\/p>\n<p><a href=\"https:\/\/gaelle-cueff-art.com\/en\/photographies\/\"><span style=\"color: #cc7700;\"><strong>Photographies<\/strong><\/span><\/a><br \/>Plusieurs s\u00e9ries explorent le mariage entre prises de vues et superpositions diverses, telles <em><a href=\"https:\/\/gaelle-cueff-art.com\/en\/collages-menu-2\/sur-quel-ciel-secrivent-mes-nuits\/\">Sur quel ciel s&#8217;\u00e9crivent mes nuits ? <\/a><\/em><span style=\"color: rgba(0, 0, 0, 0.9);\"><a href=\"https:\/\/gaelle-cueff-art.com\/en\/collages-menu-2\/lost-in-translation\/\" style=\"color: rgba(0, 0, 0, 0.9);\">et <\/a><\/span><em><a href=\"https:\/\/gaelle-cueff-art.com\/en\/collages-menu-2\/les-grandes-et-petites-aventures-du-chat\/\">Les \u00c9ph\u00e9m\u00e9rides <\/a><\/em><span style=\"color: rgba(0, 0, 0, 0.9);\"><a href=\"https:\/\/gaelle-cueff-art.com\/en\/collages-menu-2\/les-grandes-et-petites-aventures-du-chat\/\" style=\"color: rgba(0, 0, 0, 0.9);\">ou\u00a0<\/a><\/span><em><a href=\"https:\/\/gaelle-cueff-art.com\/en\/collages-menu-2\/les-grandes-et-petites-aventures-du-chat\/\"> Les Petites et Grandes Aventures du Chat.<\/a><\/em><\/p>\n<p><a href=\"https:\/\/gaelle-cueff-art.com\/en\/photos-peintes\/\"><span style=\"color: #cc7700;\"><strong>Photos peintes<\/strong><\/span><\/a><br \/><span style=\"color: #5e5e5e;\"> Les photos peintes <\/span>comportent plusieurs s\u00e9ries parfois tr\u00e8s diff\u00e9rentes sur un plan esth\u00e9tique (<a href=\"https:\/\/gaelle-cueff-art.com\/en\/les-vibrations-de-la-foret\/\"><em>Les Vibrations de la for\u00eat<\/em><\/a>, <a href=\"https:\/\/gaelle-cueff-art.com\/en\/memoire-des-autres\/\"><em>M\u00e9moire des autres<\/em><\/a>, <a href=\"https:\/\/gaelle-cueff-art.com\/en\/les-mecaniques-du-corps\/\"><em>Les M\u00e9caniques du corps<\/em><\/a>) mais qui pr\u00e9sentent une parent\u00e9 dans leur commune recherche autour de la transparence et de la trace, qu&#8217;elle soit m\u00e9morielle ou sensorielle. Les photos utilis\u00e9es sont parfois des photos originales r\u00e9alis\u00e9es pour l&#8217;\u0153uvre, et parfois des portraits anciens, notamment des ferrotypes. Tout comme les collages, les photos peintes sont scann\u00e9es et imprim\u00e9es sur papier fine art en diff\u00e9rents formats et dans une limite de sept exemplaires.<\/p>\n<p><a href=\"https:\/\/gaelle-cueff-art.com\/en\/osculptes-menu\/\"><span color=\"#e02b20\" style=\"color: #cc7700;\"><b>Osculpt\u00e9s<\/b><\/span><\/a><br \/>Les <a href=\"https:\/\/gaelle-cueff-art.com\/en\/osculptes-menu\/galliformes\/\"><em>Osculpt\u00e9s<\/em><\/a> sont des variations autour des cabinets de curiosit\u00e9s, r\u00e9alis\u00e9s \u00e0 partir de glanages littoraux transform\u00e9s en talismans po\u00e9tiques ou d&#8217;os animaux divers, par\u00e9s, peints et socl\u00e9s telles des cr\u00e9atures hybrides et pr\u00e9cieuses.<\/p>\n<p><a href=\"https:\/\/gaelle-cueff-art.com\/en\/boites-lumineuses\/\"><span style=\"color: #cc7700;\"><strong>Bo\u00eetes lumineuses<\/strong><\/span><\/a><br \/>Les <a href=\"https:\/\/gaelle-cueff-art.com\/en\/genius-loci\/\"><em>Genius loci<\/em><\/a>,\u00a0<a href=\"https:\/\/gaelle-cueff-art.com\/en\/les-hippocampes\/\"><em>Les Hippocampes<\/em><\/a> et les\u00a0<a href=\"https:\/\/gaelle-cueff-art.com\/en\/genius-loci-familiers\/\"><em>Genius loci familiers<\/em><\/a> sont de petits autels consacr\u00e9s au souvenir d&#8217;un proche ou d&#8217;un inconnu m\u00ealant dans une bo\u00eete lumineuse photographie ancienne, pigments et mat\u00e9riaux divers superpos\u00e9s sur diverses feuilles de plexiglas.<a href=\"https:\/\/gaelle-cueff-art.com\/en\/osculptes-menu\/\"><span color=\"#e02b20\" style=\"color: #cc7700;\"><b><\/b><\/span><\/a><\/p>\n<p><strong><span style=\"color: #cc7700;\">Parcours de Ga\u00eblle Cueff : br\u00e8ve pr\u00e9sentation<\/span><\/strong><\/p>\n<p>[\/et_pb_text][\/et_pb_column][et_pb_column type=&#8221;3_5&#8243; _builder_version=&#8221;4.16&#8243; _module_preset=&#8221;default&#8221; global_colors_info=&#8221;{}&#8221;][et_pb_gallery gallery_ids=&#8221;9719,9061,2436,4952,6506,8619,6139,10392,10383,10441,10730,10585,10295,10674,10996,11005,10914,10938,11286,11283,11281,11272&#8243; fullwidth=&#8221;on&#8221; _builder_version=&#8221;4.27.4&#8243; _module_preset=&#8221;default&#8221; width=&#8221;70%&#8221; width_tablet=&#8221;86%&#8221; width_phone=&#8221;95%&#8221; width_last_edited=&#8221;on|phone&#8221; module_alignment=&#8221;center&#8221; custom_margin=&#8221;||-25px||false|false&#8221; animation_style=&#8221;fade&#8221; animation_duration=&#8221;2000ms&#8221; animation_delay=&#8221;3000ms&#8221; auto=&#8221;on&#8221; auto_speed=&#8221;6000&#8243; dbdb_version=&#8221;5.0.2&#8243; global_module=&#8221;16160&#8243; global_colors_info=&#8221;{}&#8221;][\/et_pb_gallery][\/et_pb_column][\/et_pb_row][\/et_pb_section]<\/p>\n","protected":false},"excerpt":{"rendered":"<p>Toutes les \u0153uvres, dont un petit \u00e9chantillon est propos\u00e9 dans le diaporama ci-dessous, sont pr\u00e9sent\u00e9es dans leur page d\u00e9di\u00e9e.\u00a0Pour tout contact : gaelle.cueff@orange.frEncaustiquesLes encaustiques sont des \u0153uvres uniques en petit format o\u00f9 de multiples couches de cire, tout comme dans les collages, marient photographie et pigments. Des s\u00e9ries comme Empreintes,\u00a0Tranches de ville ou Noli me [&hellip;]<\/p>\n","protected":false},"author":208,"featured_media":0,"parent":0,"menu_order":0,"comment_status":"closed","ping_status":"closed","template":"","meta":{"_et_pb_use_builder":"on","_et_pb_old_content":"","_et_gb_content_width":"","om_disable_all_campaigns":false,"_monsterinsights_skip_tracking":false,"_monsterinsights_sitenote_active":false,"_monsterinsights_sitenote_note":"","_monsterinsights_sitenote_category":0,"_uf_show_specific_survey":0,"_uf_disable_surveys":false,"jetpack_post_was_ever_published":false,"footnotes":""},"class_list":["post-7378","page","type-page","status-publish","hentry"],"aioseo_notices":[],"yoast_head":"<!-- This site is optimized with the Yoast SEO plugin v27.0 - https:\/\/yoast.com\/product\/yoast-seo-wordpress\/ -->\n<title>page d&#039;accueil - Ga\u00eblle Cueff Art<\/title>\n<meta name=\"robots\" content=\"index, follow, max-snippet:-1, max-image-preview:large, max-video-preview:-1\" \/>\n<link rel=\"canonical\" href=\"https:\/\/gaelle-cueff-art.com\/\" \/>\n<meta property=\"og:locale\" content=\"en_US\" \/>\n<meta property=\"og:type\" content=\"article\" \/>\n<meta property=\"og:title\" content=\"page d&#039;accueil - Ga\u00eblle Cueff Art\" \/>\n<meta property=\"og:description\" content=\"Toutes les \u0153uvres, dont un petit \u00e9chantillon est propos\u00e9 dans le diaporama ci-dessous, sont pr\u00e9sent\u00e9es dans leur page d\u00e9di\u00e9e.\u00a0Pour tout contact : gaelle.cueff@orange.frEncaustiquesLes encaustiques sont des \u0153uvres uniques en petit format o\u00f9 de multiples couches de cire, tout comme dans les collages, marient photographie et pigments. Des s\u00e9ries comme Empreintes,\u00a0Tranches de ville ou Noli me [&hellip;]\" \/>\n<meta property=\"og:url\" content=\"https:\/\/gaelle-cueff-art.com\/\" \/>\n<meta property=\"og:site_name\" content=\"Ga\u00eblle Cueff Art\" \/>\n<meta property=\"article:modified_time\" content=\"2026-04-08T16:55:02+00:00\" \/>\n<meta name=\"twitter:card\" content=\"summary_large_image\" \/>\n<meta name=\"twitter:label1\" content=\"Est. reading time\" \/>\n\t<meta name=\"twitter:data1\" content=\"5 minutes\" \/>\n<script type=\"application\/ld+json\" class=\"yoast-schema-graph\">{\"@context\":\"https:\/\/schema.org\",\"@graph\":[{\"@type\":\"WebPage\",\"@id\":\"https:\/\/gaelle-cueff-art.com\/\",\"url\":\"https:\/\/gaelle-cueff-art.com\/\",\"name\":\"page d'accueil - Ga\u00eblle Cueff Art\",\"isPartOf\":{\"@id\":\"https:\/\/gaelle-cueff-art.com\/#website\"},\"datePublished\":\"2020-10-28T15:34:54+00:00\",\"dateModified\":\"2026-04-08T16:55:02+00:00\",\"breadcrumb\":{\"@id\":\"https:\/\/gaelle-cueff-art.com\/#breadcrumb\"},\"inLanguage\":\"en-US\",\"potentialAction\":[{\"@type\":\"ReadAction\",\"target\":[\"https:\/\/gaelle-cueff-art.com\/\"]}]},{\"@type\":\"BreadcrumbList\",\"@id\":\"https:\/\/gaelle-cueff-art.com\/#breadcrumb\",\"itemListElement\":[{\"@type\":\"ListItem\",\"position\":1,\"name\":\"Home\",\"item\":\"https:\/\/gaelle-cueff-art.com\/\"},{\"@type\":\"ListItem\",\"position\":2,\"name\":\"page d&rsquo;accueil\"}]},{\"@type\":\"WebSite\",\"@id\":\"https:\/\/gaelle-cueff-art.com\/#website\",\"url\":\"https:\/\/gaelle-cueff-art.com\/\",\"name\":\"Ga\u00eblle Cueff Art\",\"description\":\"\",\"potentialAction\":[{\"@type\":\"SearchAction\",\"target\":{\"@type\":\"EntryPoint\",\"urlTemplate\":\"https:\/\/gaelle-cueff-art.com\/?s={search_term_string}\"},\"query-input\":{\"@type\":\"PropertyValueSpecification\",\"valueRequired\":true,\"valueName\":\"search_term_string\"}}],\"inLanguage\":\"en-US\"}]}<\/script>\n<!-- \/ Yoast SEO plugin. -->","yoast_head_json":{"title":"page d'accueil - Ga\u00eblle Cueff Art","robots":{"index":"index","follow":"follow","max-snippet":"max-snippet:-1","max-image-preview":"max-image-preview:large","max-video-preview":"max-video-preview:-1"},"canonical":"https:\/\/gaelle-cueff-art.com\/","og_locale":"en_US","og_type":"article","og_title":"page d'accueil - Ga\u00eblle Cueff Art","og_description":"Toutes les \u0153uvres, dont un petit \u00e9chantillon est propos\u00e9 dans le diaporama ci-dessous, sont pr\u00e9sent\u00e9es dans leur page d\u00e9di\u00e9e.\u00a0Pour tout contact : gaelle.cueff@orange.frEncaustiquesLes encaustiques sont des \u0153uvres uniques en petit format o\u00f9 de multiples couches de cire, tout comme dans les collages, marient photographie et pigments. Des s\u00e9ries comme Empreintes,\u00a0Tranches de ville ou Noli me [&hellip;]","og_url":"https:\/\/gaelle-cueff-art.com\/","og_site_name":"Ga\u00eblle Cueff Art","article_modified_time":"2026-04-08T16:55:02+00:00","twitter_card":"summary_large_image","twitter_misc":{"Est. reading time":"5 minutes"},"schema":{"@context":"https:\/\/schema.org","@graph":[{"@type":"WebPage","@id":"https:\/\/gaelle-cueff-art.com\/","url":"https:\/\/gaelle-cueff-art.com\/","name":"page d'accueil - Ga\u00eblle Cueff Art","isPartOf":{"@id":"https:\/\/gaelle-cueff-art.com\/#website"},"datePublished":"2020-10-28T15:34:54+00:00","dateModified":"2026-04-08T16:55:02+00:00","breadcrumb":{"@id":"https:\/\/gaelle-cueff-art.com\/#breadcrumb"},"inLanguage":"en-US","potentialAction":[{"@type":"ReadAction","target":["https:\/\/gaelle-cueff-art.com\/"]}]},{"@type":"BreadcrumbList","@id":"https:\/\/gaelle-cueff-art.com\/#breadcrumb","itemListElement":[{"@type":"ListItem","position":1,"name":"Home","item":"https:\/\/gaelle-cueff-art.com\/"},{"@type":"ListItem","position":2,"name":"page d&rsquo;accueil"}]},{"@type":"WebSite","@id":"https:\/\/gaelle-cueff-art.com\/#website","url":"https:\/\/gaelle-cueff-art.com\/","name":"Ga\u00eblle Cueff Art","description":"","potentialAction":[{"@type":"SearchAction","target":{"@type":"EntryPoint","urlTemplate":"https:\/\/gaelle-cueff-art.com\/?s={search_term_string}"},"query-input":{"@type":"PropertyValueSpecification","valueRequired":true,"valueName":"search_term_string"}}],"inLanguage":"en-US"}]}},"jetpack_sharing_enabled":true,"jetpack_shortlink":"https:\/\/wp.me\/P9YwYR-1V0","jetpack-related-posts":[{"id":5361,"url":"https:\/\/gaelle-cueff-art.com\/en\/collages\/","url_meta":{"origin":7378,"position":0},"title":"Collages","author":"lesmotspourleweb","date":"01\/04\/2019","format":false,"excerpt":"","rel":"","context":"Similar post","block_context":{"text":"Similar post","link":""},"img":{"alt_text":"","src":"","width":0,"height":0},"classes":[]}],"_links":{"self":[{"href":"https:\/\/gaelle-cueff-art.com\/en\/wp-json\/wp\/v2\/pages\/7378","targetHints":{"allow":["GET"]}}],"collection":[{"href":"https:\/\/gaelle-cueff-art.com\/en\/wp-json\/wp\/v2\/pages"}],"about":[{"href":"https:\/\/gaelle-cueff-art.com\/en\/wp-json\/wp\/v2\/types\/page"}],"author":[{"embeddable":true,"href":"https:\/\/gaelle-cueff-art.com\/en\/wp-json\/wp\/v2\/users\/208"}],"replies":[{"embeddable":true,"href":"https:\/\/gaelle-cueff-art.com\/en\/wp-json\/wp\/v2\/comments?post=7378"}],"version-history":[{"count":78,"href":"https:\/\/gaelle-cueff-art.com\/en\/wp-json\/wp\/v2\/pages\/7378\/revisions"}],"predecessor-version":[{"id":17606,"href":"https:\/\/gaelle-cueff-art.com\/en\/wp-json\/wp\/v2\/pages\/7378\/revisions\/17606"}],"wp:attachment":[{"href":"https:\/\/gaelle-cueff-art.com\/en\/wp-json\/wp\/v2\/media?parent=7378"}],"curies":[{"name":"wp","href":"https:\/\/api.w.org\/{rel}","templated":true}]}}