{"id":7332,"date":"2020-10-25T16:22:32","date_gmt":"2020-10-25T16:22:32","guid":{"rendered":"https:\/\/gaelle-cueff-art.com\/?page_id=7332"},"modified":"2023-01-07T12:38:07","modified_gmt":"2023-01-07T10:38:07","slug":"photos-peintes","status":"publish","type":"page","link":"https:\/\/gaelle-cueff-art.com\/en\/photos-peintes\/","title":{"rendered":"Photos peintes"},"content":{"rendered":"<p>[et_pb_section fb_built=&#8221;1&#8243; _builder_version=&#8221;4.16&#8243; _module_preset=&#8221;default&#8221; min_height=&#8221;330px&#8221; height=&#8221;1000px&#8221; overflow-y=&#8221;visible&#8221; custom_padding=&#8221;|||7px|false|false&#8221; global_colors_info=&#8221;{}&#8221;][et_pb_row column_structure=&#8221;1_3,1_3,1_3&#8243; _builder_version=&#8221;4.16&#8243; _module_preset=&#8221;default&#8221; width=&#8221;99%&#8221; max_width=&#8221;1610px&#8221; module_alignment=&#8221;left&#8221; custom_margin=&#8221;-34px|0px|0px|11px|false|false&#8221; custom_padding=&#8221;|0px||0px|false|false&#8221; global_colors_info=&#8221;{}&#8221;][et_pb_column type=&#8221;1_3&#8243; _builder_version=&#8221;4.16&#8243; _module_preset=&#8221;default&#8221; custom_padding=&#8221;|0px|||false|false&#8221; global_colors_info=&#8221;{}&#8221;][et_pb_text _builder_version=&#8221;4.16&#8243; _module_preset=&#8221;default&#8221; text_font=&#8221;|300|||||||&#8221; text_text_color=&#8221;#000000&#8243; text_font_size=&#8221;12px&#8221; text_line_height=&#8221;1.3em&#8221; header_font=&#8221;|300|||||||&#8221; header_text_color=&#8221;#000000&#8243; header_line_height=&#8221;1.1em&#8221; header_2_font=&#8221;|600|||||||&#8221; header_2_text_color=&#8221;#db6702&#8243; header_2_font_size=&#8221;13px&#8221; header_2_line_height=&#8221;1.2em&#8221; header_3_font=&#8221;|300|||||||&#8221; header_3_text_color=&#8221;#000000&#8243; header_3_font_size=&#8221;13px&#8221; header_3_line_height=&#8221;1.2em&#8221; width=&#8221;100%&#8221; custom_margin=&#8221;-27px|0px|0px|0px|false|false&#8221; custom_padding=&#8221;||0px|11px|false|false&#8221; global_colors_info=&#8221;{}&#8221;]<\/p>\n<p><strong><\/strong><\/p>\n<h2>PHOTOS PEINTES<\/h2>\n<h3>Des s\u00e9ries tr\u00e8s diverses se retrouvent autour d&#8217;une th\u00e9matique souvent li\u00e9e \u00e0 la nature (for\u00eat, paysages) et d&#8217;une recherche esth\u00e9tique sur la transparence et la trace.Les photographies utilis\u00e9es sont parfois des photos r\u00e9alis\u00e9es dans la nature (notamment pour la s\u00e9rie des\u00a0<em>Vibrations de la for\u00eat<\/em>) et parfois d&#8217;anciennes photos, notamment des ferrotypes, ins\u00e9r\u00e9es dans des compositions m\u00ealant collages et peinture.<\/h3>\n<h3><strong><\/strong><\/h3>\n<h3><strong>Chaque s\u00e9rie est pr\u00e9sent\u00e9e dans son int\u00e9gralit\u00e9 sur une page d\u00e9di\u00e9e accessible en cliquant sur les cartouches ci-joints.<\/strong><\/h3>\n<h3><strong>Cliquer sur les images pour acc\u00e9der au diaporama en grand format.<\/strong><\/h3>\n<p>&nbsp;<\/p>\n<p>[\/et_pb_text][\/et_pb_column][et_pb_column type=&#8221;1_3&#8243; _builder_version=&#8221;4.16&#8243; _module_preset=&#8221;default&#8221; global_colors_info=&#8221;{}&#8221;][et_pb_button button_url=&#8221;https:\/\/gaelle-cueff-art.com\/les-vibrations-de-la-foret&#8221; button_text=&#8221;Photos peintes\/Les Vibrations de la for\u00eat&#8221; button_alignment=&#8221;left&#8221; _builder_version=&#8221;4.16&#8243; _module_preset=&#8221;default&#8221; custom_button=&#8221;on&#8221; button_text_size=&#8221;12px&#8221; button_text_color=&#8221;#e06100&#8243; button_border_width=&#8221;1px&#8221; button_border_radius=&#8221;7px&#8221; custom_margin=&#8221;-7px||14px|11px|false|false&#8221; custom_padding=&#8221;|||11px|false|false&#8221; locked=&#8221;off&#8221; global_colors_info=&#8221;{}&#8221;][\/et_pb_button][et_pb_button button_url=&#8221;https:\/\/gaelle-cueff-art.com\/les-vibrations-de-la-vigne&#8221; button_text=&#8221;Photos peintes\/Les Vibrations de la vigne&#8221; button_alignment=&#8221;left&#8221; _builder_version=&#8221;4.16&#8243; _module_preset=&#8221;default&#8221; custom_button=&#8221;on&#8221; button_text_size=&#8221;12px&#8221; button_text_color=&#8221;#e06100&#8243; button_border_width=&#8221;1px&#8221; button_border_radius=&#8221;7px&#8221; custom_margin=&#8221;1px||14px|11px|false|false&#8221; custom_padding=&#8221;|||11px|false|false&#8221; locked=&#8221;off&#8221; global_colors_info=&#8221;{}&#8221;][\/et_pb_button][et_pb_button button_url=&#8221;https:\/\/gaelle-cueff-art.com\/memoire-des-autres&#8221; button_text=&#8221;Photos peintes\/M\u00e9moire des autres&#8221; button_alignment=&#8221;left&#8221; _builder_version=&#8221;4.16&#8243; _module_preset=&#8221;default&#8221; custom_button=&#8221;on&#8221; button_text_size=&#8221;12px&#8221; button_text_color=&#8221;#e06100&#8243; button_border_width=&#8221;1px&#8221; button_border_radius=&#8221;7px&#8221; custom_margin=&#8221;||14px|11px|false|false&#8221; custom_padding=&#8221;|||11px|false|false&#8221; locked=&#8221;off&#8221; global_colors_info=&#8221;{}&#8221;][\/et_pb_button][et_pb_button button_url=&#8221;https:\/\/gaelle-cueff-art.com\/les-mecaniques-du-corps&#8221; button_text=&#8221;Photos peintes\/Les M\u00e9caniques du corps&#8221; button_alignment=&#8221;left&#8221; _builder_version=&#8221;4.16&#8243; _module_preset=&#8221;default&#8221; custom_button=&#8221;on&#8221; button_text_size=&#8221;12px&#8221; button_text_color=&#8221;#e06100&#8243; button_border_width=&#8221;1px&#8221; button_border_radius=&#8221;7px&#8221; custom_margin=&#8221;||14px|11px|false|false&#8221; locked=&#8221;off&#8221; global_colors_info=&#8221;{}&#8221;][\/et_pb_button][et_pb_button button_url=&#8221;https:\/\/gaelle-cueff-art.com\/collages-photos-hors-serie&#8221; button_text=&#8221;Collages &#038; photos peintes\/hors-s\u00e9rie&#8221; button_alignment=&#8221;left&#8221; _builder_version=&#8221;4.16&#8243; _module_preset=&#8221;default&#8221; custom_button=&#8221;on&#8221; button_text_size=&#8221;12px&#8221; button_text_color=&#8221;#e06100&#8243; button_border_width=&#8221;1px&#8221; button_border_radius=&#8221;7px&#8221; custom_margin=&#8221;||0px|11px|false|false&#8221; locked=&#8221;off&#8221; global_colors_info=&#8221;{}&#8221;][\/et_pb_button][\/et_pb_column][et_pb_column type=&#8221;1_3&#8243; _builder_version=&#8221;4.16&#8243; _module_preset=&#8221;default&#8221; global_colors_info=&#8221;{}&#8221;][et_pb_gallery gallery_ids=&#8221;9942,6288,9946,6153,9944,6139,6506,5290,5531,5673,6576,5076&#8243; fullwidth=&#8221;on&#8221; dbdb_version=&#8221;3.9.6&#8243; _builder_version=&#8221;4.16&#8243; _module_preset=&#8221;default&#8221; transform_scale=&#8221;74%|74%&#8221; transform_translate=&#8221;-75px|-15px&#8221; width=&#8221;100%&#8221; custom_margin=&#8221;-50px|||-2px|false|false&#8221; custom_padding=&#8221;0px|||11px|false|false&#8221; animation_style=&#8221;slide&#8221; animation_duration=&#8221;0ms&#8221; animation_delay=&#8221;100ms&#8221; animation_intensity_slide=&#8221;12%&#8221; animation_repeat=&#8221;loop&#8221; auto=&#8221;on&#8221; auto_speed=&#8221;4000&#8243; global_colors_info=&#8221;{}&#8221;][\/et_pb_gallery][\/et_pb_column][\/et_pb_row][\/et_pb_section]<\/p>\n","protected":false},"excerpt":{"rendered":"<p>PHOTOS PEINTES Des s\u00e9ries tr\u00e8s diverses se retrouvent autour d&#8217;une th\u00e9matique souvent li\u00e9e \u00e0 la nature (for\u00eat, paysages) et d&#8217;une recherche esth\u00e9tique sur la transparence et la trace.Les photographies utilis\u00e9es sont parfois des photos r\u00e9alis\u00e9es dans la nature (notamment pour la s\u00e9rie des\u00a0Vibrations de la for\u00eat) et parfois d&#8217;anciennes photos, notamment des ferrotypes, ins\u00e9r\u00e9es dans [&hellip;]<\/p>\n","protected":false},"author":208,"featured_media":0,"parent":0,"menu_order":0,"comment_status":"closed","ping_status":"closed","template":"","meta":{"_et_pb_use_builder":"on","_et_pb_old_content":"","_et_gb_content_width":"","om_disable_all_campaigns":false,"_monsterinsights_skip_tracking":false,"_monsterinsights_sitenote_active":false,"_monsterinsights_sitenote_note":"","_monsterinsights_sitenote_category":0,"_uf_show_specific_survey":0,"_uf_disable_surveys":false,"jetpack_post_was_ever_published":false,"footnotes":""},"class_list":["post-7332","page","type-page","status-publish","hentry"],"aioseo_notices":[],"yoast_head":"<!-- This site is optimized with the Yoast SEO plugin v27.0 - https:\/\/yoast.com\/product\/yoast-seo-wordpress\/ -->\n<title>Photos peintes - Ga\u00eblle Cueff Art<\/title>\n<meta name=\"robots\" content=\"index, follow, max-snippet:-1, max-image-preview:large, max-video-preview:-1\" \/>\n<link rel=\"canonical\" href=\"https:\/\/gaelle-cueff-art.com\/photos-peintes\/\" \/>\n<meta property=\"og:locale\" content=\"en_US\" \/>\n<meta property=\"og:type\" content=\"article\" \/>\n<meta property=\"og:title\" content=\"Photos peintes - Ga\u00eblle Cueff Art\" \/>\n<meta property=\"og:description\" content=\"PHOTOS PEINTES Des s\u00e9ries tr\u00e8s diverses se retrouvent autour d&#039;une th\u00e9matique souvent li\u00e9e \u00e0 la nature (for\u00eat, paysages) et d&#039;une recherche esth\u00e9tique sur la transparence et la trace.Les photographies utilis\u00e9es sont parfois des photos r\u00e9alis\u00e9es dans la nature (notamment pour la s\u00e9rie des\u00a0Vibrations de la for\u00eat) et parfois d&#039;anciennes photos, notamment des ferrotypes, ins\u00e9r\u00e9es dans [&hellip;]\" \/>\n<meta property=\"og:url\" content=\"https:\/\/gaelle-cueff-art.com\/photos-peintes\/\" \/>\n<meta property=\"og:site_name\" content=\"Ga\u00eblle Cueff Art\" \/>\n<meta property=\"article:modified_time\" content=\"2023-01-07T10:38:07+00:00\" \/>\n<meta name=\"twitter:card\" content=\"summary_large_image\" \/>\n<meta name=\"twitter:label1\" content=\"Est. reading time\" \/>\n\t<meta name=\"twitter:data1\" content=\"3 minutes\" \/>\n<script type=\"application\/ld+json\" class=\"yoast-schema-graph\">{\"@context\":\"https:\/\/schema.org\",\"@graph\":[{\"@type\":\"WebPage\",\"@id\":\"https:\/\/gaelle-cueff-art.com\/photos-peintes\/\",\"url\":\"https:\/\/gaelle-cueff-art.com\/photos-peintes\/\",\"name\":\"Photos peintes - Ga\u00eblle Cueff Art\",\"isPartOf\":{\"@id\":\"https:\/\/gaelle-cueff-art.com\/#website\"},\"datePublished\":\"2020-10-25T16:22:32+00:00\",\"dateModified\":\"2023-01-07T10:38:07+00:00\",\"breadcrumb\":{\"@id\":\"https:\/\/gaelle-cueff-art.com\/photos-peintes\/#breadcrumb\"},\"inLanguage\":\"en-US\",\"potentialAction\":[{\"@type\":\"ReadAction\",\"target\":[\"https:\/\/gaelle-cueff-art.com\/photos-peintes\/\"]}]},{\"@type\":\"BreadcrumbList\",\"@id\":\"https:\/\/gaelle-cueff-art.com\/photos-peintes\/#breadcrumb\",\"itemListElement\":[{\"@type\":\"ListItem\",\"position\":1,\"name\":\"Home\",\"item\":\"https:\/\/gaelle-cueff-art.com\/\"},{\"@type\":\"ListItem\",\"position\":2,\"name\":\"Photos peintes\"}]},{\"@type\":\"WebSite\",\"@id\":\"https:\/\/gaelle-cueff-art.com\/#website\",\"url\":\"https:\/\/gaelle-cueff-art.com\/\",\"name\":\"Ga\u00eblle Cueff Art\",\"description\":\"\",\"potentialAction\":[{\"@type\":\"SearchAction\",\"target\":{\"@type\":\"EntryPoint\",\"urlTemplate\":\"https:\/\/gaelle-cueff-art.com\/?s={search_term_string}\"},\"query-input\":{\"@type\":\"PropertyValueSpecification\",\"valueRequired\":true,\"valueName\":\"search_term_string\"}}],\"inLanguage\":\"en-US\"}]}<\/script>\n<!-- \/ Yoast SEO plugin. -->","yoast_head_json":{"title":"Photos peintes - Ga\u00eblle Cueff Art","robots":{"index":"index","follow":"follow","max-snippet":"max-snippet:-1","max-image-preview":"max-image-preview:large","max-video-preview":"max-video-preview:-1"},"canonical":"https:\/\/gaelle-cueff-art.com\/photos-peintes\/","og_locale":"en_US","og_type":"article","og_title":"Photos peintes - Ga\u00eblle Cueff Art","og_description":"PHOTOS PEINTES Des s\u00e9ries tr\u00e8s diverses se retrouvent autour d'une th\u00e9matique souvent li\u00e9e \u00e0 la nature (for\u00eat, paysages) et d'une recherche esth\u00e9tique sur la transparence et la trace.Les photographies utilis\u00e9es sont parfois des photos r\u00e9alis\u00e9es dans la nature (notamment pour la s\u00e9rie des\u00a0Vibrations de la for\u00eat) et parfois d'anciennes photos, notamment des ferrotypes, ins\u00e9r\u00e9es dans [&hellip;]","og_url":"https:\/\/gaelle-cueff-art.com\/photos-peintes\/","og_site_name":"Ga\u00eblle Cueff Art","article_modified_time":"2023-01-07T10:38:07+00:00","twitter_card":"summary_large_image","twitter_misc":{"Est. reading time":"3 minutes"},"schema":{"@context":"https:\/\/schema.org","@graph":[{"@type":"WebPage","@id":"https:\/\/gaelle-cueff-art.com\/photos-peintes\/","url":"https:\/\/gaelle-cueff-art.com\/photos-peintes\/","name":"Photos peintes - Ga\u00eblle Cueff Art","isPartOf":{"@id":"https:\/\/gaelle-cueff-art.com\/#website"},"datePublished":"2020-10-25T16:22:32+00:00","dateModified":"2023-01-07T10:38:07+00:00","breadcrumb":{"@id":"https:\/\/gaelle-cueff-art.com\/photos-peintes\/#breadcrumb"},"inLanguage":"en-US","potentialAction":[{"@type":"ReadAction","target":["https:\/\/gaelle-cueff-art.com\/photos-peintes\/"]}]},{"@type":"BreadcrumbList","@id":"https:\/\/gaelle-cueff-art.com\/photos-peintes\/#breadcrumb","itemListElement":[{"@type":"ListItem","position":1,"name":"Home","item":"https:\/\/gaelle-cueff-art.com\/"},{"@type":"ListItem","position":2,"name":"Photos peintes"}]},{"@type":"WebSite","@id":"https:\/\/gaelle-cueff-art.com\/#website","url":"https:\/\/gaelle-cueff-art.com\/","name":"Ga\u00eblle Cueff Art","description":"","potentialAction":[{"@type":"SearchAction","target":{"@type":"EntryPoint","urlTemplate":"https:\/\/gaelle-cueff-art.com\/?s={search_term_string}"},"query-input":{"@type":"PropertyValueSpecification","valueRequired":true,"valueName":"search_term_string"}}],"inLanguage":"en-US"}]}},"jetpack_sharing_enabled":true,"jetpack_shortlink":"https:\/\/wp.me\/P9YwYR-1Ug","jetpack-related-posts":[{"id":5361,"url":"https:\/\/gaelle-cueff-art.com\/en\/collages\/","url_meta":{"origin":7332,"position":0},"title":"Collages","author":"lesmotspourleweb","date":"01\/04\/2019","format":false,"excerpt":"","rel":"","context":"Similar post","block_context":{"text":"Similar post","link":""},"img":{"alt_text":"","src":"","width":0,"height":0},"classes":[]}],"_links":{"self":[{"href":"https:\/\/gaelle-cueff-art.com\/en\/wp-json\/wp\/v2\/pages\/7332","targetHints":{"allow":["GET"]}}],"collection":[{"href":"https:\/\/gaelle-cueff-art.com\/en\/wp-json\/wp\/v2\/pages"}],"about":[{"href":"https:\/\/gaelle-cueff-art.com\/en\/wp-json\/wp\/v2\/types\/page"}],"author":[{"embeddable":true,"href":"https:\/\/gaelle-cueff-art.com\/en\/wp-json\/wp\/v2\/users\/208"}],"replies":[{"embeddable":true,"href":"https:\/\/gaelle-cueff-art.com\/en\/wp-json\/wp\/v2\/comments?post=7332"}],"version-history":[{"count":14,"href":"https:\/\/gaelle-cueff-art.com\/en\/wp-json\/wp\/v2\/pages\/7332\/revisions"}],"predecessor-version":[{"id":10365,"href":"https:\/\/gaelle-cueff-art.com\/en\/wp-json\/wp\/v2\/pages\/7332\/revisions\/10365"}],"wp:attachment":[{"href":"https:\/\/gaelle-cueff-art.com\/en\/wp-json\/wp\/v2\/media?parent=7332"}],"curies":[{"name":"wp","href":"https:\/\/api.w.org\/{rel}","templated":true}]}}