{"id":7322,"date":"2020-10-25T16:01:06","date_gmt":"2020-10-25T16:01:06","guid":{"rendered":"https:\/\/gaelle-cueff-art.com\/?page_id=7322"},"modified":"2026-04-08T18:36:12","modified_gmt":"2026-04-08T16:36:12","slug":"encaustiques-menu","status":"publish","type":"page","link":"https:\/\/gaelle-cueff-art.com\/en\/encaustiques-menu\/","title":{"rendered":"Encaustiques"},"content":{"rendered":"<p>[et_pb_section fb_built=&#8221;1&#8243; _builder_version=&#8221;4.16&#8243; _module_preset=&#8221;default&#8221; min_height=&#8221;330px&#8221; height=&#8221;1000px&#8221; overflow-y=&#8221;visible&#8221; custom_padding=&#8221;|||7px|false|false&#8221; hover_enabled=&#8221;0&#8243; global_colors_info=&#8221;{}&#8221; sticky_enabled=&#8221;0&#8243;][et_pb_row column_structure=&#8221;1_3,1_3,1_3&#8243; _builder_version=&#8221;4.16&#8243; _module_preset=&#8221;default&#8221; width=&#8221;100%&#8221; max_width=&#8221;2560px&#8221; module_alignment=&#8221;left&#8221; custom_margin=&#8221;0px|0px|0px|-11px|false|false&#8221; custom_padding=&#8221;|0px||0px|false|false&#8221; hover_enabled=&#8221;0&#8243; global_colors_info=&#8221;{}&#8221; sticky_enabled=&#8221;0&#8243;][et_pb_column type=&#8221;1_3&#8243; _builder_version=&#8221;4.16&#8243; _module_preset=&#8221;default&#8221; custom_padding=&#8221;|0px|||false|false&#8221; global_colors_info=&#8221;{}&#8221;][et_pb_text _builder_version=&#8221;4.16&#8243; _module_preset=&#8221;default&#8221; text_font=&#8221;|300|||||||&#8221; text_text_color=&#8221;#000000&#8243; text_font_size=&#8221;12px&#8221; text_line_height=&#8221;1.3em&#8221; header_font=&#8221;|300|||||||&#8221; header_text_color=&#8221;#000000&#8243; header_line_height=&#8221;1.1em&#8221; header_2_font=&#8221;|600|||||||&#8221; header_2_text_color=&#8221;#db6702&#8243; header_2_font_size=&#8221;13px&#8221; header_2_line_height=&#8221;1.2em&#8221; header_3_font=&#8221;|300|||||||&#8221; header_3_text_color=&#8221;#000000&#8243; header_3_font_size=&#8221;13px&#8221; header_3_line_height=&#8221;1.2em&#8221; width=&#8221;100%&#8221; custom_margin=&#8221;-31px|0px||11px|false|false&#8221; custom_padding=&#8221;0px||0px||false|false&#8221; global_colors_info=&#8221;{}&#8221;]<\/p>\n<h3><\/h3>\n<p><span style=\"font-size: 12px;\">\u00a0<\/span><strong><\/strong><\/p>\n<h2>ENCAUSTIQUES\u00a0<\/h2>\n<h3>Sur la soie translucide de l&#8217;encaustique (m\u00e9lange de cire et de r\u00e9sine) viennent se s\u00e9dimenter transfert de photographie, encres, pigments, feuille d\u2019or, pastels, gomme laque (dans la s\u00e9rie des blobs), \u00e0 nouveau recouverts d&#8217;une couche de cire amincie \u00e0 l\u2019aide d\u2019une mirette jusqu&#8217;\u00e0 retrouver une transparence facett\u00e9e par les traces de l&#8217;outil.<\/p>\n<\/h3>\n<h3>L&#8217;utilisation de cette technique, dans ces oeuvres entre photographie et peinture, permet de travailler la transparence et la profondeur qui sont un th\u00e8me \u00e9galement abord\u00e9 dans des s\u00e9ries telles que <em>Les Vibrations de la for\u00eat <\/em>ou les\u00a0<em>Genius loci.<\/em><\/h3>\n<h3><strong>Chaque s\u00e9rie est pr\u00e9sent\u00e9e dans son int\u00e9gralit\u00e9 sur une page d\u00e9di\u00e9e accessible en cliquant sur les cartouches ci-joints.<\/strong><\/h3>\n<h3><strong>Cliquer sur les images pour acc\u00e9der au diaporama en grand format.<\/strong><\/h3>\n<p>[\/et_pb_text][\/et_pb_column][et_pb_column type=&#8221;1_3&#8243; _builder_version=&#8221;4.16&#8243; _module_preset=&#8221;default&#8221; global_colors_info=&#8221;{}&#8221;][et_pb_button button_url=&#8221;https:\/\/gaelle-cueff-art.com\/empreintes&#8221; button_text=&#8221;Empreintes &#038; autres encaustiques&#8221; button_alignment=&#8221;left&#8221; _builder_version=&#8221;4.27.6&#8243; _module_preset=&#8221;default&#8221; custom_button=&#8221;on&#8221; button_text_size=&#8221;12px&#8221; button_text_color=&#8221;#e06100&#8243; button_border_width=&#8221;1px&#8221; button_border_radius=&#8221;7px&#8221; custom_margin=&#8221;17px||14px|11px|false|false&#8221; hover_enabled=&#8221;0&#8243; global_colors_info=&#8221;{}&#8221; sticky_enabled=&#8221;0&#8243;][\/et_pb_button][et_pb_button button_url=&#8221;https:\/\/gaelle-cueff-art.com\/tranches-de-ville&#8221; button_text=&#8221;Tranches de ville&#8221; _builder_version=&#8221;4.27.6&#8243; _module_preset=&#8221;default&#8221; custom_button=&#8221;on&#8221; button_text_size=&#8221;12px&#8221; button_text_color=&#8221;#e06100&#8243; button_bg_color=&#8221;#ffffff&#8221; button_border_color=&#8221;#e06100&#8243; button_border_radius=&#8221;7px&#8221; custom_margin=&#8221;14px||11px|11px|false|false&#8221; custom_padding=&#8221;|||11px|false|false&#8221; hover_enabled=&#8221;0&#8243; global_colors_info=&#8221;{}&#8221; sticky_enabled=&#8221;0&#8243;][\/et_pb_button][et_pb_button button_url=&#8221;https:\/\/gaelle-cueff-art.com\/noli-me-tangere&#8221; button_text=&#8221;Noli me tangere&#8221; button_alignment=&#8221;left&#8221; _builder_version=&#8221;4.27.6&#8243; _module_preset=&#8221;default&#8221; custom_button=&#8221;on&#8221; button_text_size=&#8221;12px&#8221; button_text_color=&#8221;#e06100&#8243; button_border_width=&#8221;1px&#8221; button_border_radius=&#8221;7px&#8221; custom_margin=&#8221;||14px|11px|false|false&#8221; custom_padding=&#8221;|||11px|false|false&#8221; hover_enabled=&#8221;0&#8243; global_colors_info=&#8221;{}&#8221; sticky_enabled=&#8221;0&#8243;][\/et_pb_button][et_pb_button button_url=&#8221;https:\/\/gaelle-cueff-art.com\/les-telluriques&#8221; button_text=&#8221;Les Telluriques&#8221; button_alignment=&#8221;left&#8221; _builder_version=&#8221;4.27.6&#8243; _module_preset=&#8221;default&#8221; custom_button=&#8221;on&#8221; button_text_size=&#8221;12px&#8221; button_text_color=&#8221;#e06100&#8243; button_border_width=&#8221;1px&#8221; button_border_radius=&#8221;7px&#8221; custom_margin=&#8221;||14px|11px|false|false&#8221; custom_padding=&#8221;|||11px|false|false&#8221; hover_enabled=&#8221;0&#8243; global_colors_info=&#8221;{}&#8221; sticky_enabled=&#8221;0&#8243;][\/et_pb_button][et_pb_button button_url=&#8221;https:\/\/gaelle-cueff-art.com\/les-hybrido\u00efdes&#8221; button_text=&#8221;Les Hybrido\u00efdes&#8221; button_alignment=&#8221;left&#8221; _builder_version=&#8221;4.27.6&#8243; _module_preset=&#8221;default&#8221; custom_button=&#8221;on&#8221; button_text_size=&#8221;12px&#8221; button_text_color=&#8221;#e06100&#8243; button_border_width=&#8221;1px&#8221; button_border_radius=&#8221;7px&#8221; custom_margin=&#8221;||14px|11px|false|false&#8221; custom_padding=&#8221;|||11px|false|false&#8221; hover_enabled=&#8221;0&#8243; global_colors_info=&#8221;{}&#8221; sticky_enabled=&#8221;0&#8243;][\/et_pb_button][\/et_pb_column][et_pb_column type=&#8221;1_3&#8243; _builder_version=&#8221;4.16&#8243; _module_preset=&#8221;default&#8221; global_colors_info=&#8221;{}&#8221;][et_pb_gallery gallery_ids=&#8221;9733,10674,9719,9253,10836,11005,10914,11283,11302,11286,11337,11339,11341,11298,10856,10671,11494,11295,11281,11469&#8243; fullwidth=&#8221;on&#8221; _builder_version=&#8221;4.21.0&#8243; _module_preset=&#8221;default&#8221; transform_scale=&#8221;74%|74%&#8221; transform_translate=&#8221;-68px|-12px&#8221; width=&#8221;100%&#8221; module_alignment=&#8221;left&#8221; custom_margin=&#8221;-33px||0px|3px|false|false&#8221; animation_style=&#8221;slide&#8221; animation_duration=&#8221;0ms&#8221; animation_delay=&#8221;100ms&#8221; animation_intensity_slide=&#8221;12%&#8221; animation_repeat=&#8221;loop&#8221; auto=&#8221;on&#8221; auto_speed=&#8221;4000&#8243; hover_enabled=&#8221;0&#8243; dbdb_version=&#8221;5.0.2&#8243; global_colors_info=&#8221;{}&#8221; sticky_enabled=&#8221;0&#8243;][\/et_pb_gallery][\/et_pb_column][\/et_pb_row][\/et_pb_section]<\/p>\n","protected":false},"excerpt":{"rendered":"<p>\u00a0 ENCAUSTIQUES\u00a0 Sur la soie translucide de l&#8217;encaustique (m\u00e9lange de cire et de r\u00e9sine) viennent se s\u00e9dimenter transfert de photographie, encres, pigments, feuille d\u2019or, pastels, gomme laque (dans la s\u00e9rie des blobs), \u00e0 nouveau recouverts d&#8217;une couche de cire amincie \u00e0 l\u2019aide d\u2019une mirette jusqu&#8217;\u00e0 retrouver une transparence facett\u00e9e par les traces de l&#8217;outil. L&#8217;utilisation [&hellip;]<\/p>\n","protected":false},"author":208,"featured_media":0,"parent":0,"menu_order":0,"comment_status":"closed","ping_status":"closed","template":"","meta":{"_et_pb_use_builder":"on","_et_pb_old_content":"","_et_gb_content_width":"","om_disable_all_campaigns":false,"_monsterinsights_skip_tracking":false,"_monsterinsights_sitenote_active":false,"_monsterinsights_sitenote_note":"","_monsterinsights_sitenote_category":0,"_uf_show_specific_survey":0,"_uf_disable_surveys":false,"jetpack_post_was_ever_published":false,"footnotes":""},"class_list":["post-7322","page","type-page","status-publish","hentry"],"aioseo_notices":[],"yoast_head":"<!-- This site is optimized with the Yoast SEO plugin v27.0 - https:\/\/yoast.com\/product\/yoast-seo-wordpress\/ -->\n<title>Encaustiques - Ga\u00eblle Cueff Art<\/title>\n<meta name=\"robots\" content=\"index, follow, max-snippet:-1, max-image-preview:large, max-video-preview:-1\" \/>\n<link rel=\"canonical\" href=\"https:\/\/gaelle-cueff-art.com\/encaustiques-menu\/\" \/>\n<meta property=\"og:locale\" content=\"en_US\" \/>\n<meta property=\"og:type\" content=\"article\" \/>\n<meta property=\"og:title\" content=\"Encaustiques - Ga\u00eblle Cueff Art\" \/>\n<meta property=\"og:description\" content=\"\u00a0 ENCAUSTIQUES\u00a0 Sur la soie translucide de l&#039;encaustique (m\u00e9lange de cire et de r\u00e9sine) viennent se s\u00e9dimenter transfert de photographie, encres, pigments, feuille d\u2019or, pastels, gomme laque (dans la s\u00e9rie des blobs), \u00e0 nouveau recouverts d&#039;une couche de cire amincie \u00e0 l\u2019aide d\u2019une mirette jusqu&#039;\u00e0 retrouver une transparence facett\u00e9e par les traces de l&#039;outil. L&#039;utilisation [&hellip;]\" \/>\n<meta property=\"og:url\" content=\"https:\/\/gaelle-cueff-art.com\/encaustiques-menu\/\" \/>\n<meta property=\"og:site_name\" content=\"Ga\u00eblle Cueff Art\" \/>\n<meta property=\"article:modified_time\" content=\"2026-04-08T16:36:12+00:00\" \/>\n<meta name=\"twitter:card\" content=\"summary_large_image\" \/>\n<meta name=\"twitter:label1\" content=\"Est. reading time\" \/>\n\t<meta name=\"twitter:data1\" content=\"4 minutes\" \/>\n<script type=\"application\/ld+json\" class=\"yoast-schema-graph\">{\"@context\":\"https:\/\/schema.org\",\"@graph\":[{\"@type\":\"WebPage\",\"@id\":\"https:\/\/gaelle-cueff-art.com\/encaustiques-menu\/\",\"url\":\"https:\/\/gaelle-cueff-art.com\/encaustiques-menu\/\",\"name\":\"Encaustiques - Ga\u00eblle Cueff Art\",\"isPartOf\":{\"@id\":\"https:\/\/gaelle-cueff-art.com\/#website\"},\"datePublished\":\"2020-10-25T16:01:06+00:00\",\"dateModified\":\"2026-04-08T16:36:12+00:00\",\"breadcrumb\":{\"@id\":\"https:\/\/gaelle-cueff-art.com\/encaustiques-menu\/#breadcrumb\"},\"inLanguage\":\"en-US\",\"potentialAction\":[{\"@type\":\"ReadAction\",\"target\":[\"https:\/\/gaelle-cueff-art.com\/encaustiques-menu\/\"]}]},{\"@type\":\"BreadcrumbList\",\"@id\":\"https:\/\/gaelle-cueff-art.com\/encaustiques-menu\/#breadcrumb\",\"itemListElement\":[{\"@type\":\"ListItem\",\"position\":1,\"name\":\"Home\",\"item\":\"https:\/\/gaelle-cueff-art.com\/\"},{\"@type\":\"ListItem\",\"position\":2,\"name\":\"Encaustiques\"}]},{\"@type\":\"WebSite\",\"@id\":\"https:\/\/gaelle-cueff-art.com\/#website\",\"url\":\"https:\/\/gaelle-cueff-art.com\/\",\"name\":\"Ga\u00eblle Cueff Art\",\"description\":\"\",\"potentialAction\":[{\"@type\":\"SearchAction\",\"target\":{\"@type\":\"EntryPoint\",\"urlTemplate\":\"https:\/\/gaelle-cueff-art.com\/?s={search_term_string}\"},\"query-input\":{\"@type\":\"PropertyValueSpecification\",\"valueRequired\":true,\"valueName\":\"search_term_string\"}}],\"inLanguage\":\"en-US\"}]}<\/script>\n<!-- \/ Yoast SEO plugin. -->","yoast_head_json":{"title":"Encaustiques - Ga\u00eblle Cueff Art","robots":{"index":"index","follow":"follow","max-snippet":"max-snippet:-1","max-image-preview":"max-image-preview:large","max-video-preview":"max-video-preview:-1"},"canonical":"https:\/\/gaelle-cueff-art.com\/encaustiques-menu\/","og_locale":"en_US","og_type":"article","og_title":"Encaustiques - Ga\u00eblle Cueff Art","og_description":"\u00a0 ENCAUSTIQUES\u00a0 Sur la soie translucide de l'encaustique (m\u00e9lange de cire et de r\u00e9sine) viennent se s\u00e9dimenter transfert de photographie, encres, pigments, feuille d\u2019or, pastels, gomme laque (dans la s\u00e9rie des blobs), \u00e0 nouveau recouverts d'une couche de cire amincie \u00e0 l\u2019aide d\u2019une mirette jusqu'\u00e0 retrouver une transparence facett\u00e9e par les traces de l'outil. L'utilisation [&hellip;]","og_url":"https:\/\/gaelle-cueff-art.com\/encaustiques-menu\/","og_site_name":"Ga\u00eblle Cueff Art","article_modified_time":"2026-04-08T16:36:12+00:00","twitter_card":"summary_large_image","twitter_misc":{"Est. reading time":"4 minutes"},"schema":{"@context":"https:\/\/schema.org","@graph":[{"@type":"WebPage","@id":"https:\/\/gaelle-cueff-art.com\/encaustiques-menu\/","url":"https:\/\/gaelle-cueff-art.com\/encaustiques-menu\/","name":"Encaustiques - Ga\u00eblle Cueff Art","isPartOf":{"@id":"https:\/\/gaelle-cueff-art.com\/#website"},"datePublished":"2020-10-25T16:01:06+00:00","dateModified":"2026-04-08T16:36:12+00:00","breadcrumb":{"@id":"https:\/\/gaelle-cueff-art.com\/encaustiques-menu\/#breadcrumb"},"inLanguage":"en-US","potentialAction":[{"@type":"ReadAction","target":["https:\/\/gaelle-cueff-art.com\/encaustiques-menu\/"]}]},{"@type":"BreadcrumbList","@id":"https:\/\/gaelle-cueff-art.com\/encaustiques-menu\/#breadcrumb","itemListElement":[{"@type":"ListItem","position":1,"name":"Home","item":"https:\/\/gaelle-cueff-art.com\/"},{"@type":"ListItem","position":2,"name":"Encaustiques"}]},{"@type":"WebSite","@id":"https:\/\/gaelle-cueff-art.com\/#website","url":"https:\/\/gaelle-cueff-art.com\/","name":"Ga\u00eblle Cueff Art","description":"","potentialAction":[{"@type":"SearchAction","target":{"@type":"EntryPoint","urlTemplate":"https:\/\/gaelle-cueff-art.com\/?s={search_term_string}"},"query-input":{"@type":"PropertyValueSpecification","valueRequired":true,"valueName":"search_term_string"}}],"inLanguage":"en-US"}]}},"jetpack_sharing_enabled":true,"jetpack_shortlink":"https:\/\/wp.me\/P9YwYR-1U6","jetpack-related-posts":[{"id":5361,"url":"https:\/\/gaelle-cueff-art.com\/en\/collages\/","url_meta":{"origin":7322,"position":0},"title":"Collages","author":"lesmotspourleweb","date":"01\/04\/2019","format":false,"excerpt":"","rel":"","context":"Similar post","block_context":{"text":"Similar post","link":""},"img":{"alt_text":"","src":"","width":0,"height":0},"classes":[]}],"_links":{"self":[{"href":"https:\/\/gaelle-cueff-art.com\/en\/wp-json\/wp\/v2\/pages\/7322","targetHints":{"allow":["GET"]}}],"collection":[{"href":"https:\/\/gaelle-cueff-art.com\/en\/wp-json\/wp\/v2\/pages"}],"about":[{"href":"https:\/\/gaelle-cueff-art.com\/en\/wp-json\/wp\/v2\/types\/page"}],"author":[{"embeddable":true,"href":"https:\/\/gaelle-cueff-art.com\/en\/wp-json\/wp\/v2\/users\/208"}],"replies":[{"embeddable":true,"href":"https:\/\/gaelle-cueff-art.com\/en\/wp-json\/wp\/v2\/comments?post=7322"}],"version-history":[{"count":33,"href":"https:\/\/gaelle-cueff-art.com\/en\/wp-json\/wp\/v2\/pages\/7322\/revisions"}],"predecessor-version":[{"id":17594,"href":"https:\/\/gaelle-cueff-art.com\/en\/wp-json\/wp\/v2\/pages\/7322\/revisions\/17594"}],"wp:attachment":[{"href":"https:\/\/gaelle-cueff-art.com\/en\/wp-json\/wp\/v2\/media?parent=7322"}],"curies":[{"name":"wp","href":"https:\/\/api.w.org\/{rel}","templated":true}]}}