{"id":7311,"date":"2020-10-25T15:26:26","date_gmt":"2020-10-25T15:26:26","guid":{"rendered":"https:\/\/gaelle-cueff-art.com\/?page_id=7311"},"modified":"2025-01-23T15:33:56","modified_gmt":"2025-01-23T13:33:56","slug":"osculptes-menu","status":"publish","type":"page","link":"https:\/\/gaelle-cueff-art.com\/en\/osculptes-menu\/","title":{"rendered":"Osculpt\u00e9s"},"content":{"rendered":"<p>[et_pb_section fb_built=&#8221;1&#8243; _builder_version=&#8221;4.16&#8243; _module_preset=&#8221;default&#8221; min_height=&#8221;330px&#8221; height=&#8221;1000px&#8221; overflow-y=&#8221;visible&#8221; custom_padding=&#8221;|||7px|false|false&#8221; global_colors_info=&#8221;{}&#8221;][et_pb_row column_structure=&#8221;1_3,1_3,1_3&#8243; _builder_version=&#8221;4.16&#8243; _module_preset=&#8221;default&#8221; width=&#8221;100%&#8221; max_width=&#8221;2560px&#8221; custom_margin=&#8221;0px|-11px|0px|-11px|false|false&#8221; custom_padding=&#8221;0px|0px||0px|false|false&#8221; global_colors_info=&#8221;{}&#8221;][et_pb_column type=&#8221;1_3&#8243; _builder_version=&#8221;4.16&#8243; _module_preset=&#8221;default&#8221; global_colors_info=&#8221;{}&#8221;][et_pb_text _builder_version=&#8221;4.25.0&#8243; _module_preset=&#8221;default&#8221; text_font=&#8221;|300|||||||&#8221; text_text_color=&#8221;#000000&#8243; text_font_size=&#8221;17px&#8221; header_font=&#8221;|300|||||||&#8221; header_text_color=&#8221;#000000&#8243; header_2_font=&#8221;|600|||||||&#8221; header_2_text_color=&#8221;#db6702&#8243; header_2_font_size=&#8221;13px&#8221; header_2_line_height=&#8221;1.2em&#8221; header_3_font=&#8221;|300|||||||&#8221; header_3_text_color=&#8221;#000000&#8243; header_3_font_size=&#8221;13px&#8221; header_3_line_height=&#8221;1.2em&#8221; width=&#8221;100%&#8221; module_alignment=&#8221;left&#8221; custom_margin=&#8221;0px|||0px|false|false&#8221; custom_padding=&#8221;0px|0px||11px|false|false&#8221; global_colors_info=&#8221;{}&#8221;]<\/p>\n<h2><span style=\"color: #db6702;\"><strong>OSCULPT\u00c9S<\/strong><\/span><\/h2>\n<h3>Les <em>Osculpt\u00e9s<\/em> proviennent d&#8217;animaux qui ont \u00e9t\u00e9 soit collect\u00e9s en bord de mer pour les coquillages et crustac\u00e9s (<em>Placuna placenta<\/em>, <em>Talismaritimes<\/em>, <em>Ostr\u00e9id\u00e9s) <\/em>soit cuisin\u00e9s et consomm\u00e9s avant que leur\u00a0structure osseuse ne soit pr\u00e9par\u00e9e, puis par\u00e9e (<em>Galliform<\/em><em>es<\/em>, <em>Ichtus<\/em> et <em>Bovid\u00e9s)<\/em>. Chaque os se mue ainsi en un Osculpt\u00e9 charg\u00e9 de souvenirs.<\/h3>\n<h3>Habill\u00e9s de pigments, de motifs, et de mat\u00e9riaux divers, puis mont\u00e9s sur socles ou pr\u00e9sent\u00e9s sous des cloches de verre, ces pi\u00e8ces deviennent de v\u00e9ritables tr\u00e9sors. Transform\u00e9s en objets pr\u00e9cieux, ils se d\u00e9voilent comme des curiosit\u00e9s de cabinet ou des totems investis de pouvoirs po\u00e9tiques.<\/h3>\n<h3><\/h3>\n<h3><strong>Chaque s\u00e9rie est pr\u00e9sent\u00e9e dans son int\u00e9gralit\u00e9 sur une page d\u00e9di\u00e9e accessible en cliquant sur les cartouches ci-joints.<\/strong><\/h3>\n<h3><strong>Cliquer sur les images pour acc\u00e9der au diaporama en grand format.<\/strong><\/h3>\n<h3><\/h3>\n<p>[\/et_pb_text][\/et_pb_column][et_pb_column type=&#8221;1_3&#8243; _builder_version=&#8221;4.16&#8243; _module_preset=&#8221;default&#8221; global_colors_info=&#8221;{}&#8221;][et_pb_button button_url=&#8221;https:\/\/gaelle-cueff-art.com\/galliformes&#8221; button_text=&#8221;Galliformes&#8221; button_alignment=&#8221;left&#8221; _builder_version=&#8221;4.16&#8243; _module_preset=&#8221;default&#8221; custom_button=&#8221;on&#8221; button_text_size=&#8221;12px&#8221; button_text_color=&#8221;#e06100&#8243; button_border_width=&#8221;1px&#8221; button_border_radius=&#8221;7px&#8221; button_icon_placement=&#8221;left&#8221; custom_margin=&#8221;26px||14px|11px|false|false&#8221; global_colors_info=&#8221;{}&#8221;][\/et_pb_button][et_pb_button button_url=&#8221;https:\/\/gaelle-cueff-art.com\/placuna-placenta&#8221; button_text=&#8221;Placuna placenta&#8221; button_alignment=&#8221;left&#8221; _builder_version=&#8221;4.25.0&#8243; _module_preset=&#8221;default&#8221; custom_button=&#8221;on&#8221; button_text_size=&#8221;12px&#8221; button_text_color=&#8221;#e06100&#8243; button_border_width=&#8221;1px&#8221; button_border_radius=&#8221;7px&#8221; button_icon_placement=&#8221;left&#8221; custom_margin=&#8221;0px||14px|11px|false|false&#8221; global_colors_info=&#8221;{}&#8221;][\/et_pb_button][et_pb_button button_url=&#8221;https:\/\/gaelle-cueff-art.com\/talismarins&#8221; button_text=&#8221;Talismaritimes&#8221; button_alignment=&#8221;left&#8221; _builder_version=&#8221;4.16&#8243; _module_preset=&#8221;default&#8221; custom_button=&#8221;on&#8221; button_text_size=&#8221;12px&#8221; button_text_color=&#8221;#e06100&#8243; button_border_width=&#8221;1px&#8221; button_border_radius=&#8221;7px&#8221; button_icon_placement=&#8221;left&#8221; custom_margin=&#8221;0px||14px|11px|false|false&#8221; global_colors_info=&#8221;{}&#8221;][\/et_pb_button][et_pb_button button_url=&#8221;https:\/\/gaelle-cueff-art.com\/ostreides&#8221; button_text=&#8221;Ostr\u00e9id\u00e9s&#8221; button_alignment=&#8221;left&#8221; _builder_version=&#8221;4.16&#8243; _module_preset=&#8221;default&#8221; custom_button=&#8221;on&#8221; button_text_size=&#8221;12px&#8221; button_text_color=&#8221;#e06100&#8243; button_border_width=&#8221;1px&#8221; button_border_radius=&#8221;7px&#8221; button_icon_placement=&#8221;left&#8221; custom_margin=&#8221;0px||14px|11px|false|false&#8221; global_colors_info=&#8221;{}&#8221;][\/et_pb_button][et_pb_button button_url=&#8221;https:\/\/gaelle-cueff-art.com\/ichtus&#8221; button_text=&#8221;Ichtus&#8221; button_alignment=&#8221;left&#8221; _builder_version=&#8221;4.16&#8243; _module_preset=&#8221;default&#8221; custom_button=&#8221;on&#8221; button_text_size=&#8221;12px&#8221; button_text_color=&#8221;#e06100&#8243; button_border_width=&#8221;1px&#8221; button_border_radius=&#8221;7px&#8221; button_icon_placement=&#8221;left&#8221; custom_margin=&#8221;0px||14px|11px|false|false&#8221; global_colors_info=&#8221;{}&#8221;][\/et_pb_button][et_pb_button button_url=&#8221;https:\/\/gaelle-cueff-art.com\/bovides&#8221; button_text=&#8221;Bovid\u00e9s&#8221; button_alignment=&#8221;left&#8221; _builder_version=&#8221;4.16&#8243; _module_preset=&#8221;default&#8221; custom_button=&#8221;on&#8221; button_text_size=&#8221;12px&#8221; button_text_color=&#8221;#e06100&#8243; button_border_width=&#8221;1px&#8221; button_border_radius=&#8221;7px&#8221; button_icon_placement=&#8221;left&#8221; custom_margin=&#8221;0px||14px|11px|false|false&#8221; global_colors_info=&#8221;{}&#8221;][\/et_pb_button][et_pb_button button_url=&#8221;https:\/\/gaelle-cueff-art.com\/osculptes-hors-serie&#8221; button_text=&#8221;Hors-s\u00e9rie&#8221; button_alignment=&#8221;left&#8221; _builder_version=&#8221;4.16&#8243; _module_preset=&#8221;default&#8221; custom_button=&#8221;on&#8221; button_text_size=&#8221;12px&#8221; button_text_color=&#8221;#e06100&#8243; button_border_width=&#8221;1px&#8221; button_border_radius=&#8221;7px&#8221; button_icon_placement=&#8221;left&#8221; custom_margin=&#8221;0px||14px|11px|false|false&#8221; global_colors_info=&#8221;{}&#8221;][\/et_pb_button][\/et_pb_column][et_pb_column type=&#8221;1_3&#8243; _builder_version=&#8221;4.16&#8243; _module_preset=&#8221;default&#8221; global_colors_info=&#8221;{}&#8221;][et_pb_gallery gallery_ids=&#8221;7675,8056,8036,8034,7904,7779,7739,7743,8135,8044,8167,8347,8410,8379,11819,11826&#8243; fullwidth=&#8221;on&#8221; _builder_version=&#8221;4.25.0&#8243; _module_preset=&#8221;default&#8221; transform_scale=&#8221;92%|92%&#8221; transform_translate=&#8221;-19px|-12px&#8221; transform_translate_linked=&#8221;off&#8221; width=&#8221;84%&#8221; min_height=&#8221;1000px&#8221; height=&#8221;447px&#8221; max_height=&#8221;1000px&#8221; custom_margin=&#8221;0px|||11px|false|false&#8221; animation_style=&#8221;slide&#8221; animation_duration=&#8221;0ms&#8221; animation_delay=&#8221;100ms&#8221; animation_intensity_slide=&#8221;12%&#8221; animation_repeat=&#8221;loop&#8221; auto=&#8221;on&#8221; auto_speed=&#8221;4000&#8243; dbdb_version=&#8221;4.6.2&#8243; global_colors_info=&#8221;{}&#8221;][\/et_pb_gallery][\/et_pb_column][\/et_pb_row][\/et_pb_section]<\/p>\n","protected":false},"excerpt":{"rendered":"<p>OSCULPT\u00c9S Les Osculpt\u00e9s proviennent d&#8217;animaux qui ont \u00e9t\u00e9 soit collect\u00e9s en bord de mer pour les coquillages et crustac\u00e9s (Placuna placenta, Talismaritimes, Ostr\u00e9id\u00e9s) soit cuisin\u00e9s et consomm\u00e9s avant que leur\u00a0structure osseuse ne soit pr\u00e9par\u00e9e, puis par\u00e9e (Galliformes, Ichtus et Bovid\u00e9s). Chaque os se mue ainsi en un Osculpt\u00e9 charg\u00e9 de souvenirs. Habill\u00e9s de pigments, de [&hellip;]<\/p>\n","protected":false},"author":208,"featured_media":0,"parent":0,"menu_order":0,"comment_status":"closed","ping_status":"closed","template":"","meta":{"_et_pb_use_builder":"on","_et_pb_old_content":"","_et_gb_content_width":"","om_disable_all_campaigns":false,"_monsterinsights_skip_tracking":false,"_monsterinsights_sitenote_active":false,"_monsterinsights_sitenote_note":"","_monsterinsights_sitenote_category":0,"_uf_show_specific_survey":0,"_uf_disable_surveys":false,"jetpack_post_was_ever_published":false,"footnotes":""},"class_list":["post-7311","page","type-page","status-publish","hentry"],"aioseo_notices":[],"yoast_head":"<!-- This site is optimized with the Yoast SEO plugin v27.0 - https:\/\/yoast.com\/product\/yoast-seo-wordpress\/ -->\n<title>Osculpt\u00e9s - Ga\u00eblle Cueff Art<\/title>\n<meta name=\"robots\" content=\"index, follow, max-snippet:-1, max-image-preview:large, max-video-preview:-1\" \/>\n<link rel=\"canonical\" href=\"https:\/\/gaelle-cueff-art.com\/osculptes-menu\/\" \/>\n<meta property=\"og:locale\" content=\"en_US\" \/>\n<meta property=\"og:type\" content=\"article\" \/>\n<meta property=\"og:title\" content=\"Osculpt\u00e9s - Ga\u00eblle Cueff Art\" \/>\n<meta property=\"og:description\" content=\"OSCULPT\u00c9S Les Osculpt\u00e9s proviennent d&#039;animaux qui ont \u00e9t\u00e9 soit collect\u00e9s en bord de mer pour les coquillages et crustac\u00e9s (Placuna placenta, Talismaritimes, Ostr\u00e9id\u00e9s) soit cuisin\u00e9s et consomm\u00e9s avant que leur\u00a0structure osseuse ne soit pr\u00e9par\u00e9e, puis par\u00e9e (Galliformes, Ichtus et Bovid\u00e9s). Chaque os se mue ainsi en un Osculpt\u00e9 charg\u00e9 de souvenirs. Habill\u00e9s de pigments, de [&hellip;]\" \/>\n<meta property=\"og:url\" content=\"https:\/\/gaelle-cueff-art.com\/osculptes-menu\/\" \/>\n<meta property=\"og:site_name\" content=\"Ga\u00eblle Cueff Art\" \/>\n<meta property=\"article:modified_time\" content=\"2025-01-23T13:33:56+00:00\" \/>\n<meta name=\"twitter:card\" content=\"summary_large_image\" \/>\n<meta name=\"twitter:label1\" content=\"Est. reading time\" \/>\n\t<meta name=\"twitter:data1\" content=\"4 minutes\" \/>\n<script type=\"application\/ld+json\" class=\"yoast-schema-graph\">{\"@context\":\"https:\/\/schema.org\",\"@graph\":[{\"@type\":\"WebPage\",\"@id\":\"https:\/\/gaelle-cueff-art.com\/osculptes-menu\/\",\"url\":\"https:\/\/gaelle-cueff-art.com\/osculptes-menu\/\",\"name\":\"Osculpt\u00e9s - Ga\u00eblle Cueff Art\",\"isPartOf\":{\"@id\":\"https:\/\/gaelle-cueff-art.com\/#website\"},\"datePublished\":\"2020-10-25T15:26:26+00:00\",\"dateModified\":\"2025-01-23T13:33:56+00:00\",\"breadcrumb\":{\"@id\":\"https:\/\/gaelle-cueff-art.com\/osculptes-menu\/#breadcrumb\"},\"inLanguage\":\"en-US\",\"potentialAction\":[{\"@type\":\"ReadAction\",\"target\":[\"https:\/\/gaelle-cueff-art.com\/osculptes-menu\/\"]}]},{\"@type\":\"BreadcrumbList\",\"@id\":\"https:\/\/gaelle-cueff-art.com\/osculptes-menu\/#breadcrumb\",\"itemListElement\":[{\"@type\":\"ListItem\",\"position\":1,\"name\":\"Home\",\"item\":\"https:\/\/gaelle-cueff-art.com\/\"},{\"@type\":\"ListItem\",\"position\":2,\"name\":\"Osculpt\u00e9s\"}]},{\"@type\":\"WebSite\",\"@id\":\"https:\/\/gaelle-cueff-art.com\/#website\",\"url\":\"https:\/\/gaelle-cueff-art.com\/\",\"name\":\"Ga\u00eblle Cueff Art\",\"description\":\"\",\"potentialAction\":[{\"@type\":\"SearchAction\",\"target\":{\"@type\":\"EntryPoint\",\"urlTemplate\":\"https:\/\/gaelle-cueff-art.com\/?s={search_term_string}\"},\"query-input\":{\"@type\":\"PropertyValueSpecification\",\"valueRequired\":true,\"valueName\":\"search_term_string\"}}],\"inLanguage\":\"en-US\"}]}<\/script>\n<!-- \/ Yoast SEO plugin. -->","yoast_head_json":{"title":"Osculpt\u00e9s - Ga\u00eblle Cueff Art","robots":{"index":"index","follow":"follow","max-snippet":"max-snippet:-1","max-image-preview":"max-image-preview:large","max-video-preview":"max-video-preview:-1"},"canonical":"https:\/\/gaelle-cueff-art.com\/osculptes-menu\/","og_locale":"en_US","og_type":"article","og_title":"Osculpt\u00e9s - Ga\u00eblle Cueff Art","og_description":"OSCULPT\u00c9S Les Osculpt\u00e9s proviennent d'animaux qui ont \u00e9t\u00e9 soit collect\u00e9s en bord de mer pour les coquillages et crustac\u00e9s (Placuna placenta, Talismaritimes, Ostr\u00e9id\u00e9s) soit cuisin\u00e9s et consomm\u00e9s avant que leur\u00a0structure osseuse ne soit pr\u00e9par\u00e9e, puis par\u00e9e (Galliformes, Ichtus et Bovid\u00e9s). Chaque os se mue ainsi en un Osculpt\u00e9 charg\u00e9 de souvenirs. Habill\u00e9s de pigments, de [&hellip;]","og_url":"https:\/\/gaelle-cueff-art.com\/osculptes-menu\/","og_site_name":"Ga\u00eblle Cueff Art","article_modified_time":"2025-01-23T13:33:56+00:00","twitter_card":"summary_large_image","twitter_misc":{"Est. reading time":"4 minutes"},"schema":{"@context":"https:\/\/schema.org","@graph":[{"@type":"WebPage","@id":"https:\/\/gaelle-cueff-art.com\/osculptes-menu\/","url":"https:\/\/gaelle-cueff-art.com\/osculptes-menu\/","name":"Osculpt\u00e9s - Ga\u00eblle Cueff Art","isPartOf":{"@id":"https:\/\/gaelle-cueff-art.com\/#website"},"datePublished":"2020-10-25T15:26:26+00:00","dateModified":"2025-01-23T13:33:56+00:00","breadcrumb":{"@id":"https:\/\/gaelle-cueff-art.com\/osculptes-menu\/#breadcrumb"},"inLanguage":"en-US","potentialAction":[{"@type":"ReadAction","target":["https:\/\/gaelle-cueff-art.com\/osculptes-menu\/"]}]},{"@type":"BreadcrumbList","@id":"https:\/\/gaelle-cueff-art.com\/osculptes-menu\/#breadcrumb","itemListElement":[{"@type":"ListItem","position":1,"name":"Home","item":"https:\/\/gaelle-cueff-art.com\/"},{"@type":"ListItem","position":2,"name":"Osculpt\u00e9s"}]},{"@type":"WebSite","@id":"https:\/\/gaelle-cueff-art.com\/#website","url":"https:\/\/gaelle-cueff-art.com\/","name":"Ga\u00eblle Cueff Art","description":"","potentialAction":[{"@type":"SearchAction","target":{"@type":"EntryPoint","urlTemplate":"https:\/\/gaelle-cueff-art.com\/?s={search_term_string}"},"query-input":{"@type":"PropertyValueSpecification","valueRequired":true,"valueName":"search_term_string"}}],"inLanguage":"en-US"}]}},"jetpack_sharing_enabled":true,"jetpack_shortlink":"https:\/\/wp.me\/P9YwYR-1TV","jetpack-related-posts":[{"id":5361,"url":"https:\/\/gaelle-cueff-art.com\/en\/collages\/","url_meta":{"origin":7311,"position":0},"title":"Collages","author":"lesmotspourleweb","date":"01\/04\/2019","format":false,"excerpt":"","rel":"","context":"Similar post","block_context":{"text":"Similar post","link":""},"img":{"alt_text":"","src":"","width":0,"height":0},"classes":[]}],"_links":{"self":[{"href":"https:\/\/gaelle-cueff-art.com\/en\/wp-json\/wp\/v2\/pages\/7311","targetHints":{"allow":["GET"]}}],"collection":[{"href":"https:\/\/gaelle-cueff-art.com\/en\/wp-json\/wp\/v2\/pages"}],"about":[{"href":"https:\/\/gaelle-cueff-art.com\/en\/wp-json\/wp\/v2\/types\/page"}],"author":[{"embeddable":true,"href":"https:\/\/gaelle-cueff-art.com\/en\/wp-json\/wp\/v2\/users\/208"}],"replies":[{"embeddable":true,"href":"https:\/\/gaelle-cueff-art.com\/en\/wp-json\/wp\/v2\/comments?post=7311"}],"version-history":[{"count":26,"href":"https:\/\/gaelle-cueff-art.com\/en\/wp-json\/wp\/v2\/pages\/7311\/revisions"}],"predecessor-version":[{"id":13429,"href":"https:\/\/gaelle-cueff-art.com\/en\/wp-json\/wp\/v2\/pages\/7311\/revisions\/13429"}],"wp:attachment":[{"href":"https:\/\/gaelle-cueff-art.com\/en\/wp-json\/wp\/v2\/media?parent=7311"}],"curies":[{"name":"wp","href":"https:\/\/api.w.org\/{rel}","templated":true}]}}