{"id":7303,"date":"2020-10-25T14:55:51","date_gmt":"2020-10-25T14:55:51","guid":{"rendered":"https:\/\/gaelle-cueff-art.com\/?page_id=7303"},"modified":"2024-11-09T15:09:19","modified_gmt":"2024-11-09T13:09:19","slug":"boites-lumineuses","status":"publish","type":"page","link":"https:\/\/gaelle-cueff-art.com\/en\/boites-lumineuses\/","title":{"rendered":"Bo\u00eetes lumineuses"},"content":{"rendered":"<p>[et_pb_section fb_built=&#8221;1&#8243; _builder_version=&#8221;4.16&#8243; _module_preset=&#8221;default&#8221; min_height=&#8221;330px&#8221; height=&#8221;1000px&#8221; overflow-y=&#8221;visible&#8221; custom_padding=&#8221;|||7px|false|false&#8221; global_colors_info=&#8221;{}&#8221;][et_pb_row column_structure=&#8221;1_3,1_3,1_3&#8243; _builder_version=&#8221;4.16&#8243; _module_preset=&#8221;default&#8221; width=&#8221;99%&#8221; max_width=&#8221;1610px&#8221; custom_margin=&#8221;6px|-11px|1px|-11px|false|false&#8221; custom_padding=&#8221;61px|0px||0px|false|false&#8221; global_colors_info=&#8221;{}&#8221;][et_pb_column type=&#8221;1_3&#8243; _builder_version=&#8221;4.16&#8243; _module_preset=&#8221;default&#8221; global_colors_info=&#8221;{}&#8221;][et_pb_text _builder_version=&#8221;4.16&#8243; _module_preset=&#8221;default&#8221; text_font=&#8221;|300|||||||&#8221; text_text_color=&#8221;#000000&#8243; text_font_size=&#8221;13px&#8221; text_line_height=&#8221;1.2em&#8221; header_font=&#8221;|300|||||||&#8221; header_text_color=&#8221;#000000&#8243; header_2_font=&#8221;|600|||||||&#8221; header_2_text_color=&#8221;#db6702&#8243; header_2_font_size=&#8221;13px&#8221; header_2_line_height=&#8221;1.2em&#8221; header_3_font=&#8221;|300|||||||&#8221; header_3_text_color=&#8221;#000000&#8243; header_3_font_size=&#8221;13px&#8221; header_3_line_height=&#8221;1.2em&#8221; width=&#8221;100%&#8221; min_height=&#8221;158px&#8221; custom_margin=&#8221;-50px|0px|0px|11px|false|false&#8221; custom_padding=&#8221;0px|0px||0px|false|false&#8221; global_colors_info=&#8221;{}&#8221;]<\/p>\n<h2><strong>GENIUS LOCI &amp; LES HIPPOCAMPES<\/strong><\/h2>\n<h3>Les\u00a0<em>Genius loci\u00a0<\/em>et <em>Les<\/em>\u00a0<em>Hippocampes<\/em> sont des bo\u00eetes lumineuses m\u00ealant photographie ancienne, pigments et mat\u00e9riaux divers comme des ailes de cigale, ench\u00e2ss\u00e9s entre plusieurs couches de plexiglas. Tels des autels domestiques, ils sont une petite lueur du pass\u00e9 sur notre pr\u00e9sent.<\/h3>\n<h3>Les\u00a0<em style=\"font-size: 13px;\">Genius loci<\/em><span style=\"font-size: 13px;\"> sont n\u00e9s lors d&#8217;une r\u00e9sidence d&#8217;artiste \u00e0 Shanghai et \u00e0 la faveur de vieux portraits d\u00e9nich\u00e9s sur le march\u00e9 des livres d&#8217;occasion du temple de Confucius, fragiles vestiges de vies oubli\u00e9es gliss\u00e9s parmi de vieux papiers.<\/span><\/h3>\n<h3><em>Les Hippocampes<\/em> sont une variante plus occidentale de ces bo\u00eetes lumineuses, et tirent leur nom de cette partie du cerveau, si\u00e8ge de la m\u00e9moire. Elles m\u00ealent reproduction de photographies anciennes, souvent des ferrotypes, et mat\u00e9riaux divers (collages, os de volaille, pigments).<br \/> <span style=\"font-size: 13px;\"><\/span>\u00a0<\/h3>\n<h2>GENIUS LOCI FAMILIERS<\/h2>\n<h3>Les\u00a0<em>Genius loci familiers\u00a0<\/em><span>sont une d\u00e9clinaison des <em>Genius loci<\/em>\u00a0 appliqu\u00e9e \u00e0 une photographie de famille, et r\u00e9alis\u00e9s sur commande. \u00c0 partir d&#8217;une photo de famille et de quelques \u00e9l\u00e9ments biographiques venant enrichir l&#8217;image, une bo\u00eete personnalis\u00e9e est cr\u00e9\u00e9e.<\/span><\/h3>\n<h3>Chaque bo\u00eete peut \u00eatre pos\u00e9e sur un meuble et dispense une lumi\u00e8re dont l&#8217;intensit\u00e9, le rythme et selon les mod\u00e8les la couleur sont command\u00e9s par une t\u00e9l\u00e9commande.<\/h3>\n<h3><\/h3>\n<h3><strong>Chaque s\u00e9rie est pr\u00e9sent\u00e9e dans son int\u00e9gralit\u00e9 sur une page d\u00e9di\u00e9e accessible en cliquant sur les cartouches ci-joints.<\/strong><\/h3>\n<h3><strong>Cliquer sur les images pour acc\u00e9der au diaporama en grand format.<\/strong><\/h3>\n<p><span><\/span><\/p>\n<p>[\/et_pb_text][\/et_pb_column][et_pb_column type=&#8221;1_3&#8243; _builder_version=&#8221;4.16&#8243; _module_preset=&#8221;default&#8221; global_colors_info=&#8221;{}&#8221;][et_pb_button button_url=&#8221;https:\/\/gaelle-cueff-art.com\/genius-loci&#8221; button_text=&#8221;Genius loci&#8221; button_alignment=&#8221;left&#8221; _builder_version=&#8221;4.16&#8243; _module_preset=&#8221;default&#8221; custom_button=&#8221;on&#8221; button_text_size=&#8221;12px&#8221; button_text_color=&#8221;#e06100&#8243; button_border_width=&#8221;1px&#8221; button_border_radius=&#8221;7px&#8221; button_icon_placement=&#8221;left&#8221; custom_margin=&#8221;-23px||14px|11px|false|false&#8221; global_colors_info=&#8221;{}&#8221;][\/et_pb_button][et_pb_button button_url=&#8221;https:\/\/gaelle-cueff-art.com\/les-hippocampes&#8221; button_text=&#8221;Les Hippocampes&#8221; button_alignment=&#8221;left&#8221; _builder_version=&#8221;4.16&#8243; _module_preset=&#8221;default&#8221; custom_button=&#8221;on&#8221; button_text_size=&#8221;12px&#8221; button_text_color=&#8221;#e06100&#8243; button_border_width=&#8221;1px&#8221; button_border_radius=&#8221;7px&#8221; custom_margin=&#8221;||14px|11px|false|false&#8221; hover_enabled=&#8221;0&#8243; global_colors_info=&#8221;{}&#8221; sticky_enabled=&#8221;0&#8243;][\/et_pb_button][et_pb_button button_url=&#8221;https:\/\/gaelle-cueff-art.com\/genius-loci-familiers&#8221; button_text=&#8221;Genius loci familiers&#8221; button_alignment=&#8221;left&#8221; _builder_version=&#8221;4.16&#8243; _module_preset=&#8221;default&#8221; custom_button=&#8221;on&#8221; button_text_size=&#8221;12px&#8221; button_text_color=&#8221;#e06100&#8243; button_border_width=&#8221;1px&#8221; button_border_radius=&#8221;7px&#8221; custom_margin=&#8221;||14px|11px|false|false&#8221; hover_enabled=&#8221;0&#8243; global_colors_info=&#8221;{}&#8221; sticky_enabled=&#8221;0&#8243;][\/et_pb_button][et_pb_button button_url=&#8221;https:\/\/gaelle-cueff-art.com\/placuna-placenta&#8221; button_text=&#8221;Placuna Placenta&#8221; button_alignment=&#8221;left&#8221; _builder_version=&#8221;4.27.2&#8243; _module_preset=&#8221;default&#8221; custom_button=&#8221;on&#8221; button_text_size=&#8221;12px&#8221; button_text_color=&#8221;#e06100&#8243; button_border_width=&#8221;1px&#8221; button_border_radius=&#8221;7px&#8221; custom_margin=&#8221;||14px|11px|false|false&#8221; hover_enabled=&#8221;0&#8243; global_colors_info=&#8221;{}&#8221; locked=&#8221;off&#8221; sticky_enabled=&#8221;0&#8243;][\/et_pb_button][\/et_pb_column][et_pb_column type=&#8221;1_3&#8243; _builder_version=&#8221;4.16&#8243; _module_preset=&#8221;default&#8221; global_colors_info=&#8221;{}&#8221;][et_pb_gallery gallery_ids=&#8221;5244,4874,5250,5131,5133,5127,5135,6487,5182&#8243; fullwidth=&#8221;on&#8221; _builder_version=&#8221;4.16&#8243; _module_preset=&#8221;default&#8221; transform_scale=&#8221;65%|65%&#8221; transform_translate=&#8221;-105px|-154px&#8221; width=&#8221;100%&#8221; module_alignment=&#8221;left&#8221; custom_margin=&#8221;-33px|||-2px|false|false&#8221; animation_style=&#8221;slide&#8221; animation_duration=&#8221;0ms&#8221; animation_delay=&#8221;100ms&#8221; animation_intensity_slide=&#8221;12%&#8221; animation_repeat=&#8221;loop&#8221; auto=&#8221;on&#8221; auto_speed=&#8221;4000&#8243; dbdb_version=&#8221;4.6.2&#8243; global_colors_info=&#8221;{}&#8221;][\/et_pb_gallery][\/et_pb_column][\/et_pb_row][\/et_pb_section]<\/p>\n","protected":false},"excerpt":{"rendered":"<p>GENIUS LOCI &amp; LES HIPPOCAMPES Les\u00a0Genius loci\u00a0et Les\u00a0Hippocampes sont des bo\u00eetes lumineuses m\u00ealant photographie ancienne, pigments et mat\u00e9riaux divers comme des ailes de cigale, ench\u00e2ss\u00e9s entre plusieurs couches de plexiglas. Tels des autels domestiques, ils sont une petite lueur du pass\u00e9 sur notre pr\u00e9sent. Les\u00a0Genius loci sont n\u00e9s lors d&#8217;une r\u00e9sidence d&#8217;artiste \u00e0 Shanghai et [&hellip;]<\/p>\n","protected":false},"author":208,"featured_media":0,"parent":0,"menu_order":0,"comment_status":"closed","ping_status":"closed","template":"","meta":{"_et_pb_use_builder":"on","_et_pb_old_content":"","_et_gb_content_width":"","om_disable_all_campaigns":false,"_monsterinsights_skip_tracking":false,"_monsterinsights_sitenote_active":false,"_monsterinsights_sitenote_note":"","_monsterinsights_sitenote_category":0,"_uf_show_specific_survey":0,"_uf_disable_surveys":false,"jetpack_post_was_ever_published":false,"footnotes":""},"class_list":["post-7303","page","type-page","status-publish","hentry"],"aioseo_notices":[],"yoast_head":"<!-- This site is optimized with the Yoast SEO plugin v27.0 - https:\/\/yoast.com\/product\/yoast-seo-wordpress\/ -->\n<title>Bo\u00eetes lumineuses - Ga\u00eblle Cueff Art<\/title>\n<meta name=\"robots\" content=\"index, follow, max-snippet:-1, max-image-preview:large, max-video-preview:-1\" \/>\n<link rel=\"canonical\" href=\"https:\/\/gaelle-cueff-art.com\/boites-lumineuses\/\" \/>\n<meta property=\"og:locale\" content=\"en_US\" \/>\n<meta property=\"og:type\" content=\"article\" \/>\n<meta property=\"og:title\" content=\"Bo\u00eetes lumineuses - Ga\u00eblle Cueff Art\" \/>\n<meta property=\"og:description\" content=\"GENIUS LOCI &amp; LES HIPPOCAMPES Les\u00a0Genius loci\u00a0et Les\u00a0Hippocampes sont des bo\u00eetes lumineuses m\u00ealant photographie ancienne, pigments et mat\u00e9riaux divers comme des ailes de cigale, ench\u00e2ss\u00e9s entre plusieurs couches de plexiglas. Tels des autels domestiques, ils sont une petite lueur du pass\u00e9 sur notre pr\u00e9sent. Les\u00a0Genius loci sont n\u00e9s lors d&#039;une r\u00e9sidence d&#039;artiste \u00e0 Shanghai et [&hellip;]\" \/>\n<meta property=\"og:url\" content=\"https:\/\/gaelle-cueff-art.com\/boites-lumineuses\/\" \/>\n<meta property=\"og:site_name\" content=\"Ga\u00eblle Cueff Art\" \/>\n<meta property=\"article:modified_time\" content=\"2024-11-09T13:09:19+00:00\" \/>\n<meta name=\"twitter:card\" content=\"summary_large_image\" \/>\n<meta name=\"twitter:label1\" content=\"Est. reading time\" \/>\n\t<meta name=\"twitter:data1\" content=\"4 minutes\" \/>\n<script type=\"application\/ld+json\" class=\"yoast-schema-graph\">{\"@context\":\"https:\/\/schema.org\",\"@graph\":[{\"@type\":\"WebPage\",\"@id\":\"https:\/\/gaelle-cueff-art.com\/boites-lumineuses\/\",\"url\":\"https:\/\/gaelle-cueff-art.com\/boites-lumineuses\/\",\"name\":\"Bo\u00eetes lumineuses - Ga\u00eblle Cueff Art\",\"isPartOf\":{\"@id\":\"https:\/\/gaelle-cueff-art.com\/#website\"},\"datePublished\":\"2020-10-25T14:55:51+00:00\",\"dateModified\":\"2024-11-09T13:09:19+00:00\",\"breadcrumb\":{\"@id\":\"https:\/\/gaelle-cueff-art.com\/boites-lumineuses\/#breadcrumb\"},\"inLanguage\":\"en-US\",\"potentialAction\":[{\"@type\":\"ReadAction\",\"target\":[\"https:\/\/gaelle-cueff-art.com\/boites-lumineuses\/\"]}]},{\"@type\":\"BreadcrumbList\",\"@id\":\"https:\/\/gaelle-cueff-art.com\/boites-lumineuses\/#breadcrumb\",\"itemListElement\":[{\"@type\":\"ListItem\",\"position\":1,\"name\":\"Home\",\"item\":\"https:\/\/gaelle-cueff-art.com\/\"},{\"@type\":\"ListItem\",\"position\":2,\"name\":\"Bo\u00eetes lumineuses\"}]},{\"@type\":\"WebSite\",\"@id\":\"https:\/\/gaelle-cueff-art.com\/#website\",\"url\":\"https:\/\/gaelle-cueff-art.com\/\",\"name\":\"Ga\u00eblle Cueff Art\",\"description\":\"\",\"potentialAction\":[{\"@type\":\"SearchAction\",\"target\":{\"@type\":\"EntryPoint\",\"urlTemplate\":\"https:\/\/gaelle-cueff-art.com\/?s={search_term_string}\"},\"query-input\":{\"@type\":\"PropertyValueSpecification\",\"valueRequired\":true,\"valueName\":\"search_term_string\"}}],\"inLanguage\":\"en-US\"}]}<\/script>\n<!-- \/ Yoast SEO plugin. -->","yoast_head_json":{"title":"Bo\u00eetes lumineuses - Ga\u00eblle Cueff Art","robots":{"index":"index","follow":"follow","max-snippet":"max-snippet:-1","max-image-preview":"max-image-preview:large","max-video-preview":"max-video-preview:-1"},"canonical":"https:\/\/gaelle-cueff-art.com\/boites-lumineuses\/","og_locale":"en_US","og_type":"article","og_title":"Bo\u00eetes lumineuses - Ga\u00eblle Cueff Art","og_description":"GENIUS LOCI &amp; LES HIPPOCAMPES Les\u00a0Genius loci\u00a0et Les\u00a0Hippocampes sont des bo\u00eetes lumineuses m\u00ealant photographie ancienne, pigments et mat\u00e9riaux divers comme des ailes de cigale, ench\u00e2ss\u00e9s entre plusieurs couches de plexiglas. Tels des autels domestiques, ils sont une petite lueur du pass\u00e9 sur notre pr\u00e9sent. Les\u00a0Genius loci sont n\u00e9s lors d'une r\u00e9sidence d'artiste \u00e0 Shanghai et [&hellip;]","og_url":"https:\/\/gaelle-cueff-art.com\/boites-lumineuses\/","og_site_name":"Ga\u00eblle Cueff Art","article_modified_time":"2024-11-09T13:09:19+00:00","twitter_card":"summary_large_image","twitter_misc":{"Est. reading time":"4 minutes"},"schema":{"@context":"https:\/\/schema.org","@graph":[{"@type":"WebPage","@id":"https:\/\/gaelle-cueff-art.com\/boites-lumineuses\/","url":"https:\/\/gaelle-cueff-art.com\/boites-lumineuses\/","name":"Bo\u00eetes lumineuses - Ga\u00eblle Cueff Art","isPartOf":{"@id":"https:\/\/gaelle-cueff-art.com\/#website"},"datePublished":"2020-10-25T14:55:51+00:00","dateModified":"2024-11-09T13:09:19+00:00","breadcrumb":{"@id":"https:\/\/gaelle-cueff-art.com\/boites-lumineuses\/#breadcrumb"},"inLanguage":"en-US","potentialAction":[{"@type":"ReadAction","target":["https:\/\/gaelle-cueff-art.com\/boites-lumineuses\/"]}]},{"@type":"BreadcrumbList","@id":"https:\/\/gaelle-cueff-art.com\/boites-lumineuses\/#breadcrumb","itemListElement":[{"@type":"ListItem","position":1,"name":"Home","item":"https:\/\/gaelle-cueff-art.com\/"},{"@type":"ListItem","position":2,"name":"Bo\u00eetes lumineuses"}]},{"@type":"WebSite","@id":"https:\/\/gaelle-cueff-art.com\/#website","url":"https:\/\/gaelle-cueff-art.com\/","name":"Ga\u00eblle Cueff Art","description":"","potentialAction":[{"@type":"SearchAction","target":{"@type":"EntryPoint","urlTemplate":"https:\/\/gaelle-cueff-art.com\/?s={search_term_string}"},"query-input":{"@type":"PropertyValueSpecification","valueRequired":true,"valueName":"search_term_string"}}],"inLanguage":"en-US"}]}},"jetpack_sharing_enabled":true,"jetpack_shortlink":"https:\/\/wp.me\/P9YwYR-1TN","jetpack-related-posts":[{"id":5361,"url":"https:\/\/gaelle-cueff-art.com\/en\/collages\/","url_meta":{"origin":7303,"position":0},"title":"Collages","author":"lesmotspourleweb","date":"01\/04\/2019","format":false,"excerpt":"","rel":"","context":"Similar post","block_context":{"text":"Similar post","link":""},"img":{"alt_text":"","src":"","width":0,"height":0},"classes":[]}],"_links":{"self":[{"href":"https:\/\/gaelle-cueff-art.com\/en\/wp-json\/wp\/v2\/pages\/7303","targetHints":{"allow":["GET"]}}],"collection":[{"href":"https:\/\/gaelle-cueff-art.com\/en\/wp-json\/wp\/v2\/pages"}],"about":[{"href":"https:\/\/gaelle-cueff-art.com\/en\/wp-json\/wp\/v2\/types\/page"}],"author":[{"embeddable":true,"href":"https:\/\/gaelle-cueff-art.com\/en\/wp-json\/wp\/v2\/users\/208"}],"replies":[{"embeddable":true,"href":"https:\/\/gaelle-cueff-art.com\/en\/wp-json\/wp\/v2\/comments?post=7303"}],"version-history":[{"count":14,"href":"https:\/\/gaelle-cueff-art.com\/en\/wp-json\/wp\/v2\/pages\/7303\/revisions"}],"predecessor-version":[{"id":12335,"href":"https:\/\/gaelle-cueff-art.com\/en\/wp-json\/wp\/v2\/pages\/7303\/revisions\/12335"}],"wp:attachment":[{"href":"https:\/\/gaelle-cueff-art.com\/en\/wp-json\/wp\/v2\/media?parent=7303"}],"curies":[{"name":"wp","href":"https:\/\/api.w.org\/{rel}","templated":true}]}}