{"id":7297,"date":"2020-10-25T14:51:29","date_gmt":"2020-10-25T14:51:29","guid":{"rendered":"https:\/\/gaelle-cueff-art.com\/?page_id=7297"},"modified":"2020-11-04T15:55:20","modified_gmt":"2020-11-04T15:55:20","slug":"collages-menu","status":"publish","type":"page","link":"https:\/\/gaelle-cueff-art.com\/en\/collages-menu\/","title":{"rendered":"Collages &#038; photos peintes menu"},"content":{"rendered":"<p>[et_pb_section fb_built=&#8221;1&#8243; _builder_version=&#8221;4.6.1&#8243; _module_preset=&#8221;default&#8221; min_height=&#8221;330px&#8221; height=&#8221;1000px&#8221; overflow-y=&#8221;visible&#8221; custom_padding=&#8221;|||7px|false|false&#8221;][et_pb_row column_structure=&#8221;1_4,1_4,1_4,1_4&#8243; _builder_version=&#8221;4.6.1&#8243; _module_preset=&#8221;default&#8221; width=&#8221;99%&#8221; max_width=&#8221;1610px&#8221; module_alignment=&#8221;left&#8221; min_height=&#8221;375px&#8221; height=&#8221;373px&#8221; max_height=&#8221;348px&#8221; custom_margin=&#8221;-54px|-11px|2px|-11px|false|false&#8221; custom_padding=&#8221;|0px||0px|false|false&#8221;][et_pb_column type=&#8221;1_4&#8243; _builder_version=&#8221;4.6.1&#8243; _module_preset=&#8221;default&#8221; custom_padding=&#8221;|0px|||false|false&#8221;][et_pb_text _builder_version=&#8221;4.6.1&#8243; _module_preset=&#8221;default&#8221; text_font=&#8221;|300|||||||&#8221; text_text_color=&#8221;#000000&#8243; text_font_size=&#8221;12px&#8221; text_line_height=&#8221;1.3em&#8221; header_font=&#8221;|300|||||||&#8221; header_text_color=&#8221;#000000&#8243; header_line_height=&#8221;1.1em&#8221; header_2_font=&#8221;|600|||||||&#8221; header_2_text_color=&#8221;#db6702&#8243; header_2_font_size=&#8221;13px&#8221; header_2_line_height=&#8221;1.2em&#8221; header_3_font=&#8221;|300|||||||&#8221; header_3_text_color=&#8221;#000000&#8243; header_3_font_size=&#8221;13px&#8221; header_3_line_height=&#8221;1.2em&#8221; width=&#8221;100%&#8221; min_height=&#8221;316px&#8221; custom_margin=&#8221;-13px|300px||6px|false|false&#8221; custom_padding=&#8221;||0px|||&#8221;]<\/p>\n<h3><strong>Chaque s\u00e9rie dispose d&#8217;une page d\u00e9di\u00e9e, accessible en cliquant sur les cartouches ci-joints.<\/strong><\/h3>\n<p><strong><\/strong><\/p>\n<p><strong><\/strong><\/p>\n<h2><strong>COLLAGES<\/strong><\/h2>\n<h3>Les collages comportent plusieurs s\u00e9ries, de l&#8217;inaugurale<em>\u00a0Cl\u00e9 des chants<\/em>, dialogue entre des collages r\u00e9alis\u00e9s manuellement et des chansons, aux s\u00e9ries r\u00e9alis\u00e9es en Chine, m\u00ealant photographies, images et peinture.<\/h3>\n<p>&nbsp;<\/p>\n<h2><\/h2>\n<h2>PHOTOS PEINTES &amp; ENCAUSTIQUES<\/h2>\n<h3>Des s\u00e9ries tr\u00e8s diverses se retrouvent autour d&#8217;une th\u00e9matique souvent li\u00e9e \u00e0 la nature (for\u00eat, paysages) et d&#8217;une recherche esth\u00e9tique sur la transparence et la trace<strong>.<\/strong><\/h3>\n<h3><\/h3>\n<p>&nbsp;<\/p>\n<p>[\/et_pb_text][\/et_pb_column][et_pb_column type=&#8221;1_4&#8243; _builder_version=&#8221;4.6.1&#8243; _module_preset=&#8221;default&#8221;][et_pb_button button_url=&#8221;https:\/\/gaelle-cueff-art.com\/la-cle-des-chants&#8221; button_text=&#8221;Collages\/La cl\u00e9 des chants&#8221; button_alignment=&#8221;left&#8221; _builder_version=&#8221;4.6.1&#8243; _module_preset=&#8221;default&#8221; custom_button=&#8221;on&#8221; button_text_size=&#8221;12px&#8221; button_text_color=&#8221;#e06100&#8243; button_border_width=&#8221;1px&#8221; button_border_radius=&#8221;7px&#8221; custom_margin=&#8221;65px||14px||false|false&#8221; hover_enabled=&#8221;0&#8243; sticky_enabled=&#8221;0&#8243;][\/et_pb_button][et_pb_button button_url=&#8221;https:\/\/gaelle-cueff-art.com\/signes&#8221; button_text=&#8221;Collages\/Signes&#8221; button_alignment=&#8221;left&#8221; _builder_version=&#8221;4.6.1&#8243; _module_preset=&#8221;default&#8221; custom_button=&#8221;on&#8221; button_text_size=&#8221;12px&#8221; button_text_color=&#8221;#e06100&#8243; button_border_width=&#8221;1px&#8221; button_border_radius=&#8221;7px&#8221; custom_margin=&#8221;||14px||false|false&#8221;][\/et_pb_button][et_pb_button button_url=&#8221;https:\/\/gaelle-cueff-art.com\/ton-visage-comme-un-paysage&#8221; button_text=&#8221;Collages\/Ton visage comme un paysage&#8221; button_alignment=&#8221;left&#8221; _builder_version=&#8221;4.6.1&#8243; _module_preset=&#8221;default&#8221; custom_button=&#8221;on&#8221; button_text_size=&#8221;12px&#8221; button_text_color=&#8221;#e06100&#8243; button_border_width=&#8221;1px&#8221; button_border_radius=&#8221;7px&#8221; custom_margin=&#8221;||37px||false|false&#8221;][\/et_pb_button][et_pb_button button_url=&#8221;https:\/\/gaelle-cueff-art.com\/les-vibrations-de-la-foret&#8221; button_text=&#8221;Photos peintes\/Les Vibrations de la for\u00eat&#8221; button_alignment=&#8221;left&#8221; _builder_version=&#8221;4.6.1&#8243; _module_preset=&#8221;default&#8221; custom_button=&#8221;on&#8221; button_text_size=&#8221;12px&#8221; button_text_color=&#8221;#e06100&#8243; button_border_width=&#8221;1px&#8221; button_border_radius=&#8221;7px&#8221; custom_margin=&#8221;||14px||false|false&#8221; locked=&#8221;off&#8221;][\/et_pb_button][et_pb_button button_url=&#8221;https:\/\/gaelle-cueff-art.com\/memoire-des-autres&#8221; button_text=&#8221;Photos peintes\/M\u00e9moire des autres&#8221; button_alignment=&#8221;left&#8221; _builder_version=&#8221;4.6.1&#8243; _module_preset=&#8221;default&#8221; custom_button=&#8221;on&#8221; button_text_size=&#8221;12px&#8221; button_text_color=&#8221;#e06100&#8243; button_border_width=&#8221;1px&#8221; button_border_radius=&#8221;7px&#8221; custom_margin=&#8221;||14px||false|false&#8221; locked=&#8221;off&#8221;][\/et_pb_button][et_pb_button button_url=&#8221;https:\/\/gaelle-cueff-art.com\/les-mecaniques-du-corps&#8221; button_text=&#8221;Photos peintes\/Les M\u00e9caniques du corps&#8221; button_alignment=&#8221;left&#8221; _builder_version=&#8221;4.6.1&#8243; _module_preset=&#8221;default&#8221; custom_button=&#8221;on&#8221; button_text_size=&#8221;12px&#8221; button_text_color=&#8221;#e06100&#8243; button_border_width=&#8221;1px&#8221; button_border_radius=&#8221;7px&#8221; custom_margin=&#8221;||14px||false|false&#8221; locked=&#8221;off&#8221;][\/et_pb_button][\/et_pb_column][et_pb_column type=&#8221;1_4&#8243; _builder_version=&#8221;4.6.1&#8243; _module_preset=&#8221;default&#8221;][et_pb_button button_url=&#8221;https:\/\/gaelle-cueff-art.com\/la-cle-des-chants&#8221; button_text=&#8221;Collages\/Lost in translation&#8221; button_alignment=&#8221;left&#8221; _builder_version=&#8221;4.6.1&#8243; _module_preset=&#8221;default&#8221; custom_button=&#8221;on&#8221; button_text_size=&#8221;12px&#8221; button_text_color=&#8221;#e06100&#8243; button_border_width=&#8221;1px&#8221; button_border_radius=&#8221;7px&#8221; custom_margin=&#8221;65px||14px||false|false&#8221; locked=&#8221;off&#8221;][\/et_pb_button][et_pb_button button_url=&#8221;https:\/\/gaelle-cueff-art.com\/transparitions&#8221; button_text=&#8221;Collages\/Transparitions&#8221; button_alignment=&#8221;left&#8221; _builder_version=&#8221;4.6.1&#8243; _module_preset=&#8221;default&#8221; custom_button=&#8221;on&#8221; button_text_size=&#8221;12px&#8221; button_text_color=&#8221;#e06100&#8243; button_border_width=&#8221;1px&#8221; button_border_radius=&#8221;7px&#8221; custom_margin=&#8221;||14px||false|false&#8221; locked=&#8221;off&#8221;][\/et_pb_button][et_pb_button button_url=&#8221;https:\/\/gaelle-cueff-art.com\/collages-photos-hors-serie&#8221; button_text=&#8221;Collages &#038; photos peintes\/hors-s\u00e9rie&#8221; button_alignment=&#8221;left&#8221; _builder_version=&#8221;4.6.1&#8243; _module_preset=&#8221;default&#8221; custom_button=&#8221;on&#8221; button_text_size=&#8221;12px&#8221; button_text_color=&#8221;#e06100&#8243; button_border_width=&#8221;1px&#8221; button_border_radius=&#8221;7px&#8221; custom_margin=&#8221;||37px||false|false&#8221; locked=&#8221;off&#8221;][\/et_pb_button][et_pb_button button_url=&#8221;https:\/\/gaelle-cueff-art.com\/empreintes&#8221; button_text=&#8221;Encaustiques\/Empreintes&#8221; button_alignment=&#8221;left&#8221; _builder_version=&#8221;4.6.1&#8243; _module_preset=&#8221;default&#8221; custom_button=&#8221;on&#8221; button_text_size=&#8221;12px&#8221; button_text_color=&#8221;#e06100&#8243; button_border_width=&#8221;1px&#8221; button_border_radius=&#8221;7px&#8221; custom_margin=&#8221;||14px||false|false&#8221;][\/et_pb_button][et_pb_button button_url=&#8221;https:\/\/gaelle-cueff-art.com\/noli-me-tangere&#8221; button_text=&#8221;Encaustiques\/Noli me tangere&#8221; button_alignment=&#8221;left&#8221; _builder_version=&#8221;4.6.1&#8243; _module_preset=&#8221;default&#8221; custom_button=&#8221;on&#8221; button_text_size=&#8221;12px&#8221; button_text_color=&#8221;#e06100&#8243; button_border_width=&#8221;1px&#8221; button_border_radius=&#8221;7px&#8221; custom_margin=&#8221;||14px||false|false&#8221;][\/et_pb_button][et_pb_button button_url=&#8221;https:\/\/gaelle-cueff-art.com\/noli-me-tangere&#8221; button_text=&#8221;Encaustiques\/hors-s\u00e9rie&#8221; button_alignment=&#8221;left&#8221; _builder_version=&#8221;4.6.1&#8243; _module_preset=&#8221;default&#8221; custom_button=&#8221;on&#8221; button_text_size=&#8221;12px&#8221; button_text_color=&#8221;#e06100&#8243; button_border_width=&#8221;1px&#8221; button_border_radius=&#8221;7px&#8221; custom_margin=&#8221;||14px||false|false&#8221; hover_enabled=&#8221;0&#8243; sticky_enabled=&#8221;0&#8243;][\/et_pb_button][\/et_pb_column][et_pb_column type=&#8221;1_4&#8243; _builder_version=&#8221;4.6.1&#8243; _module_preset=&#8221;default&#8221;][et_pb_gallery gallery_ids=&#8221;1752,4826,5081,4952,4977,2707,1773&#8243; fullwidth=&#8221;on&#8221; db_image_max_width=&#8221;28%&#8221; db_image_max_height=&#8221;100%&#8221; db_image_row_spacing=&#8221;4.6%&#8221; db_image_object_fit=&#8221;initial&#8221; dbdb_version=&#8221;3.2.9&#8243; _builder_version=&#8221;4.6.1&#8243; _module_preset=&#8221;default&#8221; transform_scale=&#8221;74%|74%&#8221; transform_translate=&#8221;-190px|39px&#8221; width=&#8221;84%&#8221; min_height=&#8221;402px&#8221; height=&#8221;351px&#8221; max_height=&#8221;364px&#8221; custom_margin=&#8221;-18px||||false|false&#8221; animation_style=&#8221;slide&#8221; animation_duration=&#8221;0ms&#8221; animation_delay=&#8221;100ms&#8221; animation_intensity_slide=&#8221;12%&#8221; animation_repeat=&#8221;loop&#8221; auto=&#8221;on&#8221; auto_speed=&#8221;4000&#8243;][\/et_pb_gallery][\/et_pb_column][\/et_pb_row][\/et_pb_section]<\/p>\n","protected":false},"excerpt":{"rendered":"<p>Chaque s\u00e9rie dispose d&#8217;une page d\u00e9di\u00e9e, accessible en cliquant sur les cartouches ci-joints. COLLAGES Les collages comportent plusieurs s\u00e9ries, de l&#8217;inaugurale\u00a0Cl\u00e9 des chants, dialogue entre des collages r\u00e9alis\u00e9s manuellement et des chansons, aux s\u00e9ries r\u00e9alis\u00e9es en Chine, m\u00ealant photographies, images et peinture. &nbsp; PHOTOS PEINTES &amp; ENCAUSTIQUES Des s\u00e9ries tr\u00e8s diverses se retrouvent autour d&#8217;une [&hellip;]<\/p>\n","protected":false},"author":208,"featured_media":0,"parent":0,"menu_order":0,"comment_status":"closed","ping_status":"closed","template":"","meta":{"_et_pb_use_builder":"on","_et_pb_old_content":"","_et_gb_content_width":"","om_disable_all_campaigns":false,"_monsterinsights_skip_tracking":false,"_monsterinsights_sitenote_active":false,"_monsterinsights_sitenote_note":"","_monsterinsights_sitenote_category":0,"_uf_show_specific_survey":0,"_uf_disable_surveys":false,"jetpack_post_was_ever_published":false,"footnotes":""},"class_list":["post-7297","page","type-page","status-publish","hentry"],"aioseo_notices":[],"yoast_head":"<!-- This site is optimized with the Yoast SEO plugin v27.0 - https:\/\/yoast.com\/product\/yoast-seo-wordpress\/ -->\n<title>Collages &amp; photos peintes menu - Ga\u00eblle Cueff Art<\/title>\n<meta name=\"robots\" content=\"index, follow, max-snippet:-1, max-image-preview:large, max-video-preview:-1\" \/>\n<link rel=\"canonical\" href=\"https:\/\/gaelle-cueff-art.com\/collages-menu\/\" \/>\n<meta property=\"og:locale\" content=\"en_US\" \/>\n<meta property=\"og:type\" content=\"article\" \/>\n<meta property=\"og:title\" content=\"Collages &amp; photos peintes menu - Ga\u00eblle Cueff Art\" \/>\n<meta property=\"og:description\" content=\"Chaque s\u00e9rie dispose d&#039;une page d\u00e9di\u00e9e, accessible en cliquant sur les cartouches ci-joints. COLLAGES Les collages comportent plusieurs s\u00e9ries, de l&#039;inaugurale\u00a0Cl\u00e9 des chants, dialogue entre des collages r\u00e9alis\u00e9s manuellement et des chansons, aux s\u00e9ries r\u00e9alis\u00e9es en Chine, m\u00ealant photographies, images et peinture. &nbsp; PHOTOS PEINTES &amp; ENCAUSTIQUES Des s\u00e9ries tr\u00e8s diverses se retrouvent autour d&#039;une [&hellip;]\" \/>\n<meta property=\"og:url\" content=\"https:\/\/gaelle-cueff-art.com\/collages-menu\/\" \/>\n<meta property=\"og:site_name\" content=\"Ga\u00eblle Cueff Art\" \/>\n<meta property=\"article:modified_time\" content=\"2020-11-04T15:55:20+00:00\" \/>\n<meta name=\"twitter:card\" content=\"summary_large_image\" \/>\n<meta name=\"twitter:label1\" content=\"Est. reading time\" \/>\n\t<meta name=\"twitter:data1\" content=\"5 minutes\" \/>\n<script type=\"application\/ld+json\" class=\"yoast-schema-graph\">{\"@context\":\"https:\/\/schema.org\",\"@graph\":[{\"@type\":\"WebPage\",\"@id\":\"https:\/\/gaelle-cueff-art.com\/collages-menu\/\",\"url\":\"https:\/\/gaelle-cueff-art.com\/collages-menu\/\",\"name\":\"Collages & photos peintes menu - Ga\u00eblle Cueff Art\",\"isPartOf\":{\"@id\":\"https:\/\/gaelle-cueff-art.com\/#website\"},\"datePublished\":\"2020-10-25T14:51:29+00:00\",\"dateModified\":\"2020-11-04T15:55:20+00:00\",\"breadcrumb\":{\"@id\":\"https:\/\/gaelle-cueff-art.com\/collages-menu\/#breadcrumb\"},\"inLanguage\":\"en-US\",\"potentialAction\":[{\"@type\":\"ReadAction\",\"target\":[\"https:\/\/gaelle-cueff-art.com\/collages-menu\/\"]}]},{\"@type\":\"BreadcrumbList\",\"@id\":\"https:\/\/gaelle-cueff-art.com\/collages-menu\/#breadcrumb\",\"itemListElement\":[{\"@type\":\"ListItem\",\"position\":1,\"name\":\"Home\",\"item\":\"https:\/\/gaelle-cueff-art.com\/\"},{\"@type\":\"ListItem\",\"position\":2,\"name\":\"Collages &#038; photos peintes menu\"}]},{\"@type\":\"WebSite\",\"@id\":\"https:\/\/gaelle-cueff-art.com\/#website\",\"url\":\"https:\/\/gaelle-cueff-art.com\/\",\"name\":\"Ga\u00eblle Cueff Art\",\"description\":\"\",\"potentialAction\":[{\"@type\":\"SearchAction\",\"target\":{\"@type\":\"EntryPoint\",\"urlTemplate\":\"https:\/\/gaelle-cueff-art.com\/?s={search_term_string}\"},\"query-input\":{\"@type\":\"PropertyValueSpecification\",\"valueRequired\":true,\"valueName\":\"search_term_string\"}}],\"inLanguage\":\"en-US\"}]}<\/script>\n<!-- \/ Yoast SEO plugin. -->","yoast_head_json":{"title":"Collages & photos peintes menu - Ga\u00eblle Cueff Art","robots":{"index":"index","follow":"follow","max-snippet":"max-snippet:-1","max-image-preview":"max-image-preview:large","max-video-preview":"max-video-preview:-1"},"canonical":"https:\/\/gaelle-cueff-art.com\/collages-menu\/","og_locale":"en_US","og_type":"article","og_title":"Collages & photos peintes menu - Ga\u00eblle Cueff Art","og_description":"Chaque s\u00e9rie dispose d'une page d\u00e9di\u00e9e, accessible en cliquant sur les cartouches ci-joints. COLLAGES Les collages comportent plusieurs s\u00e9ries, de l'inaugurale\u00a0Cl\u00e9 des chants, dialogue entre des collages r\u00e9alis\u00e9s manuellement et des chansons, aux s\u00e9ries r\u00e9alis\u00e9es en Chine, m\u00ealant photographies, images et peinture. &nbsp; PHOTOS PEINTES &amp; ENCAUSTIQUES Des s\u00e9ries tr\u00e8s diverses se retrouvent autour d'une [&hellip;]","og_url":"https:\/\/gaelle-cueff-art.com\/collages-menu\/","og_site_name":"Ga\u00eblle Cueff Art","article_modified_time":"2020-11-04T15:55:20+00:00","twitter_card":"summary_large_image","twitter_misc":{"Est. reading time":"5 minutes"},"schema":{"@context":"https:\/\/schema.org","@graph":[{"@type":"WebPage","@id":"https:\/\/gaelle-cueff-art.com\/collages-menu\/","url":"https:\/\/gaelle-cueff-art.com\/collages-menu\/","name":"Collages & photos peintes menu - Ga\u00eblle Cueff Art","isPartOf":{"@id":"https:\/\/gaelle-cueff-art.com\/#website"},"datePublished":"2020-10-25T14:51:29+00:00","dateModified":"2020-11-04T15:55:20+00:00","breadcrumb":{"@id":"https:\/\/gaelle-cueff-art.com\/collages-menu\/#breadcrumb"},"inLanguage":"en-US","potentialAction":[{"@type":"ReadAction","target":["https:\/\/gaelle-cueff-art.com\/collages-menu\/"]}]},{"@type":"BreadcrumbList","@id":"https:\/\/gaelle-cueff-art.com\/collages-menu\/#breadcrumb","itemListElement":[{"@type":"ListItem","position":1,"name":"Home","item":"https:\/\/gaelle-cueff-art.com\/"},{"@type":"ListItem","position":2,"name":"Collages &#038; photos peintes menu"}]},{"@type":"WebSite","@id":"https:\/\/gaelle-cueff-art.com\/#website","url":"https:\/\/gaelle-cueff-art.com\/","name":"Ga\u00eblle Cueff Art","description":"","potentialAction":[{"@type":"SearchAction","target":{"@type":"EntryPoint","urlTemplate":"https:\/\/gaelle-cueff-art.com\/?s={search_term_string}"},"query-input":{"@type":"PropertyValueSpecification","valueRequired":true,"valueName":"search_term_string"}}],"inLanguage":"en-US"}]}},"jetpack_sharing_enabled":true,"jetpack_shortlink":"https:\/\/wp.me\/P9YwYR-1TH","jetpack-related-posts":[{"id":5361,"url":"https:\/\/gaelle-cueff-art.com\/en\/collages\/","url_meta":{"origin":7297,"position":0},"title":"Collages","author":"lesmotspourleweb","date":"01\/04\/2019","format":false,"excerpt":"","rel":"","context":"Similar post","block_context":{"text":"Similar post","link":""},"img":{"alt_text":"","src":"","width":0,"height":0},"classes":[]}],"_links":{"self":[{"href":"https:\/\/gaelle-cueff-art.com\/en\/wp-json\/wp\/v2\/pages\/7297","targetHints":{"allow":["GET"]}}],"collection":[{"href":"https:\/\/gaelle-cueff-art.com\/en\/wp-json\/wp\/v2\/pages"}],"about":[{"href":"https:\/\/gaelle-cueff-art.com\/en\/wp-json\/wp\/v2\/types\/page"}],"author":[{"embeddable":true,"href":"https:\/\/gaelle-cueff-art.com\/en\/wp-json\/wp\/v2\/users\/208"}],"replies":[{"embeddable":true,"href":"https:\/\/gaelle-cueff-art.com\/en\/wp-json\/wp\/v2\/comments?post=7297"}],"version-history":[{"count":5,"href":"https:\/\/gaelle-cueff-art.com\/en\/wp-json\/wp\/v2\/pages\/7297\/revisions"}],"predecessor-version":[{"id":7658,"href":"https:\/\/gaelle-cueff-art.com\/en\/wp-json\/wp\/v2\/pages\/7297\/revisions\/7658"}],"wp:attachment":[{"href":"https:\/\/gaelle-cueff-art.com\/en\/wp-json\/wp\/v2\/media?parent=7297"}],"curies":[{"name":"wp","href":"https:\/\/api.w.org\/{rel}","templated":true}]}}