{"id":7262,"date":"2020-10-25T11:42:56","date_gmt":"2020-10-25T11:42:56","guid":{"rendered":"https:\/\/gaelle-cueff-art.com\/?page_id=7262"},"modified":"2020-11-03T10:06:53","modified_gmt":"2020-11-03T10:06:53","slug":"genius-loci-familiers","status":"publish","type":"page","link":"https:\/\/gaelle-cueff-art.com\/en\/genius-loci-familiers\/","title":{"rendered":"Genius loci familiers"},"content":{"rendered":"<p>[et_pb_section fb_built=&#8221;1&#8243; _builder_version=&#8221;3.22&#8243;][et_pb_row column_structure=&#8221;1_3,2_3&#8243; _builder_version=&#8221;4.6.1&#8243; background_size=&#8221;initial&#8221; background_position=&#8221;top_left&#8221; background_repeat=&#8221;repeat&#8221; hover_enabled=&#8221;0&#8243; width=&#8221;100%&#8221; max_width=&#8221;2560px&#8221; sticky_enabled=&#8221;0&#8243;][et_pb_column type=&#8221;1_3&#8243; _builder_version=&#8221;3.25&#8243; custom_padding=&#8221;|||&#8221; custom_padding__hover=&#8221;|||&#8221;][et_pb_text _builder_version=&#8221;4.6.1&#8243; hover_enabled=&#8221;0&#8243; custom_margin=&#8221;|||11px|false|false&#8221; sticky_enabled=&#8221;0&#8243;]<\/p>\n<h1>Genius loci familiers<\/h1>\n<p>Les <em>Genius loci familiers<\/em>\u00a0sont une variante des <em>Genius loci<\/em><strong><em>\u00a0<\/em><\/strong>r\u00e9alis\u00e9s sur commande \u00e0 partir d&#8217;une photographie de famille.<\/p>\n<p>Ces petits autels sont des bo\u00eetes lumineuses compos\u00e9es autour d\u2019une ancienne photographie confi\u00e9es \u00e0 l&#8217;artiste en m\u00eame temps que des bribes d&#8217;histoire relatives \u00e0 la personne photographi\u00e9e. Plusieurs feuilles de plexiglas s\u00e9par\u00e9es de quelques millim\u00e8tres permettent d&#8217;ajouter \u00e0 ce portrait plac\u00e9 au fond de la bo\u00eete diff\u00e9rentes couches s\u00e9dimentaires de peinture et collages<\/p>\n<p>Les <em>Genius loci familiers<\/em> existent en deux formats, 27x22x7,5 cm et 30,8&#215;22,8&#215;6 cm. Elles sont aliment\u00e9es par batterie externe ou alimentation secteur et disposent d\u2019une t\u00e9l\u00e9commande permettant de varier l&#8217;intensit\u00e9, le rythme et parfois la couleur lumineuse.<\/p>\n<p><strong>Cliquer sur les vignettes pour les agrandir et obtenir des renseignements compl\u00e9mentaires sur chaque \u0153uvre.<\/strong><\/p>\n<p>Pour tout renseignement : <strong>gaelle.cueff@orange.fr<\/strong><\/p>\n<h1><\/h1>\n<p>[\/et_pb_text][\/et_pb_column][et_pb_column type=&#8221;2_3&#8243; _builder_version=&#8221;3.25&#8243; custom_padding=&#8221;|||&#8221; custom_padding__hover=&#8221;|||&#8221;][et_pb_shop type=&#8221;product_category&#8221; posts_number=&#8221;100&#8243; include_categories=&#8221;85&#8243; columns_number=&#8221;3&#8243; orderby=&#8221;date-desc&#8221; _builder_version=&#8221;4.6.1&#8243; title_font_size=&#8221;15px&#8221; price_text_color=&#8221;#7a7a7a&#8221; hover_enabled=&#8221;0&#8243; custom_margin=&#8221;|11px||11px|false|false&#8221; sticky_enabled=&#8221;0&#8243;]&nbsp;<br \/>\n[\/et_pb_shop][\/et_pb_column][\/et_pb_row][\/et_pb_section]<\/p>\n","protected":false},"excerpt":{"rendered":"<p>Genius loci familiers Les Genius loci familiers\u00a0sont une variante des Genius loci\u00a0r\u00e9alis\u00e9s sur commande \u00e0 partir d&#8217;une photographie de famille. Ces petits autels sont des bo\u00eetes lumineuses compos\u00e9es autour d\u2019une ancienne photographie confi\u00e9es \u00e0 l&#8217;artiste en m\u00eame temps que des bribes d&#8217;histoire relatives \u00e0 la personne photographi\u00e9e. Plusieurs feuilles de plexiglas s\u00e9par\u00e9es de quelques millim\u00e8tres [&hellip;]<\/p>\n","protected":false},"author":208,"featured_media":0,"parent":0,"menu_order":0,"comment_status":"closed","ping_status":"closed","template":"","meta":{"_et_pb_use_builder":"on","_et_pb_old_content":"","_et_gb_content_width":"","om_disable_all_campaigns":false,"_monsterinsights_skip_tracking":false,"_monsterinsights_sitenote_active":false,"_monsterinsights_sitenote_note":"","_monsterinsights_sitenote_category":0,"_uf_show_specific_survey":0,"_uf_disable_surveys":false,"jetpack_post_was_ever_published":false,"footnotes":""},"class_list":["post-7262","page","type-page","status-publish","hentry"],"aioseo_notices":[],"yoast_head":"<!-- This site is optimized with the Yoast SEO plugin v27.0 - https:\/\/yoast.com\/product\/yoast-seo-wordpress\/ -->\n<title>Genius loci familiers - Ga\u00eblle Cueff Art<\/title>\n<meta name=\"robots\" content=\"index, follow, max-snippet:-1, max-image-preview:large, max-video-preview:-1\" \/>\n<link rel=\"canonical\" href=\"https:\/\/gaelle-cueff-art.com\/genius-loci-familiers\/\" \/>\n<meta property=\"og:locale\" content=\"en_US\" \/>\n<meta property=\"og:type\" content=\"article\" \/>\n<meta property=\"og:title\" content=\"Genius loci familiers - Ga\u00eblle Cueff Art\" \/>\n<meta property=\"og:description\" content=\"Genius loci familiers Les Genius loci familiers\u00a0sont une variante des Genius loci\u00a0r\u00e9alis\u00e9s sur commande \u00e0 partir d&#039;une photographie de famille. Ces petits autels sont des bo\u00eetes lumineuses compos\u00e9es autour d\u2019une ancienne photographie confi\u00e9es \u00e0 l&#039;artiste en m\u00eame temps que des bribes d&#039;histoire relatives \u00e0 la personne photographi\u00e9e. Plusieurs feuilles de plexiglas s\u00e9par\u00e9es de quelques millim\u00e8tres [&hellip;]\" \/>\n<meta property=\"og:url\" content=\"https:\/\/gaelle-cueff-art.com\/genius-loci-familiers\/\" \/>\n<meta property=\"og:site_name\" content=\"Ga\u00eblle Cueff Art\" \/>\n<meta property=\"article:modified_time\" content=\"2020-11-03T10:06:53+00:00\" \/>\n<meta name=\"twitter:card\" content=\"summary_large_image\" \/>\n<meta name=\"twitter:label1\" content=\"Est. reading time\" \/>\n\t<meta name=\"twitter:data1\" content=\"1 minute\" \/>\n<script type=\"application\/ld+json\" class=\"yoast-schema-graph\">{\"@context\":\"https:\/\/schema.org\",\"@graph\":[{\"@type\":\"WebPage\",\"@id\":\"https:\/\/gaelle-cueff-art.com\/genius-loci-familiers\/\",\"url\":\"https:\/\/gaelle-cueff-art.com\/genius-loci-familiers\/\",\"name\":\"Genius loci familiers - Ga\u00eblle Cueff Art\",\"isPartOf\":{\"@id\":\"https:\/\/gaelle-cueff-art.com\/#website\"},\"datePublished\":\"2020-10-25T11:42:56+00:00\",\"dateModified\":\"2020-11-03T10:06:53+00:00\",\"breadcrumb\":{\"@id\":\"https:\/\/gaelle-cueff-art.com\/genius-loci-familiers\/#breadcrumb\"},\"inLanguage\":\"en-US\",\"potentialAction\":[{\"@type\":\"ReadAction\",\"target\":[\"https:\/\/gaelle-cueff-art.com\/genius-loci-familiers\/\"]}]},{\"@type\":\"BreadcrumbList\",\"@id\":\"https:\/\/gaelle-cueff-art.com\/genius-loci-familiers\/#breadcrumb\",\"itemListElement\":[{\"@type\":\"ListItem\",\"position\":1,\"name\":\"Home\",\"item\":\"https:\/\/gaelle-cueff-art.com\/\"},{\"@type\":\"ListItem\",\"position\":2,\"name\":\"Genius loci familiers\"}]},{\"@type\":\"WebSite\",\"@id\":\"https:\/\/gaelle-cueff-art.com\/#website\",\"url\":\"https:\/\/gaelle-cueff-art.com\/\",\"name\":\"Ga\u00eblle Cueff Art\",\"description\":\"\",\"potentialAction\":[{\"@type\":\"SearchAction\",\"target\":{\"@type\":\"EntryPoint\",\"urlTemplate\":\"https:\/\/gaelle-cueff-art.com\/?s={search_term_string}\"},\"query-input\":{\"@type\":\"PropertyValueSpecification\",\"valueRequired\":true,\"valueName\":\"search_term_string\"}}],\"inLanguage\":\"en-US\"}]}<\/script>\n<!-- \/ Yoast SEO plugin. -->","yoast_head_json":{"title":"Genius loci familiers - Ga\u00eblle Cueff Art","robots":{"index":"index","follow":"follow","max-snippet":"max-snippet:-1","max-image-preview":"max-image-preview:large","max-video-preview":"max-video-preview:-1"},"canonical":"https:\/\/gaelle-cueff-art.com\/genius-loci-familiers\/","og_locale":"en_US","og_type":"article","og_title":"Genius loci familiers - Ga\u00eblle Cueff Art","og_description":"Genius loci familiers Les Genius loci familiers\u00a0sont une variante des Genius loci\u00a0r\u00e9alis\u00e9s sur commande \u00e0 partir d'une photographie de famille. Ces petits autels sont des bo\u00eetes lumineuses compos\u00e9es autour d\u2019une ancienne photographie confi\u00e9es \u00e0 l'artiste en m\u00eame temps que des bribes d'histoire relatives \u00e0 la personne photographi\u00e9e. Plusieurs feuilles de plexiglas s\u00e9par\u00e9es de quelques millim\u00e8tres [&hellip;]","og_url":"https:\/\/gaelle-cueff-art.com\/genius-loci-familiers\/","og_site_name":"Ga\u00eblle Cueff Art","article_modified_time":"2020-11-03T10:06:53+00:00","twitter_card":"summary_large_image","twitter_misc":{"Est. reading time":"1 minute"},"schema":{"@context":"https:\/\/schema.org","@graph":[{"@type":"WebPage","@id":"https:\/\/gaelle-cueff-art.com\/genius-loci-familiers\/","url":"https:\/\/gaelle-cueff-art.com\/genius-loci-familiers\/","name":"Genius loci familiers - Ga\u00eblle Cueff Art","isPartOf":{"@id":"https:\/\/gaelle-cueff-art.com\/#website"},"datePublished":"2020-10-25T11:42:56+00:00","dateModified":"2020-11-03T10:06:53+00:00","breadcrumb":{"@id":"https:\/\/gaelle-cueff-art.com\/genius-loci-familiers\/#breadcrumb"},"inLanguage":"en-US","potentialAction":[{"@type":"ReadAction","target":["https:\/\/gaelle-cueff-art.com\/genius-loci-familiers\/"]}]},{"@type":"BreadcrumbList","@id":"https:\/\/gaelle-cueff-art.com\/genius-loci-familiers\/#breadcrumb","itemListElement":[{"@type":"ListItem","position":1,"name":"Home","item":"https:\/\/gaelle-cueff-art.com\/"},{"@type":"ListItem","position":2,"name":"Genius loci familiers"}]},{"@type":"WebSite","@id":"https:\/\/gaelle-cueff-art.com\/#website","url":"https:\/\/gaelle-cueff-art.com\/","name":"Ga\u00eblle Cueff Art","description":"","potentialAction":[{"@type":"SearchAction","target":{"@type":"EntryPoint","urlTemplate":"https:\/\/gaelle-cueff-art.com\/?s={search_term_string}"},"query-input":{"@type":"PropertyValueSpecification","valueRequired":true,"valueName":"search_term_string"}}],"inLanguage":"en-US"}]}},"jetpack_sharing_enabled":true,"jetpack_shortlink":"https:\/\/wp.me\/P9YwYR-1T8","jetpack-related-posts":[{"id":7303,"url":"https:\/\/gaelle-cueff-art.com\/en\/boites-lumineuses\/","url_meta":{"origin":7262,"position":0},"title":"Bo\u00eetes lumineuses","author":"Ga\u00eblle Cueff","date":"25\/10\/2020","format":false,"excerpt":"","rel":"","context":"Similar post","block_context":{"text":"Similar post","link":""},"img":{"alt_text":"","src":"","width":0,"height":0},"classes":[]},{"id":7058,"url":"https:\/\/gaelle-cueff-art.com\/en\/genius-loci\/","url_meta":{"origin":7262,"position":1},"title":"Genius loci","author":"Ga\u00eblle Cueff","date":"23\/10\/2020","format":false,"excerpt":"","rel":"","context":"Similar post","block_context":{"text":"Similar post","link":""},"img":{"alt_text":"","src":"","width":0,"height":0},"classes":[]},{"id":5363,"url":"https:\/\/gaelle-cueff-art.com\/en\/collages-osculptes-genius-loci-hippocampes\/","url_meta":{"origin":7262,"position":2},"title":"COLLAGES &#8211; OSCULPT\u00c9S &#8211; GENIUS LOCI &amp; HIPPOCAMPES","author":"Ga\u00eblle Cueff","date":"01\/04\/2019","format":false,"excerpt":"","rel":"","context":"Similar post","block_context":{"text":"Similar post","link":""},"img":{"alt_text":"","src":"","width":0,"height":0},"classes":[]},{"id":5361,"url":"https:\/\/gaelle-cueff-art.com\/en\/collages\/","url_meta":{"origin":7262,"position":3},"title":"Collages","author":"lesmotspourleweb","date":"01\/04\/2019","format":false,"excerpt":"","rel":"","context":"Similar post","block_context":{"text":"Similar post","link":""},"img":{"alt_text":"","src":"","width":0,"height":0},"classes":[]},{"id":7322,"url":"https:\/\/gaelle-cueff-art.com\/en\/encaustiques-menu\/","url_meta":{"origin":7262,"position":4},"title":"Encaustiques","author":"Ga\u00eblle Cueff","date":"25\/10\/2020","format":false,"excerpt":"","rel":"","context":"Similar post","block_context":{"text":"Similar post","link":""},"img":{"alt_text":"","src":"","width":0,"height":0},"classes":[]},{"id":7378,"url":"https:\/\/gaelle-cueff-art.com\/en\/","url_meta":{"origin":7262,"position":5},"title":"page d&#8217;accueil","author":"Ga\u00eblle Cueff","date":"28\/10\/2020","format":false,"excerpt":"","rel":"","context":"Similar post","block_context":{"text":"Similar post","link":""},"img":{"alt_text":"","src":"","width":0,"height":0},"classes":[]}],"_links":{"self":[{"href":"https:\/\/gaelle-cueff-art.com\/en\/wp-json\/wp\/v2\/pages\/7262","targetHints":{"allow":["GET"]}}],"collection":[{"href":"https:\/\/gaelle-cueff-art.com\/en\/wp-json\/wp\/v2\/pages"}],"about":[{"href":"https:\/\/gaelle-cueff-art.com\/en\/wp-json\/wp\/v2\/types\/page"}],"author":[{"embeddable":true,"href":"https:\/\/gaelle-cueff-art.com\/en\/wp-json\/wp\/v2\/users\/208"}],"replies":[{"embeddable":true,"href":"https:\/\/gaelle-cueff-art.com\/en\/wp-json\/wp\/v2\/comments?post=7262"}],"version-history":[{"count":4,"href":"https:\/\/gaelle-cueff-art.com\/en\/wp-json\/wp\/v2\/pages\/7262\/revisions"}],"predecessor-version":[{"id":7556,"href":"https:\/\/gaelle-cueff-art.com\/en\/wp-json\/wp\/v2\/pages\/7262\/revisions\/7556"}],"wp:attachment":[{"href":"https:\/\/gaelle-cueff-art.com\/en\/wp-json\/wp\/v2\/media?parent=7262"}],"curies":[{"name":"wp","href":"https:\/\/api.w.org\/{rel}","templated":true}]}}