{"id":7250,"date":"2020-10-25T11:26:22","date_gmt":"2020-10-25T11:26:22","guid":{"rendered":"https:\/\/gaelle-cueff-art.com\/?page_id=7250"},"modified":"2020-11-03T10:00:39","modified_gmt":"2020-11-03T10:00:39","slug":"noli-me-tangere","status":"publish","type":"page","link":"https:\/\/gaelle-cueff-art.com\/en\/encaustiques-menu\/noli-me-tangere\/","title":{"rendered":"Noli me tangere"},"content":{"rendered":"<p>[et_pb_section fb_built=&#8221;1&#8243; _builder_version=&#8221;3.22&#8243;][et_pb_row column_structure=&#8221;1_3,2_3&#8243; _builder_version=&#8221;4.6.1&#8243; background_size=&#8221;initial&#8221; background_position=&#8221;top_left&#8221; background_repeat=&#8221;repeat&#8221; hover_enabled=&#8221;0&#8243; width=&#8221;100%&#8221; max_width=&#8221;2560px&#8221; sticky_enabled=&#8221;0&#8243;][et_pb_column type=&#8221;1_3&#8243; _builder_version=&#8221;3.25&#8243; custom_padding=&#8221;|||&#8221; custom_padding__hover=&#8221;|||&#8221;][et_pb_text _builder_version=&#8221;4.6.1&#8243; hover_enabled=&#8221;0&#8243; custom_margin=&#8221;|||11px|false|false&#8221; sticky_enabled=&#8221;0&#8243;]<\/p>\n<h1>Noli me tangere<\/h1>\n<p><span style=\"font-size: 14px;\"><span><em>Noli me tangere<\/em>\u00a0est une s\u00e9rie con\u00e7ue pendant le Grand Confinement, au cours du premier semestre 2020. \u00c0 l\u2019heure o\u00f9 cette injonction (\u201cNoli me tangere\u201d signifiant \u201cNe me touche pas\u201d) domine les \u00e9changes humains, la s\u00e9rie illustre ce paradoxal m\u00e9lange de proximit\u00e9 et de distance, la main de l\u2019artiste et celle de ses proches \u00e9tant \u00e0 la fois en contact et isol\u00e9es par plusieurs couches d\u2019encaustique les s\u00e9parant. Un peu ic\u00f4nes, un peu voiles de V\u00e9ronique, un peu khamsas, les variations de \u201cNoli me tangere\u201d sont sous le signe du contact et de l\u2019\u00e9change, red\u00e9finis.<\/span><\/span><\/p>\n<p>Ces petits panneaux de 20 x 20 cm sont compos\u00e9s de photographies parfois superpos\u00e9es, parfois rehauss\u00e9es de pigments, g\u00e9n\u00e9ralement appos\u00e9es par transfert, et recouvertes de plusieurs couches d\u2019encaustiques fusionn\u00e9es entre elles et liss\u00e9es jusqu\u2019\u00e0 l\u2019obtention d\u2019un rendu brillant soyeux et transparent. Le c\u00f4t\u00e9 iconique des \u0153uvres est renforc\u00e9 par un encadrement flottant sous cadre-vitrine.<\/p>\n<p><strong>Cliquer sur les vignettes pour les agrandir et obtenir des renseignements compl\u00e9mentaires sur chaque \u0153uvre.<\/strong><\/p>\n<p>Pour tout renseignement : <strong>gaelle.cueff@orange.fr<\/strong><\/p>\n<h1><\/h1>\n<p><span style=\"font-size: 14px;\">\u00a0<\/span><\/p>\n<p>[\/et_pb_text][\/et_pb_column][et_pb_column type=&#8221;2_3&#8243; _builder_version=&#8221;3.25&#8243; custom_padding=&#8221;|||&#8221; custom_padding__hover=&#8221;|||&#8221;][et_pb_shop type=&#8221;product_category&#8221; posts_number=&#8221;100&#8243; include_categories=&#8221;76&#8243; columns_number=&#8221;3&#8243; orderby=&#8221;date-desc&#8221; _builder_version=&#8221;4.6.1&#8243; title_font_size=&#8221;15px&#8221; price_text_color=&#8221;#7a7a7a&#8221; hover_enabled=&#8221;0&#8243; custom_margin=&#8221;|11px||11px|false|false&#8221; sticky_enabled=&#8221;0&#8243;]&nbsp;<br \/>\n[\/et_pb_shop][\/et_pb_column][\/et_pb_row][\/et_pb_section]<\/p>\n","protected":false},"excerpt":{"rendered":"<p>Noli me tangere Noli me tangere\u00a0est une s\u00e9rie con\u00e7ue pendant le Grand Confinement, au cours du premier semestre 2020. \u00c0 l\u2019heure o\u00f9 cette injonction (\u201cNoli me tangere\u201d signifiant \u201cNe me touche pas\u201d) domine les \u00e9changes humains, la s\u00e9rie illustre ce paradoxal m\u00e9lange de proximit\u00e9 et de distance, la main de l\u2019artiste et celle de ses [&hellip;]<\/p>\n","protected":false},"author":208,"featured_media":0,"parent":7322,"menu_order":0,"comment_status":"closed","ping_status":"closed","template":"","meta":{"_et_pb_use_builder":"on","_et_pb_old_content":"","_et_gb_content_width":"","om_disable_all_campaigns":false,"_monsterinsights_skip_tracking":false,"_monsterinsights_sitenote_active":false,"_monsterinsights_sitenote_note":"","_monsterinsights_sitenote_category":0,"_uf_show_specific_survey":0,"_uf_disable_surveys":false,"jetpack_post_was_ever_published":false,"footnotes":""},"class_list":["post-7250","page","type-page","status-publish","hentry"],"aioseo_notices":[],"yoast_head":"<!-- This site is optimized with the Yoast SEO plugin v27.0 - https:\/\/yoast.com\/product\/yoast-seo-wordpress\/ -->\n<title>Noli me tangere - Ga\u00eblle Cueff Art<\/title>\n<meta name=\"robots\" content=\"index, follow, max-snippet:-1, max-image-preview:large, max-video-preview:-1\" \/>\n<link rel=\"canonical\" href=\"https:\/\/gaelle-cueff-art.com\/encaustiques-menu\/noli-me-tangere\/\" \/>\n<meta property=\"og:locale\" content=\"en_US\" \/>\n<meta property=\"og:type\" content=\"article\" \/>\n<meta property=\"og:title\" content=\"Noli me tangere - Ga\u00eblle Cueff Art\" \/>\n<meta property=\"og:description\" content=\"Noli me tangere Noli me tangere\u00a0est une s\u00e9rie con\u00e7ue pendant le Grand Confinement, au cours du premier semestre 2020. \u00c0 l\u2019heure o\u00f9 cette injonction (\u201cNoli me tangere\u201d signifiant \u201cNe me touche pas\u201d) domine les \u00e9changes humains, la s\u00e9rie illustre ce paradoxal m\u00e9lange de proximit\u00e9 et de distance, la main de l\u2019artiste et celle de ses [&hellip;]\" \/>\n<meta property=\"og:url\" content=\"https:\/\/gaelle-cueff-art.com\/encaustiques-menu\/noli-me-tangere\/\" \/>\n<meta property=\"og:site_name\" content=\"Ga\u00eblle Cueff Art\" \/>\n<meta property=\"article:modified_time\" content=\"2020-11-03T10:00:39+00:00\" \/>\n<meta name=\"twitter:card\" content=\"summary_large_image\" \/>\n<meta name=\"twitter:label1\" content=\"Est. reading time\" \/>\n\t<meta name=\"twitter:data1\" content=\"2 minutes\" \/>\n<script type=\"application\/ld+json\" class=\"yoast-schema-graph\">{\"@context\":\"https:\/\/schema.org\",\"@graph\":[{\"@type\":\"WebPage\",\"@id\":\"https:\/\/gaelle-cueff-art.com\/encaustiques-menu\/noli-me-tangere\/\",\"url\":\"https:\/\/gaelle-cueff-art.com\/encaustiques-menu\/noli-me-tangere\/\",\"name\":\"Noli me tangere - Ga\u00eblle Cueff Art\",\"isPartOf\":{\"@id\":\"https:\/\/gaelle-cueff-art.com\/#website\"},\"datePublished\":\"2020-10-25T11:26:22+00:00\",\"dateModified\":\"2020-11-03T10:00:39+00:00\",\"breadcrumb\":{\"@id\":\"https:\/\/gaelle-cueff-art.com\/encaustiques-menu\/noli-me-tangere\/#breadcrumb\"},\"inLanguage\":\"en-US\",\"potentialAction\":[{\"@type\":\"ReadAction\",\"target\":[\"https:\/\/gaelle-cueff-art.com\/encaustiques-menu\/noli-me-tangere\/\"]}]},{\"@type\":\"BreadcrumbList\",\"@id\":\"https:\/\/gaelle-cueff-art.com\/encaustiques-menu\/noli-me-tangere\/#breadcrumb\",\"itemListElement\":[{\"@type\":\"ListItem\",\"position\":1,\"name\":\"Home\",\"item\":\"https:\/\/gaelle-cueff-art.com\/\"},{\"@type\":\"ListItem\",\"position\":2,\"name\":\"Encaustiques\",\"item\":\"https:\/\/gaelle-cueff-art.com\/encaustiques-menu\/\"},{\"@type\":\"ListItem\",\"position\":3,\"name\":\"Noli me tangere\"}]},{\"@type\":\"WebSite\",\"@id\":\"https:\/\/gaelle-cueff-art.com\/#website\",\"url\":\"https:\/\/gaelle-cueff-art.com\/\",\"name\":\"Ga\u00eblle Cueff Art\",\"description\":\"\",\"potentialAction\":[{\"@type\":\"SearchAction\",\"target\":{\"@type\":\"EntryPoint\",\"urlTemplate\":\"https:\/\/gaelle-cueff-art.com\/?s={search_term_string}\"},\"query-input\":{\"@type\":\"PropertyValueSpecification\",\"valueRequired\":true,\"valueName\":\"search_term_string\"}}],\"inLanguage\":\"en-US\"}]}<\/script>\n<!-- \/ Yoast SEO plugin. -->","yoast_head_json":{"title":"Noli me tangere - Ga\u00eblle Cueff Art","robots":{"index":"index","follow":"follow","max-snippet":"max-snippet:-1","max-image-preview":"max-image-preview:large","max-video-preview":"max-video-preview:-1"},"canonical":"https:\/\/gaelle-cueff-art.com\/encaustiques-menu\/noli-me-tangere\/","og_locale":"en_US","og_type":"article","og_title":"Noli me tangere - Ga\u00eblle Cueff Art","og_description":"Noli me tangere Noli me tangere\u00a0est une s\u00e9rie con\u00e7ue pendant le Grand Confinement, au cours du premier semestre 2020. \u00c0 l\u2019heure o\u00f9 cette injonction (\u201cNoli me tangere\u201d signifiant \u201cNe me touche pas\u201d) domine les \u00e9changes humains, la s\u00e9rie illustre ce paradoxal m\u00e9lange de proximit\u00e9 et de distance, la main de l\u2019artiste et celle de ses [&hellip;]","og_url":"https:\/\/gaelle-cueff-art.com\/encaustiques-menu\/noli-me-tangere\/","og_site_name":"Ga\u00eblle Cueff Art","article_modified_time":"2020-11-03T10:00:39+00:00","twitter_card":"summary_large_image","twitter_misc":{"Est. reading time":"2 minutes"},"schema":{"@context":"https:\/\/schema.org","@graph":[{"@type":"WebPage","@id":"https:\/\/gaelle-cueff-art.com\/encaustiques-menu\/noli-me-tangere\/","url":"https:\/\/gaelle-cueff-art.com\/encaustiques-menu\/noli-me-tangere\/","name":"Noli me tangere - Ga\u00eblle Cueff Art","isPartOf":{"@id":"https:\/\/gaelle-cueff-art.com\/#website"},"datePublished":"2020-10-25T11:26:22+00:00","dateModified":"2020-11-03T10:00:39+00:00","breadcrumb":{"@id":"https:\/\/gaelle-cueff-art.com\/encaustiques-menu\/noli-me-tangere\/#breadcrumb"},"inLanguage":"en-US","potentialAction":[{"@type":"ReadAction","target":["https:\/\/gaelle-cueff-art.com\/encaustiques-menu\/noli-me-tangere\/"]}]},{"@type":"BreadcrumbList","@id":"https:\/\/gaelle-cueff-art.com\/encaustiques-menu\/noli-me-tangere\/#breadcrumb","itemListElement":[{"@type":"ListItem","position":1,"name":"Home","item":"https:\/\/gaelle-cueff-art.com\/"},{"@type":"ListItem","position":2,"name":"Encaustiques","item":"https:\/\/gaelle-cueff-art.com\/encaustiques-menu\/"},{"@type":"ListItem","position":3,"name":"Noli me tangere"}]},{"@type":"WebSite","@id":"https:\/\/gaelle-cueff-art.com\/#website","url":"https:\/\/gaelle-cueff-art.com\/","name":"Ga\u00eblle Cueff Art","description":"","potentialAction":[{"@type":"SearchAction","target":{"@type":"EntryPoint","urlTemplate":"https:\/\/gaelle-cueff-art.com\/?s={search_term_string}"},"query-input":{"@type":"PropertyValueSpecification","valueRequired":true,"valueName":"search_term_string"}}],"inLanguage":"en-US"}]}},"jetpack_sharing_enabled":true,"jetpack_shortlink":"https:\/\/wp.me\/P9YwYR-1SW","jetpack-related-posts":[{"id":7378,"url":"https:\/\/gaelle-cueff-art.com\/en\/","url_meta":{"origin":7250,"position":0},"title":"page d&#8217;accueil","author":"Ga\u00eblle Cueff","date":"28\/10\/2020","format":false,"excerpt":"","rel":"","context":"Similar post","block_context":{"text":"Similar post","link":""},"img":{"alt_text":"","src":"","width":0,"height":0},"classes":[]},{"id":5361,"url":"https:\/\/gaelle-cueff-art.com\/en\/collages\/","url_meta":{"origin":7250,"position":1},"title":"Collages","author":"lesmotspourleweb","date":"01\/04\/2019","format":false,"excerpt":"","rel":"","context":"Similar post","block_context":{"text":"Similar post","link":""},"img":{"alt_text":"","src":"","width":0,"height":0},"classes":[]},{"id":7844,"url":"https:\/\/gaelle-cueff-art.com\/en\/osculptes-menu\/hors-serie\/","url_meta":{"origin":7250,"position":2},"title":"Hors-s\u00e9rie","author":"Ga\u00eblle Cueff","date":"05\/11\/2020","format":false,"excerpt":"","rel":"","context":"Similar post","block_context":{"text":"Similar post","link":""},"img":{"alt_text":"","src":"","width":0,"height":0},"classes":[]},{"id":7219,"url":"https:\/\/gaelle-cueff-art.com\/en\/collages-photos-hors-serie\/","url_meta":{"origin":7250,"position":3},"title":"Collages &#038; photos peintes hors-s\u00e9rie","author":"Ga\u00eblle Cueff","date":"25\/10\/2020","format":false,"excerpt":"","rel":"","context":"Similar post","block_context":{"text":"Similar post","link":""},"img":{"alt_text":"","src":"","width":0,"height":0},"classes":[]},{"id":7297,"url":"https:\/\/gaelle-cueff-art.com\/en\/collages-menu\/","url_meta":{"origin":7250,"position":4},"title":"Collages &#038; photos peintes menu","author":"Ga\u00eblle Cueff","date":"25\/10\/2020","format":false,"excerpt":"","rel":"","context":"Similar post","block_context":{"text":"Similar post","link":""},"img":{"alt_text":"","src":"","width":0,"height":0},"classes":[]},{"id":7255,"url":"https:\/\/gaelle-cueff-art.com\/en\/encaustiques-menu\/encaustiques-hors-serie\/","url_meta":{"origin":7250,"position":5},"title":"Encaustiques hors-s\u00e9rie","author":"Ga\u00eblle Cueff","date":"25\/10\/2020","format":false,"excerpt":"","rel":"","context":"Similar post","block_context":{"text":"Similar post","link":""},"img":{"alt_text":"","src":"","width":0,"height":0},"classes":[]}],"_links":{"self":[{"href":"https:\/\/gaelle-cueff-art.com\/en\/wp-json\/wp\/v2\/pages\/7250","targetHints":{"allow":["GET"]}}],"collection":[{"href":"https:\/\/gaelle-cueff-art.com\/en\/wp-json\/wp\/v2\/pages"}],"about":[{"href":"https:\/\/gaelle-cueff-art.com\/en\/wp-json\/wp\/v2\/types\/page"}],"author":[{"embeddable":true,"href":"https:\/\/gaelle-cueff-art.com\/en\/wp-json\/wp\/v2\/users\/208"}],"replies":[{"embeddable":true,"href":"https:\/\/gaelle-cueff-art.com\/en\/wp-json\/wp\/v2\/comments?post=7250"}],"version-history":[{"count":4,"href":"https:\/\/gaelle-cueff-art.com\/en\/wp-json\/wp\/v2\/pages\/7250\/revisions"}],"predecessor-version":[{"id":7550,"href":"https:\/\/gaelle-cueff-art.com\/en\/wp-json\/wp\/v2\/pages\/7250\/revisions\/7550"}],"up":[{"embeddable":true,"href":"https:\/\/gaelle-cueff-art.com\/en\/wp-json\/wp\/v2\/pages\/7322"}],"wp:attachment":[{"href":"https:\/\/gaelle-cueff-art.com\/en\/wp-json\/wp\/v2\/media?parent=7250"}],"curies":[{"name":"wp","href":"https:\/\/api.w.org\/{rel}","templated":true}]}}