{"id":7233,"date":"2020-10-25T11:01:25","date_gmt":"2020-10-25T11:01:25","guid":{"rendered":"https:\/\/gaelle-cueff-art.com\/?page_id=7233"},"modified":"2020-11-03T09:52:06","modified_gmt":"2020-11-03T09:52:06","slug":"les-mecaniques-du-corps","status":"publish","type":"page","link":"https:\/\/gaelle-cueff-art.com\/en\/les-mecaniques-du-corps\/","title":{"rendered":"Les M\u00e9caniques du corps"},"content":{"rendered":"<p>[et_pb_section fb_built=&#8221;1&#8243; _builder_version=&#8221;3.22&#8243;][et_pb_row column_structure=&#8221;1_3,2_3&#8243; _builder_version=&#8221;4.6.1&#8243; background_size=&#8221;initial&#8221; background_position=&#8221;top_left&#8221; background_repeat=&#8221;repeat&#8221; hover_enabled=&#8221;0&#8243; width=&#8221;100%&#8221; max_width=&#8221;2560px&#8221; sticky_enabled=&#8221;0&#8243; min_height=&#8221;477px&#8221;][et_pb_column type=&#8221;1_3&#8243; _builder_version=&#8221;3.25&#8243; custom_padding=&#8221;|||&#8221; custom_padding__hover=&#8221;|||&#8221;][et_pb_text _builder_version=&#8221;4.6.1&#8243; hover_enabled=&#8221;0&#8243; custom_margin=&#8221;|||11px|false|false&#8221; sticky_enabled=&#8221;0&#8243;]<\/p>\n<h1>Les M\u00e9caniques du corps<\/h1>\n<p>Tout comme <em>M\u00e9moire des autres<\/em>, la s\u00e9rie\u00a0<em>Les M\u00e9caniques du corps<\/em>, commenc\u00e9e en 2019, utilise des ferrotypes (ces photographies sur m\u00e9tal qui marquent l\u2019essor de la photographie dans la seconde moiti\u00e9 du XIXe\u00a0si\u00e8cle) scann\u00e9s, agrandis, repeints et enrichis d\u2019\u00e9l\u00e9ments de collages ou de dessin. Hi\u00e9ratiques dans leur pose au sein de l\u2019atelier du photographe, ces hommes et ces femmes \u00e0 l\u2019apparente inexpressivit\u00e9 entrent par effraction dans l\u2019univers myst\u00e9rieux, inqui\u00e9tant, baroque et ambivalent du conte, \u00a0et une histoire leur est r\u00e9invent\u00e9e.<\/p>\n<p><strong>Cliquer sur les vignettes pour les agrandir et obtenir des renseignements compl\u00e9mentaires sur chaque \u0153uvre.<\/strong><\/p>\n<p>Pour tout renseignement : <strong>gaelle.cueff@orange.fr<\/strong><\/p>\n<h1><\/h1>\n<p>[\/et_pb_text][\/et_pb_column][et_pb_column type=&#8221;2_3&#8243; _builder_version=&#8221;3.25&#8243; custom_padding=&#8221;|||&#8221; custom_padding__hover=&#8221;|||&#8221;][et_pb_shop type=&#8221;product_category&#8221; posts_number=&#8221;100&#8243; include_categories=&#8221;72&#8243; columns_number=&#8221;3&#8243; orderby=&#8221;date-desc&#8221; _builder_version=&#8221;4.6.1&#8243; title_font_size=&#8221;15px&#8221; price_text_color=&#8221;#7a7a7a&#8221; hover_enabled=&#8221;0&#8243; custom_margin=&#8221;|11px||11px|false|false&#8221; sticky_enabled=&#8221;0&#8243;]&nbsp;<br \/>\n[\/et_pb_shop][\/et_pb_column][\/et_pb_row][\/et_pb_section]<\/p>\n","protected":false},"excerpt":{"rendered":"<p>Les M\u00e9caniques du corps Tout comme M\u00e9moire des autres, la s\u00e9rie\u00a0Les M\u00e9caniques du corps, commenc\u00e9e en 2019, utilise des ferrotypes (ces photographies sur m\u00e9tal qui marquent l\u2019essor de la photographie dans la seconde moiti\u00e9 du XIXe\u00a0si\u00e8cle) scann\u00e9s, agrandis, repeints et enrichis d\u2019\u00e9l\u00e9ments de collages ou de dessin. Hi\u00e9ratiques dans leur pose au sein de l\u2019atelier [&hellip;]<\/p>\n","protected":false},"author":208,"featured_media":0,"parent":0,"menu_order":0,"comment_status":"closed","ping_status":"closed","template":"","meta":{"_et_pb_use_builder":"on","_et_pb_old_content":"","_et_gb_content_width":"","om_disable_all_campaigns":false,"_monsterinsights_skip_tracking":false,"_monsterinsights_sitenote_active":false,"_monsterinsights_sitenote_note":"","_monsterinsights_sitenote_category":0,"_uf_show_specific_survey":0,"_uf_disable_surveys":false,"jetpack_post_was_ever_published":false,"footnotes":""},"class_list":["post-7233","page","type-page","status-publish","hentry"],"aioseo_notices":[],"yoast_head":"<!-- This site is optimized with the Yoast SEO plugin v27.0 - https:\/\/yoast.com\/product\/yoast-seo-wordpress\/ -->\n<title>Les M\u00e9caniques du corps - Ga\u00eblle Cueff Art<\/title>\n<meta name=\"robots\" content=\"index, follow, max-snippet:-1, max-image-preview:large, max-video-preview:-1\" \/>\n<link rel=\"canonical\" href=\"https:\/\/gaelle-cueff-art.com\/en\/les-mecaniques-du-corps\/\" \/>\n<meta property=\"og:locale\" content=\"en_US\" \/>\n<meta property=\"og:type\" content=\"article\" \/>\n<meta property=\"og:title\" content=\"Les M\u00e9caniques du corps - Ga\u00eblle Cueff Art\" \/>\n<meta property=\"og:description\" content=\"Les M\u00e9caniques du corps Tout comme M\u00e9moire des autres, la s\u00e9rie\u00a0Les M\u00e9caniques du corps, commenc\u00e9e en 2019, utilise des ferrotypes (ces photographies sur m\u00e9tal qui marquent l\u2019essor de la photographie dans la seconde moiti\u00e9 du XIXe\u00a0si\u00e8cle) scann\u00e9s, agrandis, repeints et enrichis d\u2019\u00e9l\u00e9ments de collages ou de dessin. Hi\u00e9ratiques dans leur pose au sein de l\u2019atelier [&hellip;]\" \/>\n<meta property=\"og:url\" content=\"https:\/\/gaelle-cueff-art.com\/en\/les-mecaniques-du-corps\/\" \/>\n<meta property=\"og:site_name\" content=\"Ga\u00eblle Cueff Art\" \/>\n<meta property=\"article:modified_time\" content=\"2020-11-03T09:52:06+00:00\" \/>\n<meta name=\"twitter:card\" content=\"summary_large_image\" \/>\n<meta name=\"twitter:label1\" content=\"Est. reading time\" \/>\n\t<meta name=\"twitter:data1\" content=\"1 minute\" \/>\n<script type=\"application\/ld+json\" class=\"yoast-schema-graph\">{\"@context\":\"https:\/\/schema.org\",\"@graph\":[{\"@type\":\"WebPage\",\"@id\":\"https:\/\/gaelle-cueff-art.com\/en\/les-mecaniques-du-corps\/\",\"url\":\"https:\/\/gaelle-cueff-art.com\/en\/les-mecaniques-du-corps\/\",\"name\":\"Les M\u00e9caniques du corps - Ga\u00eblle Cueff Art\",\"isPartOf\":{\"@id\":\"https:\/\/gaelle-cueff-art.com\/#website\"},\"datePublished\":\"2020-10-25T11:01:25+00:00\",\"dateModified\":\"2020-11-03T09:52:06+00:00\",\"breadcrumb\":{\"@id\":\"https:\/\/gaelle-cueff-art.com\/en\/les-mecaniques-du-corps\/#breadcrumb\"},\"inLanguage\":\"en-US\",\"potentialAction\":[{\"@type\":\"ReadAction\",\"target\":[\"https:\/\/gaelle-cueff-art.com\/en\/les-mecaniques-du-corps\/\"]}]},{\"@type\":\"BreadcrumbList\",\"@id\":\"https:\/\/gaelle-cueff-art.com\/en\/les-mecaniques-du-corps\/#breadcrumb\",\"itemListElement\":[{\"@type\":\"ListItem\",\"position\":1,\"name\":\"Home\",\"item\":\"https:\/\/gaelle-cueff-art.com\/\"},{\"@type\":\"ListItem\",\"position\":2,\"name\":\"Les M\u00e9caniques du corps\"}]},{\"@type\":\"WebSite\",\"@id\":\"https:\/\/gaelle-cueff-art.com\/#website\",\"url\":\"https:\/\/gaelle-cueff-art.com\/\",\"name\":\"Ga\u00eblle Cueff Art\",\"description\":\"\",\"potentialAction\":[{\"@type\":\"SearchAction\",\"target\":{\"@type\":\"EntryPoint\",\"urlTemplate\":\"https:\/\/gaelle-cueff-art.com\/?s={search_term_string}\"},\"query-input\":{\"@type\":\"PropertyValueSpecification\",\"valueRequired\":true,\"valueName\":\"search_term_string\"}}],\"inLanguage\":\"en-US\"}]}<\/script>\n<!-- \/ Yoast SEO plugin. -->","yoast_head_json":{"title":"Les M\u00e9caniques du corps - Ga\u00eblle Cueff Art","robots":{"index":"index","follow":"follow","max-snippet":"max-snippet:-1","max-image-preview":"max-image-preview:large","max-video-preview":"max-video-preview:-1"},"canonical":"https:\/\/gaelle-cueff-art.com\/en\/les-mecaniques-du-corps\/","og_locale":"en_US","og_type":"article","og_title":"Les M\u00e9caniques du corps - Ga\u00eblle Cueff Art","og_description":"Les M\u00e9caniques du corps Tout comme M\u00e9moire des autres, la s\u00e9rie\u00a0Les M\u00e9caniques du corps, commenc\u00e9e en 2019, utilise des ferrotypes (ces photographies sur m\u00e9tal qui marquent l\u2019essor de la photographie dans la seconde moiti\u00e9 du XIXe\u00a0si\u00e8cle) scann\u00e9s, agrandis, repeints et enrichis d\u2019\u00e9l\u00e9ments de collages ou de dessin. Hi\u00e9ratiques dans leur pose au sein de l\u2019atelier [&hellip;]","og_url":"https:\/\/gaelle-cueff-art.com\/en\/les-mecaniques-du-corps\/","og_site_name":"Ga\u00eblle Cueff Art","article_modified_time":"2020-11-03T09:52:06+00:00","twitter_card":"summary_large_image","twitter_misc":{"Est. reading time":"1 minute"},"schema":{"@context":"https:\/\/schema.org","@graph":[{"@type":"WebPage","@id":"https:\/\/gaelle-cueff-art.com\/en\/les-mecaniques-du-corps\/","url":"https:\/\/gaelle-cueff-art.com\/en\/les-mecaniques-du-corps\/","name":"Les M\u00e9caniques du corps - Ga\u00eblle Cueff Art","isPartOf":{"@id":"https:\/\/gaelle-cueff-art.com\/#website"},"datePublished":"2020-10-25T11:01:25+00:00","dateModified":"2020-11-03T09:52:06+00:00","breadcrumb":{"@id":"https:\/\/gaelle-cueff-art.com\/en\/les-mecaniques-du-corps\/#breadcrumb"},"inLanguage":"en-US","potentialAction":[{"@type":"ReadAction","target":["https:\/\/gaelle-cueff-art.com\/en\/les-mecaniques-du-corps\/"]}]},{"@type":"BreadcrumbList","@id":"https:\/\/gaelle-cueff-art.com\/en\/les-mecaniques-du-corps\/#breadcrumb","itemListElement":[{"@type":"ListItem","position":1,"name":"Home","item":"https:\/\/gaelle-cueff-art.com\/"},{"@type":"ListItem","position":2,"name":"Les M\u00e9caniques du corps"}]},{"@type":"WebSite","@id":"https:\/\/gaelle-cueff-art.com\/#website","url":"https:\/\/gaelle-cueff-art.com\/","name":"Ga\u00eblle Cueff Art","description":"","potentialAction":[{"@type":"SearchAction","target":{"@type":"EntryPoint","urlTemplate":"https:\/\/gaelle-cueff-art.com\/?s={search_term_string}"},"query-input":{"@type":"PropertyValueSpecification","valueRequired":true,"valueName":"search_term_string"}}],"inLanguage":"en-US"}]}},"jetpack_sharing_enabled":true,"jetpack_shortlink":"https:\/\/wp.me\/P9YwYR-1SF","jetpack-related-posts":[{"id":5361,"url":"https:\/\/gaelle-cueff-art.com\/en\/collages\/","url_meta":{"origin":7233,"position":0},"title":"Collages","author":"lesmotspourleweb","date":"01\/04\/2019","format":false,"excerpt":"","rel":"","context":"Similar post","block_context":{"text":"Similar post","link":""},"img":{"alt_text":"","src":"","width":0,"height":0},"classes":[]},{"id":6908,"url":"https:\/\/gaelle-cueff-art.com\/en\/memoire-des-autres\/","url_meta":{"origin":7233,"position":1},"title":"M\u00e9moire des autres","author":"Ga\u00eblle Cueff","date":"23\/10\/2020","format":false,"excerpt":"","rel":"","context":"Similar post","block_context":{"text":"Similar post","link":""},"img":{"alt_text":"","src":"","width":0,"height":0},"classes":[]},{"id":7378,"url":"https:\/\/gaelle-cueff-art.com\/en\/","url_meta":{"origin":7233,"position":2},"title":"page d&#8217;accueil","author":"Ga\u00eblle Cueff","date":"28\/10\/2020","format":false,"excerpt":"","rel":"","context":"Similar post","block_context":{"text":"Similar post","link":""},"img":{"alt_text":"","src":"","width":0,"height":0},"classes":[]},{"id":10371,"url":"https:\/\/gaelle-cueff-art.com\/en\/photographies\/","url_meta":{"origin":7233,"position":3},"title":"Photographies","author":"Ga\u00eblle Cueff","date":"07\/01\/2023","format":false,"excerpt":"","rel":"","context":"Similar post","block_context":{"text":"Similar post","link":""},"img":{"alt_text":"","src":"","width":0,"height":0},"classes":[]},{"id":9783,"url":"https:\/\/gaelle-cueff-art.com\/en\/encaustiques-menu\/tranches-de-ville\/","url_meta":{"origin":7233,"position":4},"title":"Tranches de ville","author":"Ga\u00eblle Cueff","date":"10\/03\/2022","format":false,"excerpt":"","rel":"","context":"Similar post","block_context":{"text":"Similar post","link":""},"img":{"alt_text":"","src":"","width":0,"height":0},"classes":[]},{"id":9221,"url":"https:\/\/gaelle-cueff-art.com\/en\/encaustiques-menu\/empreintes\/","url_meta":{"origin":7233,"position":5},"title":"Empreintes","author":"Ga\u00eblle Cueff","date":"26\/08\/2021","format":false,"excerpt":"","rel":"","context":"Similar post","block_context":{"text":"Similar post","link":""},"img":{"alt_text":"","src":"","width":0,"height":0},"classes":[]}],"_links":{"self":[{"href":"https:\/\/gaelle-cueff-art.com\/en\/wp-json\/wp\/v2\/pages\/7233","targetHints":{"allow":["GET"]}}],"collection":[{"href":"https:\/\/gaelle-cueff-art.com\/en\/wp-json\/wp\/v2\/pages"}],"about":[{"href":"https:\/\/gaelle-cueff-art.com\/en\/wp-json\/wp\/v2\/types\/page"}],"author":[{"embeddable":true,"href":"https:\/\/gaelle-cueff-art.com\/en\/wp-json\/wp\/v2\/users\/208"}],"replies":[{"embeddable":true,"href":"https:\/\/gaelle-cueff-art.com\/en\/wp-json\/wp\/v2\/comments?post=7233"}],"version-history":[{"count":6,"href":"https:\/\/gaelle-cueff-art.com\/en\/wp-json\/wp\/v2\/pages\/7233\/revisions"}],"predecessor-version":[{"id":7541,"href":"https:\/\/gaelle-cueff-art.com\/en\/wp-json\/wp\/v2\/pages\/7233\/revisions\/7541"}],"wp:attachment":[{"href":"https:\/\/gaelle-cueff-art.com\/en\/wp-json\/wp\/v2\/media?parent=7233"}],"curies":[{"name":"wp","href":"https:\/\/api.w.org\/{rel}","templated":true}]}}