{"id":7227,"date":"2020-10-25T10:54:27","date_gmt":"2020-10-25T10:54:27","guid":{"rendered":"https:\/\/gaelle-cueff-art.com\/?page_id=7227"},"modified":"2025-01-23T15:39:20","modified_gmt":"2025-01-23T13:39:20","slug":"les-vibrations-de-la-foret","status":"publish","type":"page","link":"https:\/\/gaelle-cueff-art.com\/en\/les-vibrations-de-la-foret\/","title":{"rendered":"Les Vibrations de la for\u00eat"},"content":{"rendered":"<p>[et_pb_section fb_built=&#8221;1&#8243; _builder_version=&#8221;4.16&#8243; global_colors_info=&#8221;{}&#8221;][et_pb_row column_structure=&#8221;1_3,2_3&#8243; _builder_version=&#8221;4.16&#8243; background_size=&#8221;initial&#8221; background_position=&#8221;top_left&#8221; background_repeat=&#8221;repeat&#8221; width=&#8221;100%&#8221; max_width=&#8221;2560px&#8221; global_colors_info=&#8221;{}&#8221;][et_pb_column type=&#8221;1_3&#8243; _builder_version=&#8221;4.16&#8243; custom_padding=&#8221;|||&#8221; global_colors_info=&#8221;{}&#8221; custom_padding__hover=&#8221;|||&#8221;][et_pb_text _builder_version=&#8221;4.16&#8243; custom_margin=&#8221;|||11px|false|false&#8221; global_colors_info=&#8221;{}&#8221;]<\/p>\n<h1>Les Vibrations de la for\u00eat<\/h1>\n<p class=\"cvGsUA direction-ltr align-justify para-style-body\"><span class=\"OYPEnA font-feature-liga-off font-feature-clig-off font-feature-calt-off text-decoration-none text-strikethrough-none\"><em>Les Vibrations de la for\u00eat<\/em>, s\u00e9rie commenc\u00e9e en 2019, s\u2019int\u00e9resse au potentiel po\u00e9tique de la for\u00eat, \u00e0 ses correspondances synesth\u00e9siques.<\/span><\/p>\n<p class=\"cvGsUA direction-ltr align-justify para-style-body\"><span class=\"OYPEnA font-feature-liga-off font-feature-clig-off font-feature-calt-off text-decoration-none text-strikethrough-none\">Elle s\u2019articule autour de photographies prises en for\u00eat normande, en Italie ou dans le sud de la France, dont plusieurs couches sont coloris\u00e9es, peintes, redessin\u00e9es et imprim\u00e9es sur des feuilles de rhodo\u00efd \u00e0 la transparence variable, avant d\u2019\u00eatre superpos\u00e9es de avec un tr\u00e8s l\u00e9ger d\u00e9calage qui restitue l\u2019effet vibratoire ressenti au c\u0153ur de la for\u00eat. Le r\u00e9sultat final est scann\u00e9 en haute r\u00e9solution afin d\u2019\u00eatre imprim\u00e9 sur du papier fine art Hahnem\u00fchle, dans une limite de sept exemplaires tous formats confondus.<\/span><\/p>\n<p class=\"cvGsUA direction-ltr align-justify para-style-body\"><span class=\"OYPEnA font-feature-liga-off font-feature-clig-off font-feature-calt-off text-decoration-none text-strikethrough-none\">De ce d\u00e9voilement-recouvrement de l\u2019espace, de ce jeu de couleurs et de lumi\u00e8re, na\u00eet une tridimensionnalit\u00e9 fictive qui \u00e9voque cette sensation, lorsque nous y p\u00e9n\u00e9trons, que la for\u00eat vibre et respire, comme un \u00e9cho aux \u201cCorrespondances\u201d baudelairiennes o\u00f9 \u00ab les parfums, les couleurs et les sons se r\u00e9pondent \u00bb.<\/span><\/p>\n<p><strong>Cliquer sur les vignettes pour les agrandir et obtenir des renseignements compl\u00e9mentaires sur chaque \u0153uvre.<\/strong><\/p>\n<p>Pour tout renseignement : <strong>gaelle.cueff@orange.fr<\/strong><\/p>\n<h1><\/h1>\n<p>[\/et_pb_text][\/et_pb_column][et_pb_column type=&#8221;2_3&#8243; _builder_version=&#8221;4.16&#8243; custom_padding=&#8221;|||&#8221; global_colors_info=&#8221;{}&#8221; custom_padding__hover=&#8221;|||&#8221;][et_pb_shop type=&#8221;product_category&#8221; posts_number=&#8221;100&#8243; include_categories=&#8221;73&#8243; columns_number=&#8221;3&#8243; orderby=&#8221;date-desc&#8221; _builder_version=&#8221;4.16&#8243; title_font_size=&#8221;15px&#8221; price_text_color=&#8221;#7a7a7a&#8221; custom_margin=&#8221;|11px||11px|false|false&#8221; global_colors_info=&#8221;{}&#8221;]&nbsp;<br \/>\n[\/et_pb_shop][\/et_pb_column][\/et_pb_row][\/et_pb_section]<\/p>\n","protected":false},"excerpt":{"rendered":"<p>Les Vibrations de la for\u00eat Les Vibrations de la for\u00eat, s\u00e9rie commenc\u00e9e en 2019, s\u2019int\u00e9resse au potentiel po\u00e9tique de la for\u00eat, \u00e0 ses correspondances synesth\u00e9siques. Elle s\u2019articule autour de photographies prises en for\u00eat normande, en Italie ou dans le sud de la France, dont plusieurs couches sont coloris\u00e9es, peintes, redessin\u00e9es et imprim\u00e9es sur des feuilles [&hellip;]<\/p>\n","protected":false},"author":208,"featured_media":0,"parent":0,"menu_order":0,"comment_status":"closed","ping_status":"closed","template":"","meta":{"_et_pb_use_builder":"on","_et_pb_old_content":"","_et_gb_content_width":"","om_disable_all_campaigns":false,"_monsterinsights_skip_tracking":false,"_monsterinsights_sitenote_active":false,"_monsterinsights_sitenote_note":"","_monsterinsights_sitenote_category":0,"_uf_show_specific_survey":0,"_uf_disable_surveys":false,"jetpack_post_was_ever_published":false,"footnotes":""},"class_list":["post-7227","page","type-page","status-publish","hentry"],"aioseo_notices":[],"yoast_head":"<!-- This site is optimized with the Yoast SEO plugin v27.0 - https:\/\/yoast.com\/product\/yoast-seo-wordpress\/ -->\n<title>Les Vibrations de la for\u00eat - Ga\u00eblle Cueff Art<\/title>\n<meta name=\"robots\" content=\"index, follow, max-snippet:-1, max-image-preview:large, max-video-preview:-1\" \/>\n<link rel=\"canonical\" href=\"https:\/\/gaelle-cueff-art.com\/les-vibrations-de-la-foret\/\" \/>\n<meta property=\"og:locale\" content=\"en_US\" \/>\n<meta property=\"og:type\" content=\"article\" \/>\n<meta property=\"og:title\" content=\"Les Vibrations de la for\u00eat - Ga\u00eblle Cueff Art\" \/>\n<meta property=\"og:description\" content=\"Les Vibrations de la for\u00eat Les Vibrations de la for\u00eat, s\u00e9rie commenc\u00e9e en 2019, s\u2019int\u00e9resse au potentiel po\u00e9tique de la for\u00eat, \u00e0 ses correspondances synesth\u00e9siques. Elle s\u2019articule autour de photographies prises en for\u00eat normande, en Italie ou dans le sud de la France, dont plusieurs couches sont coloris\u00e9es, peintes, redessin\u00e9es et imprim\u00e9es sur des feuilles [&hellip;]\" \/>\n<meta property=\"og:url\" content=\"https:\/\/gaelle-cueff-art.com\/les-vibrations-de-la-foret\/\" \/>\n<meta property=\"og:site_name\" content=\"Ga\u00eblle Cueff Art\" \/>\n<meta property=\"article:modified_time\" content=\"2025-01-23T13:39:20+00:00\" \/>\n<meta name=\"twitter:card\" content=\"summary_large_image\" \/>\n<meta name=\"twitter:label1\" content=\"Est. reading time\" \/>\n\t<meta name=\"twitter:data1\" content=\"2 minutes\" \/>\n<script type=\"application\/ld+json\" class=\"yoast-schema-graph\">{\"@context\":\"https:\/\/schema.org\",\"@graph\":[{\"@type\":\"WebPage\",\"@id\":\"https:\/\/gaelle-cueff-art.com\/les-vibrations-de-la-foret\/\",\"url\":\"https:\/\/gaelle-cueff-art.com\/les-vibrations-de-la-foret\/\",\"name\":\"Les Vibrations de la for\u00eat - Ga\u00eblle Cueff Art\",\"isPartOf\":{\"@id\":\"https:\/\/gaelle-cueff-art.com\/#website\"},\"datePublished\":\"2020-10-25T10:54:27+00:00\",\"dateModified\":\"2025-01-23T13:39:20+00:00\",\"breadcrumb\":{\"@id\":\"https:\/\/gaelle-cueff-art.com\/les-vibrations-de-la-foret\/#breadcrumb\"},\"inLanguage\":\"en-US\",\"potentialAction\":[{\"@type\":\"ReadAction\",\"target\":[\"https:\/\/gaelle-cueff-art.com\/les-vibrations-de-la-foret\/\"]}]},{\"@type\":\"BreadcrumbList\",\"@id\":\"https:\/\/gaelle-cueff-art.com\/les-vibrations-de-la-foret\/#breadcrumb\",\"itemListElement\":[{\"@type\":\"ListItem\",\"position\":1,\"name\":\"Home\",\"item\":\"https:\/\/gaelle-cueff-art.com\/\"},{\"@type\":\"ListItem\",\"position\":2,\"name\":\"Les Vibrations de la for\u00eat\"}]},{\"@type\":\"WebSite\",\"@id\":\"https:\/\/gaelle-cueff-art.com\/#website\",\"url\":\"https:\/\/gaelle-cueff-art.com\/\",\"name\":\"Ga\u00eblle Cueff Art\",\"description\":\"\",\"potentialAction\":[{\"@type\":\"SearchAction\",\"target\":{\"@type\":\"EntryPoint\",\"urlTemplate\":\"https:\/\/gaelle-cueff-art.com\/?s={search_term_string}\"},\"query-input\":{\"@type\":\"PropertyValueSpecification\",\"valueRequired\":true,\"valueName\":\"search_term_string\"}}],\"inLanguage\":\"en-US\"}]}<\/script>\n<!-- \/ Yoast SEO plugin. -->","yoast_head_json":{"title":"Les Vibrations de la for\u00eat - Ga\u00eblle Cueff Art","robots":{"index":"index","follow":"follow","max-snippet":"max-snippet:-1","max-image-preview":"max-image-preview:large","max-video-preview":"max-video-preview:-1"},"canonical":"https:\/\/gaelle-cueff-art.com\/les-vibrations-de-la-foret\/","og_locale":"en_US","og_type":"article","og_title":"Les Vibrations de la for\u00eat - Ga\u00eblle Cueff Art","og_description":"Les Vibrations de la for\u00eat Les Vibrations de la for\u00eat, s\u00e9rie commenc\u00e9e en 2019, s\u2019int\u00e9resse au potentiel po\u00e9tique de la for\u00eat, \u00e0 ses correspondances synesth\u00e9siques. Elle s\u2019articule autour de photographies prises en for\u00eat normande, en Italie ou dans le sud de la France, dont plusieurs couches sont coloris\u00e9es, peintes, redessin\u00e9es et imprim\u00e9es sur des feuilles [&hellip;]","og_url":"https:\/\/gaelle-cueff-art.com\/les-vibrations-de-la-foret\/","og_site_name":"Ga\u00eblle Cueff Art","article_modified_time":"2025-01-23T13:39:20+00:00","twitter_card":"summary_large_image","twitter_misc":{"Est. reading time":"2 minutes"},"schema":{"@context":"https:\/\/schema.org","@graph":[{"@type":"WebPage","@id":"https:\/\/gaelle-cueff-art.com\/les-vibrations-de-la-foret\/","url":"https:\/\/gaelle-cueff-art.com\/les-vibrations-de-la-foret\/","name":"Les Vibrations de la for\u00eat - Ga\u00eblle Cueff Art","isPartOf":{"@id":"https:\/\/gaelle-cueff-art.com\/#website"},"datePublished":"2020-10-25T10:54:27+00:00","dateModified":"2025-01-23T13:39:20+00:00","breadcrumb":{"@id":"https:\/\/gaelle-cueff-art.com\/les-vibrations-de-la-foret\/#breadcrumb"},"inLanguage":"en-US","potentialAction":[{"@type":"ReadAction","target":["https:\/\/gaelle-cueff-art.com\/les-vibrations-de-la-foret\/"]}]},{"@type":"BreadcrumbList","@id":"https:\/\/gaelle-cueff-art.com\/les-vibrations-de-la-foret\/#breadcrumb","itemListElement":[{"@type":"ListItem","position":1,"name":"Home","item":"https:\/\/gaelle-cueff-art.com\/"},{"@type":"ListItem","position":2,"name":"Les Vibrations de la for\u00eat"}]},{"@type":"WebSite","@id":"https:\/\/gaelle-cueff-art.com\/#website","url":"https:\/\/gaelle-cueff-art.com\/","name":"Ga\u00eblle Cueff Art","description":"","potentialAction":[{"@type":"SearchAction","target":{"@type":"EntryPoint","urlTemplate":"https:\/\/gaelle-cueff-art.com\/?s={search_term_string}"},"query-input":{"@type":"PropertyValueSpecification","valueRequired":true,"valueName":"search_term_string"}}],"inLanguage":"en-US"}]}},"jetpack_sharing_enabled":true,"jetpack_shortlink":"https:\/\/wp.me\/P9YwYR-1Sz","jetpack-related-posts":[{"id":9933,"url":"https:\/\/gaelle-cueff-art.com\/en\/photos-peintes\/les-vibrations-de-la-vigne\/","url_meta":{"origin":7227,"position":0},"title":"Les Vibrations de la vigne","author":"Ga\u00eblle Cueff","date":"21\/06\/2022","format":false,"excerpt":"","rel":"","context":"Similar post","block_context":{"text":"Similar post","link":""},"img":{"alt_text":"","src":"","width":0,"height":0},"classes":[]},{"id":7332,"url":"https:\/\/gaelle-cueff-art.com\/en\/photos-peintes\/","url_meta":{"origin":7227,"position":1},"title":"Photos peintes","author":"Ga\u00eblle Cueff","date":"25\/10\/2020","format":false,"excerpt":"","rel":"","context":"Similar post","block_context":{"text":"Similar post","link":""},"img":{"alt_text":"","src":"","width":0,"height":0},"classes":[]},{"id":7322,"url":"https:\/\/gaelle-cueff-art.com\/en\/encaustiques-menu\/","url_meta":{"origin":7227,"position":2},"title":"Encaustiques","author":"Ga\u00eblle Cueff","date":"25\/10\/2020","format":false,"excerpt":"","rel":"","context":"Similar post","block_context":{"text":"Similar post","link":""},"img":{"alt_text":"","src":"","width":0,"height":0},"classes":[]},{"id":10375,"url":"https:\/\/gaelle-cueff-art.com\/en\/collages-menu-2\/les-ephemerides\/","url_meta":{"origin":7227,"position":3},"title":"Les \u00c9ph\u00e9m\u00e9rides","author":"Ga\u00eblle Cueff","date":"07\/01\/2023","format":false,"excerpt":"","rel":"","context":"Similar post","block_context":{"text":"Similar post","link":""},"img":{"alt_text":"","src":"","width":0,"height":0},"classes":[]},{"id":5361,"url":"https:\/\/gaelle-cueff-art.com\/en\/collages\/","url_meta":{"origin":7227,"position":4},"title":"Collages","author":"lesmotspourleweb","date":"01\/04\/2019","format":false,"excerpt":"","rel":"","context":"Similar post","block_context":{"text":"Similar post","link":""},"img":{"alt_text":"","src":"","width":0,"height":0},"classes":[]},{"id":7378,"url":"https:\/\/gaelle-cueff-art.com\/en\/","url_meta":{"origin":7227,"position":5},"title":"page d&#8217;accueil","author":"Ga\u00eblle Cueff","date":"28\/10\/2020","format":false,"excerpt":"","rel":"","context":"Similar post","block_context":{"text":"Similar post","link":""},"img":{"alt_text":"","src":"","width":0,"height":0},"classes":[]}],"_links":{"self":[{"href":"https:\/\/gaelle-cueff-art.com\/en\/wp-json\/wp\/v2\/pages\/7227","targetHints":{"allow":["GET"]}}],"collection":[{"href":"https:\/\/gaelle-cueff-art.com\/en\/wp-json\/wp\/v2\/pages"}],"about":[{"href":"https:\/\/gaelle-cueff-art.com\/en\/wp-json\/wp\/v2\/types\/page"}],"author":[{"embeddable":true,"href":"https:\/\/gaelle-cueff-art.com\/en\/wp-json\/wp\/v2\/users\/208"}],"replies":[{"embeddable":true,"href":"https:\/\/gaelle-cueff-art.com\/en\/wp-json\/wp\/v2\/comments?post=7227"}],"version-history":[{"count":9,"href":"https:\/\/gaelle-cueff-art.com\/en\/wp-json\/wp\/v2\/pages\/7227\/revisions"}],"predecessor-version":[{"id":13464,"href":"https:\/\/gaelle-cueff-art.com\/en\/wp-json\/wp\/v2\/pages\/7227\/revisions\/13464"}],"wp:attachment":[{"href":"https:\/\/gaelle-cueff-art.com\/en\/wp-json\/wp\/v2\/media?parent=7227"}],"curies":[{"name":"wp","href":"https:\/\/api.w.org\/{rel}","templated":true}]}}