{"id":7206,"date":"2020-10-24T15:47:40","date_gmt":"2020-10-24T15:47:40","guid":{"rendered":"https:\/\/gaelle-cueff-art.com\/?page_id=7206"},"modified":"2025-12-23T17:35:04","modified_gmt":"2025-12-23T15:35:04","slug":"la-cle-des-chants","status":"publish","type":"page","link":"https:\/\/gaelle-cueff-art.com\/en\/collages-menu-2\/la-cle-des-chants\/","title":{"rendered":"La Cl\u00e9 des chants"},"content":{"rendered":"<p>[et_pb_section fb_built=&#8221;1&#8243; _builder_version=&#8221;3.22&#8243;][et_pb_row column_structure=&#8221;1_3,2_3&#8243; _builder_version=&#8221;4.6.1&#8243; background_size=&#8221;initial&#8221; background_position=&#8221;top_left&#8221; background_repeat=&#8221;repeat&#8221; width=&#8221;100%&#8221; max_width=&#8221;2560px&#8221;][et_pb_column type=&#8221;1_3&#8243; _builder_version=&#8221;3.25&#8243; custom_padding=&#8221;|||&#8221; custom_padding__hover=&#8221;|||&#8221;][et_pb_text _builder_version=&#8221;4.6.1&#8243; custom_margin=&#8221;|||11px|false|false&#8221; hover_enabled=&#8221;0&#8243; sticky_enabled=&#8221;0&#8243;]<\/p>\n<h1><strong>La Cl\u00e9 des chants<\/strong><\/h1>\n<p>Ces collages r\u00e9alis\u00e9s entre 2016 et 2019 sont compos\u00e9s de papiers d\u00e9coup\u00e9s et parfois enrichis d\u2019ajouts pigmentaires, sans aucune intervention num\u00e9rique avant le scan final (chaque collage prend alors place dans une \u00e9dition limit\u00e9e, g\u00e9n\u00e9ralement de 7 exemplaires, tous formats confondus).<\/p>\n<p>La s\u00e9rie prend racine dans un dialogue entre des paroles de chansons et les compositions narratives que ces chansons, mises en regard avec le corpus d\u2019images pr\u00e9alablement d\u00e9coup\u00e9es, ont inspir\u00e9es \u00e0 Ga\u00eblle Cueff. Le titre de chaque collage se r\u00e9f\u00e8re aux deux composantes de l\u2019\u0153uvre, les paroles et l\u2019image, et \u00e0 l\u2019\u00e9change f\u00e9cond nou\u00e9 entre ces deux univers, litt\u00e9raire et graphique.<\/p>\n<p><em>La Cl\u00e9 des chants<\/em>\u00a0<span style=\"font-size: 14px; letter-spacing: 1px;\">a fait l&#8217;objet d&#8217;une <a href=\"https:\/\/gaelle-cueff-art.com\/en\/publications\/\">publication<\/a> \u00e9ponyme limit\u00e9e \u00e0 200 exemplaires num\u00e9rot\u00e9s, accompagn\u00e9s d&#8217;une photographie 10 x 15 cm sign\u00e9e).<\/span><\/p>\n<p>&nbsp;<\/p>\n<p><strong>Cliquer sur les vignettes pour les agrandir et obtenir des renseignements compl\u00e9mentaires sur chaque \u0153uvre.<\/strong><\/p>\n<p>Pour tout renseignement : <strong>gaelle.cueff@orange.fr<\/strong><\/p>\n<h1><\/h1>\n<p>[\/et_pb_text][\/et_pb_column][et_pb_column type=&#8221;2_3&#8243; _builder_version=&#8221;3.25&#8243; custom_padding=&#8221;|||&#8221; custom_padding__hover=&#8221;|||&#8221;][et_pb_shop type=&#8221;product_category&#8221; posts_number=&#8221;100&#8243; include_categories=&#8221;71&#8243; columns_number=&#8221;3&#8243; orderby=&#8221;date-desc&#8221; _builder_version=&#8221;4.6.1&#8243; title_font_size=&#8221;15px&#8221; price_text_color=&#8221;#7a7a7a&#8221; custom_margin=&#8221;|11px||11px|false|false&#8221;]&nbsp;<br \/>\n[\/et_pb_shop][\/et_pb_column][\/et_pb_row][\/et_pb_section]<\/p>\n","protected":false},"excerpt":{"rendered":"<p>La Cl\u00e9 des chants Ces collages r\u00e9alis\u00e9s entre 2016 et 2019 sont compos\u00e9s de papiers d\u00e9coup\u00e9s et parfois enrichis d\u2019ajouts pigmentaires, sans aucune intervention num\u00e9rique avant le scan final (chaque collage prend alors place dans une \u00e9dition limit\u00e9e, g\u00e9n\u00e9ralement de 7 exemplaires, tous formats confondus). La s\u00e9rie prend racine dans un dialogue entre des paroles [&hellip;]<\/p>\n","protected":false},"author":208,"featured_media":0,"parent":7327,"menu_order":0,"comment_status":"closed","ping_status":"closed","template":"","meta":{"_et_pb_use_builder":"on","_et_pb_old_content":"","_et_gb_content_width":"","om_disable_all_campaigns":false,"_monsterinsights_skip_tracking":false,"_monsterinsights_sitenote_active":false,"_monsterinsights_sitenote_note":"","_monsterinsights_sitenote_category":0,"_uf_show_specific_survey":0,"_uf_disable_surveys":false,"jetpack_post_was_ever_published":false,"footnotes":""},"class_list":["post-7206","page","type-page","status-publish","hentry"],"aioseo_notices":[],"yoast_head":"<!-- This site is optimized with the Yoast SEO plugin v27.0 - https:\/\/yoast.com\/product\/yoast-seo-wordpress\/ -->\n<title>La Cl\u00e9 des chants - Ga\u00eblle Cueff Art<\/title>\n<meta name=\"robots\" content=\"index, follow, max-snippet:-1, max-image-preview:large, max-video-preview:-1\" \/>\n<link rel=\"canonical\" href=\"https:\/\/gaelle-cueff-art.com\/collages-menu-2\/la-cle-des-chants\/\" \/>\n<meta property=\"og:locale\" content=\"en_US\" \/>\n<meta property=\"og:type\" content=\"article\" \/>\n<meta property=\"og:title\" content=\"La Cl\u00e9 des chants - Ga\u00eblle Cueff Art\" \/>\n<meta property=\"og:description\" content=\"La Cl\u00e9 des chants Ces collages r\u00e9alis\u00e9s entre 2016 et 2019 sont compos\u00e9s de papiers d\u00e9coup\u00e9s et parfois enrichis d\u2019ajouts pigmentaires, sans aucune intervention num\u00e9rique avant le scan final (chaque collage prend alors place dans une \u00e9dition limit\u00e9e, g\u00e9n\u00e9ralement de 7 exemplaires, tous formats confondus). La s\u00e9rie prend racine dans un dialogue entre des paroles [&hellip;]\" \/>\n<meta property=\"og:url\" content=\"https:\/\/gaelle-cueff-art.com\/collages-menu-2\/la-cle-des-chants\/\" \/>\n<meta property=\"og:site_name\" content=\"Ga\u00eblle Cueff Art\" \/>\n<meta property=\"article:modified_time\" content=\"2025-12-23T15:35:04+00:00\" \/>\n<meta name=\"twitter:card\" content=\"summary_large_image\" \/>\n<meta name=\"twitter:label1\" content=\"Est. reading time\" \/>\n\t<meta name=\"twitter:data1\" content=\"15 minutes\" \/>\n<script type=\"application\/ld+json\" class=\"yoast-schema-graph\">{\"@context\":\"https:\/\/schema.org\",\"@graph\":[{\"@type\":\"WebPage\",\"@id\":\"https:\/\/gaelle-cueff-art.com\/collages-menu-2\/la-cle-des-chants\/\",\"url\":\"https:\/\/gaelle-cueff-art.com\/collages-menu-2\/la-cle-des-chants\/\",\"name\":\"La Cl\u00e9 des chants - Ga\u00eblle Cueff Art\",\"isPartOf\":{\"@id\":\"https:\/\/gaelle-cueff-art.com\/#website\"},\"datePublished\":\"2020-10-24T15:47:40+00:00\",\"dateModified\":\"2025-12-23T15:35:04+00:00\",\"breadcrumb\":{\"@id\":\"https:\/\/gaelle-cueff-art.com\/collages-menu-2\/la-cle-des-chants\/#breadcrumb\"},\"inLanguage\":\"en-US\",\"potentialAction\":[{\"@type\":\"ReadAction\",\"target\":[\"https:\/\/gaelle-cueff-art.com\/collages-menu-2\/la-cle-des-chants\/\"]}]},{\"@type\":\"BreadcrumbList\",\"@id\":\"https:\/\/gaelle-cueff-art.com\/collages-menu-2\/la-cle-des-chants\/#breadcrumb\",\"itemListElement\":[{\"@type\":\"ListItem\",\"position\":1,\"name\":\"Home\",\"item\":\"https:\/\/gaelle-cueff-art.com\/\"},{\"@type\":\"ListItem\",\"position\":2,\"name\":\"Collages\",\"item\":\"https:\/\/gaelle-cueff-art.com\/collages-menu-2\/\"},{\"@type\":\"ListItem\",\"position\":3,\"name\":\"La Cl\u00e9 des chants\"}]},{\"@type\":\"WebSite\",\"@id\":\"https:\/\/gaelle-cueff-art.com\/#website\",\"url\":\"https:\/\/gaelle-cueff-art.com\/\",\"name\":\"Ga\u00eblle Cueff Art\",\"description\":\"\",\"potentialAction\":[{\"@type\":\"SearchAction\",\"target\":{\"@type\":\"EntryPoint\",\"urlTemplate\":\"https:\/\/gaelle-cueff-art.com\/?s={search_term_string}\"},\"query-input\":{\"@type\":\"PropertyValueSpecification\",\"valueRequired\":true,\"valueName\":\"search_term_string\"}}],\"inLanguage\":\"en-US\"}]}<\/script>\n<!-- \/ Yoast SEO plugin. -->","yoast_head_json":{"title":"La Cl\u00e9 des chants - Ga\u00eblle Cueff Art","robots":{"index":"index","follow":"follow","max-snippet":"max-snippet:-1","max-image-preview":"max-image-preview:large","max-video-preview":"max-video-preview:-1"},"canonical":"https:\/\/gaelle-cueff-art.com\/collages-menu-2\/la-cle-des-chants\/","og_locale":"en_US","og_type":"article","og_title":"La Cl\u00e9 des chants - Ga\u00eblle Cueff Art","og_description":"La Cl\u00e9 des chants Ces collages r\u00e9alis\u00e9s entre 2016 et 2019 sont compos\u00e9s de papiers d\u00e9coup\u00e9s et parfois enrichis d\u2019ajouts pigmentaires, sans aucune intervention num\u00e9rique avant le scan final (chaque collage prend alors place dans une \u00e9dition limit\u00e9e, g\u00e9n\u00e9ralement de 7 exemplaires, tous formats confondus). La s\u00e9rie prend racine dans un dialogue entre des paroles [&hellip;]","og_url":"https:\/\/gaelle-cueff-art.com\/collages-menu-2\/la-cle-des-chants\/","og_site_name":"Ga\u00eblle Cueff Art","article_modified_time":"2025-12-23T15:35:04+00:00","twitter_card":"summary_large_image","twitter_misc":{"Est. reading time":"15 minutes"},"schema":{"@context":"https:\/\/schema.org","@graph":[{"@type":"WebPage","@id":"https:\/\/gaelle-cueff-art.com\/collages-menu-2\/la-cle-des-chants\/","url":"https:\/\/gaelle-cueff-art.com\/collages-menu-2\/la-cle-des-chants\/","name":"La Cl\u00e9 des chants - Ga\u00eblle Cueff Art","isPartOf":{"@id":"https:\/\/gaelle-cueff-art.com\/#website"},"datePublished":"2020-10-24T15:47:40+00:00","dateModified":"2025-12-23T15:35:04+00:00","breadcrumb":{"@id":"https:\/\/gaelle-cueff-art.com\/collages-menu-2\/la-cle-des-chants\/#breadcrumb"},"inLanguage":"en-US","potentialAction":[{"@type":"ReadAction","target":["https:\/\/gaelle-cueff-art.com\/collages-menu-2\/la-cle-des-chants\/"]}]},{"@type":"BreadcrumbList","@id":"https:\/\/gaelle-cueff-art.com\/collages-menu-2\/la-cle-des-chants\/#breadcrumb","itemListElement":[{"@type":"ListItem","position":1,"name":"Home","item":"https:\/\/gaelle-cueff-art.com\/"},{"@type":"ListItem","position":2,"name":"Collages","item":"https:\/\/gaelle-cueff-art.com\/collages-menu-2\/"},{"@type":"ListItem","position":3,"name":"La Cl\u00e9 des chants"}]},{"@type":"WebSite","@id":"https:\/\/gaelle-cueff-art.com\/#website","url":"https:\/\/gaelle-cueff-art.com\/","name":"Ga\u00eblle Cueff Art","description":"","potentialAction":[{"@type":"SearchAction","target":{"@type":"EntryPoint","urlTemplate":"https:\/\/gaelle-cueff-art.com\/?s={search_term_string}"},"query-input":{"@type":"PropertyValueSpecification","valueRequired":true,"valueName":"search_term_string"}}],"inLanguage":"en-US"}]}},"jetpack_sharing_enabled":true,"jetpack_shortlink":"https:\/\/wp.me\/P9YwYR-1Se","jetpack-related-posts":[{"id":7327,"url":"https:\/\/gaelle-cueff-art.com\/en\/collages-menu-2\/","url_meta":{"origin":7206,"position":0},"title":"Collages","author":"Ga\u00eblle Cueff","date":"25\/10\/2020","format":false,"excerpt":"","rel":"","context":"Similar post","block_context":{"text":"Similar post","link":""},"img":{"alt_text":"","src":"","width":0,"height":0},"classes":[]},{"id":7297,"url":"https:\/\/gaelle-cueff-art.com\/en\/collages-menu\/","url_meta":{"origin":7206,"position":1},"title":"Collages &#038; photos peintes menu","author":"Ga\u00eblle Cueff","date":"25\/10\/2020","format":false,"excerpt":"","rel":"","context":"Similar post","block_context":{"text":"Similar post","link":""},"img":{"alt_text":"","src":"","width":0,"height":0},"classes":[]},{"id":5361,"url":"https:\/\/gaelle-cueff-art.com\/en\/collages\/","url_meta":{"origin":7206,"position":2},"title":"Collages","author":"lesmotspourleweb","date":"01\/04\/2019","format":false,"excerpt":"","rel":"","context":"Similar post","block_context":{"text":"Similar post","link":""},"img":{"alt_text":"","src":"","width":0,"height":0},"classes":[]},{"id":7378,"url":"https:\/\/gaelle-cueff-art.com\/en\/","url_meta":{"origin":7206,"position":3},"title":"page d&#8217;accueil","author":"Ga\u00eblle Cueff","date":"28\/10\/2020","format":false,"excerpt":"","rel":"","context":"Similar post","block_context":{"text":"Similar post","link":""},"img":{"alt_text":"","src":"","width":0,"height":0},"classes":[]},{"id":7179,"url":"https:\/\/gaelle-cueff-art.com\/en\/collages-menu-2\/signes\/","url_meta":{"origin":7206,"position":4},"title":"Signes","author":"Ga\u00eblle Cueff","date":"24\/10\/2020","format":false,"excerpt":"","rel":"","context":"Similar post","block_context":{"text":"Similar post","link":""},"img":{"alt_text":"","src":"","width":0,"height":0},"classes":[]},{"id":7186,"url":"https:\/\/gaelle-cueff-art.com\/en\/collages-menu-2\/transparitions\/","url_meta":{"origin":7206,"position":5},"title":"Transparitions","author":"Ga\u00eblle Cueff","date":"24\/10\/2020","format":false,"excerpt":"","rel":"","context":"Similar post","block_context":{"text":"Similar post","link":""},"img":{"alt_text":"","src":"","width":0,"height":0},"classes":[]}],"_links":{"self":[{"href":"https:\/\/gaelle-cueff-art.com\/en\/wp-json\/wp\/v2\/pages\/7206","targetHints":{"allow":["GET"]}}],"collection":[{"href":"https:\/\/gaelle-cueff-art.com\/en\/wp-json\/wp\/v2\/pages"}],"about":[{"href":"https:\/\/gaelle-cueff-art.com\/en\/wp-json\/wp\/v2\/types\/page"}],"author":[{"embeddable":true,"href":"https:\/\/gaelle-cueff-art.com\/en\/wp-json\/wp\/v2\/users\/208"}],"replies":[{"embeddable":true,"href":"https:\/\/gaelle-cueff-art.com\/en\/wp-json\/wp\/v2\/comments?post=7206"}],"version-history":[{"count":13,"href":"https:\/\/gaelle-cueff-art.com\/en\/wp-json\/wp\/v2\/pages\/7206\/revisions"}],"predecessor-version":[{"id":17100,"href":"https:\/\/gaelle-cueff-art.com\/en\/wp-json\/wp\/v2\/pages\/7206\/revisions\/17100"}],"up":[{"embeddable":true,"href":"https:\/\/gaelle-cueff-art.com\/en\/wp-json\/wp\/v2\/pages\/7327"}],"wp:attachment":[{"href":"https:\/\/gaelle-cueff-art.com\/en\/wp-json\/wp\/v2\/media?parent=7206"}],"curies":[{"name":"wp","href":"https:\/\/api.w.org\/{rel}","templated":true}]}}