{"id":7198,"date":"2020-10-24T15:38:39","date_gmt":"2020-10-24T15:38:39","guid":{"rendered":"https:\/\/gaelle-cueff-art.com\/?page_id=7198"},"modified":"2021-01-12T14:33:23","modified_gmt":"2021-01-12T14:33:23","slug":"ton-visage-comme-un-paysage","status":"publish","type":"page","link":"https:\/\/gaelle-cueff-art.com\/en\/collages-menu-2\/ton-visage-comme-un-paysage\/","title":{"rendered":"Ton visage comme un paysage"},"content":{"rendered":"<p>[et_pb_section fb_built=&#8221;1&#8243; _builder_version=&#8221;3.22&#8243;][et_pb_row column_structure=&#8221;1_3,2_3&#8243; _builder_version=&#8221;4.6.1&#8243; background_size=&#8221;initial&#8221; background_position=&#8221;top_left&#8221; background_repeat=&#8221;repeat&#8221; width=&#8221;100%&#8221; max_width=&#8221;2560px&#8221;][et_pb_column type=&#8221;1_3&#8243; _builder_version=&#8221;3.25&#8243; custom_padding=&#8221;|||&#8221; custom_padding__hover=&#8221;|||&#8221;][et_pb_text _builder_version=&#8221;4.6.1&#8243; custom_margin=&#8221;|||11px|false|false&#8221; custom_padding=&#8221;|||11px|false|false&#8221;]<\/p>\n<h1>Ton visage comme un paysage<\/h1>\n<p><em>Ton visage comme un paysage<\/em>\u00a0est une s\u00e9rie initi\u00e9e \u00e0 Shanghai durant le second semestre 2018, en r\u00e9sidence d\u2019artiste.<br \/>Cette s\u00e9rie aux accents warholiens est un portrait s\u00e9riel compos\u00e9 \u00e0 partir d\u2019une image matrice en noir et blanc que viennent compl\u00e9ter diverses\u00a0variantes coloris\u00e9es puis imprim\u00e9es sur des feuilles de papier rodho\u00efd de couleurs et d\u2019opacit\u00e9 variables. Le portrait initial retrouve une expressivit\u00e9 oubli\u00e9e, tout en cr\u00e9ant une impression de profondeur et un effet s\u00e9rigraphi\u00e9. Entre deux \u00e9paisseurs de papier sont gliss\u00e9es des images d\u00e9coup\u00e9es ou d\u2019autres \u00e9l\u00e9ments qui modifient la composition et l\u2019expression du visage originel.<br \/>Chaque image est ensuite scann\u00e9e avant d&#8217;\u00eatre imprim\u00e9e sur papier fine art dans une limite de 7 exemplaires tous formats confondus, et repr\u00e9sente un \u00e9l\u00e9ment de la proposition s\u00e9rielle.<\/p>\n<p>Des commandes de son propre &#8220;Visage comme un paysage&#8221; \u00e0 partir d&#8217;une photographie personnelle sont possibles, renseignements sur demande.<\/p>\n<p><strong>Cliquer sur les vignettes pour les agrandir et obtenir des renseignements compl\u00e9mentaires sur chaque \u0153uvre.<\/strong><\/p>\n<p>Pour tout renseignement : <strong>gaelle.cueff@orange.fr<\/strong><\/p>\n<h1><\/h1>\n<p>[\/et_pb_text][\/et_pb_column][et_pb_column type=&#8221;2_3&#8243; _builder_version=&#8221;3.25&#8243; custom_padding=&#8221;|||&#8221; custom_padding__hover=&#8221;|||&#8221;][et_pb_shop type=&#8221;product_category&#8221; posts_number=&#8221;100&#8243; include_categories=&#8221;74&#8243; columns_number=&#8221;3&#8243; orderby=&#8221;date-desc&#8221; _builder_version=&#8221;4.6.1&#8243; title_font_size=&#8221;15px&#8221; price_text_color=&#8221;#7a7a7a&#8221; custom_margin=&#8221;|11px||11px|false|false&#8221;]&nbsp;<br \/>\n[\/et_pb_shop][\/et_pb_column][\/et_pb_row][\/et_pb_section]<\/p>\n","protected":false},"excerpt":{"rendered":"<p>Ton visage comme un paysage Ton visage comme un paysage\u00a0est une s\u00e9rie initi\u00e9e \u00e0 Shanghai durant le second semestre 2018, en r\u00e9sidence d\u2019artiste.Cette s\u00e9rie aux accents warholiens est un portrait s\u00e9riel compos\u00e9 \u00e0 partir d\u2019une image matrice en noir et blanc que viennent compl\u00e9ter diverses\u00a0variantes coloris\u00e9es puis imprim\u00e9es sur des feuilles de papier rodho\u00efd de [&hellip;]<\/p>\n","protected":false},"author":208,"featured_media":0,"parent":7327,"menu_order":0,"comment_status":"closed","ping_status":"closed","template":"","meta":{"_et_pb_use_builder":"on","_et_pb_old_content":"","_et_gb_content_width":"","om_disable_all_campaigns":false,"_monsterinsights_skip_tracking":false,"_monsterinsights_sitenote_active":false,"_monsterinsights_sitenote_note":"","_monsterinsights_sitenote_category":0,"_uf_show_specific_survey":0,"_uf_disable_surveys":false,"jetpack_post_was_ever_published":false,"footnotes":""},"class_list":["post-7198","page","type-page","status-publish","hentry"],"aioseo_notices":[],"yoast_head":"<!-- This site is optimized with the Yoast SEO plugin v27.0 - https:\/\/yoast.com\/product\/yoast-seo-wordpress\/ -->\n<title>Ton visage comme un paysage - Ga\u00eblle Cueff Art<\/title>\n<meta name=\"robots\" content=\"index, follow, max-snippet:-1, max-image-preview:large, max-video-preview:-1\" \/>\n<link rel=\"canonical\" href=\"https:\/\/gaelle-cueff-art.com\/collages-menu-2\/ton-visage-comme-un-paysage\/\" \/>\n<meta property=\"og:locale\" content=\"en_US\" \/>\n<meta property=\"og:type\" content=\"article\" \/>\n<meta property=\"og:title\" content=\"Ton visage comme un paysage - Ga\u00eblle Cueff Art\" \/>\n<meta property=\"og:description\" content=\"Ton visage comme un paysage Ton visage comme un paysage\u00a0est une s\u00e9rie initi\u00e9e \u00e0 Shanghai durant le second semestre 2018, en r\u00e9sidence d\u2019artiste.Cette s\u00e9rie aux accents warholiens est un portrait s\u00e9riel compos\u00e9 \u00e0 partir d\u2019une image matrice en noir et blanc que viennent compl\u00e9ter diverses\u00a0variantes coloris\u00e9es puis imprim\u00e9es sur des feuilles de papier rodho\u00efd de [&hellip;]\" \/>\n<meta property=\"og:url\" content=\"https:\/\/gaelle-cueff-art.com\/collages-menu-2\/ton-visage-comme-un-paysage\/\" \/>\n<meta property=\"og:site_name\" content=\"Ga\u00eblle Cueff Art\" \/>\n<meta property=\"article:modified_time\" content=\"2021-01-12T14:33:23+00:00\" \/>\n<meta name=\"twitter:card\" content=\"summary_large_image\" \/>\n<meta name=\"twitter:label1\" content=\"Est. reading time\" \/>\n\t<meta name=\"twitter:data1\" content=\"2 minutes\" \/>\n<script type=\"application\/ld+json\" class=\"yoast-schema-graph\">{\"@context\":\"https:\/\/schema.org\",\"@graph\":[{\"@type\":\"WebPage\",\"@id\":\"https:\/\/gaelle-cueff-art.com\/collages-menu-2\/ton-visage-comme-un-paysage\/\",\"url\":\"https:\/\/gaelle-cueff-art.com\/collages-menu-2\/ton-visage-comme-un-paysage\/\",\"name\":\"Ton visage comme un paysage - Ga\u00eblle Cueff Art\",\"isPartOf\":{\"@id\":\"https:\/\/gaelle-cueff-art.com\/#website\"},\"datePublished\":\"2020-10-24T15:38:39+00:00\",\"dateModified\":\"2021-01-12T14:33:23+00:00\",\"breadcrumb\":{\"@id\":\"https:\/\/gaelle-cueff-art.com\/collages-menu-2\/ton-visage-comme-un-paysage\/#breadcrumb\"},\"inLanguage\":\"en-US\",\"potentialAction\":[{\"@type\":\"ReadAction\",\"target\":[\"https:\/\/gaelle-cueff-art.com\/collages-menu-2\/ton-visage-comme-un-paysage\/\"]}]},{\"@type\":\"BreadcrumbList\",\"@id\":\"https:\/\/gaelle-cueff-art.com\/collages-menu-2\/ton-visage-comme-un-paysage\/#breadcrumb\",\"itemListElement\":[{\"@type\":\"ListItem\",\"position\":1,\"name\":\"Home\",\"item\":\"https:\/\/gaelle-cueff-art.com\/\"},{\"@type\":\"ListItem\",\"position\":2,\"name\":\"Collages\",\"item\":\"https:\/\/gaelle-cueff-art.com\/collages-menu-2\/\"},{\"@type\":\"ListItem\",\"position\":3,\"name\":\"Ton visage comme un paysage\"}]},{\"@type\":\"WebSite\",\"@id\":\"https:\/\/gaelle-cueff-art.com\/#website\",\"url\":\"https:\/\/gaelle-cueff-art.com\/\",\"name\":\"Ga\u00eblle Cueff Art\",\"description\":\"\",\"potentialAction\":[{\"@type\":\"SearchAction\",\"target\":{\"@type\":\"EntryPoint\",\"urlTemplate\":\"https:\/\/gaelle-cueff-art.com\/?s={search_term_string}\"},\"query-input\":{\"@type\":\"PropertyValueSpecification\",\"valueRequired\":true,\"valueName\":\"search_term_string\"}}],\"inLanguage\":\"en-US\"}]}<\/script>\n<!-- \/ Yoast SEO plugin. -->","yoast_head_json":{"title":"Ton visage comme un paysage - Ga\u00eblle Cueff Art","robots":{"index":"index","follow":"follow","max-snippet":"max-snippet:-1","max-image-preview":"max-image-preview:large","max-video-preview":"max-video-preview:-1"},"canonical":"https:\/\/gaelle-cueff-art.com\/collages-menu-2\/ton-visage-comme-un-paysage\/","og_locale":"en_US","og_type":"article","og_title":"Ton visage comme un paysage - Ga\u00eblle Cueff Art","og_description":"Ton visage comme un paysage Ton visage comme un paysage\u00a0est une s\u00e9rie initi\u00e9e \u00e0 Shanghai durant le second semestre 2018, en r\u00e9sidence d\u2019artiste.Cette s\u00e9rie aux accents warholiens est un portrait s\u00e9riel compos\u00e9 \u00e0 partir d\u2019une image matrice en noir et blanc que viennent compl\u00e9ter diverses\u00a0variantes coloris\u00e9es puis imprim\u00e9es sur des feuilles de papier rodho\u00efd de [&hellip;]","og_url":"https:\/\/gaelle-cueff-art.com\/collages-menu-2\/ton-visage-comme-un-paysage\/","og_site_name":"Ga\u00eblle Cueff Art","article_modified_time":"2021-01-12T14:33:23+00:00","twitter_card":"summary_large_image","twitter_misc":{"Est. reading time":"2 minutes"},"schema":{"@context":"https:\/\/schema.org","@graph":[{"@type":"WebPage","@id":"https:\/\/gaelle-cueff-art.com\/collages-menu-2\/ton-visage-comme-un-paysage\/","url":"https:\/\/gaelle-cueff-art.com\/collages-menu-2\/ton-visage-comme-un-paysage\/","name":"Ton visage comme un paysage - Ga\u00eblle Cueff Art","isPartOf":{"@id":"https:\/\/gaelle-cueff-art.com\/#website"},"datePublished":"2020-10-24T15:38:39+00:00","dateModified":"2021-01-12T14:33:23+00:00","breadcrumb":{"@id":"https:\/\/gaelle-cueff-art.com\/collages-menu-2\/ton-visage-comme-un-paysage\/#breadcrumb"},"inLanguage":"en-US","potentialAction":[{"@type":"ReadAction","target":["https:\/\/gaelle-cueff-art.com\/collages-menu-2\/ton-visage-comme-un-paysage\/"]}]},{"@type":"BreadcrumbList","@id":"https:\/\/gaelle-cueff-art.com\/collages-menu-2\/ton-visage-comme-un-paysage\/#breadcrumb","itemListElement":[{"@type":"ListItem","position":1,"name":"Home","item":"https:\/\/gaelle-cueff-art.com\/"},{"@type":"ListItem","position":2,"name":"Collages","item":"https:\/\/gaelle-cueff-art.com\/collages-menu-2\/"},{"@type":"ListItem","position":3,"name":"Ton visage comme un paysage"}]},{"@type":"WebSite","@id":"https:\/\/gaelle-cueff-art.com\/#website","url":"https:\/\/gaelle-cueff-art.com\/","name":"Ga\u00eblle Cueff Art","description":"","potentialAction":[{"@type":"SearchAction","target":{"@type":"EntryPoint","urlTemplate":"https:\/\/gaelle-cueff-art.com\/?s={search_term_string}"},"query-input":{"@type":"PropertyValueSpecification","valueRequired":true,"valueName":"search_term_string"}}],"inLanguage":"en-US"}]}},"jetpack_sharing_enabled":true,"jetpack_shortlink":"https:\/\/wp.me\/P9YwYR-1S6","jetpack-related-posts":[{"id":5361,"url":"https:\/\/gaelle-cueff-art.com\/en\/collages\/","url_meta":{"origin":7198,"position":0},"title":"Collages","author":"lesmotspourleweb","date":"01\/04\/2019","format":false,"excerpt":"","rel":"","context":"Similar post","block_context":{"text":"Similar post","link":""},"img":{"alt_text":"","src":"","width":0,"height":0},"classes":[]}],"_links":{"self":[{"href":"https:\/\/gaelle-cueff-art.com\/en\/wp-json\/wp\/v2\/pages\/7198","targetHints":{"allow":["GET"]}}],"collection":[{"href":"https:\/\/gaelle-cueff-art.com\/en\/wp-json\/wp\/v2\/pages"}],"about":[{"href":"https:\/\/gaelle-cueff-art.com\/en\/wp-json\/wp\/v2\/types\/page"}],"author":[{"embeddable":true,"href":"https:\/\/gaelle-cueff-art.com\/en\/wp-json\/wp\/v2\/users\/208"}],"replies":[{"embeddable":true,"href":"https:\/\/gaelle-cueff-art.com\/en\/wp-json\/wp\/v2\/comments?post=7198"}],"version-history":[{"count":15,"href":"https:\/\/gaelle-cueff-art.com\/en\/wp-json\/wp\/v2\/pages\/7198\/revisions"}],"predecessor-version":[{"id":8663,"href":"https:\/\/gaelle-cueff-art.com\/en\/wp-json\/wp\/v2\/pages\/7198\/revisions\/8663"}],"up":[{"embeddable":true,"href":"https:\/\/gaelle-cueff-art.com\/en\/wp-json\/wp\/v2\/pages\/7327"}],"wp:attachment":[{"href":"https:\/\/gaelle-cueff-art.com\/en\/wp-json\/wp\/v2\/media?parent=7198"}],"curies":[{"name":"wp","href":"https:\/\/api.w.org\/{rel}","templated":true}]}}