{"id":7186,"date":"2020-10-24T15:22:23","date_gmt":"2020-10-24T15:22:23","guid":{"rendered":"https:\/\/gaelle-cueff-art.com\/?page_id=7186"},"modified":"2020-11-04T15:51:23","modified_gmt":"2020-11-04T15:51:23","slug":"transparitions","status":"publish","type":"page","link":"https:\/\/gaelle-cueff-art.com\/en\/collages-menu-2\/transparitions\/","title":{"rendered":"Transparitions"},"content":{"rendered":"<p>[et_pb_section fb_built=&#8221;1&#8243; _builder_version=&#8221;3.22&#8243;][et_pb_row column_structure=&#8221;1_3,2_3&#8243; _builder_version=&#8221;4.6.1&#8243; background_size=&#8221;initial&#8221; background_position=&#8221;top_left&#8221; background_repeat=&#8221;repeat&#8221; width=&#8221;100%&#8221; max_width=&#8221;2560px&#8221;][et_pb_column type=&#8221;1_3&#8243; _builder_version=&#8221;3.25&#8243; custom_padding=&#8221;|||&#8221; custom_padding__hover=&#8221;|||&#8221;][et_pb_text _builder_version=&#8221;4.6.1&#8243; custom_margin=&#8221;|||11px|false|false&#8221;]<\/p>\n<h1>Transparitions<\/h1>\n<p><em>Transparitions<\/em>\u00a0a \u00e9t\u00e9 r\u00e9alis\u00e9e \u00e0 Shanghai durant le second semestre 2018, en r\u00e9sidence d&#8217;artiste.<\/p>\n<p>Comme un pont jet\u00e9 entre un travail sur les collages r\u00e9alis\u00e9 au cours des ann\u00e9es pr\u00e9c\u00e9dentes et celui sur la transparence, les traces et la m\u00e9moire qui traverse les s\u00e9ries suivantes, cette p\u00e9riode entre transition et continuit\u00e9 porte \u00e9galement la marque formelle d\u2019une influence chinoise.<\/p>\n<p><em>Transparitions<\/em>\u00a0m\u00eale d\u2019anciennes photographies anonymes chin\u00e9es sur le march\u00e9 des vieux livres de Shanghai et des \u00e9l\u00e9ments de collage qui s\u2019interp\u00e9n\u00e8trent et se marient en des jeux de transparence et de superposition, et d\u2019o\u00f9 \u00e9merge un possible r\u00e9cit. On y retrouve \u00e0 la fois le jeu sur la profondeur et la transparence \u00e0 l\u2019\u0153uvre dans les <em>Genius loci<\/em> r\u00e9alis\u00e9s \u00e0 la m\u00eame p\u00e9riode et le th\u00e8me de l\u2019hybridation qui traverse plusieurs s\u00e9ries.<\/p>\n<p><strong>Cliquer sur les vignettes pour les agrandir et obtenir des renseignements compl\u00e9mentaires sur chaque \u0153uvre.<\/strong><\/p>\n<p>Pour tout renseignement : <strong>gaelle.cueff@orange.fr<\/strong><\/p>\n<h1><\/h1>\n<p>[\/et_pb_text][\/et_pb_column][et_pb_column type=&#8221;2_3&#8243; _builder_version=&#8221;3.25&#8243; custom_padding=&#8221;|||&#8221; custom_padding__hover=&#8221;|||&#8221;][et_pb_shop type=&#8221;product_category&#8221; posts_number=&#8221;100&#8243; include_categories=&#8221;89&#8243; columns_number=&#8221;3&#8243; orderby=&#8221;date-desc&#8221; _builder_version=&#8221;4.6.1&#8243; title_font_size=&#8221;15px&#8221; price_text_color=&#8221;#7a7a7a&#8221; custom_margin=&#8221;|11px||11px|false|false&#8221;]&nbsp;<br \/>\n[\/et_pb_shop][\/et_pb_column][\/et_pb_row][\/et_pb_section]<\/p>\n","protected":false},"excerpt":{"rendered":"<p>Transparitions Transparitions\u00a0a \u00e9t\u00e9 r\u00e9alis\u00e9e \u00e0 Shanghai durant le second semestre 2018, en r\u00e9sidence d&#8217;artiste. Comme un pont jet\u00e9 entre un travail sur les collages r\u00e9alis\u00e9 au cours des ann\u00e9es pr\u00e9c\u00e9dentes et celui sur la transparence, les traces et la m\u00e9moire qui traverse les s\u00e9ries suivantes, cette p\u00e9riode entre transition et continuit\u00e9 porte \u00e9galement la marque [&hellip;]<\/p>\n","protected":false},"author":208,"featured_media":0,"parent":7327,"menu_order":0,"comment_status":"closed","ping_status":"closed","template":"","meta":{"_et_pb_use_builder":"on","_et_pb_old_content":"","_et_gb_content_width":"","om_disable_all_campaigns":false,"_monsterinsights_skip_tracking":false,"_monsterinsights_sitenote_active":false,"_monsterinsights_sitenote_note":"","_monsterinsights_sitenote_category":0,"_uf_show_specific_survey":0,"_uf_disable_surveys":false,"jetpack_post_was_ever_published":false,"footnotes":""},"class_list":["post-7186","page","type-page","status-publish","hentry"],"aioseo_notices":[],"yoast_head":"<!-- This site is optimized with the Yoast SEO plugin v27.0 - https:\/\/yoast.com\/product\/yoast-seo-wordpress\/ -->\n<title>Transparitions - Ga\u00eblle Cueff Art<\/title>\n<meta name=\"robots\" content=\"index, follow, max-snippet:-1, max-image-preview:large, max-video-preview:-1\" \/>\n<link rel=\"canonical\" href=\"https:\/\/gaelle-cueff-art.com\/collages-menu-2\/transparitions\/\" \/>\n<meta property=\"og:locale\" content=\"en_US\" \/>\n<meta property=\"og:type\" content=\"article\" \/>\n<meta property=\"og:title\" content=\"Transparitions - Ga\u00eblle Cueff Art\" \/>\n<meta property=\"og:description\" content=\"Transparitions Transparitions\u00a0a \u00e9t\u00e9 r\u00e9alis\u00e9e \u00e0 Shanghai durant le second semestre 2018, en r\u00e9sidence d&#039;artiste. Comme un pont jet\u00e9 entre un travail sur les collages r\u00e9alis\u00e9 au cours des ann\u00e9es pr\u00e9c\u00e9dentes et celui sur la transparence, les traces et la m\u00e9moire qui traverse les s\u00e9ries suivantes, cette p\u00e9riode entre transition et continuit\u00e9 porte \u00e9galement la marque [&hellip;]\" \/>\n<meta property=\"og:url\" content=\"https:\/\/gaelle-cueff-art.com\/collages-menu-2\/transparitions\/\" \/>\n<meta property=\"og:site_name\" content=\"Ga\u00eblle Cueff Art\" \/>\n<meta property=\"article:modified_time\" content=\"2020-11-04T15:51:23+00:00\" \/>\n<meta name=\"twitter:card\" content=\"summary_large_image\" \/>\n<meta name=\"twitter:label1\" content=\"Est. reading time\" \/>\n\t<meta name=\"twitter:data1\" content=\"1 minute\" \/>\n<script type=\"application\/ld+json\" class=\"yoast-schema-graph\">{\"@context\":\"https:\/\/schema.org\",\"@graph\":[{\"@type\":\"WebPage\",\"@id\":\"https:\/\/gaelle-cueff-art.com\/collages-menu-2\/transparitions\/\",\"url\":\"https:\/\/gaelle-cueff-art.com\/collages-menu-2\/transparitions\/\",\"name\":\"Transparitions - Ga\u00eblle Cueff Art\",\"isPartOf\":{\"@id\":\"https:\/\/gaelle-cueff-art.com\/#website\"},\"datePublished\":\"2020-10-24T15:22:23+00:00\",\"dateModified\":\"2020-11-04T15:51:23+00:00\",\"breadcrumb\":{\"@id\":\"https:\/\/gaelle-cueff-art.com\/collages-menu-2\/transparitions\/#breadcrumb\"},\"inLanguage\":\"en-US\",\"potentialAction\":[{\"@type\":\"ReadAction\",\"target\":[\"https:\/\/gaelle-cueff-art.com\/collages-menu-2\/transparitions\/\"]}]},{\"@type\":\"BreadcrumbList\",\"@id\":\"https:\/\/gaelle-cueff-art.com\/collages-menu-2\/transparitions\/#breadcrumb\",\"itemListElement\":[{\"@type\":\"ListItem\",\"position\":1,\"name\":\"Home\",\"item\":\"https:\/\/gaelle-cueff-art.com\/\"},{\"@type\":\"ListItem\",\"position\":2,\"name\":\"Collages\",\"item\":\"https:\/\/gaelle-cueff-art.com\/collages-menu-2\/\"},{\"@type\":\"ListItem\",\"position\":3,\"name\":\"Transparitions\"}]},{\"@type\":\"WebSite\",\"@id\":\"https:\/\/gaelle-cueff-art.com\/#website\",\"url\":\"https:\/\/gaelle-cueff-art.com\/\",\"name\":\"Ga\u00eblle Cueff Art\",\"description\":\"\",\"potentialAction\":[{\"@type\":\"SearchAction\",\"target\":{\"@type\":\"EntryPoint\",\"urlTemplate\":\"https:\/\/gaelle-cueff-art.com\/?s={search_term_string}\"},\"query-input\":{\"@type\":\"PropertyValueSpecification\",\"valueRequired\":true,\"valueName\":\"search_term_string\"}}],\"inLanguage\":\"en-US\"}]}<\/script>\n<!-- \/ Yoast SEO plugin. -->","yoast_head_json":{"title":"Transparitions - Ga\u00eblle Cueff Art","robots":{"index":"index","follow":"follow","max-snippet":"max-snippet:-1","max-image-preview":"max-image-preview:large","max-video-preview":"max-video-preview:-1"},"canonical":"https:\/\/gaelle-cueff-art.com\/collages-menu-2\/transparitions\/","og_locale":"en_US","og_type":"article","og_title":"Transparitions - Ga\u00eblle Cueff Art","og_description":"Transparitions Transparitions\u00a0a \u00e9t\u00e9 r\u00e9alis\u00e9e \u00e0 Shanghai durant le second semestre 2018, en r\u00e9sidence d'artiste. Comme un pont jet\u00e9 entre un travail sur les collages r\u00e9alis\u00e9 au cours des ann\u00e9es pr\u00e9c\u00e9dentes et celui sur la transparence, les traces et la m\u00e9moire qui traverse les s\u00e9ries suivantes, cette p\u00e9riode entre transition et continuit\u00e9 porte \u00e9galement la marque [&hellip;]","og_url":"https:\/\/gaelle-cueff-art.com\/collages-menu-2\/transparitions\/","og_site_name":"Ga\u00eblle Cueff Art","article_modified_time":"2020-11-04T15:51:23+00:00","twitter_card":"summary_large_image","twitter_misc":{"Est. reading time":"1 minute"},"schema":{"@context":"https:\/\/schema.org","@graph":[{"@type":"WebPage","@id":"https:\/\/gaelle-cueff-art.com\/collages-menu-2\/transparitions\/","url":"https:\/\/gaelle-cueff-art.com\/collages-menu-2\/transparitions\/","name":"Transparitions - Ga\u00eblle Cueff Art","isPartOf":{"@id":"https:\/\/gaelle-cueff-art.com\/#website"},"datePublished":"2020-10-24T15:22:23+00:00","dateModified":"2020-11-04T15:51:23+00:00","breadcrumb":{"@id":"https:\/\/gaelle-cueff-art.com\/collages-menu-2\/transparitions\/#breadcrumb"},"inLanguage":"en-US","potentialAction":[{"@type":"ReadAction","target":["https:\/\/gaelle-cueff-art.com\/collages-menu-2\/transparitions\/"]}]},{"@type":"BreadcrumbList","@id":"https:\/\/gaelle-cueff-art.com\/collages-menu-2\/transparitions\/#breadcrumb","itemListElement":[{"@type":"ListItem","position":1,"name":"Home","item":"https:\/\/gaelle-cueff-art.com\/"},{"@type":"ListItem","position":2,"name":"Collages","item":"https:\/\/gaelle-cueff-art.com\/collages-menu-2\/"},{"@type":"ListItem","position":3,"name":"Transparitions"}]},{"@type":"WebSite","@id":"https:\/\/gaelle-cueff-art.com\/#website","url":"https:\/\/gaelle-cueff-art.com\/","name":"Ga\u00eblle Cueff Art","description":"","potentialAction":[{"@type":"SearchAction","target":{"@type":"EntryPoint","urlTemplate":"https:\/\/gaelle-cueff-art.com\/?s={search_term_string}"},"query-input":{"@type":"PropertyValueSpecification","valueRequired":true,"valueName":"search_term_string"}}],"inLanguage":"en-US"}]}},"jetpack_sharing_enabled":true,"jetpack_shortlink":"https:\/\/wp.me\/P9YwYR-1RU","jetpack-related-posts":[{"id":5361,"url":"https:\/\/gaelle-cueff-art.com\/en\/collages\/","url_meta":{"origin":7186,"position":0},"title":"Collages","author":"lesmotspourleweb","date":"01\/04\/2019","format":false,"excerpt":"","rel":"","context":"Similar post","block_context":{"text":"Similar post","link":""},"img":{"alt_text":"","src":"","width":0,"height":0},"classes":[]},{"id":7378,"url":"https:\/\/gaelle-cueff-art.com\/en\/","url_meta":{"origin":7186,"position":1},"title":"page d&#8217;accueil","author":"Ga\u00eblle Cueff","date":"28\/10\/2020","format":false,"excerpt":"","rel":"","context":"Similar post","block_context":{"text":"Similar post","link":""},"img":{"alt_text":"","src":"","width":0,"height":0},"classes":[]},{"id":7206,"url":"https:\/\/gaelle-cueff-art.com\/en\/collages-menu-2\/la-cle-des-chants\/","url_meta":{"origin":7186,"position":2},"title":"La Cl\u00e9 des chants","author":"Ga\u00eblle Cueff","date":"24\/10\/2020","format":false,"excerpt":"","rel":"","context":"Similar post","block_context":{"text":"Similar post","link":""},"img":{"alt_text":"","src":"","width":0,"height":0},"classes":[]},{"id":10424,"url":"https:\/\/gaelle-cueff-art.com\/en\/collages-menu-2\/sur-quel-ciel-secrivent-mes-nuits\/","url_meta":{"origin":7186,"position":3},"title":"Sur quel ciel s&#8217;\u00e9crivent mes nuits ?","author":"Ga\u00eblle Cueff","date":"07\/01\/2023","format":false,"excerpt":"","rel":"","context":"Similar post","block_context":{"text":"Similar post","link":""},"img":{"alt_text":"","src":"","width":0,"height":0},"classes":[]},{"id":7179,"url":"https:\/\/gaelle-cueff-art.com\/en\/collages-menu-2\/signes\/","url_meta":{"origin":7186,"position":4},"title":"Signes","author":"Ga\u00eblle Cueff","date":"24\/10\/2020","format":false,"excerpt":"","rel":"","context":"Similar post","block_context":{"text":"Similar post","link":""},"img":{"alt_text":"","src":"","width":0,"height":0},"classes":[]},{"id":7058,"url":"https:\/\/gaelle-cueff-art.com\/en\/genius-loci\/","url_meta":{"origin":7186,"position":5},"title":"Genius loci","author":"Ga\u00eblle Cueff","date":"23\/10\/2020","format":false,"excerpt":"","rel":"","context":"Similar post","block_context":{"text":"Similar post","link":""},"img":{"alt_text":"","src":"","width":0,"height":0},"classes":[]}],"_links":{"self":[{"href":"https:\/\/gaelle-cueff-art.com\/en\/wp-json\/wp\/v2\/pages\/7186","targetHints":{"allow":["GET"]}}],"collection":[{"href":"https:\/\/gaelle-cueff-art.com\/en\/wp-json\/wp\/v2\/pages"}],"about":[{"href":"https:\/\/gaelle-cueff-art.com\/en\/wp-json\/wp\/v2\/types\/page"}],"author":[{"embeddable":true,"href":"https:\/\/gaelle-cueff-art.com\/en\/wp-json\/wp\/v2\/users\/208"}],"replies":[{"embeddable":true,"href":"https:\/\/gaelle-cueff-art.com\/en\/wp-json\/wp\/v2\/comments?post=7186"}],"version-history":[{"count":5,"href":"https:\/\/gaelle-cueff-art.com\/en\/wp-json\/wp\/v2\/pages\/7186\/revisions"}],"predecessor-version":[{"id":7656,"href":"https:\/\/gaelle-cueff-art.com\/en\/wp-json\/wp\/v2\/pages\/7186\/revisions\/7656"}],"up":[{"embeddable":true,"href":"https:\/\/gaelle-cueff-art.com\/en\/wp-json\/wp\/v2\/pages\/7327"}],"wp:attachment":[{"href":"https:\/\/gaelle-cueff-art.com\/en\/wp-json\/wp\/v2\/media?parent=7186"}],"curies":[{"name":"wp","href":"https:\/\/api.w.org\/{rel}","templated":true}]}}