{"id":7179,"date":"2020-10-24T15:16:25","date_gmt":"2020-10-24T15:16:25","guid":{"rendered":"https:\/\/gaelle-cueff-art.com\/?page_id=7179"},"modified":"2020-11-10T17:37:53","modified_gmt":"2020-11-10T17:37:53","slug":"signes","status":"publish","type":"page","link":"https:\/\/gaelle-cueff-art.com\/en\/collages-menu-2\/signes\/","title":{"rendered":"Signes"},"content":{"rendered":"<p>[et_pb_section fb_built=&#8221;1&#8243; _builder_version=&#8221;3.22&#8243;][et_pb_row column_structure=&#8221;1_3,2_3&#8243; _builder_version=&#8221;4.6.1&#8243; background_size=&#8221;initial&#8221; background_position=&#8221;top_left&#8221; background_repeat=&#8221;repeat&#8221; width=&#8221;100%&#8221; max_width=&#8221;2560px&#8221;][et_pb_column type=&#8221;1_3&#8243; _builder_version=&#8221;3.25&#8243; custom_padding=&#8221;|||&#8221; custom_padding__hover=&#8221;|||&#8221;][et_pb_text _builder_version=&#8221;4.6.1&#8243; custom_margin=&#8221;|||11px|false|false&#8221; hover_enabled=&#8221;0&#8243; sticky_enabled=&#8221;0&#8243;]<\/p>\n<h1>Signes<\/h1>\n<p><em>Signes<\/em>\u00a0a \u00e9t\u00e9 r\u00e9alis\u00e9e \u00e0 Shanghai durant le second semestre 2018, en r\u00e9sidence d&#8217;artiste.<\/p>\n<p>Comme un pont jet\u00e9 entre un travail sur les collages r\u00e9alis\u00e9 au cours des ann\u00e9es pr\u00e9c\u00e9dentes et celui sur la transparence, les traces et la m\u00e9moire qui traverse les s\u00e9ries suivantes, cette p\u00e9riode entre transition et continuit\u00e9 porte \u00e9galement la marque formelle d\u2019une influence chinoise.<\/p>\n<p><em>Signes<\/em>\u00a0utilise des sinogrammes trouv\u00e9s dans des manuels de calligraphie chinoise, en s\u2019attachant \u00e0 leur seule dimension formelle. D\u00e9connect\u00e9s de leur signification, ils deviennent la colonne vert\u00e9brale et le support rythmique d\u2019un collage narratif.<\/p>\n<p><strong>Cliquer sur les vignettes pour les agrandir et obtenir des renseignements compl\u00e9mentaires sur chaque \u0153uvre.<\/strong><\/p>\n<p>Pour tout renseignement : <strong>gaelle.cueff@orange.fr<\/strong><\/p>\n<h1><\/h1>\n<p>[\/et_pb_text][\/et_pb_column][et_pb_column type=&#8221;2_3&#8243; _builder_version=&#8221;3.25&#8243; custom_padding=&#8221;|||&#8221; custom_padding__hover=&#8221;|||&#8221;][et_pb_shop type=&#8221;product_category&#8221; posts_number=&#8221;100&#8243; include_categories=&#8221;75&#8243; columns_number=&#8221;3&#8243; orderby=&#8221;date-desc&#8221; _builder_version=&#8221;4.6.1&#8243; title_font_size=&#8221;15px&#8221; price_text_color=&#8221;#7a7a7a&#8221; custom_margin=&#8221;|11px||11px|false|false&#8221;]&nbsp;<br \/>\n[\/et_pb_shop][\/et_pb_column][\/et_pb_row][\/et_pb_section]<\/p>\n","protected":false},"excerpt":{"rendered":"<p>Signes Signes\u00a0a \u00e9t\u00e9 r\u00e9alis\u00e9e \u00e0 Shanghai durant le second semestre 2018, en r\u00e9sidence d&#8217;artiste. Comme un pont jet\u00e9 entre un travail sur les collages r\u00e9alis\u00e9 au cours des ann\u00e9es pr\u00e9c\u00e9dentes et celui sur la transparence, les traces et la m\u00e9moire qui traverse les s\u00e9ries suivantes, cette p\u00e9riode entre transition et continuit\u00e9 porte \u00e9galement la marque [&hellip;]<\/p>\n","protected":false},"author":208,"featured_media":0,"parent":7327,"menu_order":0,"comment_status":"closed","ping_status":"closed","template":"","meta":{"_et_pb_use_builder":"on","_et_pb_old_content":"","_et_gb_content_width":"","om_disable_all_campaigns":false,"_monsterinsights_skip_tracking":false,"_monsterinsights_sitenote_active":false,"_monsterinsights_sitenote_note":"","_monsterinsights_sitenote_category":0,"_uf_show_specific_survey":0,"_uf_disable_surveys":false,"jetpack_post_was_ever_published":false,"footnotes":""},"class_list":["post-7179","page","type-page","status-publish","hentry"],"aioseo_notices":[],"yoast_head":"<!-- This site is optimized with the Yoast SEO plugin v27.0 - https:\/\/yoast.com\/product\/yoast-seo-wordpress\/ -->\n<title>Signes - Ga\u00eblle Cueff Art<\/title>\n<meta name=\"robots\" content=\"index, follow, max-snippet:-1, max-image-preview:large, max-video-preview:-1\" \/>\n<link rel=\"canonical\" href=\"https:\/\/gaelle-cueff-art.com\/collages-menu-2\/signes\/\" \/>\n<meta property=\"og:locale\" content=\"en_US\" \/>\n<meta property=\"og:type\" content=\"article\" \/>\n<meta property=\"og:title\" content=\"Signes - Ga\u00eblle Cueff Art\" \/>\n<meta property=\"og:description\" content=\"Signes Signes\u00a0a \u00e9t\u00e9 r\u00e9alis\u00e9e \u00e0 Shanghai durant le second semestre 2018, en r\u00e9sidence d&#039;artiste. Comme un pont jet\u00e9 entre un travail sur les collages r\u00e9alis\u00e9 au cours des ann\u00e9es pr\u00e9c\u00e9dentes et celui sur la transparence, les traces et la m\u00e9moire qui traverse les s\u00e9ries suivantes, cette p\u00e9riode entre transition et continuit\u00e9 porte \u00e9galement la marque [&hellip;]\" \/>\n<meta property=\"og:url\" content=\"https:\/\/gaelle-cueff-art.com\/collages-menu-2\/signes\/\" \/>\n<meta property=\"og:site_name\" content=\"Ga\u00eblle Cueff Art\" \/>\n<meta property=\"article:modified_time\" content=\"2020-11-10T17:37:53+00:00\" \/>\n<meta name=\"twitter:card\" content=\"summary_large_image\" \/>\n<meta name=\"twitter:label1\" content=\"Est. reading time\" \/>\n\t<meta name=\"twitter:data1\" content=\"1 minute\" \/>\n<script type=\"application\/ld+json\" class=\"yoast-schema-graph\">{\"@context\":\"https:\/\/schema.org\",\"@graph\":[{\"@type\":\"WebPage\",\"@id\":\"https:\/\/gaelle-cueff-art.com\/collages-menu-2\/signes\/\",\"url\":\"https:\/\/gaelle-cueff-art.com\/collages-menu-2\/signes\/\",\"name\":\"Signes - Ga\u00eblle Cueff Art\",\"isPartOf\":{\"@id\":\"https:\/\/gaelle-cueff-art.com\/#website\"},\"datePublished\":\"2020-10-24T15:16:25+00:00\",\"dateModified\":\"2020-11-10T17:37:53+00:00\",\"breadcrumb\":{\"@id\":\"https:\/\/gaelle-cueff-art.com\/collages-menu-2\/signes\/#breadcrumb\"},\"inLanguage\":\"en-US\",\"potentialAction\":[{\"@type\":\"ReadAction\",\"target\":[\"https:\/\/gaelle-cueff-art.com\/collages-menu-2\/signes\/\"]}]},{\"@type\":\"BreadcrumbList\",\"@id\":\"https:\/\/gaelle-cueff-art.com\/collages-menu-2\/signes\/#breadcrumb\",\"itemListElement\":[{\"@type\":\"ListItem\",\"position\":1,\"name\":\"Home\",\"item\":\"https:\/\/gaelle-cueff-art.com\/\"},{\"@type\":\"ListItem\",\"position\":2,\"name\":\"Collages\",\"item\":\"https:\/\/gaelle-cueff-art.com\/collages-menu-2\/\"},{\"@type\":\"ListItem\",\"position\":3,\"name\":\"Signes\"}]},{\"@type\":\"WebSite\",\"@id\":\"https:\/\/gaelle-cueff-art.com\/#website\",\"url\":\"https:\/\/gaelle-cueff-art.com\/\",\"name\":\"Ga\u00eblle Cueff Art\",\"description\":\"\",\"potentialAction\":[{\"@type\":\"SearchAction\",\"target\":{\"@type\":\"EntryPoint\",\"urlTemplate\":\"https:\/\/gaelle-cueff-art.com\/?s={search_term_string}\"},\"query-input\":{\"@type\":\"PropertyValueSpecification\",\"valueRequired\":true,\"valueName\":\"search_term_string\"}}],\"inLanguage\":\"en-US\"}]}<\/script>\n<!-- \/ Yoast SEO plugin. -->","yoast_head_json":{"title":"Signes - Ga\u00eblle Cueff Art","robots":{"index":"index","follow":"follow","max-snippet":"max-snippet:-1","max-image-preview":"max-image-preview:large","max-video-preview":"max-video-preview:-1"},"canonical":"https:\/\/gaelle-cueff-art.com\/collages-menu-2\/signes\/","og_locale":"en_US","og_type":"article","og_title":"Signes - Ga\u00eblle Cueff Art","og_description":"Signes Signes\u00a0a \u00e9t\u00e9 r\u00e9alis\u00e9e \u00e0 Shanghai durant le second semestre 2018, en r\u00e9sidence d'artiste. Comme un pont jet\u00e9 entre un travail sur les collages r\u00e9alis\u00e9 au cours des ann\u00e9es pr\u00e9c\u00e9dentes et celui sur la transparence, les traces et la m\u00e9moire qui traverse les s\u00e9ries suivantes, cette p\u00e9riode entre transition et continuit\u00e9 porte \u00e9galement la marque [&hellip;]","og_url":"https:\/\/gaelle-cueff-art.com\/collages-menu-2\/signes\/","og_site_name":"Ga\u00eblle Cueff Art","article_modified_time":"2020-11-10T17:37:53+00:00","twitter_card":"summary_large_image","twitter_misc":{"Est. reading time":"1 minute"},"schema":{"@context":"https:\/\/schema.org","@graph":[{"@type":"WebPage","@id":"https:\/\/gaelle-cueff-art.com\/collages-menu-2\/signes\/","url":"https:\/\/gaelle-cueff-art.com\/collages-menu-2\/signes\/","name":"Signes - Ga\u00eblle Cueff Art","isPartOf":{"@id":"https:\/\/gaelle-cueff-art.com\/#website"},"datePublished":"2020-10-24T15:16:25+00:00","dateModified":"2020-11-10T17:37:53+00:00","breadcrumb":{"@id":"https:\/\/gaelle-cueff-art.com\/collages-menu-2\/signes\/#breadcrumb"},"inLanguage":"en-US","potentialAction":[{"@type":"ReadAction","target":["https:\/\/gaelle-cueff-art.com\/collages-menu-2\/signes\/"]}]},{"@type":"BreadcrumbList","@id":"https:\/\/gaelle-cueff-art.com\/collages-menu-2\/signes\/#breadcrumb","itemListElement":[{"@type":"ListItem","position":1,"name":"Home","item":"https:\/\/gaelle-cueff-art.com\/"},{"@type":"ListItem","position":2,"name":"Collages","item":"https:\/\/gaelle-cueff-art.com\/collages-menu-2\/"},{"@type":"ListItem","position":3,"name":"Signes"}]},{"@type":"WebSite","@id":"https:\/\/gaelle-cueff-art.com\/#website","url":"https:\/\/gaelle-cueff-art.com\/","name":"Ga\u00eblle Cueff Art","description":"","potentialAction":[{"@type":"SearchAction","target":{"@type":"EntryPoint","urlTemplate":"https:\/\/gaelle-cueff-art.com\/?s={search_term_string}"},"query-input":{"@type":"PropertyValueSpecification","valueRequired":true,"valueName":"search_term_string"}}],"inLanguage":"en-US"}]}},"jetpack_sharing_enabled":true,"jetpack_shortlink":"https:\/\/wp.me\/P9YwYR-1RN","jetpack-related-posts":[{"id":5361,"url":"https:\/\/gaelle-cueff-art.com\/en\/collages\/","url_meta":{"origin":7179,"position":0},"title":"Collages","author":"lesmotspourleweb","date":"01\/04\/2019","format":false,"excerpt":"","rel":"","context":"Similar post","block_context":{"text":"Similar post","link":""},"img":{"alt_text":"","src":"","width":0,"height":0},"classes":[]},{"id":10117,"url":"https:\/\/gaelle-cueff-art.com\/en\/refund_returns\/","url_meta":{"origin":7179,"position":1},"title":"Refund and Returns Policy","author":"lesmotspourleweb","date":"13\/11\/2022","format":false,"excerpt":"This is a sample page. Overview Our refund and returns policy lasts 30 days. If 30 days have passed since your purchase, we can\u2019t offer you a full refund or exchange. To be eligible for a return, your item must be unused and in the same condition that you received\u2026","rel":"","context":"Similar post","block_context":{"text":"Similar post","link":""},"img":{"alt_text":"","src":"","width":0,"height":0},"classes":[]}],"_links":{"self":[{"href":"https:\/\/gaelle-cueff-art.com\/en\/wp-json\/wp\/v2\/pages\/7179","targetHints":{"allow":["GET"]}}],"collection":[{"href":"https:\/\/gaelle-cueff-art.com\/en\/wp-json\/wp\/v2\/pages"}],"about":[{"href":"https:\/\/gaelle-cueff-art.com\/en\/wp-json\/wp\/v2\/types\/page"}],"author":[{"embeddable":true,"href":"https:\/\/gaelle-cueff-art.com\/en\/wp-json\/wp\/v2\/users\/208"}],"replies":[{"embeddable":true,"href":"https:\/\/gaelle-cueff-art.com\/en\/wp-json\/wp\/v2\/comments?post=7179"}],"version-history":[{"count":6,"href":"https:\/\/gaelle-cueff-art.com\/en\/wp-json\/wp\/v2\/pages\/7179\/revisions"}],"predecessor-version":[{"id":8509,"href":"https:\/\/gaelle-cueff-art.com\/en\/wp-json\/wp\/v2\/pages\/7179\/revisions\/8509"}],"up":[{"embeddable":true,"href":"https:\/\/gaelle-cueff-art.com\/en\/wp-json\/wp\/v2\/pages\/7327"}],"wp:attachment":[{"href":"https:\/\/gaelle-cueff-art.com\/en\/wp-json\/wp\/v2\/media?parent=7179"}],"curies":[{"name":"wp","href":"https:\/\/api.w.org\/{rel}","templated":true}]}}