{"id":6906,"date":"2020-05-09T13:44:00","date_gmt":"2020-05-09T13:44:00","guid":{"rendered":"https:\/\/gaelle-cueff-art.com\/?page_id=6906"},"modified":"2020-11-03T10:09:10","modified_gmt":"2020-11-03T10:09:10","slug":"les-hippocampes","status":"publish","type":"page","link":"https:\/\/gaelle-cueff-art.com\/en\/les-hippocampes\/","title":{"rendered":"Les Hippocampes"},"content":{"rendered":"<p>[et_pb_section fb_built=&#8221;1&#8243; _builder_version=&#8221;3.22&#8243;][et_pb_row column_structure=&#8221;1_3,2_3&#8243; _builder_version=&#8221;4.6.1&#8243; background_size=&#8221;initial&#8221; background_position=&#8221;top_left&#8221; background_repeat=&#8221;repeat&#8221; hover_enabled=&#8221;0&#8243; width=&#8221;100%&#8221; max_width=&#8221;2560px&#8221; sticky_enabled=&#8221;0&#8243;][et_pb_column type=&#8221;1_3&#8243; _builder_version=&#8221;3.25&#8243; custom_padding=&#8221;|||&#8221; custom_padding__hover=&#8221;|||&#8221;][et_pb_text _builder_version=&#8221;4.6.1&#8243; hover_enabled=&#8221;0&#8243; custom_margin=&#8221;|||11px|false|false&#8221; sticky_enabled=&#8221;0&#8243;]<\/p>\n<h1>Les Hippocampes<\/h1>\n<p>Les <em>Hippocampes <\/em>sont une variante des\u00a0<em>Genius loci<\/em> pr\u00e9sent\u00e9s dans une bo\u00eete lumineuse et qui m\u00ealent photographie ancienne, peinture, collages et \u00e9l\u00e9ments divers (ailes de cigales, os).<\/p>\n<p>L&#8221;hippocampe est le si\u00e8ge de la m\u00e9moire, et le titre de cette s\u00e9rie est un signe de ce lien avec le pass\u00e9 et les racines qui traverse nombre de s\u00e9ries. Plusieurs feuilles de plexiglas s\u00e9par\u00e9es de quelques millim\u00e8tres permettent d&#8217;apposer sur l&#8217;image plac\u00e9e au fond de la bo\u00eete les diff\u00e9rentes couches s\u00e9dimentaires qui la rev\u00eatent telle une nouvelle histoire.<\/p>\n<p>Les <em>Hippocampes<\/em>\u00a0existent en deux formats,\u00a0 27x22x7,5 cm et 30,8&#215;22,8&#215;6 cm, et sont aliment\u00e9s par batterie externe ou alimentation secteur. Une t\u00e9l\u00e9commande permet de varier le rythme, l&#8217;intensit\u00e9 et parfois la couleur de la lumi\u00e8re dispens\u00e9e.<\/p>\n<p><strong>Cliquer sur les vignettes pour les agrandir et obtenir des renseignements compl\u00e9mentaires sur chaque \u0153uvre.<\/strong><\/p>\n<p>Pour tout renseignement : <strong>gaelle.cueff@orange.fr<\/strong><\/p>\n<h1><\/h1>\n<p>[\/et_pb_text][\/et_pb_column][et_pb_column type=&#8221;2_3&#8243; _builder_version=&#8221;3.25&#8243; custom_padding=&#8221;|||&#8221; custom_padding__hover=&#8221;|||&#8221;][et_pb_shop type=&#8221;product_category&#8221; posts_number=&#8221;100&#8243; include_categories=&#8221;84&#8243; columns_number=&#8221;3&#8243; orderby=&#8221;date-desc&#8221; _builder_version=&#8221;4.6.1&#8243; title_font_size=&#8221;15px&#8221; price_text_color=&#8221;#7a7a7a&#8221; hover_enabled=&#8221;0&#8243; custom_margin=&#8221;|11px||11px|false|false&#8221; sticky_enabled=&#8221;0&#8243;]&nbsp;<br \/>\n[\/et_pb_shop][\/et_pb_column][\/et_pb_row][\/et_pb_section]<\/p>\n","protected":false},"excerpt":{"rendered":"<p>Les Hippocampes Les Hippocampes sont une variante des\u00a0Genius loci pr\u00e9sent\u00e9s dans une bo\u00eete lumineuse et qui m\u00ealent photographie ancienne, peinture, collages et \u00e9l\u00e9ments divers (ailes de cigales, os). L&#8221;hippocampe est le si\u00e8ge de la m\u00e9moire, et le titre de cette s\u00e9rie est un signe de ce lien avec le pass\u00e9 et les racines qui traverse [&hellip;]<\/p>\n","protected":false},"author":208,"featured_media":0,"parent":0,"menu_order":0,"comment_status":"closed","ping_status":"closed","template":"","meta":{"_et_pb_use_builder":"on","_et_pb_old_content":"<!-- wp:jetpack\/tiled-gallery \/-->","_et_gb_content_width":"","om_disable_all_campaigns":false,"_monsterinsights_skip_tracking":false,"_monsterinsights_sitenote_active":false,"_monsterinsights_sitenote_note":"","_monsterinsights_sitenote_category":0,"_uf_show_specific_survey":0,"_uf_disable_surveys":false,"jetpack_post_was_ever_published":false,"footnotes":""},"class_list":["post-6906","page","type-page","status-publish","hentry"],"aioseo_notices":[],"yoast_head":"<!-- This site is optimized with the Yoast SEO plugin v27.0 - https:\/\/yoast.com\/product\/yoast-seo-wordpress\/ -->\n<title>Les Hippocampes - Ga\u00eblle Cueff Art<\/title>\n<meta name=\"robots\" content=\"index, follow, max-snippet:-1, max-image-preview:large, max-video-preview:-1\" \/>\n<link rel=\"canonical\" href=\"https:\/\/gaelle-cueff-art.com\/les-hippocampes\/\" \/>\n<meta property=\"og:locale\" content=\"en_US\" \/>\n<meta property=\"og:type\" content=\"article\" \/>\n<meta property=\"og:title\" content=\"Les Hippocampes - Ga\u00eblle Cueff Art\" \/>\n<meta property=\"og:description\" content=\"Les Hippocampes Les Hippocampes sont une variante des\u00a0Genius loci pr\u00e9sent\u00e9s dans une bo\u00eete lumineuse et qui m\u00ealent photographie ancienne, peinture, collages et \u00e9l\u00e9ments divers (ailes de cigales, os). L&#039;&#039;hippocampe est le si\u00e8ge de la m\u00e9moire, et le titre de cette s\u00e9rie est un signe de ce lien avec le pass\u00e9 et les racines qui traverse [&hellip;]\" \/>\n<meta property=\"og:url\" content=\"https:\/\/gaelle-cueff-art.com\/les-hippocampes\/\" \/>\n<meta property=\"og:site_name\" content=\"Ga\u00eblle Cueff Art\" \/>\n<meta property=\"article:modified_time\" content=\"2020-11-03T10:09:10+00:00\" \/>\n<meta name=\"twitter:card\" content=\"summary_large_image\" \/>\n<meta name=\"twitter:label1\" content=\"Est. reading time\" \/>\n\t<meta name=\"twitter:data1\" content=\"1 minute\" \/>\n<script type=\"application\/ld+json\" class=\"yoast-schema-graph\">{\"@context\":\"https:\/\/schema.org\",\"@graph\":[{\"@type\":\"WebPage\",\"@id\":\"https:\/\/gaelle-cueff-art.com\/les-hippocampes\/\",\"url\":\"https:\/\/gaelle-cueff-art.com\/les-hippocampes\/\",\"name\":\"Les Hippocampes - Ga\u00eblle Cueff Art\",\"isPartOf\":{\"@id\":\"https:\/\/gaelle-cueff-art.com\/#website\"},\"datePublished\":\"2020-05-09T13:44:00+00:00\",\"dateModified\":\"2020-11-03T10:09:10+00:00\",\"breadcrumb\":{\"@id\":\"https:\/\/gaelle-cueff-art.com\/les-hippocampes\/#breadcrumb\"},\"inLanguage\":\"en-US\",\"potentialAction\":[{\"@type\":\"ReadAction\",\"target\":[\"https:\/\/gaelle-cueff-art.com\/les-hippocampes\/\"]}]},{\"@type\":\"BreadcrumbList\",\"@id\":\"https:\/\/gaelle-cueff-art.com\/les-hippocampes\/#breadcrumb\",\"itemListElement\":[{\"@type\":\"ListItem\",\"position\":1,\"name\":\"Home\",\"item\":\"https:\/\/gaelle-cueff-art.com\/\"},{\"@type\":\"ListItem\",\"position\":2,\"name\":\"Les Hippocampes\"}]},{\"@type\":\"WebSite\",\"@id\":\"https:\/\/gaelle-cueff-art.com\/#website\",\"url\":\"https:\/\/gaelle-cueff-art.com\/\",\"name\":\"Ga\u00eblle Cueff Art\",\"description\":\"\",\"potentialAction\":[{\"@type\":\"SearchAction\",\"target\":{\"@type\":\"EntryPoint\",\"urlTemplate\":\"https:\/\/gaelle-cueff-art.com\/?s={search_term_string}\"},\"query-input\":{\"@type\":\"PropertyValueSpecification\",\"valueRequired\":true,\"valueName\":\"search_term_string\"}}],\"inLanguage\":\"en-US\"}]}<\/script>\n<!-- \/ Yoast SEO plugin. -->","yoast_head_json":{"title":"Les Hippocampes - Ga\u00eblle Cueff Art","robots":{"index":"index","follow":"follow","max-snippet":"max-snippet:-1","max-image-preview":"max-image-preview:large","max-video-preview":"max-video-preview:-1"},"canonical":"https:\/\/gaelle-cueff-art.com\/les-hippocampes\/","og_locale":"en_US","og_type":"article","og_title":"Les Hippocampes - Ga\u00eblle Cueff Art","og_description":"Les Hippocampes Les Hippocampes sont une variante des\u00a0Genius loci pr\u00e9sent\u00e9s dans une bo\u00eete lumineuse et qui m\u00ealent photographie ancienne, peinture, collages et \u00e9l\u00e9ments divers (ailes de cigales, os). L''hippocampe est le si\u00e8ge de la m\u00e9moire, et le titre de cette s\u00e9rie est un signe de ce lien avec le pass\u00e9 et les racines qui traverse [&hellip;]","og_url":"https:\/\/gaelle-cueff-art.com\/les-hippocampes\/","og_site_name":"Ga\u00eblle Cueff Art","article_modified_time":"2020-11-03T10:09:10+00:00","twitter_card":"summary_large_image","twitter_misc":{"Est. reading time":"1 minute"},"schema":{"@context":"https:\/\/schema.org","@graph":[{"@type":"WebPage","@id":"https:\/\/gaelle-cueff-art.com\/les-hippocampes\/","url":"https:\/\/gaelle-cueff-art.com\/les-hippocampes\/","name":"Les Hippocampes - Ga\u00eblle Cueff Art","isPartOf":{"@id":"https:\/\/gaelle-cueff-art.com\/#website"},"datePublished":"2020-05-09T13:44:00+00:00","dateModified":"2020-11-03T10:09:10+00:00","breadcrumb":{"@id":"https:\/\/gaelle-cueff-art.com\/les-hippocampes\/#breadcrumb"},"inLanguage":"en-US","potentialAction":[{"@type":"ReadAction","target":["https:\/\/gaelle-cueff-art.com\/les-hippocampes\/"]}]},{"@type":"BreadcrumbList","@id":"https:\/\/gaelle-cueff-art.com\/les-hippocampes\/#breadcrumb","itemListElement":[{"@type":"ListItem","position":1,"name":"Home","item":"https:\/\/gaelle-cueff-art.com\/"},{"@type":"ListItem","position":2,"name":"Les Hippocampes"}]},{"@type":"WebSite","@id":"https:\/\/gaelle-cueff-art.com\/#website","url":"https:\/\/gaelle-cueff-art.com\/","name":"Ga\u00eblle Cueff Art","description":"","potentialAction":[{"@type":"SearchAction","target":{"@type":"EntryPoint","urlTemplate":"https:\/\/gaelle-cueff-art.com\/?s={search_term_string}"},"query-input":{"@type":"PropertyValueSpecification","valueRequired":true,"valueName":"search_term_string"}}],"inLanguage":"en-US"}]}},"jetpack_sharing_enabled":true,"jetpack_shortlink":"https:\/\/wp.me\/P9YwYR-1No","jetpack-related-posts":[{"id":5363,"url":"https:\/\/gaelle-cueff-art.com\/en\/collages-osculptes-genius-loci-hippocampes\/","url_meta":{"origin":6906,"position":0},"title":"COLLAGES &#8211; OSCULPT\u00c9S &#8211; GENIUS LOCI &amp; HIPPOCAMPES","author":"Ga\u00eblle Cueff","date":"01\/04\/2019","format":false,"excerpt":"","rel":"","context":"Similar post","block_context":{"text":"Similar post","link":""},"img":{"alt_text":"","src":"","width":0,"height":0},"classes":[]},{"id":7303,"url":"https:\/\/gaelle-cueff-art.com\/en\/boites-lumineuses\/","url_meta":{"origin":6906,"position":1},"title":"Bo\u00eetes lumineuses","author":"Ga\u00eblle Cueff","date":"25\/10\/2020","format":false,"excerpt":"","rel":"","context":"Similar post","block_context":{"text":"Similar post","link":""},"img":{"alt_text":"","src":"","width":0,"height":0},"classes":[]},{"id":7378,"url":"https:\/\/gaelle-cueff-art.com\/en\/","url_meta":{"origin":6906,"position":2},"title":"page d&#8217;accueil","author":"Ga\u00eblle Cueff","date":"28\/10\/2020","format":false,"excerpt":"","rel":"","context":"Similar post","block_context":{"text":"Similar post","link":""},"img":{"alt_text":"","src":"","width":0,"height":0},"classes":[]},{"id":5361,"url":"https:\/\/gaelle-cueff-art.com\/en\/collages\/","url_meta":{"origin":6906,"position":3},"title":"Collages","author":"lesmotspourleweb","date":"01\/04\/2019","format":false,"excerpt":"","rel":"","context":"Similar post","block_context":{"text":"Similar post","link":""},"img":{"alt_text":"","src":"","width":0,"height":0},"classes":[]},{"id":7844,"url":"https:\/\/gaelle-cueff-art.com\/en\/osculptes-menu\/hors-serie\/","url_meta":{"origin":6906,"position":4},"title":"Hors-s\u00e9rie","author":"Ga\u00eblle Cueff","date":"05\/11\/2020","format":false,"excerpt":"","rel":"","context":"Similar post","block_context":{"text":"Similar post","link":""},"img":{"alt_text":"","src":"","width":0,"height":0},"classes":[]},{"id":7219,"url":"https:\/\/gaelle-cueff-art.com\/en\/collages-photos-hors-serie\/","url_meta":{"origin":6906,"position":5},"title":"Collages &#038; photos peintes hors-s\u00e9rie","author":"Ga\u00eblle Cueff","date":"25\/10\/2020","format":false,"excerpt":"","rel":"","context":"Similar post","block_context":{"text":"Similar post","link":""},"img":{"alt_text":"","src":"","width":0,"height":0},"classes":[]}],"_links":{"self":[{"href":"https:\/\/gaelle-cueff-art.com\/en\/wp-json\/wp\/v2\/pages\/6906","targetHints":{"allow":["GET"]}}],"collection":[{"href":"https:\/\/gaelle-cueff-art.com\/en\/wp-json\/wp\/v2\/pages"}],"about":[{"href":"https:\/\/gaelle-cueff-art.com\/en\/wp-json\/wp\/v2\/types\/page"}],"author":[{"embeddable":true,"href":"https:\/\/gaelle-cueff-art.com\/en\/wp-json\/wp\/v2\/users\/208"}],"replies":[{"embeddable":true,"href":"https:\/\/gaelle-cueff-art.com\/en\/wp-json\/wp\/v2\/comments?post=6906"}],"version-history":[{"count":5,"href":"https:\/\/gaelle-cueff-art.com\/en\/wp-json\/wp\/v2\/pages\/6906\/revisions"}],"predecessor-version":[{"id":7558,"href":"https:\/\/gaelle-cueff-art.com\/en\/wp-json\/wp\/v2\/pages\/6906\/revisions\/7558"}],"wp:attachment":[{"href":"https:\/\/gaelle-cueff-art.com\/en\/wp-json\/wp\/v2\/media?parent=6906"}],"curies":[{"name":"wp","href":"https:\/\/api.w.org\/{rel}","templated":true}]}}