{"id":6088,"date":"2019-10-15T11:32:09","date_gmt":"2019-10-15T11:32:09","guid":{"rendered":"https:\/\/gaelle-cueff-art.com\/?page_id=6088"},"modified":"2020-11-04T10:23:36","modified_gmt":"2020-11-04T10:23:36","slug":"publications","status":"publish","type":"page","link":"https:\/\/gaelle-cueff-art.com\/en\/publications\/","title":{"rendered":"Publications"},"content":{"rendered":"<p>[et_pb_section fb_built=&#8221;1&#8243; _builder_version=&#8221;4.6.1&#8243; hover_enabled=&#8221;0&#8243; sticky_enabled=&#8221;0&#8243;][et_pb_row _builder_version=&#8221;4.6.1&#8243; _module_preset=&#8221;default&#8221; width=&#8221;100%&#8221; max_width=&#8221;2560px&#8221; custom_margin=&#8221;|||11px|false|false&#8221;][et_pb_column type=&#8221;4_4&#8243; _builder_version=&#8221;4.6.1&#8243; _module_preset=&#8221;default&#8221;][et_pb_text _builder_version=&#8221;4.6.1&#8243; background_size=&#8221;initial&#8221; background_position=&#8221;top_left&#8221; background_repeat=&#8221;repeat&#8221; custom_margin=&#8221;|||11px|false|false&#8221;]<!-- divi:jetpack\/tiled-gallery {\"ids\":[6259,6261,6263]} --><\/p>\n<p><strong style=\"font-size: 14px;\">Ouvrage disponible dans certains points de vente (Artcurial, La Com\u00e8te, librairie Intervalles) ou directement en envoyant un mail \u00e0 : gaelle.cueff@orange.fr<\/strong><span style=\"font-size: 14px;\"> (envoi possible)<\/span><span style=\"font-size: 14px;\">\u00a0<\/span><\/p>\n<p>&nbsp;<\/p>\n<p>[\/et_pb_text][et_pb_image src=&#8221;https:\/\/gaelle-cueff-art.com\/wp-content\/uploads\/2020\/11\/Capture-de\u0301cran-2020-11-04-a\u0300-11.13.15-1.png&#8221; _builder_version=&#8221;4.6.1&#8243; _module_preset=&#8221;default&#8221; custom_margin=&#8221;|||11px|false|false&#8221; hover_enabled=&#8221;0&#8243; align=&#8221;center&#8221; sticky_enabled=&#8221;0&#8243;][\/et_pb_image][\/et_pb_column][\/et_pb_row][\/et_pb_section][et_pb_section fb_built=&#8221;1&#8243; _builder_version=&#8221;4.6.1&#8243; _module_preset=&#8221;default&#8221;][et_pb_row _builder_version=&#8221;4.6.1&#8243; _module_preset=&#8221;default&#8221;][et_pb_column type=&#8221;4_4&#8243; _builder_version=&#8221;4.6.1&#8243; _module_preset=&#8221;default&#8221;][et_pb_image _builder_version=&#8221;4.6.1&#8243; _module_preset=&#8221;default&#8221;][\/et_pb_image][\/et_pb_column][\/et_pb_row][\/et_pb_section][et_pb_section fb_built=&#8221;1&#8243; _builder_version=&#8221;4.6.1&#8243; _module_preset=&#8221;default&#8221;][et_pb_row _builder_version=&#8221;4.6.1&#8243; _module_preset=&#8221;default&#8221;][et_pb_column type=&#8221;4_4&#8243; _builder_version=&#8221;4.6.1&#8243; _module_preset=&#8221;default&#8221;][\/et_pb_column][\/et_pb_row][\/et_pb_section]<\/p>\n","protected":false},"excerpt":{"rendered":"<p>Ouvrage disponible dans certains points de vente (Artcurial, La Com\u00e8te, librairie Intervalles) ou directement en envoyant un mail \u00e0 : gaelle.cueff@orange.fr (envoi possible)\u00a0 &nbsp;<\/p>\n","protected":false},"author":208,"featured_media":0,"parent":0,"menu_order":0,"comment_status":"closed","ping_status":"closed","template":"","meta":{"_et_pb_use_builder":"on","_et_pb_old_content":"<!-- wp:jetpack\/tiled-gallery {\"ids\":[6259,6261,6263]} -->\n<div class=\"wp-block-jetpack-tiled-gallery aligncenter is-style-rectangular\"><div class=\"tiled-gallery__gallery\"><div class=\"tiled-gallery__row\"><div class=\"tiled-gallery__col\"><figure class=\"tiled-gallery__item\"><img alt=\"\" data-height=\"546\" data-id=\"6259\" data-link=\"https:\/\/gaelle-cueff-art.com\/?attachment_id=6259\" data-url=\"https:\/\/gaelle-cueff-art.com\/wp-content\/uploads\/2019\/10\/Capture-d\u00e9cran-2019-10-13-18.58.04.png\" data-width=\"381\" src=\"https:\/\/i0.wp.com\/gaelle-cueff-art.com\/wp-content\/uploads\/2019\/10\/Capture-d\u00e9cran-2019-10-13-18.58.04.png?ssl=1\"\/><\/figure><\/div><div class=\"tiled-gallery__col\"><figure class=\"tiled-gallery__item\"><img alt=\"\" data-height=\"741\" data-id=\"6261\" data-link=\"https:\/\/gaelle-cueff-art.com\/?attachment_id=6261\" data-url=\"https:\/\/gaelle-cueff-art.com\/wp-content\/uploads\/2019\/10\/Capture-d\u00e9cran-2019-10-15-12.51.39-1.png\" data-width=\"1046\" src=\"https:\/\/i0.wp.com\/gaelle-cueff-art.com\/wp-content\/uploads\/2019\/10\/Capture-d\u00e9cran-2019-10-15-12.51.39-1.png?ssl=1\"\/><\/figure><figure class=\"tiled-gallery__item\"><img alt=\"\" data-height=\"531\" data-id=\"6263\" data-link=\"https:\/\/gaelle-cueff-art.com\/?attachment_id=6263\" data-url=\"https:\/\/gaelle-cueff-art.com\/wp-content\/uploads\/2019\/10\/Capture-d\u00e9cran-2019-10-14-17.27.19-2.png\" data-width=\"750\" src=\"https:\/\/i0.wp.com\/gaelle-cueff-art.com\/wp-content\/uploads\/2019\/10\/Capture-d\u00e9cran-2019-10-14-17.27.19-2.png?ssl=1\"\/><\/figure><\/div><\/div><\/div><\/div>\n<!-- \/wp:jetpack\/tiled-gallery -->\n\n<!-- wp:paragraph -->\n<p><strong>Ouvrage disponible dans certains points de vente ou directement en envoyant un mail \u00e0 : gaelle.cueff@orange.fr<\/strong> (envoi possible)<\/p>\n<!-- \/wp:paragraph -->\n\n<!-- wp:paragraph -->\n<p><strong>LA CL\u00c9 DES CHANTS (COLLAGES DE GA\u00cbLLE CUEFF)<\/strong><br>Parution : octobre 2019<br>Prix : 39 \u20ac<br>Format&nbsp;: 15 x 21 cm \u2013 156 pages - couverture souple<br>Textes de Ga\u00eblle Cueff, Agn\u00e8s Gr\u00e9goire, Jo\u00eblle Bolloch, Corinne Dupuy. <br>Isbn&nbsp;: 978-2-9570356-0-1<\/p>\n<!-- \/wp:paragraph -->\n\n<!-- wp:paragraph -->\n<p><em>La\nCl\u00e9 des chants<\/em>&nbsp;rassemble une s\u00e9rie de soixante-treize collages r\u00e9alis\u00e9s\npar Ga\u00eblle Cueff entre 2016 et 2019, compos\u00e9s de papiers d\u00e9coup\u00e9s et parfois\nenrichis d\u2019ajouts pigmentaires, sans aucune intervention num\u00e9rique avant le\nscan final (chaque collage prend alors place dans une\n\u00e9dition limit\u00e9e, g\u00e9n\u00e9ralement de 7 exemplaires tous formats confondus).<\/p>\n<!-- \/wp:paragraph -->\n\n<!-- wp:paragraph -->\n<p>Cette\ns\u00e9rie prend racine dans un dialogue entre des paroles de chansons et les\ncompositions narratives que ces chansons, mises en regard avec le corpus\nd\u2019images pr\u00e9alablement d\u00e9coup\u00e9es, ont inspir\u00e9es \u00e0\nGa\u00eblle Cueff. Le titre donn\u00e9 \u00e0 chacun de\nces collages se r\u00e9f\u00e8re aux deux composantes, les paroles et l\u2019image, et\nun court texte livre quelques cl\u00e9s d\u2019interpr\u00e9tation de l\u2019histoire n\u00e9e de\nl\u2019\u00e9change entre ces deux univers, \n\nlitt\u00e9raire et graphique.\n\n\n\n<\/p>\n<!-- \/wp:paragraph -->\n\n<!-- wp:paragraph {\"fontSize\":\"small\"} -->\n<p class=\"has-small-font-size\">L\u2019ouvrage sera \u00e9galement propos\u00e9 \u00e0 la Young International Artfair #2 (1<sup>er<\/sup>-4 novembre 2019 au 118 rue de Rivoli) o\u00f9 Ga\u00eblle Cueff pr\u00e9sentera une cinquantaine de ses \u0153uvres. <br>Entr\u00e9e \u00e0 prix r\u00e9duit (6 \u20ac au lieu de 15 \u20ac)&nbsp;: <a href=\"https:\/\/www.weezevent.com\/yia-young-international-artists-art-fair02-paris-le-118-rivoli\">https:\/\/www.weezevent.com\/yia-young-international-artists-art-fair02-paris-le-118-rivoli<\/a><\/p>\n<!-- \/wp:paragraph -->\n\n<!-- wp:paragraph -->\n<p> <\/p>\n<!-- \/wp:paragraph -->\n\n<!-- wp:paragraph -->\n<p><\/p>\n<!-- \/wp:paragraph -->","_et_gb_content_width":"","om_disable_all_campaigns":false,"_monsterinsights_skip_tracking":false,"_monsterinsights_sitenote_active":false,"_monsterinsights_sitenote_note":"","_monsterinsights_sitenote_category":0,"_uf_show_specific_survey":0,"_uf_disable_surveys":false,"jetpack_post_was_ever_published":false,"footnotes":""},"class_list":["post-6088","page","type-page","status-publish","hentry"],"aioseo_notices":[],"yoast_head":"<!-- This site is optimized with the Yoast SEO plugin v27.0 - https:\/\/yoast.com\/product\/yoast-seo-wordpress\/ -->\n<title>Publications - Ga\u00eblle Cueff Art<\/title>\n<meta name=\"robots\" content=\"index, follow, max-snippet:-1, max-image-preview:large, max-video-preview:-1\" \/>\n<link rel=\"canonical\" href=\"https:\/\/gaelle-cueff-art.com\/publications\/\" \/>\n<meta property=\"og:locale\" content=\"en_US\" \/>\n<meta property=\"og:type\" content=\"article\" \/>\n<meta property=\"og:title\" content=\"Publications - Ga\u00eblle Cueff Art\" \/>\n<meta property=\"og:description\" content=\"Ouvrage disponible dans certains points de vente (Artcurial, La Com\u00e8te, librairie Intervalles) ou directement en envoyant un mail \u00e0 : gaelle.cueff@orange.fr (envoi possible)\u00a0 &nbsp;\" \/>\n<meta property=\"og:url\" content=\"https:\/\/gaelle-cueff-art.com\/publications\/\" \/>\n<meta property=\"og:site_name\" content=\"Ga\u00eblle Cueff Art\" \/>\n<meta property=\"article:modified_time\" content=\"2020-11-04T10:23:36+00:00\" \/>\n<meta name=\"twitter:card\" content=\"summary_large_image\" \/>\n<meta name=\"twitter:label1\" content=\"Est. reading time\" \/>\n\t<meta name=\"twitter:data1\" content=\"1 minute\" \/>\n<script type=\"application\/ld+json\" class=\"yoast-schema-graph\">{\"@context\":\"https:\/\/schema.org\",\"@graph\":[{\"@type\":\"WebPage\",\"@id\":\"https:\/\/gaelle-cueff-art.com\/publications\/\",\"url\":\"https:\/\/gaelle-cueff-art.com\/publications\/\",\"name\":\"Publications - Ga\u00eblle Cueff Art\",\"isPartOf\":{\"@id\":\"https:\/\/gaelle-cueff-art.com\/#website\"},\"datePublished\":\"2019-10-15T11:32:09+00:00\",\"dateModified\":\"2020-11-04T10:23:36+00:00\",\"breadcrumb\":{\"@id\":\"https:\/\/gaelle-cueff-art.com\/publications\/#breadcrumb\"},\"inLanguage\":\"en-US\",\"potentialAction\":[{\"@type\":\"ReadAction\",\"target\":[\"https:\/\/gaelle-cueff-art.com\/publications\/\"]}]},{\"@type\":\"BreadcrumbList\",\"@id\":\"https:\/\/gaelle-cueff-art.com\/publications\/#breadcrumb\",\"itemListElement\":[{\"@type\":\"ListItem\",\"position\":1,\"name\":\"Home\",\"item\":\"https:\/\/gaelle-cueff-art.com\/\"},{\"@type\":\"ListItem\",\"position\":2,\"name\":\"Publications\"}]},{\"@type\":\"WebSite\",\"@id\":\"https:\/\/gaelle-cueff-art.com\/#website\",\"url\":\"https:\/\/gaelle-cueff-art.com\/\",\"name\":\"Ga\u00eblle Cueff Art\",\"description\":\"\",\"potentialAction\":[{\"@type\":\"SearchAction\",\"target\":{\"@type\":\"EntryPoint\",\"urlTemplate\":\"https:\/\/gaelle-cueff-art.com\/?s={search_term_string}\"},\"query-input\":{\"@type\":\"PropertyValueSpecification\",\"valueRequired\":true,\"valueName\":\"search_term_string\"}}],\"inLanguage\":\"en-US\"}]}<\/script>\n<!-- \/ Yoast SEO plugin. -->","yoast_head_json":{"title":"Publications - Ga\u00eblle Cueff Art","robots":{"index":"index","follow":"follow","max-snippet":"max-snippet:-1","max-image-preview":"max-image-preview:large","max-video-preview":"max-video-preview:-1"},"canonical":"https:\/\/gaelle-cueff-art.com\/publications\/","og_locale":"en_US","og_type":"article","og_title":"Publications - Ga\u00eblle Cueff Art","og_description":"Ouvrage disponible dans certains points de vente (Artcurial, La Com\u00e8te, librairie Intervalles) ou directement en envoyant un mail \u00e0 : gaelle.cueff@orange.fr (envoi possible)\u00a0 &nbsp;","og_url":"https:\/\/gaelle-cueff-art.com\/publications\/","og_site_name":"Ga\u00eblle Cueff Art","article_modified_time":"2020-11-04T10:23:36+00:00","twitter_card":"summary_large_image","twitter_misc":{"Est. reading time":"1 minute"},"schema":{"@context":"https:\/\/schema.org","@graph":[{"@type":"WebPage","@id":"https:\/\/gaelle-cueff-art.com\/publications\/","url":"https:\/\/gaelle-cueff-art.com\/publications\/","name":"Publications - Ga\u00eblle Cueff Art","isPartOf":{"@id":"https:\/\/gaelle-cueff-art.com\/#website"},"datePublished":"2019-10-15T11:32:09+00:00","dateModified":"2020-11-04T10:23:36+00:00","breadcrumb":{"@id":"https:\/\/gaelle-cueff-art.com\/publications\/#breadcrumb"},"inLanguage":"en-US","potentialAction":[{"@type":"ReadAction","target":["https:\/\/gaelle-cueff-art.com\/publications\/"]}]},{"@type":"BreadcrumbList","@id":"https:\/\/gaelle-cueff-art.com\/publications\/#breadcrumb","itemListElement":[{"@type":"ListItem","position":1,"name":"Home","item":"https:\/\/gaelle-cueff-art.com\/"},{"@type":"ListItem","position":2,"name":"Publications"}]},{"@type":"WebSite","@id":"https:\/\/gaelle-cueff-art.com\/#website","url":"https:\/\/gaelle-cueff-art.com\/","name":"Ga\u00eblle Cueff Art","description":"","potentialAction":[{"@type":"SearchAction","target":{"@type":"EntryPoint","urlTemplate":"https:\/\/gaelle-cueff-art.com\/?s={search_term_string}"},"query-input":{"@type":"PropertyValueSpecification","valueRequired":true,"valueName":"search_term_string"}}],"inLanguage":"en-US"}]}},"jetpack_sharing_enabled":true,"jetpack_shortlink":"https:\/\/wp.me\/P9YwYR-1Ac","jetpack-related-posts":[{"id":5361,"url":"https:\/\/gaelle-cueff-art.com\/en\/collages\/","url_meta":{"origin":6088,"position":0},"title":"Collages","author":"lesmotspourleweb","date":"01\/04\/2019","format":false,"excerpt":"","rel":"","context":"Similar post","block_context":{"text":"Similar post","link":""},"img":{"alt_text":"","src":"","width":0,"height":0},"classes":[]}],"_links":{"self":[{"href":"https:\/\/gaelle-cueff-art.com\/en\/wp-json\/wp\/v2\/pages\/6088","targetHints":{"allow":["GET"]}}],"collection":[{"href":"https:\/\/gaelle-cueff-art.com\/en\/wp-json\/wp\/v2\/pages"}],"about":[{"href":"https:\/\/gaelle-cueff-art.com\/en\/wp-json\/wp\/v2\/types\/page"}],"author":[{"embeddable":true,"href":"https:\/\/gaelle-cueff-art.com\/en\/wp-json\/wp\/v2\/users\/208"}],"replies":[{"embeddable":true,"href":"https:\/\/gaelle-cueff-art.com\/en\/wp-json\/wp\/v2\/comments?post=6088"}],"version-history":[{"count":7,"href":"https:\/\/gaelle-cueff-art.com\/en\/wp-json\/wp\/v2\/pages\/6088\/revisions"}],"predecessor-version":[{"id":7615,"href":"https:\/\/gaelle-cueff-art.com\/en\/wp-json\/wp\/v2\/pages\/6088\/revisions\/7615"}],"wp:attachment":[{"href":"https:\/\/gaelle-cueff-art.com\/en\/wp-json\/wp\/v2\/media?parent=6088"}],"curies":[{"name":"wp","href":"https:\/\/api.w.org\/{rel}","templated":true}]}}