{"id":17577,"date":"2026-04-08T18:20:26","date_gmt":"2026-04-08T16:20:26","guid":{"rendered":"https:\/\/gaelle-cueff-art.com\/?page_id=17577"},"modified":"2026-04-08T19:03:34","modified_gmt":"2026-04-08T17:03:34","slug":"orotones","status":"publish","type":"page","link":"https:\/\/gaelle-cueff-art.com\/en\/candela-et-orotones\/orotones\/","title":{"rendered":"Orotones"},"content":{"rendered":"<p>[et_pb_section fb_built=&#8221;1&#8243; _builder_version=&#8221;4.27.4&#8243; global_colors_info=&#8221;{}&#8221;][et_pb_row column_structure=&#8221;1_3,2_3&#8243; _builder_version=&#8221;4.16&#8243; background_size=&#8221;initial&#8221; background_position=&#8221;top_left&#8221; background_repeat=&#8221;repeat&#8221; width=&#8221;100%&#8221; max_width=&#8221;2560px&#8221; global_colors_info=&#8221;{}&#8221;][et_pb_column type=&#8221;1_3&#8243; _builder_version=&#8221;4.16&#8243; custom_padding=&#8221;|||&#8221; global_colors_info=&#8221;{}&#8221; custom_padding__hover=&#8221;|||&#8221;][et_pb_text _builder_version=&#8221;4.27.4&#8243; custom_margin=&#8221;|||11px|false|false&#8221; global_colors_info=&#8221;{}&#8221;]<\/p>\n<h1><strong>Orotones<\/strong><\/h1>\n<p class=\"cvGsUA direction-ltr align-justify para-style-body\"><span class=\"a_GcMg font-feature-liga-off font-feature-clig-off font-feature-calt-off text-decoration-none text-strikethrough-none\">Les Orotones sont une variante des Candela, dans laquelle les fragments d\u2019images prennent place sur une feuille de verre elle-m\u00eame doubl\u00e9e d\u2019une deuxi\u00e8me couche recouverte de feuilles d\u2019or ou d\u2019argent qui emprisonnent et renvoient la lumi\u00e8re, et donnent une luminosit\u00e9 particuli\u00e8re et changeante \u00e0 l\u2019image travers\u00e9e par l\u2019or.<\/span><\/p>\n<p>\u00a0<strong>Cliquer sur les vignettes pour les agrandir et obtenir des renseignements compl\u00e9mentaires sur chaque \u0153uvre.<\/strong><\/p>\n<p>Pour tout renseignement : <strong>gaelle.cueff@orange.fr<\/strong><\/p>\n<h1><\/h1>\n<p>[\/et_pb_text][\/et_pb_column][et_pb_column type=&#8221;2_3&#8243; _builder_version=&#8221;4.16&#8243; custom_padding=&#8221;|||&#8221; global_colors_info=&#8221;{}&#8221; custom_padding__hover=&#8221;|||&#8221;][et_pb_shop type=&#8221;product_category&#8221; posts_number=&#8221;100&#8243; include_categories=&#8221;119&#8243; columns_number=&#8221;3&#8243; orderby=&#8221;date-desc&#8221; _builder_version=&#8221;4.27.6&#8243; title_font_size=&#8221;15px&#8221; price_text_color=&#8221;#7a7a7a&#8221; custom_margin=&#8221;|11px||11px|false|false&#8221; hover_enabled=&#8221;0&#8243; global_colors_info=&#8221;{}&#8221; sticky_enabled=&#8221;0&#8243;]&nbsp;<br \/>\n[\/et_pb_shop][\/et_pb_column][\/et_pb_row][\/et_pb_section]<\/p>\n","protected":false},"excerpt":{"rendered":"<p>Orotones Les Orotones sont une variante des Candela, dans laquelle les fragments d\u2019images prennent place sur une feuille de verre elle-m\u00eame doubl\u00e9e d\u2019une deuxi\u00e8me couche recouverte de feuilles d\u2019or ou d\u2019argent qui emprisonnent et renvoient la lumi\u00e8re, et donnent une luminosit\u00e9 particuli\u00e8re et changeante \u00e0 l\u2019image travers\u00e9e par l\u2019or. \u00a0Cliquer sur les vignettes pour les [&hellip;]<\/p>\n","protected":false},"author":208,"featured_media":0,"parent":17101,"menu_order":0,"comment_status":"closed","ping_status":"closed","template":"","meta":{"_et_pb_use_builder":"on","_et_pb_old_content":"","_et_gb_content_width":"","om_disable_all_campaigns":false,"_monsterinsights_skip_tracking":false,"_monsterinsights_sitenote_active":false,"_monsterinsights_sitenote_note":"","_monsterinsights_sitenote_category":0,"_uf_show_specific_survey":0,"_uf_disable_surveys":false,"jetpack_post_was_ever_published":false,"footnotes":""},"class_list":["post-17577","page","type-page","status-publish","hentry"],"aioseo_notices":[],"yoast_head":"<!-- This site is optimized with the Yoast SEO plugin v27.0 - https:\/\/yoast.com\/product\/yoast-seo-wordpress\/ -->\n<title>Orotones - Ga\u00eblle Cueff Art<\/title>\n<meta name=\"robots\" content=\"index, follow, max-snippet:-1, max-image-preview:large, max-video-preview:-1\" \/>\n<link rel=\"canonical\" href=\"https:\/\/gaelle-cueff-art.com\/candela-et-orotones\/orotones\/\" \/>\n<meta property=\"og:locale\" content=\"en_US\" \/>\n<meta property=\"og:type\" content=\"article\" \/>\n<meta property=\"og:title\" content=\"Orotones - Ga\u00eblle Cueff Art\" \/>\n<meta property=\"og:description\" content=\"Orotones Les Orotones sont une variante des Candela, dans laquelle les fragments d\u2019images prennent place sur une feuille de verre elle-m\u00eame doubl\u00e9e d\u2019une deuxi\u00e8me couche recouverte de feuilles d\u2019or ou d\u2019argent qui emprisonnent et renvoient la lumi\u00e8re, et donnent une luminosit\u00e9 particuli\u00e8re et changeante \u00e0 l\u2019image travers\u00e9e par l\u2019or. \u00a0Cliquer sur les vignettes pour les [&hellip;]\" \/>\n<meta property=\"og:url\" content=\"https:\/\/gaelle-cueff-art.com\/candela-et-orotones\/orotones\/\" \/>\n<meta property=\"og:site_name\" content=\"Ga\u00eblle Cueff Art\" \/>\n<meta property=\"article:modified_time\" content=\"2026-04-08T17:03:34+00:00\" \/>\n<meta name=\"twitter:card\" content=\"summary_large_image\" \/>\n<meta name=\"twitter:label1\" content=\"Est. reading time\" \/>\n\t<meta name=\"twitter:data1\" content=\"15 minutes\" \/>\n<script type=\"application\/ld+json\" class=\"yoast-schema-graph\">{\"@context\":\"https:\/\/schema.org\",\"@graph\":[{\"@type\":\"WebPage\",\"@id\":\"https:\/\/gaelle-cueff-art.com\/candela-et-orotones\/orotones\/\",\"url\":\"https:\/\/gaelle-cueff-art.com\/candela-et-orotones\/orotones\/\",\"name\":\"Orotones - Ga\u00eblle Cueff Art\",\"isPartOf\":{\"@id\":\"https:\/\/gaelle-cueff-art.com\/#website\"},\"datePublished\":\"2026-04-08T16:20:26+00:00\",\"dateModified\":\"2026-04-08T17:03:34+00:00\",\"breadcrumb\":{\"@id\":\"https:\/\/gaelle-cueff-art.com\/candela-et-orotones\/orotones\/#breadcrumb\"},\"inLanguage\":\"en-US\",\"potentialAction\":[{\"@type\":\"ReadAction\",\"target\":[\"https:\/\/gaelle-cueff-art.com\/candela-et-orotones\/orotones\/\"]}]},{\"@type\":\"BreadcrumbList\",\"@id\":\"https:\/\/gaelle-cueff-art.com\/candela-et-orotones\/orotones\/#breadcrumb\",\"itemListElement\":[{\"@type\":\"ListItem\",\"position\":1,\"name\":\"Home\",\"item\":\"https:\/\/gaelle-cueff-art.com\/\"},{\"@type\":\"ListItem\",\"position\":2,\"name\":\"Candela et Orotones\",\"item\":\"https:\/\/gaelle-cueff-art.com\/candela-et-orotones\/\"},{\"@type\":\"ListItem\",\"position\":3,\"name\":\"Orotones\"}]},{\"@type\":\"WebSite\",\"@id\":\"https:\/\/gaelle-cueff-art.com\/#website\",\"url\":\"https:\/\/gaelle-cueff-art.com\/\",\"name\":\"Ga\u00eblle Cueff Art\",\"description\":\"\",\"potentialAction\":[{\"@type\":\"SearchAction\",\"target\":{\"@type\":\"EntryPoint\",\"urlTemplate\":\"https:\/\/gaelle-cueff-art.com\/?s={search_term_string}\"},\"query-input\":{\"@type\":\"PropertyValueSpecification\",\"valueRequired\":true,\"valueName\":\"search_term_string\"}}],\"inLanguage\":\"en-US\"}]}<\/script>\n<!-- \/ Yoast SEO plugin. -->","yoast_head_json":{"title":"Orotones - Ga\u00eblle Cueff Art","robots":{"index":"index","follow":"follow","max-snippet":"max-snippet:-1","max-image-preview":"max-image-preview:large","max-video-preview":"max-video-preview:-1"},"canonical":"https:\/\/gaelle-cueff-art.com\/candela-et-orotones\/orotones\/","og_locale":"en_US","og_type":"article","og_title":"Orotones - Ga\u00eblle Cueff Art","og_description":"Orotones Les Orotones sont une variante des Candela, dans laquelle les fragments d\u2019images prennent place sur une feuille de verre elle-m\u00eame doubl\u00e9e d\u2019une deuxi\u00e8me couche recouverte de feuilles d\u2019or ou d\u2019argent qui emprisonnent et renvoient la lumi\u00e8re, et donnent une luminosit\u00e9 particuli\u00e8re et changeante \u00e0 l\u2019image travers\u00e9e par l\u2019or. \u00a0Cliquer sur les vignettes pour les [&hellip;]","og_url":"https:\/\/gaelle-cueff-art.com\/candela-et-orotones\/orotones\/","og_site_name":"Ga\u00eblle Cueff Art","article_modified_time":"2026-04-08T17:03:34+00:00","twitter_card":"summary_large_image","twitter_misc":{"Est. reading time":"15 minutes"},"schema":{"@context":"https:\/\/schema.org","@graph":[{"@type":"WebPage","@id":"https:\/\/gaelle-cueff-art.com\/candela-et-orotones\/orotones\/","url":"https:\/\/gaelle-cueff-art.com\/candela-et-orotones\/orotones\/","name":"Orotones - Ga\u00eblle Cueff Art","isPartOf":{"@id":"https:\/\/gaelle-cueff-art.com\/#website"},"datePublished":"2026-04-08T16:20:26+00:00","dateModified":"2026-04-08T17:03:34+00:00","breadcrumb":{"@id":"https:\/\/gaelle-cueff-art.com\/candela-et-orotones\/orotones\/#breadcrumb"},"inLanguage":"en-US","potentialAction":[{"@type":"ReadAction","target":["https:\/\/gaelle-cueff-art.com\/candela-et-orotones\/orotones\/"]}]},{"@type":"BreadcrumbList","@id":"https:\/\/gaelle-cueff-art.com\/candela-et-orotones\/orotones\/#breadcrumb","itemListElement":[{"@type":"ListItem","position":1,"name":"Home","item":"https:\/\/gaelle-cueff-art.com\/"},{"@type":"ListItem","position":2,"name":"Candela et Orotones","item":"https:\/\/gaelle-cueff-art.com\/candela-et-orotones\/"},{"@type":"ListItem","position":3,"name":"Orotones"}]},{"@type":"WebSite","@id":"https:\/\/gaelle-cueff-art.com\/#website","url":"https:\/\/gaelle-cueff-art.com\/","name":"Ga\u00eblle Cueff Art","description":"","potentialAction":[{"@type":"SearchAction","target":{"@type":"EntryPoint","urlTemplate":"https:\/\/gaelle-cueff-art.com\/?s={search_term_string}"},"query-input":{"@type":"PropertyValueSpecification","valueRequired":true,"valueName":"search_term_string"}}],"inLanguage":"en-US"}]}},"jetpack_sharing_enabled":true,"jetpack_shortlink":"https:\/\/wp.me\/P9YwYR-4zv","jetpack-related-posts":[{"id":17101,"url":"https:\/\/gaelle-cueff-art.com\/en\/candela-et-orotones\/","url_meta":{"origin":17577,"position":0},"title":"Candela et Orotones","author":"Ga\u00eblle Cueff","date":"23\/12\/2025","format":false,"excerpt":"","rel":"","context":"Similar post","block_context":{"text":"Similar post","link":""},"img":{"alt_text":"","src":"","width":0,"height":0},"classes":[]},{"id":7378,"url":"https:\/\/gaelle-cueff-art.com\/en\/","url_meta":{"origin":17577,"position":1},"title":"page d&#8217;accueil","author":"Ga\u00eblle Cueff","date":"28\/10\/2020","format":false,"excerpt":"","rel":"","context":"Similar post","block_context":{"text":"Similar post","link":""},"img":{"alt_text":"","src":"","width":0,"height":0},"classes":[]},{"id":5361,"url":"https:\/\/gaelle-cueff-art.com\/en\/collages\/","url_meta":{"origin":17577,"position":2},"title":"Collages","author":"lesmotspourleweb","date":"01\/04\/2019","format":false,"excerpt":"","rel":"","context":"Similar post","block_context":{"text":"Similar post","link":""},"img":{"alt_text":"","src":"","width":0,"height":0},"classes":[]},{"id":7322,"url":"https:\/\/gaelle-cueff-art.com\/en\/encaustiques-menu\/","url_meta":{"origin":17577,"position":3},"title":"Encaustiques","author":"Ga\u00eblle Cueff","date":"25\/10\/2020","format":false,"excerpt":"","rel":"","context":"Similar post","block_context":{"text":"Similar post","link":""},"img":{"alt_text":"","src":"","width":0,"height":0},"classes":[]},{"id":7198,"url":"https:\/\/gaelle-cueff-art.com\/en\/collages-menu-2\/ton-visage-comme-un-paysage\/","url_meta":{"origin":17577,"position":4},"title":"Ton visage comme un paysage","author":"Ga\u00eblle Cueff","date":"24\/10\/2020","format":false,"excerpt":"","rel":"","context":"Similar post","block_context":{"text":"Similar post","link":""},"img":{"alt_text":"","src":"","width":0,"height":0},"classes":[]},{"id":6906,"url":"https:\/\/gaelle-cueff-art.com\/en\/les-hippocampes\/","url_meta":{"origin":17577,"position":5},"title":"Les Hippocampes","author":"Ga\u00eblle Cueff","date":"09\/05\/2020","format":false,"excerpt":"","rel":"","context":"Similar post","block_context":{"text":"Similar post","link":""},"img":{"alt_text":"","src":"","width":0,"height":0},"classes":[]}],"_links":{"self":[{"href":"https:\/\/gaelle-cueff-art.com\/en\/wp-json\/wp\/v2\/pages\/17577","targetHints":{"allow":["GET"]}}],"collection":[{"href":"https:\/\/gaelle-cueff-art.com\/en\/wp-json\/wp\/v2\/pages"}],"about":[{"href":"https:\/\/gaelle-cueff-art.com\/en\/wp-json\/wp\/v2\/types\/page"}],"author":[{"embeddable":true,"href":"https:\/\/gaelle-cueff-art.com\/en\/wp-json\/wp\/v2\/users\/208"}],"replies":[{"embeddable":true,"href":"https:\/\/gaelle-cueff-art.com\/en\/wp-json\/wp\/v2\/comments?post=17577"}],"version-history":[{"count":3,"href":"https:\/\/gaelle-cueff-art.com\/en\/wp-json\/wp\/v2\/pages\/17577\/revisions"}],"predecessor-version":[{"id":17608,"href":"https:\/\/gaelle-cueff-art.com\/en\/wp-json\/wp\/v2\/pages\/17577\/revisions\/17608"}],"up":[{"embeddable":true,"href":"https:\/\/gaelle-cueff-art.com\/en\/wp-json\/wp\/v2\/pages\/17101"}],"wp:attachment":[{"href":"https:\/\/gaelle-cueff-art.com\/en\/wp-json\/wp\/v2\/media?parent=17577"}],"curies":[{"name":"wp","href":"https:\/\/api.w.org\/{rel}","templated":true}]}}