{"id":17104,"date":"2025-12-23T18:23:46","date_gmt":"2025-12-23T16:23:46","guid":{"rendered":"https:\/\/gaelle-cueff-art.com\/?page_id=17104"},"modified":"2025-12-23T19:53:36","modified_gmt":"2025-12-23T17:53:36","slug":"candela","status":"publish","type":"page","link":"https:\/\/gaelle-cueff-art.com\/en\/candela-et-orotones\/candela\/","title":{"rendered":"Candela"},"content":{"rendered":"<p>[et_pb_section fb_built=&#8221;1&#8243; _builder_version=&#8221;4.27.4&#8243; global_colors_info=&#8221;{}&#8221;][et_pb_row column_structure=&#8221;1_3,2_3&#8243; _builder_version=&#8221;4.16&#8243; background_size=&#8221;initial&#8221; background_position=&#8221;top_left&#8221; background_repeat=&#8221;repeat&#8221; width=&#8221;100%&#8221; max_width=&#8221;2560px&#8221; global_colors_info=&#8221;{}&#8221;][et_pb_column type=&#8221;1_3&#8243; _builder_version=&#8221;4.16&#8243; custom_padding=&#8221;|||&#8221; global_colors_info=&#8221;{}&#8221; custom_padding__hover=&#8221;|||&#8221;][et_pb_text _builder_version=&#8221;4.27.4&#8243; custom_margin=&#8221;|||11px|false|false&#8221; global_colors_info=&#8221;{}&#8221;]<\/p>\n<h1><strong>Candela<\/strong><\/h1>\n<p>Les candela,\u00a0ainsi nomm\u00e9es en r\u00e9f\u00e9rence \u00e0 la chandelle, d\u00e9signent l\u2019unit\u00e9 de mesure de l\u2019intensit\u00e9 lumineuse d\u2019une source. Les \u0153uvres de cette s\u00e9rie se composent de photographies transf\u00e9r\u00e9es sur un support transparent, dont plusieurs fragments sont superpos\u00e9s avant d\u2019\u00eatre dispos\u00e9s entre les deux feuilles de verre d\u2019un cadre vitrine. Pos\u00e9s sur une surface plane, ces vitraux translucides captent et r\u00e9fractent la lumi\u00e8re ambiante en une multitude de variations. La superposition de plusieurs couches d\u2019une m\u00eame photographie en certaines zones leur conf\u00e8re une profondeur \u00e9voquant les dioramas, et t\u00e9moignent de l\u2019influence de la lumi\u00e8re sur la forme per\u00e7ue.<\/p>\n<p>\u00a0<strong>Cliquer sur les vignettes pour les agrandir et obtenir des renseignements compl\u00e9mentaires sur chaque \u0153uvre.<\/strong><\/p>\n<p>Pour tout renseignement : <strong>gaelle.cueff@orange.fr<\/strong><\/p>\n<h1><\/h1>\n<p>[\/et_pb_text][\/et_pb_column][et_pb_column type=&#8221;2_3&#8243; _builder_version=&#8221;4.16&#8243; custom_padding=&#8221;|||&#8221; global_colors_info=&#8221;{}&#8221; custom_padding__hover=&#8221;|||&#8221;][et_pb_shop type=&#8221;product_category&#8221; posts_number=&#8221;100&#8243; columns_number=&#8221;3&#8243; orderby=&#8221;date-desc&#8221; _builder_version=&#8221;4.27.4&#8243; title_font_size=&#8221;15px&#8221; price_text_color=&#8221;#7a7a7a&#8221; custom_margin=&#8221;|11px||11px|false|false&#8221; hover_enabled=&#8221;0&#8243; global_colors_info=&#8221;{}&#8221; include_categories=&#8221;117&#8243; sticky_enabled=&#8221;0&#8243;]&nbsp;<br \/>\n[\/et_pb_shop][\/et_pb_column][\/et_pb_row][\/et_pb_section]<\/p>\n","protected":false},"excerpt":{"rendered":"<p>Candela Les candela,\u00a0ainsi nomm\u00e9es en r\u00e9f\u00e9rence \u00e0 la chandelle, d\u00e9signent l\u2019unit\u00e9 de mesure de l\u2019intensit\u00e9 lumineuse d\u2019une source. Les \u0153uvres de cette s\u00e9rie se composent de photographies transf\u00e9r\u00e9es sur un support transparent, dont plusieurs fragments sont superpos\u00e9s avant d\u2019\u00eatre dispos\u00e9s entre les deux feuilles de verre d\u2019un cadre vitrine. Pos\u00e9s sur une surface plane, ces [&hellip;]<\/p>\n","protected":false},"author":208,"featured_media":0,"parent":17101,"menu_order":0,"comment_status":"closed","ping_status":"closed","template":"","meta":{"_et_pb_use_builder":"on","_et_pb_old_content":"","_et_gb_content_width":"","om_disable_all_campaigns":false,"_monsterinsights_skip_tracking":false,"_monsterinsights_sitenote_active":false,"_monsterinsights_sitenote_note":"","_monsterinsights_sitenote_category":0,"_uf_show_specific_survey":0,"_uf_disable_surveys":false,"jetpack_post_was_ever_published":false,"footnotes":""},"class_list":["post-17104","page","type-page","status-publish","hentry"],"aioseo_notices":[],"yoast_head":"<!-- This site is optimized with the Yoast SEO plugin v27.0 - https:\/\/yoast.com\/product\/yoast-seo-wordpress\/ -->\n<title>Candela - Ga\u00eblle Cueff Art<\/title>\n<meta name=\"robots\" content=\"index, follow, max-snippet:-1, max-image-preview:large, max-video-preview:-1\" \/>\n<link rel=\"canonical\" href=\"https:\/\/gaelle-cueff-art.com\/candela-et-orotones\/candela\/\" \/>\n<meta property=\"og:locale\" content=\"en_US\" \/>\n<meta property=\"og:type\" content=\"article\" \/>\n<meta property=\"og:title\" content=\"Candela - Ga\u00eblle Cueff Art\" \/>\n<meta property=\"og:description\" content=\"Candela Les candela,\u00a0ainsi nomm\u00e9es en r\u00e9f\u00e9rence \u00e0 la chandelle, d\u00e9signent l\u2019unit\u00e9 de mesure de l\u2019intensit\u00e9 lumineuse d\u2019une source. Les \u0153uvres de cette s\u00e9rie se composent de photographies transf\u00e9r\u00e9es sur un support transparent, dont plusieurs fragments sont superpos\u00e9s avant d\u2019\u00eatre dispos\u00e9s entre les deux feuilles de verre d\u2019un cadre vitrine. Pos\u00e9s sur une surface plane, ces [&hellip;]\" \/>\n<meta property=\"og:url\" content=\"https:\/\/gaelle-cueff-art.com\/candela-et-orotones\/candela\/\" \/>\n<meta property=\"og:site_name\" content=\"Ga\u00eblle Cueff Art\" \/>\n<meta property=\"article:modified_time\" content=\"2025-12-23T17:53:36+00:00\" \/>\n<meta name=\"twitter:card\" content=\"summary_large_image\" \/>\n<meta name=\"twitter:label1\" content=\"Est. reading time\" \/>\n\t<meta name=\"twitter:data1\" content=\"15 minutes\" \/>\n<script type=\"application\/ld+json\" class=\"yoast-schema-graph\">{\"@context\":\"https:\/\/schema.org\",\"@graph\":[{\"@type\":\"WebPage\",\"@id\":\"https:\/\/gaelle-cueff-art.com\/candela-et-orotones\/candela\/\",\"url\":\"https:\/\/gaelle-cueff-art.com\/candela-et-orotones\/candela\/\",\"name\":\"Candela - Ga\u00eblle Cueff Art\",\"isPartOf\":{\"@id\":\"https:\/\/gaelle-cueff-art.com\/#website\"},\"datePublished\":\"2025-12-23T16:23:46+00:00\",\"dateModified\":\"2025-12-23T17:53:36+00:00\",\"breadcrumb\":{\"@id\":\"https:\/\/gaelle-cueff-art.com\/candela-et-orotones\/candela\/#breadcrumb\"},\"inLanguage\":\"en-US\",\"potentialAction\":[{\"@type\":\"ReadAction\",\"target\":[\"https:\/\/gaelle-cueff-art.com\/candela-et-orotones\/candela\/\"]}]},{\"@type\":\"BreadcrumbList\",\"@id\":\"https:\/\/gaelle-cueff-art.com\/candela-et-orotones\/candela\/#breadcrumb\",\"itemListElement\":[{\"@type\":\"ListItem\",\"position\":1,\"name\":\"Home\",\"item\":\"https:\/\/gaelle-cueff-art.com\/\"},{\"@type\":\"ListItem\",\"position\":2,\"name\":\"Candela et Orotones\",\"item\":\"https:\/\/gaelle-cueff-art.com\/candela-et-orotones\/\"},{\"@type\":\"ListItem\",\"position\":3,\"name\":\"Candela\"}]},{\"@type\":\"WebSite\",\"@id\":\"https:\/\/gaelle-cueff-art.com\/#website\",\"url\":\"https:\/\/gaelle-cueff-art.com\/\",\"name\":\"Ga\u00eblle Cueff Art\",\"description\":\"\",\"potentialAction\":[{\"@type\":\"SearchAction\",\"target\":{\"@type\":\"EntryPoint\",\"urlTemplate\":\"https:\/\/gaelle-cueff-art.com\/?s={search_term_string}\"},\"query-input\":{\"@type\":\"PropertyValueSpecification\",\"valueRequired\":true,\"valueName\":\"search_term_string\"}}],\"inLanguage\":\"en-US\"}]}<\/script>\n<!-- \/ Yoast SEO plugin. -->","yoast_head_json":{"title":"Candela - Ga\u00eblle Cueff Art","robots":{"index":"index","follow":"follow","max-snippet":"max-snippet:-1","max-image-preview":"max-image-preview:large","max-video-preview":"max-video-preview:-1"},"canonical":"https:\/\/gaelle-cueff-art.com\/candela-et-orotones\/candela\/","og_locale":"en_US","og_type":"article","og_title":"Candela - Ga\u00eblle Cueff Art","og_description":"Candela Les candela,\u00a0ainsi nomm\u00e9es en r\u00e9f\u00e9rence \u00e0 la chandelle, d\u00e9signent l\u2019unit\u00e9 de mesure de l\u2019intensit\u00e9 lumineuse d\u2019une source. Les \u0153uvres de cette s\u00e9rie se composent de photographies transf\u00e9r\u00e9es sur un support transparent, dont plusieurs fragments sont superpos\u00e9s avant d\u2019\u00eatre dispos\u00e9s entre les deux feuilles de verre d\u2019un cadre vitrine. Pos\u00e9s sur une surface plane, ces [&hellip;]","og_url":"https:\/\/gaelle-cueff-art.com\/candela-et-orotones\/candela\/","og_site_name":"Ga\u00eblle Cueff Art","article_modified_time":"2025-12-23T17:53:36+00:00","twitter_card":"summary_large_image","twitter_misc":{"Est. reading time":"15 minutes"},"schema":{"@context":"https:\/\/schema.org","@graph":[{"@type":"WebPage","@id":"https:\/\/gaelle-cueff-art.com\/candela-et-orotones\/candela\/","url":"https:\/\/gaelle-cueff-art.com\/candela-et-orotones\/candela\/","name":"Candela - Ga\u00eblle Cueff Art","isPartOf":{"@id":"https:\/\/gaelle-cueff-art.com\/#website"},"datePublished":"2025-12-23T16:23:46+00:00","dateModified":"2025-12-23T17:53:36+00:00","breadcrumb":{"@id":"https:\/\/gaelle-cueff-art.com\/candela-et-orotones\/candela\/#breadcrumb"},"inLanguage":"en-US","potentialAction":[{"@type":"ReadAction","target":["https:\/\/gaelle-cueff-art.com\/candela-et-orotones\/candela\/"]}]},{"@type":"BreadcrumbList","@id":"https:\/\/gaelle-cueff-art.com\/candela-et-orotones\/candela\/#breadcrumb","itemListElement":[{"@type":"ListItem","position":1,"name":"Home","item":"https:\/\/gaelle-cueff-art.com\/"},{"@type":"ListItem","position":2,"name":"Candela et Orotones","item":"https:\/\/gaelle-cueff-art.com\/candela-et-orotones\/"},{"@type":"ListItem","position":3,"name":"Candela"}]},{"@type":"WebSite","@id":"https:\/\/gaelle-cueff-art.com\/#website","url":"https:\/\/gaelle-cueff-art.com\/","name":"Ga\u00eblle Cueff Art","description":"","potentialAction":[{"@type":"SearchAction","target":{"@type":"EntryPoint","urlTemplate":"https:\/\/gaelle-cueff-art.com\/?s={search_term_string}"},"query-input":{"@type":"PropertyValueSpecification","valueRequired":true,"valueName":"search_term_string"}}],"inLanguage":"en-US"}]}},"jetpack_sharing_enabled":true,"jetpack_shortlink":"https:\/\/wp.me\/P9YwYR-4rS","jetpack-related-posts":[{"id":5361,"url":"https:\/\/gaelle-cueff-art.com\/en\/collages\/","url_meta":{"origin":17104,"position":0},"title":"Collages","author":"lesmotspourleweb","date":"01\/04\/2019","format":false,"excerpt":"","rel":"","context":"Similar post","block_context":{"text":"Similar post","link":""},"img":{"alt_text":"","src":"","width":0,"height":0},"classes":[]}],"_links":{"self":[{"href":"https:\/\/gaelle-cueff-art.com\/en\/wp-json\/wp\/v2\/pages\/17104","targetHints":{"allow":["GET"]}}],"collection":[{"href":"https:\/\/gaelle-cueff-art.com\/en\/wp-json\/wp\/v2\/pages"}],"about":[{"href":"https:\/\/gaelle-cueff-art.com\/en\/wp-json\/wp\/v2\/types\/page"}],"author":[{"embeddable":true,"href":"https:\/\/gaelle-cueff-art.com\/en\/wp-json\/wp\/v2\/users\/208"}],"replies":[{"embeddable":true,"href":"https:\/\/gaelle-cueff-art.com\/en\/wp-json\/wp\/v2\/comments?post=17104"}],"version-history":[{"count":5,"href":"https:\/\/gaelle-cueff-art.com\/en\/wp-json\/wp\/v2\/pages\/17104\/revisions"}],"predecessor-version":[{"id":17142,"href":"https:\/\/gaelle-cueff-art.com\/en\/wp-json\/wp\/v2\/pages\/17104\/revisions\/17142"}],"up":[{"embeddable":true,"href":"https:\/\/gaelle-cueff-art.com\/en\/wp-json\/wp\/v2\/pages\/17101"}],"wp:attachment":[{"href":"https:\/\/gaelle-cueff-art.com\/en\/wp-json\/wp\/v2\/media?parent=17104"}],"curies":[{"name":"wp","href":"https:\/\/api.w.org\/{rel}","templated":true}]}}