{"id":17101,"date":"2025-12-23T18:22:56","date_gmt":"2025-12-23T16:22:56","guid":{"rendered":"https:\/\/gaelle-cueff-art.com\/?page_id=17101"},"modified":"2026-04-08T19:45:29","modified_gmt":"2026-04-08T17:45:29","slug":"candela-et-orotones","status":"publish","type":"page","link":"https:\/\/gaelle-cueff-art.com\/en\/candela-et-orotones\/","title":{"rendered":"Candela et Orotones"},"content":{"rendered":"<p>[et_pb_section fb_built=&#8221;1&#8243; _builder_version=&#8221;4.27.4&#8243; _module_preset=&#8221;default&#8221; custom_padding=&#8221;6px||2px|||&#8221; global_colors_info=&#8221;{}&#8221;][\/et_pb_section][et_pb_section fb_built=&#8221;1&#8243; _builder_version=&#8221;4.16&#8243; _module_preset=&#8221;default&#8221; min_height=&#8221;330px&#8221; height=&#8221;1000px&#8221; overflow-y=&#8221;visible&#8221; custom_padding=&#8221;|||7px|false|false&#8221; global_colors_info=&#8221;{}&#8221;][et_pb_row column_structure=&#8221;1_3,1_3,1_3&#8243; _builder_version=&#8221;4.27.4&#8243; _module_preset=&#8221;default&#8221; width=&#8221;100%&#8221; max_width=&#8221;2560px&#8221; module_alignment=&#8221;left&#8221; custom_margin=&#8221;0px||0px|-11px|false|false&#8221; custom_padding=&#8221;|0px||0px|false|false&#8221; global_colors_info=&#8221;{}&#8221;][et_pb_column type=&#8221;1_3&#8243; _builder_version=&#8221;4.16&#8243; _module_preset=&#8221;default&#8221; custom_padding=&#8221;|0px|||false|false&#8221; global_colors_info=&#8221;{}&#8221;][et_pb_text _builder_version=&#8221;4.16&#8243; _module_preset=&#8221;default&#8221; text_font=&#8221;|300|||||||&#8221; text_text_color=&#8221;#000000&#8243; header_font=&#8221;|300|||||||&#8221; header_text_color=&#8221;#000000&#8243; header_line_height=&#8221;1.1em&#8221; header_2_font=&#8221;|600|||||||&#8221; header_2_text_color=&#8221;#db6702&#8243; header_2_font_size=&#8221;13px&#8221; header_2_line_height=&#8221;1.2em&#8221; header_3_font=&#8221;|300|||||||&#8221; header_3_text_color=&#8221;#000000&#8243; header_3_font_size=&#8221;13px&#8221; header_3_line_height=&#8221;1.2em&#8221; width=&#8221;100%&#8221; custom_margin=&#8221;0px|0px||0px|false|false&#8221; custom_padding=&#8221;||0px|11px|false|false&#8221; global_colors_info=&#8221;{}&#8221;]<\/p>\n<h2><strong style=\"color: #db6702; font-size: 13px;\">CANDELA ET OROTONES<\/strong><\/h2>\n<h3>Les Candela,<span class=\"a_GcMg font-feature-liga-off font-feature-clig-off font-feature-calt-off text-decoration-none text-strikethrough-none\">\u00a0ainsi nomm\u00e9es en r\u00e9f\u00e9rence \u00e0 la chandelle, d\u00e9signent l&#8217;unit\u00e9 de mesure de l&#8217;intensit\u00e9 lumineuse d&#8217;une source. Les \u0153uvres de cette s\u00e9rie se composent de photographies transf\u00e9r\u00e9es sur un support transparent, dont plusieurs fragments sont superpos\u00e9s avant d\u2019\u00eatre dispos\u00e9s entre les deux feuilles de verre d\u2019un cadre vitrine. Pos\u00e9s sur une surface plane, ces vitraux translucides captent et r\u00e9fractent la lumi\u00e8re ambiante en une multitude de variations. La superposition de plusieurs couches d\u2019une m\u00eame photographie en certaines zones leur conf\u00e8re une profondeur \u00e9voquant les dioramas, et t\u00e9moignent de l\u2019influence de la lumi\u00e8re sur la forme per\u00e7ue.<\/span><\/h3>\n<h3><span class=\"a_GcMg font-feature-liga-off font-feature-clig-off font-feature-calt-off text-decoration-none text-strikethrough-none\">Les Orotones sont une variante des Candela, dans laquelle les fragments d&#8217;images prennent place sur une feuille de verre elle-m\u00eame doubl\u00e9e d&#8217;une deuxi\u00e8me feuille recouverte de feuilles d&#8217;or ou d&#8217;argent qui emprisonnent et renvoient la lumi\u00e8re, et donnent une luminosit\u00e9 particuli\u00e8re et changeante \u00e0 l&#8217;image pos\u00e9e sur l&#8217;or.<\/span><\/h3>\n<p><span class=\"a_GcMg font-feature-liga-off font-feature-clig-off font-feature-calt-off text-decoration-none text-strikethrough-none\"><\/span><\/p>\n<p>&nbsp;<\/p>\n<h3><strong>Chaque s\u00e9rie est pr\u00e9sent\u00e9e dans son int\u00e9gralit\u00e9 sur une page d\u00e9di\u00e9e accessible en cliquant sur les cartouches ci-joints.<\/strong><\/h3>\n<h3><strong>Cliquer sur les images pour acc\u00e9der au diaporama en grand format.<\/strong><\/h3>\n<p><strong><\/strong><\/p>\n<p>[\/et_pb_text][\/et_pb_column][et_pb_column type=&#8221;1_3&#8243; _builder_version=&#8221;4.16&#8243; _module_preset=&#8221;default&#8221; global_colors_info=&#8221;{}&#8221;][et_pb_button button_url=&#8221;https:\/\/gaelle-cueff-art.com\/candela&#8221; button_text=&#8221;Candela&#8221; button_alignment=&#8221;left&#8221; _builder_version=&#8221;4.27.6&#8243; _module_preset=&#8221;default&#8221; custom_button=&#8221;on&#8221; button_text_size=&#8221;12px&#8221; button_text_color=&#8221;#e06100&#8243; button_border_width=&#8221;1px&#8221; button_border_radius=&#8221;7px&#8221; custom_margin=&#8221;40px||14px|11px|false|false&#8221; global_colors_info=&#8221;{}&#8221;][\/et_pb_button][et_pb_button button_url=&#8221;https:\/\/gaelle-cueff-art.com\/orotones&#8221; button_text=&#8221;Orotones&#8221; button_alignment=&#8221;left&#8221; _builder_version=&#8221;4.27.6&#8243; _module_preset=&#8221;default&#8221; custom_button=&#8221;on&#8221; button_text_size=&#8221;12px&#8221; button_text_color=&#8221;#e06100&#8243; button_border_width=&#8221;1px&#8221; button_border_radius=&#8221;7px&#8221; custom_margin=&#8221;40px||14px|11px|false|false&#8221; global_colors_info=&#8221;{}&#8221;][\/et_pb_button][\/et_pb_column][et_pb_column type=&#8221;1_3&#8243; _builder_version=&#8221;4.16&#8243; _module_preset=&#8221;default&#8221; global_colors_info=&#8221;{}&#8221;][et_pb_gallery gallery_ids=&#8221;17116,17120,17585,17626,17641,17644,17635,17622,17554,17619,17557&#8243; fullwidth=&#8221;on&#8221; _builder_version=&#8221;4.27.6&#8243; _module_preset=&#8221;default&#8221; transform_scale=&#8221;74%|74%&#8221; transform_translate=&#8221;-64px|-32px&#8221; width=&#8221;100%&#8221; custom_margin=&#8221;0px|||11px|false|false&#8221; animation_style=&#8221;slide&#8221; animation_duration=&#8221;0ms&#8221; animation_delay=&#8221;100ms&#8221; animation_intensity_slide=&#8221;12%&#8221; animation_repeat=&#8221;loop&#8221; auto=&#8221;on&#8221; auto_speed=&#8221;4000&#8243; hover_enabled=&#8221;0&#8243; dbdb_version=&#8221;5.0.2&#8243; global_colors_info=&#8221;{}&#8221; sticky_enabled=&#8221;0&#8243;][\/et_pb_gallery][\/et_pb_column][\/et_pb_row][\/et_pb_section]<\/p>\n","protected":false},"excerpt":{"rendered":"<p>CANDELA ET OROTONES Les Candela,\u00a0ainsi nomm\u00e9es en r\u00e9f\u00e9rence \u00e0 la chandelle, d\u00e9signent l&#8217;unit\u00e9 de mesure de l&#8217;intensit\u00e9 lumineuse d&#8217;une source. Les \u0153uvres de cette s\u00e9rie se composent de photographies transf\u00e9r\u00e9es sur un support transparent, dont plusieurs fragments sont superpos\u00e9s avant d\u2019\u00eatre dispos\u00e9s entre les deux feuilles de verre d\u2019un cadre vitrine. Pos\u00e9s sur une surface [&hellip;]<\/p>\n","protected":false},"author":208,"featured_media":0,"parent":0,"menu_order":0,"comment_status":"closed","ping_status":"closed","template":"","meta":{"_et_pb_use_builder":"on","_et_pb_old_content":"","_et_gb_content_width":"","om_disable_all_campaigns":false,"_monsterinsights_skip_tracking":false,"_monsterinsights_sitenote_active":false,"_monsterinsights_sitenote_note":"","_monsterinsights_sitenote_category":0,"_uf_show_specific_survey":0,"_uf_disable_surveys":false,"jetpack_post_was_ever_published":false,"footnotes":""},"class_list":["post-17101","page","type-page","status-publish","hentry"],"aioseo_notices":[],"yoast_head":"<!-- This site is optimized with the Yoast SEO plugin v27.0 - https:\/\/yoast.com\/product\/yoast-seo-wordpress\/ -->\n<title>Candela et Orotones - Ga\u00eblle Cueff Art<\/title>\n<meta name=\"robots\" content=\"index, follow, max-snippet:-1, max-image-preview:large, max-video-preview:-1\" \/>\n<link rel=\"canonical\" href=\"https:\/\/gaelle-cueff-art.com\/candela-et-orotones\/\" \/>\n<meta property=\"og:locale\" content=\"en_US\" \/>\n<meta property=\"og:type\" content=\"article\" \/>\n<meta property=\"og:title\" content=\"Candela et Orotones - Ga\u00eblle Cueff Art\" \/>\n<meta property=\"og:description\" content=\"CANDELA ET OROTONES Les Candela,\u00a0ainsi nomm\u00e9es en r\u00e9f\u00e9rence \u00e0 la chandelle, d\u00e9signent l&#039;unit\u00e9 de mesure de l&#039;intensit\u00e9 lumineuse d&#039;une source. Les \u0153uvres de cette s\u00e9rie se composent de photographies transf\u00e9r\u00e9es sur un support transparent, dont plusieurs fragments sont superpos\u00e9s avant d\u2019\u00eatre dispos\u00e9s entre les deux feuilles de verre d\u2019un cadre vitrine. Pos\u00e9s sur une surface [&hellip;]\" \/>\n<meta property=\"og:url\" content=\"https:\/\/gaelle-cueff-art.com\/candela-et-orotones\/\" \/>\n<meta property=\"og:site_name\" content=\"Ga\u00eblle Cueff Art\" \/>\n<meta property=\"article:modified_time\" content=\"2026-04-08T17:45:29+00:00\" \/>\n<meta name=\"twitter:card\" content=\"summary_large_image\" \/>\n<meta name=\"twitter:label1\" content=\"Est. reading time\" \/>\n\t<meta name=\"twitter:data1\" content=\"4 minutes\" \/>\n<script type=\"application\/ld+json\" class=\"yoast-schema-graph\">{\"@context\":\"https:\/\/schema.org\",\"@graph\":[{\"@type\":\"WebPage\",\"@id\":\"https:\/\/gaelle-cueff-art.com\/candela-et-orotones\/\",\"url\":\"https:\/\/gaelle-cueff-art.com\/candela-et-orotones\/\",\"name\":\"Candela et Orotones - Ga\u00eblle Cueff Art\",\"isPartOf\":{\"@id\":\"https:\/\/gaelle-cueff-art.com\/#website\"},\"datePublished\":\"2025-12-23T16:22:56+00:00\",\"dateModified\":\"2026-04-08T17:45:29+00:00\",\"breadcrumb\":{\"@id\":\"https:\/\/gaelle-cueff-art.com\/candela-et-orotones\/#breadcrumb\"},\"inLanguage\":\"en-US\",\"potentialAction\":[{\"@type\":\"ReadAction\",\"target\":[\"https:\/\/gaelle-cueff-art.com\/candela-et-orotones\/\"]}]},{\"@type\":\"BreadcrumbList\",\"@id\":\"https:\/\/gaelle-cueff-art.com\/candela-et-orotones\/#breadcrumb\",\"itemListElement\":[{\"@type\":\"ListItem\",\"position\":1,\"name\":\"Home\",\"item\":\"https:\/\/gaelle-cueff-art.com\/\"},{\"@type\":\"ListItem\",\"position\":2,\"name\":\"Candela et Orotones\"}]},{\"@type\":\"WebSite\",\"@id\":\"https:\/\/gaelle-cueff-art.com\/#website\",\"url\":\"https:\/\/gaelle-cueff-art.com\/\",\"name\":\"Ga\u00eblle Cueff Art\",\"description\":\"\",\"potentialAction\":[{\"@type\":\"SearchAction\",\"target\":{\"@type\":\"EntryPoint\",\"urlTemplate\":\"https:\/\/gaelle-cueff-art.com\/?s={search_term_string}\"},\"query-input\":{\"@type\":\"PropertyValueSpecification\",\"valueRequired\":true,\"valueName\":\"search_term_string\"}}],\"inLanguage\":\"en-US\"}]}<\/script>\n<!-- \/ Yoast SEO plugin. -->","yoast_head_json":{"title":"Candela et Orotones - Ga\u00eblle Cueff Art","robots":{"index":"index","follow":"follow","max-snippet":"max-snippet:-1","max-image-preview":"max-image-preview:large","max-video-preview":"max-video-preview:-1"},"canonical":"https:\/\/gaelle-cueff-art.com\/candela-et-orotones\/","og_locale":"en_US","og_type":"article","og_title":"Candela et Orotones - Ga\u00eblle Cueff Art","og_description":"CANDELA ET OROTONES Les Candela,\u00a0ainsi nomm\u00e9es en r\u00e9f\u00e9rence \u00e0 la chandelle, d\u00e9signent l'unit\u00e9 de mesure de l'intensit\u00e9 lumineuse d'une source. Les \u0153uvres de cette s\u00e9rie se composent de photographies transf\u00e9r\u00e9es sur un support transparent, dont plusieurs fragments sont superpos\u00e9s avant d\u2019\u00eatre dispos\u00e9s entre les deux feuilles de verre d\u2019un cadre vitrine. Pos\u00e9s sur une surface [&hellip;]","og_url":"https:\/\/gaelle-cueff-art.com\/candela-et-orotones\/","og_site_name":"Ga\u00eblle Cueff Art","article_modified_time":"2026-04-08T17:45:29+00:00","twitter_card":"summary_large_image","twitter_misc":{"Est. reading time":"4 minutes"},"schema":{"@context":"https:\/\/schema.org","@graph":[{"@type":"WebPage","@id":"https:\/\/gaelle-cueff-art.com\/candela-et-orotones\/","url":"https:\/\/gaelle-cueff-art.com\/candela-et-orotones\/","name":"Candela et Orotones - Ga\u00eblle Cueff Art","isPartOf":{"@id":"https:\/\/gaelle-cueff-art.com\/#website"},"datePublished":"2025-12-23T16:22:56+00:00","dateModified":"2026-04-08T17:45:29+00:00","breadcrumb":{"@id":"https:\/\/gaelle-cueff-art.com\/candela-et-orotones\/#breadcrumb"},"inLanguage":"en-US","potentialAction":[{"@type":"ReadAction","target":["https:\/\/gaelle-cueff-art.com\/candela-et-orotones\/"]}]},{"@type":"BreadcrumbList","@id":"https:\/\/gaelle-cueff-art.com\/candela-et-orotones\/#breadcrumb","itemListElement":[{"@type":"ListItem","position":1,"name":"Home","item":"https:\/\/gaelle-cueff-art.com\/"},{"@type":"ListItem","position":2,"name":"Candela et Orotones"}]},{"@type":"WebSite","@id":"https:\/\/gaelle-cueff-art.com\/#website","url":"https:\/\/gaelle-cueff-art.com\/","name":"Ga\u00eblle Cueff Art","description":"","potentialAction":[{"@type":"SearchAction","target":{"@type":"EntryPoint","urlTemplate":"https:\/\/gaelle-cueff-art.com\/?s={search_term_string}"},"query-input":{"@type":"PropertyValueSpecification","valueRequired":true,"valueName":"search_term_string"}}],"inLanguage":"en-US"}]}},"jetpack_sharing_enabled":true,"jetpack_shortlink":"https:\/\/wp.me\/P9YwYR-4rP","jetpack-related-posts":[{"id":5361,"url":"https:\/\/gaelle-cueff-art.com\/en\/collages\/","url_meta":{"origin":17101,"position":0},"title":"Collages","author":"lesmotspourleweb","date":"01\/04\/2019","format":false,"excerpt":"","rel":"","context":"Similar post","block_context":{"text":"Similar post","link":""},"img":{"alt_text":"","src":"","width":0,"height":0},"classes":[]}],"_links":{"self":[{"href":"https:\/\/gaelle-cueff-art.com\/en\/wp-json\/wp\/v2\/pages\/17101","targetHints":{"allow":["GET"]}}],"collection":[{"href":"https:\/\/gaelle-cueff-art.com\/en\/wp-json\/wp\/v2\/pages"}],"about":[{"href":"https:\/\/gaelle-cueff-art.com\/en\/wp-json\/wp\/v2\/types\/page"}],"author":[{"embeddable":true,"href":"https:\/\/gaelle-cueff-art.com\/en\/wp-json\/wp\/v2\/users\/208"}],"replies":[{"embeddable":true,"href":"https:\/\/gaelle-cueff-art.com\/en\/wp-json\/wp\/v2\/comments?post=17101"}],"version-history":[{"count":17,"href":"https:\/\/gaelle-cueff-art.com\/en\/wp-json\/wp\/v2\/pages\/17101\/revisions"}],"predecessor-version":[{"id":17648,"href":"https:\/\/gaelle-cueff-art.com\/en\/wp-json\/wp\/v2\/pages\/17101\/revisions\/17648"}],"wp:attachment":[{"href":"https:\/\/gaelle-cueff-art.com\/en\/wp-json\/wp\/v2\/media?parent=17101"}],"curies":[{"name":"wp","href":"https:\/\/api.w.org\/{rel}","templated":true}]}}