{"id":11675,"date":"2024-05-23T09:47:10","date_gmt":"2024-05-23T07:47:10","guid":{"rendered":"https:\/\/gaelle-cueff-art.com\/?page_id=11675"},"modified":"2024-06-20T10:48:33","modified_gmt":"2024-06-20T08:48:33","slug":"les-grandes-et-petites-aventures-du-chat","status":"publish","type":"page","link":"https:\/\/gaelle-cueff-art.com\/en\/collages-menu-2\/les-grandes-et-petites-aventures-du-chat\/","title":{"rendered":"Les Grandes et Petites Aventures du Chat"},"content":{"rendered":"<p>[et_pb_section fb_built=&#8221;1&#8243; _builder_version=&#8221;4.16&#8243; global_colors_info=&#8221;{}&#8221;][et_pb_row column_structure=&#8221;1_3,2_3&#8243; _builder_version=&#8221;4.16&#8243; background_size=&#8221;initial&#8221; background_position=&#8221;top_left&#8221; background_repeat=&#8221;repeat&#8221; width=&#8221;100%&#8221; max_width=&#8221;2560px&#8221; global_colors_info=&#8221;{}&#8221;][et_pb_column type=&#8221;1_3&#8243; _builder_version=&#8221;4.16&#8243; custom_padding=&#8221;|||&#8221; global_colors_info=&#8221;{}&#8221; custom_padding__hover=&#8221;|||&#8221;][et_pb_text _builder_version=&#8221;4.25.0&#8243; custom_margin=&#8221;|||11px|false|false&#8221; custom_padding=&#8221;0px|||||&#8221; global_colors_info=&#8221;{}&#8221;]<\/p>\n<h1><strong>Les Grandes et Petites Aventures du Chat<\/strong><\/h1>\n<p>Ce reportage photographique \u00e0 destination des enfants comme des adultes raconte la d\u00e9couverte du monde par un petit chat en peluche de 6 cm confront\u00e9 aux \u00e9l\u00e9ments qui composent son environnement, \u00e0 savoir l\u2019appartement dans lequel il se trouve. Ces \u00e9l\u00e9ments, souvent naturels (coquillage, bois, nourriture), sont transfigur\u00e9s par leur simple changement d\u2019\u00e9chelle, leur taille \u00e9tant presque 30 fois plus grande pour le Chat que pour nous. Une pince \u00e0 cheveux devient chaise longue, des grains de pamplemousse se transforment en gouttes de pluie.<\/p>\n<p>Les photographies suivent un protocole immuable : le Chat est toujours photographi\u00e9 sur un fond neutre et sauf exception il y a un seul \u00e9l\u00e9ment par aventure. La d\u00e9marche est moins celle de la repr\u00e9sentation que de l\u2019\u00e9vocation, et la simplicit\u00e9 du dispositif permet \u00e0 l\u2019imagination de se d\u00e9ployer, \u00e0 travers une mise en lumi\u00e8re de la po\u00e9sie du quotidien. Elle invite \u00e0 prendre conscience de la puissance d\u2019\u00e9vocation et de narration de l\u2019image, qui n\u00e9cessite peu d\u2019\u00e9l\u00e9ments pour ouvrir la porte de notre imagination.<\/p>\n<p>Ce petit chat de velours, sommairement articul\u00e9 (avec une rotation limit\u00e9e des bras et des jambes), us\u00e9, rapi\u00e9c\u00e9, aux moustaches symboliques (avec sa queue, ce sont ces trois poils de nylon rescap\u00e9s de l\u2019usure qui le distinguent <em>\u00e0 peine <\/em>de l\u2019ours), t\u00e9moigne par ailleurs de notre pouvoir d\u2019empathie, tant les l\u00e9g\u00e8res modifications de sa position suffisent \u00e0 l\u2019investir d\u2019\u00e9motions et de sentiments.<\/p>\n<p><strong style=\"font-size: 14px;\">Cliquer sur les vignettes pour les agrandir et obtenir des renseignements compl\u00e9mentaires sur chaque \u0153uvre.<\/strong><\/p>\n<p>Pour tout renseignement : <strong>gaelle.cueff@orange.fr<\/strong><\/p>\n<h1><\/h1>\n<p>[\/et_pb_text][\/et_pb_column][et_pb_column type=&#8221;2_3&#8243; _builder_version=&#8221;4.16&#8243; custom_padding=&#8221;|||&#8221; global_colors_info=&#8221;{}&#8221; custom_padding__hover=&#8221;|||&#8221;][et_pb_shop type=&#8221;product_category&#8221; posts_number=&#8221;100&#8243; include_categories=&#8221;115&#8243; columns_number=&#8221;3&#8243; orderby=&#8221;date-desc&#8221; _builder_version=&#8221;4.25.0&#8243; title_font_size=&#8221;15px&#8221; price_text_color=&#8221;#7a7a7a&#8221; custom_margin=&#8221;|11px||11px|false|false&#8221; global_colors_info=&#8221;{}&#8221;]&nbsp;<br \/>\n[\/et_pb_shop][\/et_pb_column][\/et_pb_row][\/et_pb_section]<\/p>\n","protected":false},"excerpt":{"rendered":"<p>Les Grandes et Petites Aventures du Chat Ce reportage photographique \u00e0 destination des enfants comme des adultes raconte la d\u00e9couverte du monde par un petit chat en peluche de 6 cm confront\u00e9 aux \u00e9l\u00e9ments qui composent son environnement, \u00e0 savoir l\u2019appartement dans lequel il se trouve. Ces \u00e9l\u00e9ments, souvent naturels (coquillage, bois, nourriture), sont transfigur\u00e9s [&hellip;]<\/p>\n","protected":false},"author":208,"featured_media":0,"parent":7327,"menu_order":0,"comment_status":"closed","ping_status":"closed","template":"","meta":{"_et_pb_use_builder":"on","_et_pb_old_content":"","_et_gb_content_width":"","om_disable_all_campaigns":false,"_monsterinsights_skip_tracking":false,"_monsterinsights_sitenote_active":false,"_monsterinsights_sitenote_note":"","_monsterinsights_sitenote_category":0,"_uf_show_specific_survey":0,"_uf_disable_surveys":false,"jetpack_post_was_ever_published":false,"footnotes":""},"class_list":["post-11675","page","type-page","status-publish","hentry"],"aioseo_notices":[],"yoast_head":"<!-- This site is optimized with the Yoast SEO plugin v27.0 - https:\/\/yoast.com\/product\/yoast-seo-wordpress\/ -->\n<title>Les Grandes et Petites Aventures du Chat - Ga\u00eblle Cueff Art<\/title>\n<meta name=\"robots\" content=\"index, follow, max-snippet:-1, max-image-preview:large, max-video-preview:-1\" \/>\n<link rel=\"canonical\" href=\"https:\/\/gaelle-cueff-art.com\/collages-menu-2\/les-grandes-et-petites-aventures-du-chat\/\" \/>\n<meta property=\"og:locale\" content=\"en_US\" \/>\n<meta property=\"og:type\" content=\"article\" \/>\n<meta property=\"og:title\" content=\"Les Grandes et Petites Aventures du Chat - Ga\u00eblle Cueff Art\" \/>\n<meta property=\"og:description\" content=\"Les Grandes et Petites Aventures du Chat Ce reportage photographique \u00e0 destination des enfants comme des adultes raconte la d\u00e9couverte du monde par un petit chat en peluche de 6 cm confront\u00e9 aux \u00e9l\u00e9ments qui composent son environnement, \u00e0 savoir l\u2019appartement dans lequel il se trouve. Ces \u00e9l\u00e9ments, souvent naturels (coquillage, bois, nourriture), sont transfigur\u00e9s [&hellip;]\" \/>\n<meta property=\"og:url\" content=\"https:\/\/gaelle-cueff-art.com\/collages-menu-2\/les-grandes-et-petites-aventures-du-chat\/\" \/>\n<meta property=\"og:site_name\" content=\"Ga\u00eblle Cueff Art\" \/>\n<meta property=\"article:modified_time\" content=\"2024-06-20T08:48:33+00:00\" \/>\n<meta name=\"twitter:card\" content=\"summary_large_image\" \/>\n<meta name=\"twitter:label1\" content=\"Est. reading time\" \/>\n\t<meta name=\"twitter:data1\" content=\"1 minute\" \/>\n<script type=\"application\/ld+json\" class=\"yoast-schema-graph\">{\"@context\":\"https:\/\/schema.org\",\"@graph\":[{\"@type\":\"WebPage\",\"@id\":\"https:\/\/gaelle-cueff-art.com\/collages-menu-2\/les-grandes-et-petites-aventures-du-chat\/\",\"url\":\"https:\/\/gaelle-cueff-art.com\/collages-menu-2\/les-grandes-et-petites-aventures-du-chat\/\",\"name\":\"Les Grandes et Petites Aventures du Chat - Ga\u00eblle Cueff Art\",\"isPartOf\":{\"@id\":\"https:\/\/gaelle-cueff-art.com\/#website\"},\"datePublished\":\"2024-05-23T07:47:10+00:00\",\"dateModified\":\"2024-06-20T08:48:33+00:00\",\"breadcrumb\":{\"@id\":\"https:\/\/gaelle-cueff-art.com\/collages-menu-2\/les-grandes-et-petites-aventures-du-chat\/#breadcrumb\"},\"inLanguage\":\"en-US\",\"potentialAction\":[{\"@type\":\"ReadAction\",\"target\":[\"https:\/\/gaelle-cueff-art.com\/collages-menu-2\/les-grandes-et-petites-aventures-du-chat\/\"]}]},{\"@type\":\"BreadcrumbList\",\"@id\":\"https:\/\/gaelle-cueff-art.com\/collages-menu-2\/les-grandes-et-petites-aventures-du-chat\/#breadcrumb\",\"itemListElement\":[{\"@type\":\"ListItem\",\"position\":1,\"name\":\"Home\",\"item\":\"https:\/\/gaelle-cueff-art.com\/\"},{\"@type\":\"ListItem\",\"position\":2,\"name\":\"Collages\",\"item\":\"https:\/\/gaelle-cueff-art.com\/collages-menu-2\/\"},{\"@type\":\"ListItem\",\"position\":3,\"name\":\"Les Grandes et Petites Aventures du Chat\"}]},{\"@type\":\"WebSite\",\"@id\":\"https:\/\/gaelle-cueff-art.com\/#website\",\"url\":\"https:\/\/gaelle-cueff-art.com\/\",\"name\":\"Ga\u00eblle Cueff Art\",\"description\":\"\",\"potentialAction\":[{\"@type\":\"SearchAction\",\"target\":{\"@type\":\"EntryPoint\",\"urlTemplate\":\"https:\/\/gaelle-cueff-art.com\/?s={search_term_string}\"},\"query-input\":{\"@type\":\"PropertyValueSpecification\",\"valueRequired\":true,\"valueName\":\"search_term_string\"}}],\"inLanguage\":\"en-US\"}]}<\/script>\n<!-- \/ Yoast SEO plugin. -->","yoast_head_json":{"title":"Les Grandes et Petites Aventures du Chat - Ga\u00eblle Cueff Art","robots":{"index":"index","follow":"follow","max-snippet":"max-snippet:-1","max-image-preview":"max-image-preview:large","max-video-preview":"max-video-preview:-1"},"canonical":"https:\/\/gaelle-cueff-art.com\/collages-menu-2\/les-grandes-et-petites-aventures-du-chat\/","og_locale":"en_US","og_type":"article","og_title":"Les Grandes et Petites Aventures du Chat - Ga\u00eblle Cueff Art","og_description":"Les Grandes et Petites Aventures du Chat Ce reportage photographique \u00e0 destination des enfants comme des adultes raconte la d\u00e9couverte du monde par un petit chat en peluche de 6 cm confront\u00e9 aux \u00e9l\u00e9ments qui composent son environnement, \u00e0 savoir l\u2019appartement dans lequel il se trouve. Ces \u00e9l\u00e9ments, souvent naturels (coquillage, bois, nourriture), sont transfigur\u00e9s [&hellip;]","og_url":"https:\/\/gaelle-cueff-art.com\/collages-menu-2\/les-grandes-et-petites-aventures-du-chat\/","og_site_name":"Ga\u00eblle Cueff Art","article_modified_time":"2024-06-20T08:48:33+00:00","twitter_card":"summary_large_image","twitter_misc":{"Est. reading time":"1 minute"},"schema":{"@context":"https:\/\/schema.org","@graph":[{"@type":"WebPage","@id":"https:\/\/gaelle-cueff-art.com\/collages-menu-2\/les-grandes-et-petites-aventures-du-chat\/","url":"https:\/\/gaelle-cueff-art.com\/collages-menu-2\/les-grandes-et-petites-aventures-du-chat\/","name":"Les Grandes et Petites Aventures du Chat - Ga\u00eblle Cueff Art","isPartOf":{"@id":"https:\/\/gaelle-cueff-art.com\/#website"},"datePublished":"2024-05-23T07:47:10+00:00","dateModified":"2024-06-20T08:48:33+00:00","breadcrumb":{"@id":"https:\/\/gaelle-cueff-art.com\/collages-menu-2\/les-grandes-et-petites-aventures-du-chat\/#breadcrumb"},"inLanguage":"en-US","potentialAction":[{"@type":"ReadAction","target":["https:\/\/gaelle-cueff-art.com\/collages-menu-2\/les-grandes-et-petites-aventures-du-chat\/"]}]},{"@type":"BreadcrumbList","@id":"https:\/\/gaelle-cueff-art.com\/collages-menu-2\/les-grandes-et-petites-aventures-du-chat\/#breadcrumb","itemListElement":[{"@type":"ListItem","position":1,"name":"Home","item":"https:\/\/gaelle-cueff-art.com\/"},{"@type":"ListItem","position":2,"name":"Collages","item":"https:\/\/gaelle-cueff-art.com\/collages-menu-2\/"},{"@type":"ListItem","position":3,"name":"Les Grandes et Petites Aventures du Chat"}]},{"@type":"WebSite","@id":"https:\/\/gaelle-cueff-art.com\/#website","url":"https:\/\/gaelle-cueff-art.com\/","name":"Ga\u00eblle Cueff Art","description":"","potentialAction":[{"@type":"SearchAction","target":{"@type":"EntryPoint","urlTemplate":"https:\/\/gaelle-cueff-art.com\/?s={search_term_string}"},"query-input":{"@type":"PropertyValueSpecification","valueRequired":true,"valueName":"search_term_string"}}],"inLanguage":"en-US"}]}},"jetpack_sharing_enabled":true,"jetpack_shortlink":"https:\/\/wp.me\/P9YwYR-32j","jetpack-related-posts":[{"id":10371,"url":"https:\/\/gaelle-cueff-art.com\/en\/photographies\/","url_meta":{"origin":11675,"position":0},"title":"Photographies","author":"Ga\u00eblle Cueff","date":"07\/01\/2023","format":false,"excerpt":"","rel":"","context":"Similar post","block_context":{"text":"Similar post","link":""},"img":{"alt_text":"","src":"","width":0,"height":0},"classes":[]},{"id":5361,"url":"https:\/\/gaelle-cueff-art.com\/en\/collages\/","url_meta":{"origin":11675,"position":1},"title":"Collages","author":"lesmotspourleweb","date":"01\/04\/2019","format":false,"excerpt":"","rel":"","context":"Similar post","block_context":{"text":"Similar post","link":""},"img":{"alt_text":"","src":"","width":0,"height":0},"classes":[]},{"id":7378,"url":"https:\/\/gaelle-cueff-art.com\/en\/","url_meta":{"origin":11675,"position":2},"title":"page d&#8217;accueil","author":"Ga\u00eblle Cueff","date":"28\/10\/2020","format":false,"excerpt":"","rel":"","context":"Similar post","block_context":{"text":"Similar post","link":""},"img":{"alt_text":"","src":"","width":0,"height":0},"classes":[]},{"id":10375,"url":"https:\/\/gaelle-cueff-art.com\/en\/collages-menu-2\/les-ephemerides\/","url_meta":{"origin":11675,"position":3},"title":"Les \u00c9ph\u00e9m\u00e9rides","author":"Ga\u00eblle Cueff","date":"07\/01\/2023","format":false,"excerpt":"","rel":"","context":"Similar post","block_context":{"text":"Similar post","link":""},"img":{"alt_text":"","src":"","width":0,"height":0},"classes":[]},{"id":7303,"url":"https:\/\/gaelle-cueff-art.com\/en\/boites-lumineuses\/","url_meta":{"origin":11675,"position":4},"title":"Bo\u00eetes lumineuses","author":"Ga\u00eblle Cueff","date":"25\/10\/2020","format":false,"excerpt":"","rel":"","context":"Similar post","block_context":{"text":"Similar post","link":""},"img":{"alt_text":"","src":"","width":0,"height":0},"classes":[]},{"id":10424,"url":"https:\/\/gaelle-cueff-art.com\/en\/collages-menu-2\/sur-quel-ciel-secrivent-mes-nuits\/","url_meta":{"origin":11675,"position":5},"title":"Sur quel ciel s&#8217;\u00e9crivent mes nuits ?","author":"Ga\u00eblle Cueff","date":"07\/01\/2023","format":false,"excerpt":"","rel":"","context":"Similar post","block_context":{"text":"Similar post","link":""},"img":{"alt_text":"","src":"","width":0,"height":0},"classes":[]}],"_links":{"self":[{"href":"https:\/\/gaelle-cueff-art.com\/en\/wp-json\/wp\/v2\/pages\/11675","targetHints":{"allow":["GET"]}}],"collection":[{"href":"https:\/\/gaelle-cueff-art.com\/en\/wp-json\/wp\/v2\/pages"}],"about":[{"href":"https:\/\/gaelle-cueff-art.com\/en\/wp-json\/wp\/v2\/types\/page"}],"author":[{"embeddable":true,"href":"https:\/\/gaelle-cueff-art.com\/en\/wp-json\/wp\/v2\/users\/208"}],"replies":[{"embeddable":true,"href":"https:\/\/gaelle-cueff-art.com\/en\/wp-json\/wp\/v2\/comments?post=11675"}],"version-history":[{"count":7,"href":"https:\/\/gaelle-cueff-art.com\/en\/wp-json\/wp\/v2\/pages\/11675\/revisions"}],"predecessor-version":[{"id":11961,"href":"https:\/\/gaelle-cueff-art.com\/en\/wp-json\/wp\/v2\/pages\/11675\/revisions\/11961"}],"up":[{"embeddable":true,"href":"https:\/\/gaelle-cueff-art.com\/en\/wp-json\/wp\/v2\/pages\/7327"}],"wp:attachment":[{"href":"https:\/\/gaelle-cueff-art.com\/en\/wp-json\/wp\/v2\/media?parent=11675"}],"curies":[{"name":"wp","href":"https:\/\/api.w.org\/{rel}","templated":true}]}}