{"id":10424,"date":"2023-01-07T16:16:58","date_gmt":"2023-01-07T14:16:58","guid":{"rendered":"https:\/\/gaelle-cueff-art.com\/?page_id=10424"},"modified":"2024-05-23T11:15:13","modified_gmt":"2024-05-23T09:15:13","slug":"sur-quel-ciel-secrivent-mes-nuits","status":"publish","type":"page","link":"https:\/\/gaelle-cueff-art.com\/en\/collages-menu-2\/sur-quel-ciel-secrivent-mes-nuits\/","title":{"rendered":"Sur quel ciel s&#8217;\u00e9crivent mes nuits ?"},"content":{"rendered":"<p>[et_pb_section fb_built=&#8221;1&#8243; _builder_version=&#8221;4.25.0&#8243; link_option_url=&#8221;https:\/\/gaelle-cueff-art.com\/collages-menu-2\/les-grandes-et-petites-aventures-du-chat\/&#8221; global_colors_info=&#8221;{}&#8221;][et_pb_row column_structure=&#8221;1_3,2_3&#8243; _builder_version=&#8221;4.16&#8243; background_size=&#8221;initial&#8221; background_position=&#8221;top_left&#8221; background_repeat=&#8221;repeat&#8221; width=&#8221;100%&#8221; max_width=&#8221;2560px&#8221; global_colors_info=&#8221;{}&#8221;][et_pb_column type=&#8221;1_3&#8243; _builder_version=&#8221;4.16&#8243; custom_padding=&#8221;|||&#8221; global_colors_info=&#8221;{}&#8221; custom_padding__hover=&#8221;|||&#8221;][et_pb_text _builder_version=&#8221;4.16&#8243; custom_margin=&#8221;|||11px|false|false&#8221; global_colors_info=&#8221;{}&#8221;]<\/p>\n<h1><strong>Sur quel ciel s&#8217;\u00e9crivent mes nuits ?<\/strong><\/h1>\n<p>&nbsp;<\/p>\n<p>Nous vivons chaque jour sous un ciel in\u00e9dit, et dormons chaque nuit d\u2019un sommeil diff\u00e9rent. Qui sait si les deux ne tissent pas des liens \u00e0 notre insu, le ciel du jour imprimant ses couleurs au rythme de notre nuit\u00a0? Pour explorer cette relation, j\u2019ai durant plusieurs mois respect\u00e9 un protocole intangible, photographiant le ciel de chacun de mes jours, et enregistrant l\u2019hypnogramme de chacune de mes nuits. Tous les matins, j\u2019ai r\u00e9uni en une seule image le ciel de la veille et le graphique de la nuit et indiqu\u00e9 en guise de l\u00e9gende le contexte des deux \u00e9l\u00e9ments de l\u2019image (temp\u00e9ratures, pr\u00e9cipitations, heure du lever et du coucher du soleil pour le ciel, et heure du coucher et du lever, temps de sommeil et r\u00e9partition entre les diff\u00e9rentes phases de sommeil pour l\u2019hypnogramme).<\/p>\n<p>Ces graphiques repr\u00e9sentent mon propre sommeil, mais ils pourraient en fin de compte \u00eatre ceux de n\u2019importe qui. Chaque nuit, tout individu poss\u00e8de son propre hypnogramme, scand\u00e9 par une alternance entre des phases bleu moyen de sommeil l\u00e9ger, comme un lien suspendu \u00e0 sa conscience, des phases bleu fonc\u00e9 de sommeil profond, comme une plong\u00e9e dans l\u2019oubli, des phases bleu clair de sommeil paradoxal, comme un voyage au pays des r\u00eaves, et des phases rouge d\u2019\u00e9veil, comme un tissage entre le jour pass\u00e9, la pr\u00e9sence \u00e0 ses songes et l\u2019annonce du jour \u00e0 venir.<\/p>\n<p>Ces petits po\u00e8mes visuels, qui gardent leur part d\u2019opacit\u00e9 (la r\u00e9alit\u00e9 et l\u2019\u00e9tendue de la relation entre ciel et sommeil conservent leur myst\u00e8re), signent l\u2019irr\u00e9ductible pr\u00e9sence de l\u2019unique dans la routine et la r\u00e9p\u00e9tition, et l\u2019irruption de la vie et du myst\u00e8re dans la neutralit\u00e9 des chiffres et des graphiques.<\/p>\n<p>&nbsp;<\/p>\n<p><strong style=\"font-size: 14px;\">Cliquer sur les vignettes pour les agrandir et obtenir des renseignements compl\u00e9mentaires sur chaque \u0153uvre.<\/strong><\/p>\n<p>Pour tout renseignement : <strong>gaelle.cueff@orange.fr<\/strong><\/p>\n<h1><\/h1>\n<p>[\/et_pb_text][\/et_pb_column][et_pb_column type=&#8221;2_3&#8243; _builder_version=&#8221;4.16&#8243; custom_padding=&#8221;|||&#8221; global_colors_info=&#8221;{}&#8221; custom_padding__hover=&#8221;|||&#8221;][et_pb_shop type=&#8221;product_category&#8221; posts_number=&#8221;100&#8243; include_categories=&#8221;110&#8243; columns_number=&#8221;3&#8243; orderby=&#8221;date-desc&#8221; _builder_version=&#8221;4.25.0&#8243; title_font_size=&#8221;15px&#8221; price_text_color=&#8221;#7a7a7a&#8221; custom_margin=&#8221;|11px||11px|false|false&#8221; hover_enabled=&#8221;0&#8243; global_colors_info=&#8221;{}&#8221; sticky_enabled=&#8221;0&#8243;]&nbsp;<br \/>\n[\/et_pb_shop][\/et_pb_column][\/et_pb_row][\/et_pb_section]<\/p>\n","protected":false},"excerpt":{"rendered":"<p>Sur quel ciel s&#8217;\u00e9crivent mes nuits ? &nbsp; Nous vivons chaque jour sous un ciel in\u00e9dit, et dormons chaque nuit d\u2019un sommeil diff\u00e9rent. Qui sait si les deux ne tissent pas des liens \u00e0 notre insu, le ciel du jour imprimant ses couleurs au rythme de notre nuit\u00a0? Pour explorer cette relation, j\u2019ai durant plusieurs [&hellip;]<\/p>\n","protected":false},"author":208,"featured_media":0,"parent":7327,"menu_order":0,"comment_status":"closed","ping_status":"closed","template":"","meta":{"_et_pb_use_builder":"on","_et_pb_old_content":"","_et_gb_content_width":"","om_disable_all_campaigns":false,"_monsterinsights_skip_tracking":false,"_monsterinsights_sitenote_active":false,"_monsterinsights_sitenote_note":"","_monsterinsights_sitenote_category":0,"_uf_show_specific_survey":0,"_uf_disable_surveys":false,"jetpack_post_was_ever_published":false,"footnotes":""},"class_list":["post-10424","page","type-page","status-publish","hentry"],"aioseo_notices":[],"yoast_head":"<!-- This site is optimized with the Yoast SEO plugin v27.0 - https:\/\/yoast.com\/product\/yoast-seo-wordpress\/ -->\n<title>Sur quel ciel s&#039;\u00e9crivent mes nuits ? - Ga\u00eblle Cueff Art<\/title>\n<meta name=\"robots\" content=\"index, follow, max-snippet:-1, max-image-preview:large, max-video-preview:-1\" \/>\n<link rel=\"canonical\" href=\"https:\/\/gaelle-cueff-art.com\/collages-menu-2\/sur-quel-ciel-secrivent-mes-nuits\/\" \/>\n<meta property=\"og:locale\" content=\"en_US\" \/>\n<meta property=\"og:type\" content=\"article\" \/>\n<meta property=\"og:title\" content=\"Sur quel ciel s&#039;\u00e9crivent mes nuits ? - Ga\u00eblle Cueff Art\" \/>\n<meta property=\"og:description\" content=\"Sur quel ciel s&#039;\u00e9crivent mes nuits ? &nbsp; Nous vivons chaque jour sous un ciel in\u00e9dit, et dormons chaque nuit d\u2019un sommeil diff\u00e9rent. Qui sait si les deux ne tissent pas des liens \u00e0 notre insu, le ciel du jour imprimant ses couleurs au rythme de notre nuit\u00a0? Pour explorer cette relation, j\u2019ai durant plusieurs [&hellip;]\" \/>\n<meta property=\"og:url\" content=\"https:\/\/gaelle-cueff-art.com\/collages-menu-2\/sur-quel-ciel-secrivent-mes-nuits\/\" \/>\n<meta property=\"og:site_name\" content=\"Ga\u00eblle Cueff Art\" \/>\n<meta property=\"article:modified_time\" content=\"2024-05-23T09:15:13+00:00\" \/>\n<meta name=\"twitter:card\" content=\"summary_large_image\" \/>\n<meta name=\"twitter:label1\" content=\"Est. reading time\" \/>\n\t<meta name=\"twitter:data1\" content=\"2 minutes\" \/>\n<script type=\"application\/ld+json\" class=\"yoast-schema-graph\">{\"@context\":\"https:\/\/schema.org\",\"@graph\":[{\"@type\":\"WebPage\",\"@id\":\"https:\/\/gaelle-cueff-art.com\/collages-menu-2\/sur-quel-ciel-secrivent-mes-nuits\/\",\"url\":\"https:\/\/gaelle-cueff-art.com\/collages-menu-2\/sur-quel-ciel-secrivent-mes-nuits\/\",\"name\":\"Sur quel ciel s'\u00e9crivent mes nuits ? - Ga\u00eblle Cueff Art\",\"isPartOf\":{\"@id\":\"https:\/\/gaelle-cueff-art.com\/#website\"},\"datePublished\":\"2023-01-07T14:16:58+00:00\",\"dateModified\":\"2024-05-23T09:15:13+00:00\",\"breadcrumb\":{\"@id\":\"https:\/\/gaelle-cueff-art.com\/collages-menu-2\/sur-quel-ciel-secrivent-mes-nuits\/#breadcrumb\"},\"inLanguage\":\"en-US\",\"potentialAction\":[{\"@type\":\"ReadAction\",\"target\":[\"https:\/\/gaelle-cueff-art.com\/collages-menu-2\/sur-quel-ciel-secrivent-mes-nuits\/\"]}]},{\"@type\":\"BreadcrumbList\",\"@id\":\"https:\/\/gaelle-cueff-art.com\/collages-menu-2\/sur-quel-ciel-secrivent-mes-nuits\/#breadcrumb\",\"itemListElement\":[{\"@type\":\"ListItem\",\"position\":1,\"name\":\"Home\",\"item\":\"https:\/\/gaelle-cueff-art.com\/\"},{\"@type\":\"ListItem\",\"position\":2,\"name\":\"Collages\",\"item\":\"https:\/\/gaelle-cueff-art.com\/collages-menu-2\/\"},{\"@type\":\"ListItem\",\"position\":3,\"name\":\"Sur quel ciel s&#8217;\u00e9crivent mes nuits ?\"}]},{\"@type\":\"WebSite\",\"@id\":\"https:\/\/gaelle-cueff-art.com\/#website\",\"url\":\"https:\/\/gaelle-cueff-art.com\/\",\"name\":\"Ga\u00eblle Cueff Art\",\"description\":\"\",\"potentialAction\":[{\"@type\":\"SearchAction\",\"target\":{\"@type\":\"EntryPoint\",\"urlTemplate\":\"https:\/\/gaelle-cueff-art.com\/?s={search_term_string}\"},\"query-input\":{\"@type\":\"PropertyValueSpecification\",\"valueRequired\":true,\"valueName\":\"search_term_string\"}}],\"inLanguage\":\"en-US\"}]}<\/script>\n<!-- \/ Yoast SEO plugin. -->","yoast_head_json":{"title":"Sur quel ciel s'\u00e9crivent mes nuits ? - Ga\u00eblle Cueff Art","robots":{"index":"index","follow":"follow","max-snippet":"max-snippet:-1","max-image-preview":"max-image-preview:large","max-video-preview":"max-video-preview:-1"},"canonical":"https:\/\/gaelle-cueff-art.com\/collages-menu-2\/sur-quel-ciel-secrivent-mes-nuits\/","og_locale":"en_US","og_type":"article","og_title":"Sur quel ciel s'\u00e9crivent mes nuits ? - Ga\u00eblle Cueff Art","og_description":"Sur quel ciel s'\u00e9crivent mes nuits ? &nbsp; Nous vivons chaque jour sous un ciel in\u00e9dit, et dormons chaque nuit d\u2019un sommeil diff\u00e9rent. Qui sait si les deux ne tissent pas des liens \u00e0 notre insu, le ciel du jour imprimant ses couleurs au rythme de notre nuit\u00a0? Pour explorer cette relation, j\u2019ai durant plusieurs [&hellip;]","og_url":"https:\/\/gaelle-cueff-art.com\/collages-menu-2\/sur-quel-ciel-secrivent-mes-nuits\/","og_site_name":"Ga\u00eblle Cueff Art","article_modified_time":"2024-05-23T09:15:13+00:00","twitter_card":"summary_large_image","twitter_misc":{"Est. reading time":"2 minutes"},"schema":{"@context":"https:\/\/schema.org","@graph":[{"@type":"WebPage","@id":"https:\/\/gaelle-cueff-art.com\/collages-menu-2\/sur-quel-ciel-secrivent-mes-nuits\/","url":"https:\/\/gaelle-cueff-art.com\/collages-menu-2\/sur-quel-ciel-secrivent-mes-nuits\/","name":"Sur quel ciel s'\u00e9crivent mes nuits ? - Ga\u00eblle Cueff Art","isPartOf":{"@id":"https:\/\/gaelle-cueff-art.com\/#website"},"datePublished":"2023-01-07T14:16:58+00:00","dateModified":"2024-05-23T09:15:13+00:00","breadcrumb":{"@id":"https:\/\/gaelle-cueff-art.com\/collages-menu-2\/sur-quel-ciel-secrivent-mes-nuits\/#breadcrumb"},"inLanguage":"en-US","potentialAction":[{"@type":"ReadAction","target":["https:\/\/gaelle-cueff-art.com\/collages-menu-2\/sur-quel-ciel-secrivent-mes-nuits\/"]}]},{"@type":"BreadcrumbList","@id":"https:\/\/gaelle-cueff-art.com\/collages-menu-2\/sur-quel-ciel-secrivent-mes-nuits\/#breadcrumb","itemListElement":[{"@type":"ListItem","position":1,"name":"Home","item":"https:\/\/gaelle-cueff-art.com\/"},{"@type":"ListItem","position":2,"name":"Collages","item":"https:\/\/gaelle-cueff-art.com\/collages-menu-2\/"},{"@type":"ListItem","position":3,"name":"Sur quel ciel s&#8217;\u00e9crivent mes nuits ?"}]},{"@type":"WebSite","@id":"https:\/\/gaelle-cueff-art.com\/#website","url":"https:\/\/gaelle-cueff-art.com\/","name":"Ga\u00eblle Cueff Art","description":"","potentialAction":[{"@type":"SearchAction","target":{"@type":"EntryPoint","urlTemplate":"https:\/\/gaelle-cueff-art.com\/?s={search_term_string}"},"query-input":{"@type":"PropertyValueSpecification","valueRequired":true,"valueName":"search_term_string"}}],"inLanguage":"en-US"}]}},"jetpack_sharing_enabled":true,"jetpack_shortlink":"https:\/\/wp.me\/P9YwYR-2I8","jetpack-related-posts":[{"id":10371,"url":"https:\/\/gaelle-cueff-art.com\/en\/photographies\/","url_meta":{"origin":10424,"position":0},"title":"Photographies","author":"Ga\u00eblle Cueff","date":"07\/01\/2023","format":false,"excerpt":"","rel":"","context":"Similar post","block_context":{"text":"Similar post","link":""},"img":{"alt_text":"","src":"","width":0,"height":0},"classes":[]},{"id":5361,"url":"https:\/\/gaelle-cueff-art.com\/en\/collages\/","url_meta":{"origin":10424,"position":1},"title":"Collages","author":"lesmotspourleweb","date":"01\/04\/2019","format":false,"excerpt":"","rel":"","context":"Similar post","block_context":{"text":"Similar post","link":""},"img":{"alt_text":"","src":"","width":0,"height":0},"classes":[]},{"id":7378,"url":"https:\/\/gaelle-cueff-art.com\/en\/","url_meta":{"origin":10424,"position":2},"title":"page d&#8217;accueil","author":"Ga\u00eblle Cueff","date":"28\/10\/2020","format":false,"excerpt":"","rel":"","context":"Similar post","block_context":{"text":"Similar post","link":""},"img":{"alt_text":"","src":"","width":0,"height":0},"classes":[]},{"id":7206,"url":"https:\/\/gaelle-cueff-art.com\/en\/collages-menu-2\/la-cle-des-chants\/","url_meta":{"origin":10424,"position":3},"title":"La Cl\u00e9 des chants","author":"Ga\u00eblle Cueff","date":"24\/10\/2020","format":false,"excerpt":"","rel":"","context":"Similar post","block_context":{"text":"Similar post","link":""},"img":{"alt_text":"","src":"","width":0,"height":0},"classes":[]},{"id":7214,"url":"https:\/\/gaelle-cueff-art.com\/en\/collages-menu-2\/lost-in-translation\/","url_meta":{"origin":10424,"position":4},"title":"Lost in translation","author":"Ga\u00eblle Cueff","date":"25\/10\/2020","format":false,"excerpt":"","rel":"","context":"Similar post","block_context":{"text":"Similar post","link":""},"img":{"alt_text":"","src":"","width":0,"height":0},"classes":[]},{"id":9933,"url":"https:\/\/gaelle-cueff-art.com\/en\/photos-peintes\/les-vibrations-de-la-vigne\/","url_meta":{"origin":10424,"position":5},"title":"Les Vibrations de la vigne","author":"Ga\u00eblle Cueff","date":"21\/06\/2022","format":false,"excerpt":"","rel":"","context":"Similar post","block_context":{"text":"Similar post","link":""},"img":{"alt_text":"","src":"","width":0,"height":0},"classes":[]}],"_links":{"self":[{"href":"https:\/\/gaelle-cueff-art.com\/en\/wp-json\/wp\/v2\/pages\/10424","targetHints":{"allow":["GET"]}}],"collection":[{"href":"https:\/\/gaelle-cueff-art.com\/en\/wp-json\/wp\/v2\/pages"}],"about":[{"href":"https:\/\/gaelle-cueff-art.com\/en\/wp-json\/wp\/v2\/types\/page"}],"author":[{"embeddable":true,"href":"https:\/\/gaelle-cueff-art.com\/en\/wp-json\/wp\/v2\/users\/208"}],"replies":[{"embeddable":true,"href":"https:\/\/gaelle-cueff-art.com\/en\/wp-json\/wp\/v2\/comments?post=10424"}],"version-history":[{"count":11,"href":"https:\/\/gaelle-cueff-art.com\/en\/wp-json\/wp\/v2\/pages\/10424\/revisions"}],"predecessor-version":[{"id":11765,"href":"https:\/\/gaelle-cueff-art.com\/en\/wp-json\/wp\/v2\/pages\/10424\/revisions\/11765"}],"up":[{"embeddable":true,"href":"https:\/\/gaelle-cueff-art.com\/en\/wp-json\/wp\/v2\/pages\/7327"}],"wp:attachment":[{"href":"https:\/\/gaelle-cueff-art.com\/en\/wp-json\/wp\/v2\/media?parent=10424"}],"curies":[{"name":"wp","href":"https:\/\/api.w.org\/{rel}","templated":true}]}}