{"id":10371,"date":"2023-01-07T16:16:12","date_gmt":"2023-01-07T14:16:12","guid":{"rendered":"https:\/\/gaelle-cueff-art.com\/?page_id=10371"},"modified":"2024-05-23T11:08:17","modified_gmt":"2024-05-23T09:08:17","slug":"photographies","status":"publish","type":"page","link":"https:\/\/gaelle-cueff-art.com\/en\/photographies\/","title":{"rendered":"Photographies"},"content":{"rendered":"<p>[et_pb_section fb_built=&#8221;1&#8243; _builder_version=&#8221;4.16&#8243; _module_preset=&#8221;default&#8221; min_height=&#8221;330px&#8221; height=&#8221;1000px&#8221; overflow-y=&#8221;visible&#8221; custom_padding=&#8221;|||7px|false|false&#8221; global_colors_info=&#8221;{}&#8221;][et_pb_row column_structure=&#8221;1_3,1_3,1_3&#8243; _builder_version=&#8221;4.16&#8243; _module_preset=&#8221;default&#8221; width=&#8221;100%&#8221; max_width=&#8221;2560px&#8221; module_alignment=&#8221;left&#8221; custom_margin=&#8221;0px||0px|-11px|false|false&#8221; custom_padding=&#8221;|0px||0px|false|false&#8221; global_colors_info=&#8221;{}&#8221;][et_pb_column type=&#8221;1_3&#8243; _builder_version=&#8221;4.16&#8243; _module_preset=&#8221;default&#8221; custom_padding=&#8221;|0px|||false|false&#8221; global_colors_info=&#8221;{}&#8221;][et_pb_text _builder_version=&#8221;4.25.0&#8243; _module_preset=&#8221;default&#8221; text_font=&#8221;|300|||||||&#8221; text_text_color=&#8221;#000000&#8243; header_font=&#8221;|300|||||||&#8221; header_text_color=&#8221;#000000&#8243; header_line_height=&#8221;1.1em&#8221; header_2_font=&#8221;|600|||||||&#8221; header_2_text_color=&#8221;#db6702&#8243; header_2_font_size=&#8221;13px&#8221; header_2_line_height=&#8221;1.2em&#8221; header_3_font=&#8221;|300|||||||&#8221; header_3_text_color=&#8221;#000000&#8243; header_3_font_size=&#8221;13px&#8221; header_3_line_height=&#8221;1.2em&#8221; width=&#8221;100%&#8221; custom_margin=&#8221;0px|0px||0px|false|false&#8221; custom_padding=&#8221;||0px|11px|false|false&#8221; global_colors_info=&#8221;{}&#8221;]<\/p>\n<h2><strong style=\"color: #db6702; font-size: 13px;\">PHOTOGRAPHIES<\/strong><\/h2>\n<h3>Les photographies comportent plusieurs s\u00e9ries :<\/h3>\n<h3><a href=\"https:\/\/gaelle-cueff-art.com\/en\/collages-menu-2\/sur-quel-ciel-secrivent-mes-nuits\/\"><em>&#8211; Sur quel ciel s&#8217;\u00e9crivent mes nuits ?<\/em><\/a>, comportant 90 photographies dont certaines sont pr\u00e9sent\u00e9es ici,\u00a0<\/h3>\n<h3>&#8211; <a href=\"https:\/\/gaelle-cueff-art.com\/en\/collages-menu-2\/les-ephemerides\/\"><em>Les \u00c9ph\u00e9m\u00e9rides<\/em><\/a>, r\u00e9alis\u00e9es \u00e0 partir de photographies prises sur le littoral normand,\u00a0<\/h3>\n<h3>&#8211; <a href=\"https:\/\/gaelle-cueff-art.com\/en\/collages-menu-2\/les-grandes-et-petites-aventures-du-chat\/\"><em>Les Grandes et Petites Aventures du Chat<\/em><\/a>, d&#8217;inspiration surr\u00e9aliste, destin\u00e9e aussi bien aux adultes qu&#8217;aux enfants et pr\u00e9sentant les aventures d&#8217;un petit chat en peluche confront\u00e9 \u00e0 son environnement quotidien.<\/h3>\n<h3><strong>Chaque s\u00e9rie est pr\u00e9sent\u00e9e dans son int\u00e9gralit\u00e9 sur une page d\u00e9di\u00e9e accessible en cliquant sur les cartouches ci-joints.<\/strong><\/h3>\n<h3><strong>Cliquer sur les images pour acc\u00e9der au diaporama en grand format.<\/strong><\/h3>\n<p><strong><\/strong><\/p>\n<p>[\/et_pb_text][\/et_pb_column][et_pb_column type=&#8221;1_3&#8243; _builder_version=&#8221;4.16&#8243; _module_preset=&#8221;default&#8221; global_colors_info=&#8221;{}&#8221;][et_pb_button button_url=&#8221;https:\/\/gaelle-cueff-art.com\/les-eph\u00e9m\u00e9rides&#8221; button_text=&#8221;Photographies\/Les \u00c9ph\u00e9m\u00e9rides&#8221; button_alignment=&#8221;left&#8221; _builder_version=&#8221;4.19.1&#8243; _module_preset=&#8221;default&#8221; custom_button=&#8221;on&#8221; button_text_size=&#8221;12px&#8221; button_text_color=&#8221;#e06100&#8243; button_border_width=&#8221;1px&#8221; button_border_radius=&#8221;7px&#8221; custom_margin=&#8221;40px||14px|11px|false|false&#8221; global_colors_info=&#8221;{}&#8221;][\/et_pb_button][et_pb_button button_url=&#8221;https:\/\/gaelle-cueff-art.com\/\/sur-quel-ciel-secrivent-mes-nuit&#8221; button_text=&#8221;Photographies\/Sur quel ciel s&#8217;\u00e9crivent mes nuits ?&#8221; button_alignment=&#8221;left&#8221; _builder_version=&#8221;4.25.0&#8243; _module_preset=&#8221;default&#8221; custom_button=&#8221;on&#8221; button_text_size=&#8221;12px&#8221; button_text_color=&#8221;#e06100&#8243; button_border_width=&#8221;1px&#8221; button_border_radius=&#8221;7px&#8221; custom_margin=&#8221;||14px|11px|false|false&#8221; global_colors_info=&#8221;{}&#8221;][\/et_pb_button][et_pb_button button_url=&#8221;https:\/\/gaelle-cueff-art.com\/\/les-grandes-et-petites-aventures-du-chat&#8221; button_text=&#8221;Photographies\/Les Grandes et Petites Aventures du Chat&#8221; button_alignment=&#8221;left&#8221; _builder_version=&#8221;4.25.0&#8243; _module_preset=&#8221;default&#8221; custom_button=&#8221;on&#8221; button_text_size=&#8221;12px&#8221; button_text_color=&#8221;#e06100&#8243; button_border_width=&#8221;1px&#8221; button_border_radius=&#8221;7px&#8221; custom_margin=&#8221;||14px|11px|false|false&#8221; global_colors_info=&#8221;{}&#8221;][\/et_pb_button][\/et_pb_column][et_pb_column type=&#8221;1_3&#8243; _builder_version=&#8221;4.16&#8243; _module_preset=&#8221;default&#8221; global_colors_info=&#8221;{}&#8221;][et_pb_gallery gallery_ids=&#8221;10383,10389,10392,10395,10398,10401,10404,10432,10435,10438,10441,10585&#8243; fullwidth=&#8221;on&#8221; dbdb_version=&#8221;3.9.6&#8243; _builder_version=&#8221;4.19.1&#8243; _module_preset=&#8221;default&#8221; transform_scale=&#8221;74%|74%&#8221; transform_translate=&#8221;-64px|-32px&#8221; width=&#8221;100%&#8221; custom_margin=&#8221;0px|||11px|false|false&#8221; animation_style=&#8221;slide&#8221; animation_duration=&#8221;0ms&#8221; animation_delay=&#8221;100ms&#8221; animation_intensity_slide=&#8221;12%&#8221; animation_repeat=&#8221;loop&#8221; auto=&#8221;on&#8221; auto_speed=&#8221;4000&#8243; global_colors_info=&#8221;{}&#8221;][\/et_pb_gallery][\/et_pb_column][\/et_pb_row][\/et_pb_section]<\/p>\n","protected":false},"excerpt":{"rendered":"<p>PHOTOGRAPHIES Les photographies comportent plusieurs s\u00e9ries : &#8211; Sur quel ciel s&#8217;\u00e9crivent mes nuits ?, comportant 90 photographies dont certaines sont pr\u00e9sent\u00e9es ici,\u00a0 &#8211; Les \u00c9ph\u00e9m\u00e9rides, r\u00e9alis\u00e9es \u00e0 partir de photographies prises sur le littoral normand,\u00a0 &#8211; Les Grandes et Petites Aventures du Chat, d&#8217;inspiration surr\u00e9aliste, destin\u00e9e aussi bien aux adultes qu&#8217;aux enfants et pr\u00e9sentant [&hellip;]<\/p>\n","protected":false},"author":208,"featured_media":0,"parent":0,"menu_order":0,"comment_status":"closed","ping_status":"closed","template":"","meta":{"_et_pb_use_builder":"on","_et_pb_old_content":"","_et_gb_content_width":"","om_disable_all_campaigns":false,"_monsterinsights_skip_tracking":false,"_monsterinsights_sitenote_active":false,"_monsterinsights_sitenote_note":"","_monsterinsights_sitenote_category":0,"_uf_show_specific_survey":0,"_uf_disable_surveys":false,"jetpack_post_was_ever_published":false,"footnotes":""},"class_list":["post-10371","page","type-page","status-publish","hentry"],"aioseo_notices":[],"yoast_head":"<!-- This site is optimized with the Yoast SEO plugin v27.0 - https:\/\/yoast.com\/product\/yoast-seo-wordpress\/ -->\n<title>Photographies - Ga\u00eblle Cueff Art<\/title>\n<meta name=\"robots\" content=\"index, follow, max-snippet:-1, max-image-preview:large, max-video-preview:-1\" \/>\n<link rel=\"canonical\" href=\"https:\/\/gaelle-cueff-art.com\/photographies\/\" \/>\n<meta property=\"og:locale\" content=\"en_US\" \/>\n<meta property=\"og:type\" content=\"article\" \/>\n<meta property=\"og:title\" content=\"Photographies - Ga\u00eblle Cueff Art\" \/>\n<meta property=\"og:description\" content=\"PHOTOGRAPHIES Les photographies comportent plusieurs s\u00e9ries : - Sur quel ciel s&#039;\u00e9crivent mes nuits ?, comportant 90 photographies dont certaines sont pr\u00e9sent\u00e9es ici,\u00a0 - Les \u00c9ph\u00e9m\u00e9rides, r\u00e9alis\u00e9es \u00e0 partir de photographies prises sur le littoral normand,\u00a0 - Les Grandes et Petites Aventures du Chat, d&#039;inspiration surr\u00e9aliste, destin\u00e9e aussi bien aux adultes qu&#039;aux enfants et pr\u00e9sentant [&hellip;]\" \/>\n<meta property=\"og:url\" content=\"https:\/\/gaelle-cueff-art.com\/photographies\/\" \/>\n<meta property=\"og:site_name\" content=\"Ga\u00eblle Cueff Art\" \/>\n<meta property=\"article:modified_time\" content=\"2024-05-23T09:08:17+00:00\" \/>\n<meta name=\"twitter:card\" content=\"summary_large_image\" \/>\n<meta name=\"twitter:label1\" content=\"Est. reading time\" \/>\n\t<meta name=\"twitter:data1\" content=\"1 minute\" \/>\n<script type=\"application\/ld+json\" class=\"yoast-schema-graph\">{\"@context\":\"https:\/\/schema.org\",\"@graph\":[{\"@type\":\"WebPage\",\"@id\":\"https:\/\/gaelle-cueff-art.com\/photographies\/\",\"url\":\"https:\/\/gaelle-cueff-art.com\/photographies\/\",\"name\":\"Photographies - Ga\u00eblle Cueff Art\",\"isPartOf\":{\"@id\":\"https:\/\/gaelle-cueff-art.com\/#website\"},\"datePublished\":\"2023-01-07T14:16:12+00:00\",\"dateModified\":\"2024-05-23T09:08:17+00:00\",\"breadcrumb\":{\"@id\":\"https:\/\/gaelle-cueff-art.com\/photographies\/#breadcrumb\"},\"inLanguage\":\"en-US\",\"potentialAction\":[{\"@type\":\"ReadAction\",\"target\":[\"https:\/\/gaelle-cueff-art.com\/photographies\/\"]}]},{\"@type\":\"BreadcrumbList\",\"@id\":\"https:\/\/gaelle-cueff-art.com\/photographies\/#breadcrumb\",\"itemListElement\":[{\"@type\":\"ListItem\",\"position\":1,\"name\":\"Home\",\"item\":\"https:\/\/gaelle-cueff-art.com\/\"},{\"@type\":\"ListItem\",\"position\":2,\"name\":\"Photographies\"}]},{\"@type\":\"WebSite\",\"@id\":\"https:\/\/gaelle-cueff-art.com\/#website\",\"url\":\"https:\/\/gaelle-cueff-art.com\/\",\"name\":\"Ga\u00eblle Cueff Art\",\"description\":\"\",\"potentialAction\":[{\"@type\":\"SearchAction\",\"target\":{\"@type\":\"EntryPoint\",\"urlTemplate\":\"https:\/\/gaelle-cueff-art.com\/?s={search_term_string}\"},\"query-input\":{\"@type\":\"PropertyValueSpecification\",\"valueRequired\":true,\"valueName\":\"search_term_string\"}}],\"inLanguage\":\"en-US\"}]}<\/script>\n<!-- \/ Yoast SEO plugin. -->","yoast_head_json":{"title":"Photographies - Ga\u00eblle Cueff Art","robots":{"index":"index","follow":"follow","max-snippet":"max-snippet:-1","max-image-preview":"max-image-preview:large","max-video-preview":"max-video-preview:-1"},"canonical":"https:\/\/gaelle-cueff-art.com\/photographies\/","og_locale":"en_US","og_type":"article","og_title":"Photographies - Ga\u00eblle Cueff Art","og_description":"PHOTOGRAPHIES Les photographies comportent plusieurs s\u00e9ries : - Sur quel ciel s'\u00e9crivent mes nuits ?, comportant 90 photographies dont certaines sont pr\u00e9sent\u00e9es ici,\u00a0 - Les \u00c9ph\u00e9m\u00e9rides, r\u00e9alis\u00e9es \u00e0 partir de photographies prises sur le littoral normand,\u00a0 - Les Grandes et Petites Aventures du Chat, d'inspiration surr\u00e9aliste, destin\u00e9e aussi bien aux adultes qu'aux enfants et pr\u00e9sentant [&hellip;]","og_url":"https:\/\/gaelle-cueff-art.com\/photographies\/","og_site_name":"Ga\u00eblle Cueff Art","article_modified_time":"2024-05-23T09:08:17+00:00","twitter_card":"summary_large_image","twitter_misc":{"Est. reading time":"1 minute"},"schema":{"@context":"https:\/\/schema.org","@graph":[{"@type":"WebPage","@id":"https:\/\/gaelle-cueff-art.com\/photographies\/","url":"https:\/\/gaelle-cueff-art.com\/photographies\/","name":"Photographies - Ga\u00eblle Cueff Art","isPartOf":{"@id":"https:\/\/gaelle-cueff-art.com\/#website"},"datePublished":"2023-01-07T14:16:12+00:00","dateModified":"2024-05-23T09:08:17+00:00","breadcrumb":{"@id":"https:\/\/gaelle-cueff-art.com\/photographies\/#breadcrumb"},"inLanguage":"en-US","potentialAction":[{"@type":"ReadAction","target":["https:\/\/gaelle-cueff-art.com\/photographies\/"]}]},{"@type":"BreadcrumbList","@id":"https:\/\/gaelle-cueff-art.com\/photographies\/#breadcrumb","itemListElement":[{"@type":"ListItem","position":1,"name":"Home","item":"https:\/\/gaelle-cueff-art.com\/"},{"@type":"ListItem","position":2,"name":"Photographies"}]},{"@type":"WebSite","@id":"https:\/\/gaelle-cueff-art.com\/#website","url":"https:\/\/gaelle-cueff-art.com\/","name":"Ga\u00eblle Cueff Art","description":"","potentialAction":[{"@type":"SearchAction","target":{"@type":"EntryPoint","urlTemplate":"https:\/\/gaelle-cueff-art.com\/?s={search_term_string}"},"query-input":{"@type":"PropertyValueSpecification","valueRequired":true,"valueName":"search_term_string"}}],"inLanguage":"en-US"}]}},"jetpack_sharing_enabled":true,"jetpack_shortlink":"https:\/\/wp.me\/P9YwYR-2Hh","jetpack-related-posts":[{"id":5361,"url":"https:\/\/gaelle-cueff-art.com\/en\/collages\/","url_meta":{"origin":10371,"position":0},"title":"Collages","author":"lesmotspourleweb","date":"01\/04\/2019","format":false,"excerpt":"","rel":"","context":"Similar post","block_context":{"text":"Similar post","link":""},"img":{"alt_text":"","src":"","width":0,"height":0},"classes":[]}],"_links":{"self":[{"href":"https:\/\/gaelle-cueff-art.com\/en\/wp-json\/wp\/v2\/pages\/10371","targetHints":{"allow":["GET"]}}],"collection":[{"href":"https:\/\/gaelle-cueff-art.com\/en\/wp-json\/wp\/v2\/pages"}],"about":[{"href":"https:\/\/gaelle-cueff-art.com\/en\/wp-json\/wp\/v2\/types\/page"}],"author":[{"embeddable":true,"href":"https:\/\/gaelle-cueff-art.com\/en\/wp-json\/wp\/v2\/users\/208"}],"replies":[{"embeddable":true,"href":"https:\/\/gaelle-cueff-art.com\/en\/wp-json\/wp\/v2\/comments?post=10371"}],"version-history":[{"count":20,"href":"https:\/\/gaelle-cueff-art.com\/en\/wp-json\/wp\/v2\/pages\/10371\/revisions"}],"predecessor-version":[{"id":11769,"href":"https:\/\/gaelle-cueff-art.com\/en\/wp-json\/wp\/v2\/pages\/10371\/revisions\/11769"}],"wp:attachment":[{"href":"https:\/\/gaelle-cueff-art.com\/en\/wp-json\/wp\/v2\/media?parent=10371"}],"curies":[{"name":"wp","href":"https:\/\/api.w.org\/{rel}","templated":true}]}}